{"id":3255,"date":"2018-01-30T11:16:53","date_gmt":"2018-01-30T11:16:53","guid":{"rendered":"http:\/\/new.vianesse.com?page_id=3255"},"modified":"2018-02-02T10:40:55","modified_gmt":"2018-02-02T10:40:55","slug":"odzywianie-anti-aging","status":"publish","type":"page","link":"https:\/\/vianesse.com\/pl\/odzywianie-anti-aging","title":{"rendered":"OD\u017bYWIANIE ANTI AGING"},"content":{"rendered":"<p><div class=\"fusion-fullwidth fullwidth-box fusion-builder-row-1 hundred-percent-fullwidth non-hundred-percent-height-scrolling\" style=\"--awb-border-radius-top-left:0px;--awb-border-radius-top-right:0px;--awb-border-radius-bottom-right:0px;--awb-border-radius-bottom-left:0px;\" ><div class=\"fusion-builder-row fusion-row\"><div class=\"fusion-layout-column fusion_builder_column fusion-builder-column-0 fusion_builder_column_1_1 1_1 fusion-one-full fusion-column-first fusion-column-last\" style=\"--awb-bg-size:cover;\"><div class=\"fusion-column-wrapper fusion-flex-column-wrapper-legacy\"><div class=\"fusion-image-element in-legacy-container\" style=\"--awb-caption-title-font-family:var(--h2_typography-font-family);--awb-caption-title-font-weight:var(--h2_typography-font-weight);--awb-caption-title-font-style:var(--h2_typography-font-style);--awb-caption-title-size:var(--h2_typography-font-size);--awb-caption-title-transform:var(--h2_typography-text-transform);--awb-caption-title-line-height:var(--h2_typography-line-height);--awb-caption-title-letter-spacing:var(--h2_typography-letter-spacing);\"><span class=\" fusion-imageframe imageframe-none imageframe-1 hover-type-none\" class=\"image-magnify\" class=\"image-scroll\"><img decoding=\"async\" width=\"2300\" height=\"700\" title=\"Vianesse_NahrungHeader_AntiAging_LovelyCouple\" src=\"https:\/\/vianesse.com\/wp-content\/uploads\/2017\/10\/Vianesse_NahrungHeader_AntiAging_LovelyCouple.jpg\" alt class=\"img-responsive wp-image-6078\" srcset=\"https:\/\/vianesse.com\/wp-content\/uploads\/2017\/10\/Vianesse_NahrungHeader_AntiAging_LovelyCouple-200x61.jpg 200w, https:\/\/vianesse.com\/wp-content\/uploads\/2017\/10\/Vianesse_NahrungHeader_AntiAging_LovelyCouple-400x122.jpg 400w, https:\/\/vianesse.com\/wp-content\/uploads\/2017\/10\/Vianesse_NahrungHeader_AntiAging_LovelyCouple-600x183.jpg 600w, https:\/\/vianesse.com\/wp-content\/uploads\/2017\/10\/Vianesse_NahrungHeader_AntiAging_LovelyCouple-800x243.jpg 800w, https:\/\/vianesse.com\/wp-content\/uploads\/2017\/10\/Vianesse_NahrungHeader_AntiAging_LovelyCouple-1200x365.jpg 1200w, https:\/\/vianesse.com\/wp-content\/uploads\/2017\/10\/Vianesse_NahrungHeader_AntiAging_LovelyCouple.jpg 2300w\" sizes=\"(max-width: 800px) 100vw, 1200px\" \/><\/span><\/div><div class=\"fusion-clearfix\"><\/div><\/div><\/div><\/div><\/div><div class=\"fusion-fullwidth fullwidth-box fusion-builder-row-2 nonhundred-percent-fullwidth non-hundred-percent-height-scrolling\" style=\"--awb-border-radius-top-left:0px;--awb-border-radius-top-right:0px;--awb-border-radius-bottom-right:0px;--awb-border-radius-bottom-left:0px;\" ><div class=\"fusion-builder-row fusion-row\"><div class=\"fusion-layout-column fusion_builder_column fusion-builder-column-1 fusion_builder_column_1_1 1_1 fusion-one-full fusion-column-first fusion-column-last\" style=\"--awb-bg-size:cover;\"><div class=\"fusion-column-wrapper fusion-flex-column-wrapper-legacy\"><div class=\"fusion-sep-clear\"><\/div><div class=\"fusion-separator fusion-full-width-sep\" style=\"margin-left: auto;margin-right: auto;margin-top:8px;margin-bottom:8px;width:100%;\"><\/div><div class=\"fusion-sep-clear\"><\/div><div class=\"fusion-clearfix\"><\/div><\/div><\/div><\/div><\/div><div class=\"fusion-fullwidth fullwidth-box fusion-builder-row-3 nonhundred-percent-fullwidth non-hundred-percent-height-scrolling\" style=\"--awb-background-position:left top;--awb-border-radius-top-left:0px;--awb-border-radius-top-right:0px;--awb-border-radius-bottom-right:0px;--awb-border-radius-bottom-left:0px;--awb-padding-top:0px;--awb-padding-bottom:0px;--awb-border-sizes-top:0px;--awb-border-sizes-bottom:0px;\" ><div class=\"fusion-builder-row fusion-row\"><div class=\"fusion-layout-column fusion_builder_column fusion-builder-column-2 fusion_builder_column_4_5 4_5 fusion-four-fifth fusion-column-first\" style=\"--awb-bg-position:right bottom;--awb-bg-size:cover;width:79.2%; margin-right: 4%;\"><div class=\"fusion-column-wrapper fusion-flex-column-wrapper-legacy\"><div class=\"fusion-text fusion-text-1\"><p>CIESZ SI\u0118 ZDROWIEM I NIE B\u00d3J SI\u0118 STARO\u015aCI<\/p>\n<h1><strong>Jako\u015b\u0107 \u017cycia, witalno\u015b\u0107 i zdrowie do s\u0119dziwego wieku<\/strong><\/h1>\n<\/div><div class=\"fusion-sep-clear\"><\/div><div class=\"fusion-separator fusion-clearfix\" style=\"float:left;margin-top:0px;margin-bottom:20px;width:100%;max-width:50px;\"><div class=\"fusion-separator-border sep-single sep-solid\" style=\"--awb-height:20px;--awb-amount:20px;--awb-sep-color:#cbaa5c;border-color:#cbaa5c;border-top-width:1px;\"><\/div><\/div><div class=\"fusion-sep-clear\"><\/div><div class=\"fusion-text fusion-text-2\"><p>Celem programu Anti\u2013 Aging jest zatrzymanie i spowolnienie proces\u00f3w starzenia si\u0119 oraz zwi\u0105zanych z nimi chor\u00f3b przewlek\u0142ych. <strong>Z\u0142ot\u0105 jesie\u0144<\/strong> <strong>\u017cycia nale\u017cy nape\u0142ni\u0107 jako\u015bci\u0105 \u017cycia, witalno\u015bci\u0105 i zdrowiem. <\/strong>Nie bez powodu aminokwasy okre\u015bla si\u0119 mianem najwa\u017cniejszych element\u00f3w \u017cycia. Aminokwasy s\u0105 niezb\u0119dne we wszystkich procesach metabolicznych. Niedobory aminokwas\u00f3w s\u0105 przyczyn\u0105 zmarszczek, \u0142amliwych w\u0142os\u00f3w i paznokci oraz cellulitu. Aminokwasy w okresie starzenia si\u0119 s\u0105 prawdziwym zastrzykiem witalno\u015bci. Nawet nowocze\u015bni naukowcy uznaj\u0105, \u017ce brak dostarczania odpowiedniej ilo\u015bci aminokwas\u00f3w, czyli ich niedobory s\u0105 przyczyn\u0105 starzenia si\u0119. Aby dostarczy\u0107 organizmowi odpowiedni\u0105 i zbalansowan\u0105 ilo\u015b\u0107 <strong>witamin<\/strong>, <strong>mikroelement\u00f3w<\/strong> i <strong>substancji<\/strong> <strong>fitood\u017cywczych<\/strong> nale\u017cy spo\u017cywa\u0107 warzywa i owoce we wszystkich kolorach t\u0119czy. Na przyk\u0142ad ka\u017cda papryka: czerwona, zielona czy \u017c\u00f3\u0142ta, zawiera inne substancje witalne \u2013 dlatego r\u00f3\u017cnorodno\u015b\u0107 w diecie jest tak wa\u017cna.<\/p>\n<\/div><div class=\"fusion-clearfix\"><\/div><\/div><\/div><div class=\"fusion-layout-column fusion_builder_column fusion-builder-column-3 fusion_builder_column_1_5 1_5 fusion-one-fifth fusion-column-last\" style=\"--awb-bg-size:cover;width:16.8%;\"><div class=\"fusion-column-wrapper fusion-flex-column-wrapper-legacy\"><div class=\"fusion-column-content-centered\"><div class=\"fusion-column-content\"><div class=\"fusion-sep-clear\"><\/div><div class=\"fusion-separator fusion-full-width-sep\" style=\"margin-left: auto;margin-right: auto;margin-bottom:140px;width:100%;\"><\/div><div class=\"fusion-sep-clear\"><\/div><div class=\"fusion-image-element in-legacy-container\" style=\"--awb-caption-title-font-family:var(--h2_typography-font-family);--awb-caption-title-font-weight:var(--h2_typography-font-weight);--awb-caption-title-font-style:var(--h2_typography-font-style);--awb-caption-title-size:var(--h2_typography-font-size);--awb-caption-title-transform:var(--h2_typography-text-transform);--awb-caption-title-line-height:var(--h2_typography-line-height);--awb-caption-title-letter-spacing:var(--h2_typography-letter-spacing);\"><span class=\" fusion-imageframe imageframe-none imageframe-2 hover-type-zoomin\" class=\"image-magnify\" class=\"image-scroll\"><img decoding=\"async\" width=\"237\" height=\"370\" title=\"Vianesse_NahrungProdukt_ShapeShake_Acerola\" src=\"https:\/\/vianesse.com\/wp-content\/uploads\/2017\/10\/Vianesse_NahrungProdukt_ShapeShake_Acerola.jpg\" alt class=\"img-responsive wp-image-5588\" srcset=\"https:\/\/vianesse.com\/wp-content\/uploads\/2017\/10\/Vianesse_NahrungProdukt_ShapeShake_Acerola-200x312.jpg 200w, https:\/\/vianesse.com\/wp-content\/uploads\/2017\/10\/Vianesse_NahrungProdukt_ShapeShake_Acerola.jpg 237w\" sizes=\"(max-width: 800px) 100vw, 237px\" \/><\/span><\/div><\/div><\/div><div class=\"fusion-clearfix\"><\/div><\/div><\/div><div class=\"fusion-layout-column fusion_builder_column fusion-builder-column-4 fusion_builder_column_1_1 1_1 fusion-one-full fusion-column-first fusion-column-last fusion-column-no-min-height\" style=\"--awb-bg-size:cover;--awb-margin-bottom:0px;\"><div class=\"fusion-column-wrapper fusion-flex-column-wrapper-legacy\"><div class=\"fusion-clearfix\"><\/div><\/div><\/div><\/div><\/div><div class=\"fusion-fullwidth fullwidth-box fusion-builder-row-4 nonhundred-percent-fullwidth non-hundred-percent-height-scrolling\" style=\"--awb-background-position:left top;--awb-border-sizes-top:0px;--awb-border-sizes-bottom:0px;--awb-border-sizes-left:0px;--awb-border-sizes-right:0px;--awb-border-radius-top-left:0px;--awb-border-radius-top-right:0px;--awb-border-radius-bottom-right:0px;--awb-border-radius-bottom-left:0px;--awb-padding-top:30px;--awb-padding-bottom:10px;\" ><div class=\"fusion-builder-row fusion-row\"><div class=\"fusion-layout-column fusion_builder_column fusion-builder-column-5 fusion_builder_column_1_1 1_1 fusion-one-full fusion-column-first fusion-column-last fusion-column-no-min-height\" style=\"--awb-bg-size:cover;--awb-margin-bottom:0px;\"><div class=\"fusion-column-wrapper fusion-flex-column-wrapper-legacy\"><style type='text\/css'>.reading-box-container-1 .element-bottomshadow:before,.reading-box-container-1 .element-bottomshadow:after{opacity:0.5;}<\/style><div class=\"fusion-reading-box-container reading-box-container-1\" style=\"--awb-title-color:#171717;--awb-margin-top:0px;--awb-margin-bottom:84px;\"><div class=\"reading-box reading-box-center\" style=\"background-color:#ffffff;border-width:1px;border-color:#ebeef1;border-top-width:3px;border-top-color:var(--primary_color);border-style:solid;\"><h2>Zosta\u0144 teraz <strong>Klientem VIP-VIANESSE\u00ae<\/strong> !<\/h2><div class=\"reading-box-description fusion-reading-box-additional\">VIANESSE \u2013 Jako\u015b\u0107, skuteczno\u015b\u0107 i bezpiecze\u0144stwo<\/div><div class=\"fusion-clearfix\"><\/div><a class=\"button fusion-button button-default fusion-button-large button-large button-flat fusion-mobile-button continue-center\" style=\"-webkit-box-shadow:none;-moz-box-shadow:none;box-shadow:none;border-radius:2px 2px 2px 2px\" href=\"\/pl\/#karriere\" target=\"_self\"><span>WYSTARTUJ TERAZ<\/span><\/a><\/div><\/div><div class=\"fusion-clearfix\"><\/div><\/div><\/div><\/div><\/div>\n<\/p>\n","protected":false},"excerpt":{"rendered":"","protected":false},"author":5,"featured_media":0,"parent":0,"menu_order":0,"comment_status":"closed","ping_status":"closed","template":"100-width.php","meta":[],"yoast_head":"<!-- This site is optimized with the Yoast SEO plugin v15.4 - https:\/\/yoast.com\/wordpress\/plugins\/seo\/ -->\n<title>OD\u017bYWIANIE ANTI AGING - VIANESSE<\/title>\n<meta name=\"robots\" content=\"index, follow, max-snippet:-1, max-image-preview:large, max-video-preview:-1\" \/>\n<link rel=\"canonical\" href=\"https:\/\/vianesse.com\/pl\/odzywianie-anti-aging\" \/>\n<meta property=\"og:locale\" content=\"pl_PL\" \/>\n<meta property=\"og:type\" content=\"article\" \/>\n<meta property=\"og:title\" content=\"OD\u017bYWIANIE ANTI AGING - VIANESSE\" \/>\n<meta property=\"og:url\" content=\"https:\/\/vianesse.com\/pl\/odzywianie-anti-aging\" \/>\n<meta property=\"og:site_name\" content=\"VIANESSE\" \/>\n<meta property=\"article:publisher\" content=\"https:\/\/www.facebook.com\/Vianesse-144275839580764\/\" \/>\n<meta property=\"article:modified_time\" content=\"2018-02-02T10:40:55+00:00\" \/>\n<meta name=\"twitter:card\" content=\"summary_large_image\" \/>\n<meta name=\"twitter:label1\" content=\"Written by\">\n\t<meta name=\"twitter:data1\" content=\"s h\">\n\t<meta name=\"twitter:label2\" content=\"Est. reading time\">\n\t<meta name=\"twitter:data2\" content=\"4 minuty\">\n<script type=\"application\/ld+json\" class=\"yoast-schema-graph\">{\"@context\":\"https:\/\/schema.org\",\"@graph\":[{\"@type\":\"Organization\",\"@id\":\"https:\/\/vianesse.com\/pl\/#organization\",\"name\":\"VIANESSE\",\"url\":\"https:\/\/vianesse.com\/pl\/\",\"sameAs\":[\"https:\/\/www.facebook.com\/Vianesse-144275839580764\/\",\"https:\/\/www.youtube.com\/channel\/UCu4kWETEQ20Y-Wlcl77AWGQ\"],\"logo\":{\"@type\":\"ImageObject\",\"@id\":\"https:\/\/vianesse.com\/pl\/#logo\",\"inLanguage\":\"pl-PL\",\"url\":\"https:\/\/vianesse.com\/wp-content\/uploads\/2018\/02\/vianesse_blau_350.png\",\"width\":\"351\",\"height\":\"144\",\"caption\":\"VIANESSE\"},\"image\":{\"@id\":\"https:\/\/vianesse.com\/pl\/#logo\"}},{\"@type\":\"WebSite\",\"@id\":\"https:\/\/vianesse.com\/pl\/#website\",\"url\":\"https:\/\/vianesse.com\/pl\/\",\"name\":\"VIANESSE\",\"description\":\"\",\"publisher\":{\"@id\":\"https:\/\/vianesse.com\/pl\/#organization\"},\"potentialAction\":[{\"@type\":\"SearchAction\",\"target\":\"https:\/\/vianesse.com\/pl\/?s={search_term_string}\",\"query-input\":\"required name=search_term_string\"}],\"inLanguage\":\"pl-PL\"},{\"@type\":\"WebPage\",\"@id\":\"https:\/\/vianesse.com\/pl\/odzywianie-anti-aging#webpage\",\"url\":\"https:\/\/vianesse.com\/pl\/odzywianie-anti-aging\",\"name\":\"OD\\u017bYWIANIE ANTI AGING - VIANESSE\",\"isPartOf\":{\"@id\":\"https:\/\/vianesse.com\/pl\/#website\"},\"datePublished\":\"2018-01-30T11:16:53+00:00\",\"dateModified\":\"2018-02-02T10:40:55+00:00\",\"inLanguage\":\"pl-PL\",\"potentialAction\":[{\"@type\":\"ReadAction\",\"target\":[\"https:\/\/vianesse.com\/pl\/odzywianie-anti-aging\"]}]}]}<\/script>\n<!-- \/ Yoast SEO plugin. -->","_links":{"self":[{"href":"https:\/\/vianesse.com\/pl\/wp-json\/wp\/v2\/pages\/3255"}],"collection":[{"href":"https:\/\/vianesse.com\/pl\/wp-json\/wp\/v2\/pages"}],"about":[{"href":"https:\/\/vianesse.com\/pl\/wp-json\/wp\/v2\/types\/page"}],"author":[{"embeddable":true,"href":"https:\/\/vianesse.com\/pl\/wp-json\/wp\/v2\/users\/5"}],"replies":[{"embeddable":true,"href":"https:\/\/vianesse.com\/pl\/wp-json\/wp\/v2\/comments?post=3255"}],"version-history":[{"count":4,"href":"https:\/\/vianesse.com\/pl\/wp-json\/wp\/v2\/pages\/3255\/revisions"}],"predecessor-version":[{"id":3565,"href":"https:\/\/vianesse.com\/pl\/wp-json\/wp\/v2\/pages\/3255\/revisions\/3565"}],"wp:attachment":[{"href":"https:\/\/vianesse.com\/pl\/wp-json\/wp\/v2\/media?parent=3255"}],"curies":[{"name":"wp","href":"https:\/\/api.w.org\/{rel}","templated":true}]}}