{"id":3251,"date":"2018-01-30T11:13:21","date_gmt":"2018-01-30T11:13:21","guid":{"rendered":"http:\/\/new.vianesse.com?page_id=3251"},"modified":"2025-12-16T15:56:17","modified_gmt":"2025-12-16T15:56:17","slug":"kosmetyki-vitamin-body-lotion","status":"publish","type":"page","link":"https:\/\/vianesse.com\/pl\/kosmetyki-vitamin-body-lotion","title":{"rendered":"KOSMETYKI VITAMIN BODY LOTION"},"content":{"rendered":"<p><div class=\"fusion-fullwidth fullwidth-box fusion-builder-row-1 hundred-percent-fullwidth non-hundred-percent-height-scrolling\" style=\"--awb-border-radius-top-left:0px;--awb-border-radius-top-right:0px;--awb-border-radius-bottom-right:0px;--awb-border-radius-bottom-left:0px;\" ><div class=\"fusion-builder-row fusion-row\"><div class=\"fusion-layout-column fusion_builder_column fusion-builder-column-0 fusion_builder_column_1_1 1_1 fusion-one-full fusion-column-first fusion-column-last\" style=\"--awb-bg-size:cover;\"><div class=\"fusion-column-wrapper fusion-flex-column-wrapper-legacy\"><div class=\"fusion-image-element in-legacy-container\" style=\"--awb-caption-title-font-family:var(--h2_typography-font-family);--awb-caption-title-font-weight:var(--h2_typography-font-weight);--awb-caption-title-font-style:var(--h2_typography-font-style);--awb-caption-title-size:var(--h2_typography-font-size);--awb-caption-title-transform:var(--h2_typography-text-transform);--awb-caption-title-line-height:var(--h2_typography-line-height);--awb-caption-title-letter-spacing:var(--h2_typography-letter-spacing);\"><span class=\" fusion-imageframe imageframe-none imageframe-1 hover-type-none\" class=\"image-magnify\" class=\"image-scroll\"><img decoding=\"async\" width=\"2300\" height=\"700\" title=\"Vianesse_KosmetikHeader_VitaminBodyLotion\" src=\"https:\/\/vianesse.com\/wp-content\/uploads\/2017\/10\/Vianesse_KosmetikHeader_VitaminBodyLotion.jpg\" alt class=\"img-responsive wp-image-5248\" srcset=\"https:\/\/vianesse.com\/wp-content\/uploads\/2017\/10\/Vianesse_KosmetikHeader_VitaminBodyLotion-200x61.jpg 200w, https:\/\/vianesse.com\/wp-content\/uploads\/2017\/10\/Vianesse_KosmetikHeader_VitaminBodyLotion-400x122.jpg 400w, https:\/\/vianesse.com\/wp-content\/uploads\/2017\/10\/Vianesse_KosmetikHeader_VitaminBodyLotion-600x183.jpg 600w, https:\/\/vianesse.com\/wp-content\/uploads\/2017\/10\/Vianesse_KosmetikHeader_VitaminBodyLotion-800x243.jpg 800w, https:\/\/vianesse.com\/wp-content\/uploads\/2017\/10\/Vianesse_KosmetikHeader_VitaminBodyLotion-1200x365.jpg 1200w, https:\/\/vianesse.com\/wp-content\/uploads\/2017\/10\/Vianesse_KosmetikHeader_VitaminBodyLotion.jpg 2300w\" sizes=\"(max-width: 800px) 100vw, 1200px\" \/><\/span><\/div><div class=\"fusion-clearfix\"><\/div><\/div><\/div><\/div><\/div><div class=\"fusion-fullwidth fullwidth-box fusion-builder-row-2 nonhundred-percent-fullwidth non-hundred-percent-height-scrolling\" style=\"--awb-border-radius-top-left:0px;--awb-border-radius-top-right:0px;--awb-border-radius-bottom-right:0px;--awb-border-radius-bottom-left:0px;\" ><div class=\"fusion-builder-row fusion-row\"><div class=\"fusion-layout-column fusion_builder_column fusion-builder-column-1 fusion_builder_column_1_1 1_1 fusion-one-full fusion-column-first fusion-column-last\" style=\"--awb-bg-size:cover;\"><div class=\"fusion-column-wrapper fusion-flex-column-wrapper-legacy\"><div class=\"fusion-sep-clear\"><\/div><div class=\"fusion-separator fusion-full-width-sep\" style=\"margin-left: auto;margin-right: auto;margin-top:8px;margin-bottom:8px;width:100%;\"><\/div><div class=\"fusion-sep-clear\"><\/div><div class=\"fusion-clearfix\"><\/div><\/div><\/div><\/div><\/div><div class=\"fusion-fullwidth fullwidth-box fusion-builder-row-3 nonhundred-percent-fullwidth non-hundred-percent-height-scrolling\" style=\"--awb-background-position:left top;--awb-border-sizes-top:0px;--awb-border-sizes-bottom:0px;--awb-border-sizes-left:0px;--awb-border-sizes-right:0px;--awb-border-radius-top-left:0px;--awb-border-radius-top-right:0px;--awb-border-radius-bottom-right:0px;--awb-border-radius-bottom-left:0px;--awb-padding-top:0px;--awb-padding-bottom:0px;\" ><div class=\"fusion-builder-row fusion-row\"><div class=\"fusion-layout-column fusion_builder_column fusion-builder-column-2 fusion_builder_column_4_5 4_5 fusion-four-fifth fusion-column-first\" style=\"--awb-bg-position:right bottom;--awb-bg-size:cover;width:79.2%; margin-right: 4%;\"><div class=\"fusion-column-wrapper fusion-flex-column-wrapper-legacy\"><div class=\"fusion-text fusion-text-1\"><p style=\"letter-spacing: 4px; font-size: 13px; margin-bottom: 0px;\"><strong>SK\u00d3RA G\u0141ADKA JAK AKSAMIT <\/strong><\/p>\n<h1>VITAMIN BODY LOTION<\/h1>\n<\/div><div class=\"fusion-sep-clear\"><\/div><div class=\"fusion-separator fusion-clearfix\" style=\"float:left;margin-top:0px;margin-bottom:20px;width:100%;max-width:50px;\"><div class=\"fusion-separator-border sep-single sep-solid\" style=\"--awb-height:20px;--awb-amount:20px;--awb-sep-color:#cbaa5c;border-color:#cbaa5c;border-top-width:1px;\"><\/div><\/div><div class=\"fusion-sep-clear\"><\/div><div class=\"fusion-text fusion-text-2\"><p><strong>Co to jest cellulit?<\/strong><\/p>\n<p>Cellulit jest problemem kosmetycznym, kt\u00f3ry odzwierciedla z\u0142e od\u017cywianie i trawienie organizmu. Innymi s\u0142owy jest on skupiskiem toksyn \u2013 pocz\u0105tek w jelitach. Jak powstaje cellulit? Powstanie cellulitu ma swoje korzenie w jelitach. Tam zostaje przetworzona toksycznie \u017cywno\u015b\u0107 przez grzyby Candida. Te toksyny zostaj\u0105 wch\u0142oni\u0119te \u015bciank\u0105 jelitow\u0105 do obiegu krwiono\u015bnego. Ma\u0142\u0105 ilo\u015b\u0107 toksyn organizm mo\u017ce obni\u017cy\u0107 poprzez ruch fizyczny. Je\u015bli powstaje za du\u017co toksyn, zostaj\u0105 one odk\u0142adane przez organizm na udach. Zanim zostan\u0105 od\u0142o\u017cone, rozcie\u0144czane s\u0105 przez wod\u0119 i tym samym nie s\u0105 szkodliwe dla organizmu, w efekcie odk\u0142adane wraz z t\u0142uszczem w miejscach podatnych na odk\u0142adanie cellulitu.<\/p>\n<p>Od ponad trzydziestu lat problematyka cellulitu dotyka coraz m\u0142odsze kobiety. Wcze\u015bniej problem cellulitu dotyka\u0142 kobiety w przedziale wiekowym od 25 do 35 lat, a dzisiaj z tym problemem borykaj\u0105 si\u0119 ju\u017c nastolatki. Odnotowano nawet przypadki o\u015bmioletnich dzieci z cellulitem. Do jakich zmian dosz\u0142o w minionych trzydziestu latach? Zachowania konsumpcyjne uleg\u0142y radykalnym zmianom. Cukier, bia\u0142e pieczywo, t\u0142uszcz, \u017cywno\u015b\u0107 wysokoprzetworzona, alkohol i tabletki s\u0105 konsumowane w znacznie wi\u0119kszych ilo\u015bciach ni\u017c wcze\u015bniej. Te produkty tworz\u0105 korzystne \u015brodowisko do rozwoju grzyb\u00f3w Candida, kt\u00f3re produkuj\u0105 toksyny. W celu zredukowania cellulitu, nale\u017cy zapozna\u0107 si\u0119 z jego \u017ar\u00f3d\u0142em. Cz\u0119sto brak nam wiedzy merytorycznej. Nie jeste\u015bmy \u015bwiadomi, \u017ce to toksyny powstaj\u0105ce w wyniku procesu trawienia s\u0105 odpowiedzialne za powstawanie cellulitu. W zwi\u0105zku z tym zwalczanie cellulitu tradycyjnymi metodami, nie przynosi oczekiwanych rezultat\u00f3w.<\/p>\n<p><strong>Dlaczego program ochronny przed cellulitem VIANESSE jest taki skuteczny?<\/strong><\/p>\n<p>Po\u0142\u0105czenie toksyn, wody i t\u0142uszczu ulega przemianie, a mianowicie zostaje ono przerwane. Jednocze\u015bnie krew musi wch\u0142on\u0105\u0107 toksyny i je odtransportowa\u0107. Jest to mo\u017cliwe wy\u0142\u0105cznie pod warunkiem \u017ce krew nie transportuje nowych toksyn z jelit. Warunkiem efektywnego wyeliminowania cellulitu jest:<\/p>\n<p>1. w\u0142a\u015bciwo\u015b\u0107 rozrywania po\u0142\u0105czenia toksyn, wody i t\u0142uszczu, kt\u00f3r\u0105 posiada Body Lotion<\/p>\n<p>2. zdrowe jelito (nie produkuje nowych toksyn) dzi\u0119ki koncepcji VIANESSE dra\u017cetkom Prebiotic oraz BODY SHAPE jak r\u00f3wnie\u017c przez zdrowe od\u017cywianie, wod\u0119 i ruch fizyczny.<\/p>\n<p>Stosuj\u0105c regularnie koncepcj\u0119 VIANESSE, jako terapi\u0119 od wewn\u0105trz czyli oczyszczanie jelit dzi\u0119ki dra\u017cetkom Prebiotic oraz odbudowywanie muskulatury dzi\u0119ki BODY SHAPE, organizm odtransportowuje toksyny, czego efektem zewn\u0119trznym jest j\u0119drna sk\u00f3ra.<\/p>\n<p>Wskaz\u00f3wki w celu uzyskania \u0142adnej, g\u0142adkiej i j\u0119drnej sk\u00f3ry:<\/p>\n<p><strong>\u2022<\/strong> codziennie rano i wieczorem (w razie potrzeby cz\u0119\u015bciej) wmasowa\u0107 w miejsca dotkni\u0119te cellulitem VIANESSE Body Lotion \u201eMetamorphose 24\u201d<\/p>\n<p><strong>\u2022<\/strong> codziennie wypija\u0107 od 2 do 3 litr\u00f3w wody, nie nadu\u017cywa\u0107 alkoholu, ruch fizyczny przynosi dodatkowe efekty<\/p>\n<p><strong>\u2022<\/strong> za\u017cywa\u0107 codziennie 6-8 sztuk dra\u017cetek VIANESSE Prebiotic<\/p>\n<p><strong>\u2022<\/strong> 2 razy po 2 miarki VIANESSE BODY SHAPE<\/p>\n<p><strong>\u2022<\/strong> spo\u017cywa\u0107 produkty o niskiej zawarto\u015bci t\u0142uszczu i cukru, ale bogate w b\u0142onnik pokarmowy<\/p>\n<p>Zmiany b\u0119d\u0105 odczuwalne i widoczne<\/p>\n<\/div><div class=\"fusion-clearfix\"><\/div><\/div><\/div><div class=\"fusion-layout-column fusion_builder_column fusion-builder-column-3 fusion_builder_column_1_5 1_5 fusion-one-fifth fusion-column-last\" style=\"--awb-bg-size:cover;width:16.8%;\"><div class=\"fusion-column-wrapper fusion-flex-column-wrapper-legacy\"><div class=\"fusion-column-content-centered\"><div class=\"fusion-column-content\"><div class=\"fusion-image-element in-legacy-container\" style=\"--awb-caption-title-font-family:var(--h2_typography-font-family);--awb-caption-title-font-weight:var(--h2_typography-font-weight);--awb-caption-title-font-style:var(--h2_typography-font-style);--awb-caption-title-size:var(--h2_typography-font-size);--awb-caption-title-transform:var(--h2_typography-text-transform);--awb-caption-title-line-height:var(--h2_typography-line-height);--awb-caption-title-letter-spacing:var(--h2_typography-letter-spacing);\"><span class=\" fusion-imageframe imageframe-none imageframe-2 hover-type-zoomin\" class=\"image-magnify\" class=\"image-scroll\"><img decoding=\"async\" width=\"420\" height=\"1691\" title=\"body lotion\" src=\"https:\/\/vianesse.com\/wp-content\/uploads\/2025\/12\/body-lotion.png\" alt class=\"img-responsive wp-image-18765\" srcset=\"https:\/\/vianesse.com\/wp-content\/uploads\/2025\/12\/body-lotion-200x805.png 200w, https:\/\/vianesse.com\/wp-content\/uploads\/2025\/12\/body-lotion-400x1610.png 400w, https:\/\/vianesse.com\/wp-content\/uploads\/2025\/12\/body-lotion.png 420w\" sizes=\"(max-width: 800px) 100vw, 400px\" \/><\/span><\/div><\/div><\/div><div class=\"fusion-clearfix\"><\/div><\/div><\/div><div class=\"fusion-layout-column fusion_builder_column fusion-builder-column-4 fusion_builder_column_1_1 1_1 fusion-one-full fusion-column-first fusion-column-last fusion-column-no-min-height\" style=\"--awb-bg-size:cover;--awb-margin-bottom:0px;\"><div class=\"fusion-column-wrapper fusion-flex-column-wrapper-legacy\"><div class=\"fusion-clearfix\"><\/div><\/div><\/div><\/div><\/div><div class=\"fusion-fullwidth fullwidth-box fusion-builder-row-4 nonhundred-percent-fullwidth non-hundred-percent-height-scrolling\" style=\"--awb-background-position:left top;--awb-border-sizes-top:0px;--awb-border-sizes-bottom:0px;--awb-border-sizes-left:0px;--awb-border-sizes-right:0px;--awb-border-radius-top-left:0px;--awb-border-radius-top-right:0px;--awb-border-radius-bottom-right:0px;--awb-border-radius-bottom-left:0px;--awb-padding-top:30px;--awb-padding-bottom:10px;\" ><div class=\"fusion-builder-row fusion-row\"><div class=\"fusion-layout-column fusion_builder_column fusion-builder-column-5 fusion_builder_column_1_1 1_1 fusion-one-full fusion-column-first fusion-column-last fusion-column-no-min-height\" style=\"--awb-bg-size:cover;--awb-margin-bottom:0px;\"><div class=\"fusion-column-wrapper fusion-flex-column-wrapper-legacy\"><style type='text\/css'>.reading-box-container-1 .element-bottomshadow:before,.reading-box-container-1 .element-bottomshadow:after{opacity:0.5;}<\/style><div class=\"fusion-reading-box-container reading-box-container-1\" style=\"--awb-title-color:#171717;--awb-margin-top:0px;--awb-margin-bottom:84px;\"><div class=\"reading-box reading-box-center\" style=\"background-color:#ffffff;border-width:1px;border-color:#ebeef1;border-top-width:3px;border-top-color:var(--primary_color);border-style:solid;\"><h2>Zosta\u0144 teraz <strong>Klientem VIP-VIANESSE\u00ae<\/strong> !<\/h2><div class=\"reading-box-description fusion-reading-box-additional\">VIANESSE \u2013 Jako\u015b\u0107, skuteczno\u015b\u0107 i bezpiecze\u0144stwo<\/div><div class=\"fusion-clearfix\"><\/div><a class=\"button fusion-button button-default fusion-button-large button-large button-flat fusion-mobile-button continue-center\" style=\"-webkit-box-shadow:none;-moz-box-shadow:none;box-shadow:none;border-radius:2px 2px 2px 2px\" href=\"\/pl\/#karriere\" target=\"_self\"><span>WYSTARTUJ TERAZ<\/span><\/a><\/div><\/div><div class=\"fusion-clearfix\"><\/div><\/div><\/div><\/div><\/div>\n<\/p>\n","protected":false},"excerpt":{"rendered":"","protected":false},"author":5,"featured_media":0,"parent":0,"menu_order":0,"comment_status":"closed","ping_status":"closed","template":"100-width.php","meta":[],"yoast_head":"<!-- This site is optimized with the Yoast SEO plugin v15.4 - https:\/\/yoast.com\/wordpress\/plugins\/seo\/ -->\n<title>KOSMETYKI VITAMIN BODY LOTION - VIANESSE<\/title>\n<meta name=\"robots\" content=\"index, follow, max-snippet:-1, max-image-preview:large, max-video-preview:-1\" \/>\n<link rel=\"canonical\" href=\"https:\/\/vianesse.com\/pl\/kosmetyki-vitamin-body-lotion\" \/>\n<meta property=\"og:locale\" content=\"pl_PL\" \/>\n<meta property=\"og:type\" content=\"article\" \/>\n<meta property=\"og:title\" content=\"KOSMETYKI VITAMIN BODY LOTION - VIANESSE\" \/>\n<meta property=\"og:url\" content=\"https:\/\/vianesse.com\/pl\/kosmetyki-vitamin-body-lotion\" \/>\n<meta property=\"og:site_name\" content=\"VIANESSE\" \/>\n<meta property=\"article:publisher\" content=\"https:\/\/www.facebook.com\/Vianesse-144275839580764\/\" \/>\n<meta property=\"article:modified_time\" content=\"2025-12-16T15:56:17+00:00\" \/>\n<meta name=\"twitter:card\" content=\"summary_large_image\" \/>\n<meta name=\"twitter:label1\" content=\"Written by\">\n\t<meta name=\"twitter:data1\" content=\"s h\">\n\t<meta name=\"twitter:label2\" content=\"Est. reading time\">\n\t<meta name=\"twitter:data2\" content=\"6 minut\">\n<script type=\"application\/ld+json\" class=\"yoast-schema-graph\">{\"@context\":\"https:\/\/schema.org\",\"@graph\":[{\"@type\":\"Organization\",\"@id\":\"https:\/\/vianesse.com\/pl\/#organization\",\"name\":\"VIANESSE\",\"url\":\"https:\/\/vianesse.com\/pl\/\",\"sameAs\":[\"https:\/\/www.facebook.com\/Vianesse-144275839580764\/\",\"https:\/\/www.youtube.com\/channel\/UCu4kWETEQ20Y-Wlcl77AWGQ\"],\"logo\":{\"@type\":\"ImageObject\",\"@id\":\"https:\/\/vianesse.com\/pl\/#logo\",\"inLanguage\":\"pl-PL\",\"url\":\"https:\/\/vianesse.com\/wp-content\/uploads\/2018\/02\/vianesse_blau_350.png\",\"width\":\"351\",\"height\":\"144\",\"caption\":\"VIANESSE\"},\"image\":{\"@id\":\"https:\/\/vianesse.com\/pl\/#logo\"}},{\"@type\":\"WebSite\",\"@id\":\"https:\/\/vianesse.com\/pl\/#website\",\"url\":\"https:\/\/vianesse.com\/pl\/\",\"name\":\"VIANESSE\",\"description\":\"\",\"publisher\":{\"@id\":\"https:\/\/vianesse.com\/pl\/#organization\"},\"potentialAction\":[{\"@type\":\"SearchAction\",\"target\":\"https:\/\/vianesse.com\/pl\/?s={search_term_string}\",\"query-input\":\"required name=search_term_string\"}],\"inLanguage\":\"pl-PL\"},{\"@type\":\"WebPage\",\"@id\":\"https:\/\/vianesse.com\/pl\/kosmetyki-vitamin-body-lotion#webpage\",\"url\":\"https:\/\/vianesse.com\/pl\/kosmetyki-vitamin-body-lotion\",\"name\":\"KOSMETYKI VITAMIN BODY LOTION - VIANESSE\",\"isPartOf\":{\"@id\":\"https:\/\/vianesse.com\/pl\/#website\"},\"datePublished\":\"2018-01-30T11:13:21+00:00\",\"dateModified\":\"2025-12-16T15:56:17+00:00\",\"inLanguage\":\"pl-PL\",\"potentialAction\":[{\"@type\":\"ReadAction\",\"target\":[\"https:\/\/vianesse.com\/pl\/kosmetyki-vitamin-body-lotion\"]}]}]}<\/script>\n<!-- \/ Yoast SEO plugin. -->","_links":{"self":[{"href":"https:\/\/vianesse.com\/pl\/wp-json\/wp\/v2\/pages\/3251"}],"collection":[{"href":"https:\/\/vianesse.com\/pl\/wp-json\/wp\/v2\/pages"}],"about":[{"href":"https:\/\/vianesse.com\/pl\/wp-json\/wp\/v2\/types\/page"}],"author":[{"embeddable":true,"href":"https:\/\/vianesse.com\/pl\/wp-json\/wp\/v2\/users\/5"}],"replies":[{"embeddable":true,"href":"https:\/\/vianesse.com\/pl\/wp-json\/wp\/v2\/comments?post=3251"}],"version-history":[{"count":5,"href":"https:\/\/vianesse.com\/pl\/wp-json\/wp\/v2\/pages\/3251\/revisions"}],"predecessor-version":[{"id":18899,"href":"https:\/\/vianesse.com\/pl\/wp-json\/wp\/v2\/pages\/3251\/revisions\/18899"}],"wp:attachment":[{"href":"https:\/\/vianesse.com\/pl\/wp-json\/wp\/v2\/media?parent=3251"}],"curies":[{"name":"wp","href":"https:\/\/api.w.org\/{rel}","templated":true}]}}