{"id":3243,"date":"2018-01-30T11:06:07","date_gmt":"2018-01-30T11:06:07","guid":{"rendered":"http:\/\/new.vianesse.com?page_id=3243"},"modified":"2025-12-16T15:43:52","modified_gmt":"2025-12-16T15:43:52","slug":"kosmetyki-hydro-repair-mask","status":"publish","type":"page","link":"https:\/\/vianesse.com\/pl\/kosmetyki-hydro-repair-mask","title":{"rendered":"KOSMETYKI HYDRO REPAIR MASK"},"content":{"rendered":"<p><div class=\"fusion-fullwidth fullwidth-box fusion-builder-row-1 hundred-percent-fullwidth non-hundred-percent-height-scrolling\" style=\"--awb-border-radius-top-left:0px;--awb-border-radius-top-right:0px;--awb-border-radius-bottom-right:0px;--awb-border-radius-bottom-left:0px;\" ><div class=\"fusion-builder-row fusion-row\"><div class=\"fusion-layout-column fusion_builder_column fusion-builder-column-0 fusion_builder_column_1_1 1_1 fusion-one-full fusion-column-first fusion-column-last\" style=\"--awb-bg-size:cover;\"><div class=\"fusion-column-wrapper fusion-flex-column-wrapper-legacy\"><div class=\"fusion-image-element in-legacy-container\" style=\"--awb-caption-title-font-family:var(--h2_typography-font-family);--awb-caption-title-font-weight:var(--h2_typography-font-weight);--awb-caption-title-font-style:var(--h2_typography-font-style);--awb-caption-title-size:var(--h2_typography-font-size);--awb-caption-title-transform:var(--h2_typography-text-transform);--awb-caption-title-line-height:var(--h2_typography-line-height);--awb-caption-title-letter-spacing:var(--h2_typography-letter-spacing);\"><span class=\" fusion-imageframe imageframe-none imageframe-1 hover-type-none\" class=\"image-magnify\" class=\"image-scroll\"><img decoding=\"async\" width=\"2300\" height=\"700\" title=\"Vianesse_KosmetikHeader_HydroRepairMask_Girl\" src=\"https:\/\/vianesse.com\/wp-content\/uploads\/2017\/10\/Vianesse_KosmetikHeader_HydroRepairMask_Girl.jpg\" alt class=\"img-responsive wp-image-5558\" srcset=\"https:\/\/vianesse.com\/wp-content\/uploads\/2017\/10\/Vianesse_KosmetikHeader_HydroRepairMask_Girl-200x61.jpg 200w, https:\/\/vianesse.com\/wp-content\/uploads\/2017\/10\/Vianesse_KosmetikHeader_HydroRepairMask_Girl-400x122.jpg 400w, https:\/\/vianesse.com\/wp-content\/uploads\/2017\/10\/Vianesse_KosmetikHeader_HydroRepairMask_Girl-600x183.jpg 600w, https:\/\/vianesse.com\/wp-content\/uploads\/2017\/10\/Vianesse_KosmetikHeader_HydroRepairMask_Girl-800x243.jpg 800w, https:\/\/vianesse.com\/wp-content\/uploads\/2017\/10\/Vianesse_KosmetikHeader_HydroRepairMask_Girl-1200x365.jpg 1200w, https:\/\/vianesse.com\/wp-content\/uploads\/2017\/10\/Vianesse_KosmetikHeader_HydroRepairMask_Girl.jpg 2300w\" sizes=\"(max-width: 800px) 100vw, 1200px\" \/><\/span><\/div><div class=\"fusion-clearfix\"><\/div><\/div><\/div><\/div><\/div><div class=\"fusion-fullwidth fullwidth-box fusion-builder-row-2 nonhundred-percent-fullwidth non-hundred-percent-height-scrolling\" style=\"--awb-border-radius-top-left:0px;--awb-border-radius-top-right:0px;--awb-border-radius-bottom-right:0px;--awb-border-radius-bottom-left:0px;\" ><div class=\"fusion-builder-row fusion-row\"><div class=\"fusion-layout-column fusion_builder_column fusion-builder-column-1 fusion_builder_column_1_1 1_1 fusion-one-full fusion-column-first fusion-column-last\" style=\"--awb-bg-size:cover;\"><div class=\"fusion-column-wrapper fusion-flex-column-wrapper-legacy\"><div class=\"fusion-sep-clear\"><\/div><div class=\"fusion-separator fusion-full-width-sep\" style=\"margin-left: auto;margin-right: auto;margin-top:8px;margin-bottom:8px;width:100%;\"><\/div><div class=\"fusion-sep-clear\"><\/div><div class=\"fusion-clearfix\"><\/div><\/div><\/div><\/div><\/div><div class=\"fusion-fullwidth fullwidth-box fusion-builder-row-3 nonhundred-percent-fullwidth non-hundred-percent-height-scrolling\" style=\"--awb-background-position:left top;--awb-border-sizes-top:0px;--awb-border-sizes-bottom:0px;--awb-border-sizes-left:0px;--awb-border-sizes-right:0px;--awb-border-radius-top-left:0px;--awb-border-radius-top-right:0px;--awb-border-radius-bottom-right:0px;--awb-border-radius-bottom-left:0px;--awb-padding-top:0px;--awb-padding-bottom:0px;\" ><div class=\"fusion-builder-row fusion-row\"><div class=\"fusion-layout-column fusion_builder_column fusion-builder-column-2 fusion_builder_column_4_5 4_5 fusion-four-fifth fusion-column-first\" style=\"--awb-bg-position:right bottom;--awb-bg-size:cover;width:79.2%; margin-right: 4%;\"><div class=\"fusion-column-wrapper fusion-flex-column-wrapper-legacy\"><div class=\"fusion-text fusion-text-1\"><p style=\"letter-spacing: 4px; font-size: 13px; margin-bottom: 0px;\">NIWELUJE OZNAKI STRESU I ZM\u0118CZENIA<\/p>\n<h1>HYDRO REPAIR MASK<\/h1>\n<\/div><div class=\"fusion-sep-clear\"><\/div><div class=\"fusion-separator fusion-clearfix\" style=\"float:left;margin-top:0px;margin-bottom:20px;width:100%;max-width:50px;\"><div class=\"fusion-separator-border sep-single sep-solid\" style=\"--awb-height:20px;--awb-amount:20px;--awb-sep-color:#cbaa5c;border-color:#cbaa5c;border-top-width:1px;\"><\/div><\/div><div class=\"fusion-sep-clear\"><\/div><div class=\"fusion-text fusion-text-2\"><p>Delikatna maska regeneruj\u0105co-nawil\u017caj\u0105ca na noc z zamkni\u0119tym w liposomach kompleksem nawil\u017caj\u0105cym Omega Plankton. Wywiera korzystny wp\u0142yw na sk\u00f3r\u0119 z niedoborem minera\u0142\u00f3w i witamin, w 20 minut niweluje oznaki stresu i zm\u0119czenia. Mas\u0142o z pestek mango i olej z bawe\u0142ny sprawiaj\u0105, \u017ce sk\u00f3ra staje si\u0119 mi\u0119kka, od\u017cywiona i bardziej g\u0142adka.<\/p>\n<p><strong>Spos\u00f3b u\u017cycia:\u00a0Stosowa\u0107 1 do 3 razy w tygodniu. <\/strong>Po dok\u0142adnym oczyszczeniu cery witalizuj\u0105cym \u017celem do mycia nale\u017cy na\u0142o\u017cy\u0107 cienk\u0105 warstw\u0119 maski na twarz, szyj\u0119 oraz dekolt i pozostawi\u0107 na oko\u0142o 20 minut a\u017c maska si\u0119 ca\u0142kowicie wch\u0142onie.<\/p>\n<p><strong>Uwaga:\u00a0<\/strong>Maska regeneruj\u0105co-nawil\u017caj\u0105ca na noc nie wymaga sp\u0142ukiwania wod\u0105.<\/p>\n<p><strong>Sk\u0142adniki i ich w\u0142a\u015bciwo\u015bci zgodnie z literatur\u0105: <\/strong><strong>mas\u0142o z pestek mango, olej z bawe\u0142ny:\u00a0<\/strong>nadaj\u0105 sk\u00f3rze aksamitny i delikatny wygl\u0105d.<\/p>\n<p><strong>Omega Plankton:\u00a0<\/strong>wielokrotnie nienasycone kwasy t\u0142uszczowe z alg, pochodzenia morskiego wp\u0142ywaj\u0105 na pi\u0119kny wygl\u0105d sk\u00f3ry. Zawarte w liposomach, kwasy te dzia\u0142aj\u0105 wielokierunkowo na fizjologiczne procesy sk\u00f3ry i wspieraj\u0105 jej warstw\u0119 ochronn\u0105. Dojrza\u0142a sk\u00f3ra zachowuje naturalny w\u0142a\u015bciwy poziom nawil\u017cenia i jest chroniona przed wysuszeniem.<\/p>\n<p><strong>Aminokwasy:\u00a0<\/strong>Dzi\u0119ki liposomom aminokwasy przenikaj\u0105 do sk\u00f3ry oraz pobudzaj\u0105 syntez\u0119 kolagenu i elastyny. Zm\u0119czona sk\u00f3ra staj\u0119 si\u0119 spr\u0119\u017cysta i elastyczna, a drobne zmarszczki mimiczne ulegaj\u0105 redukcji.<\/p>\n<\/div><div class=\"fusion-clearfix\"><\/div><\/div><\/div><div class=\"fusion-layout-column fusion_builder_column fusion-builder-column-3 fusion_builder_column_1_5 1_5 fusion-one-fifth fusion-column-last\" style=\"--awb-bg-size:cover;width:16.8%;\"><div class=\"fusion-column-wrapper fusion-flex-column-wrapper-legacy\"><div class=\"fusion-column-content-centered\"><div class=\"fusion-column-content\"><div class=\"fusion-image-element in-legacy-container\" style=\"--awb-caption-title-font-family:var(--h2_typography-font-family);--awb-caption-title-font-weight:var(--h2_typography-font-weight);--awb-caption-title-font-style:var(--h2_typography-font-style);--awb-caption-title-size:var(--h2_typography-font-size);--awb-caption-title-transform:var(--h2_typography-text-transform);--awb-caption-title-line-height:var(--h2_typography-line-height);--awb-caption-title-letter-spacing:var(--h2_typography-letter-spacing);\"><span class=\" fusion-imageframe imageframe-none imageframe-2 hover-type-zoomin\" class=\"image-magnify\" class=\"image-scroll\"><img decoding=\"async\" width=\"429\" height=\"1141\" title=\"hydro repair\" src=\"https:\/\/vianesse.com\/wp-content\/uploads\/2025\/12\/hydro-repair.png\" alt class=\"img-responsive wp-image-18791\" srcset=\"https:\/\/vianesse.com\/wp-content\/uploads\/2025\/12\/hydro-repair-200x532.png 200w, https:\/\/vianesse.com\/wp-content\/uploads\/2025\/12\/hydro-repair-400x1064.png 400w, https:\/\/vianesse.com\/wp-content\/uploads\/2025\/12\/hydro-repair.png 429w\" sizes=\"(max-width: 800px) 100vw, 400px\" \/><\/span><\/div><\/div><\/div><div class=\"fusion-clearfix\"><\/div><\/div><\/div><div class=\"fusion-layout-column fusion_builder_column fusion-builder-column-4 fusion_builder_column_1_1 1_1 fusion-one-full fusion-column-first fusion-column-last fusion-column-no-min-height\" style=\"--awb-bg-size:cover;--awb-margin-bottom:0px;\"><div class=\"fusion-column-wrapper fusion-flex-column-wrapper-legacy\"><div class=\"fusion-clearfix\"><\/div><\/div><\/div><\/div><\/div><div class=\"fusion-fullwidth fullwidth-box fusion-builder-row-4 nonhundred-percent-fullwidth non-hundred-percent-height-scrolling\" style=\"--awb-background-position:left top;--awb-border-sizes-top:0px;--awb-border-sizes-bottom:0px;--awb-border-sizes-left:0px;--awb-border-sizes-right:0px;--awb-border-radius-top-left:0px;--awb-border-radius-top-right:0px;--awb-border-radius-bottom-right:0px;--awb-border-radius-bottom-left:0px;--awb-padding-top:30px;--awb-padding-bottom:10px;\" ><div class=\"fusion-builder-row fusion-row\"><div class=\"fusion-layout-column fusion_builder_column fusion-builder-column-5 fusion_builder_column_1_1 1_1 fusion-one-full fusion-column-first fusion-column-last fusion-column-no-min-height\" style=\"--awb-bg-size:cover;--awb-margin-bottom:0px;\"><div class=\"fusion-column-wrapper fusion-flex-column-wrapper-legacy\"><style type='text\/css'>.reading-box-container-1 .element-bottomshadow:before,.reading-box-container-1 .element-bottomshadow:after{opacity:0.5;}<\/style><div class=\"fusion-reading-box-container reading-box-container-1\" style=\"--awb-title-color:#171717;--awb-margin-top:0px;--awb-margin-bottom:84px;\"><div class=\"reading-box reading-box-center\" style=\"background-color:#ffffff;border-width:1px;border-color:#ebeef1;border-top-width:3px;border-top-color:var(--primary_color);border-style:solid;\"><h2>Zosta\u0144 teraz <strong>Klientem VIP-VIANESSE\u00ae<\/strong> !<\/h2><div class=\"reading-box-description fusion-reading-box-additional\">VIANESSE \u2013 Jako\u015b\u0107, skuteczno\u015b\u0107 i bezpiecze\u0144stwo<\/div><div class=\"fusion-clearfix\"><\/div><a class=\"button fusion-button button-default fusion-button-large button-large button-flat fusion-mobile-button continue-center\" style=\"-webkit-box-shadow:none;-moz-box-shadow:none;box-shadow:none;border-radius:2px 2px 2px 2px\" href=\"\/pl\/#karriere\" target=\"_self\"><span>WYSTARTUJ TERAZ<\/span><\/a><\/div><\/div><div class=\"fusion-clearfix\"><\/div><\/div><\/div><\/div><\/div>\n<\/p>\n","protected":false},"excerpt":{"rendered":"","protected":false},"author":5,"featured_media":0,"parent":0,"menu_order":0,"comment_status":"closed","ping_status":"closed","template":"100-width.php","meta":[],"yoast_head":"<!-- This site is optimized with the Yoast SEO plugin v15.4 - https:\/\/yoast.com\/wordpress\/plugins\/seo\/ -->\n<title>KOSMETYKI HYDRO REPAIR MASK - VIANESSE<\/title>\n<meta name=\"robots\" content=\"index, follow, max-snippet:-1, max-image-preview:large, max-video-preview:-1\" \/>\n<link rel=\"canonical\" href=\"https:\/\/vianesse.com\/pl\/kosmetyki-hydro-repair-mask\" \/>\n<meta property=\"og:locale\" content=\"pl_PL\" \/>\n<meta property=\"og:type\" content=\"article\" \/>\n<meta property=\"og:title\" content=\"KOSMETYKI HYDRO REPAIR MASK - VIANESSE\" \/>\n<meta property=\"og:url\" content=\"https:\/\/vianesse.com\/pl\/kosmetyki-hydro-repair-mask\" \/>\n<meta property=\"og:site_name\" content=\"VIANESSE\" \/>\n<meta property=\"article:publisher\" content=\"https:\/\/www.facebook.com\/Vianesse-144275839580764\/\" \/>\n<meta property=\"article:modified_time\" content=\"2025-12-16T15:43:52+00:00\" \/>\n<meta name=\"twitter:card\" content=\"summary_large_image\" \/>\n<meta name=\"twitter:label1\" content=\"Written by\">\n\t<meta name=\"twitter:data1\" content=\"s h\">\n\t<meta name=\"twitter:label2\" content=\"Est. reading time\">\n\t<meta name=\"twitter:data2\" content=\"5 minut\">\n<script type=\"application\/ld+json\" class=\"yoast-schema-graph\">{\"@context\":\"https:\/\/schema.org\",\"@graph\":[{\"@type\":\"Organization\",\"@id\":\"https:\/\/vianesse.com\/pl\/#organization\",\"name\":\"VIANESSE\",\"url\":\"https:\/\/vianesse.com\/pl\/\",\"sameAs\":[\"https:\/\/www.facebook.com\/Vianesse-144275839580764\/\",\"https:\/\/www.youtube.com\/channel\/UCu4kWETEQ20Y-Wlcl77AWGQ\"],\"logo\":{\"@type\":\"ImageObject\",\"@id\":\"https:\/\/vianesse.com\/pl\/#logo\",\"inLanguage\":\"pl-PL\",\"url\":\"https:\/\/vianesse.com\/wp-content\/uploads\/2018\/02\/vianesse_blau_350.png\",\"width\":\"351\",\"height\":\"144\",\"caption\":\"VIANESSE\"},\"image\":{\"@id\":\"https:\/\/vianesse.com\/pl\/#logo\"}},{\"@type\":\"WebSite\",\"@id\":\"https:\/\/vianesse.com\/pl\/#website\",\"url\":\"https:\/\/vianesse.com\/pl\/\",\"name\":\"VIANESSE\",\"description\":\"\",\"publisher\":{\"@id\":\"https:\/\/vianesse.com\/pl\/#organization\"},\"potentialAction\":[{\"@type\":\"SearchAction\",\"target\":\"https:\/\/vianesse.com\/pl\/?s={search_term_string}\",\"query-input\":\"required name=search_term_string\"}],\"inLanguage\":\"pl-PL\"},{\"@type\":\"WebPage\",\"@id\":\"https:\/\/vianesse.com\/pl\/kosmetyki-hydro-repair-mask#webpage\",\"url\":\"https:\/\/vianesse.com\/pl\/kosmetyki-hydro-repair-mask\",\"name\":\"KOSMETYKI HYDRO REPAIR MASK - VIANESSE\",\"isPartOf\":{\"@id\":\"https:\/\/vianesse.com\/pl\/#website\"},\"datePublished\":\"2018-01-30T11:06:07+00:00\",\"dateModified\":\"2025-12-16T15:43:52+00:00\",\"inLanguage\":\"pl-PL\",\"potentialAction\":[{\"@type\":\"ReadAction\",\"target\":[\"https:\/\/vianesse.com\/pl\/kosmetyki-hydro-repair-mask\"]}]}]}<\/script>\n<!-- \/ Yoast SEO plugin. -->","_links":{"self":[{"href":"https:\/\/vianesse.com\/pl\/wp-json\/wp\/v2\/pages\/3243"}],"collection":[{"href":"https:\/\/vianesse.com\/pl\/wp-json\/wp\/v2\/pages"}],"about":[{"href":"https:\/\/vianesse.com\/pl\/wp-json\/wp\/v2\/types\/page"}],"author":[{"embeddable":true,"href":"https:\/\/vianesse.com\/pl\/wp-json\/wp\/v2\/users\/5"}],"replies":[{"embeddable":true,"href":"https:\/\/vianesse.com\/pl\/wp-json\/wp\/v2\/comments?post=3243"}],"version-history":[{"count":5,"href":"https:\/\/vianesse.com\/pl\/wp-json\/wp\/v2\/pages\/3243\/revisions"}],"predecessor-version":[{"id":18861,"href":"https:\/\/vianesse.com\/pl\/wp-json\/wp\/v2\/pages\/3243\/revisions\/18861"}],"wp:attachment":[{"href":"https:\/\/vianesse.com\/pl\/wp-json\/wp\/v2\/media?parent=3243"}],"curies":[{"name":"wp","href":"https:\/\/api.w.org\/{rel}","templated":true}]}}