{"id":2850,"date":"2018-01-26T10:03:44","date_gmt":"2018-01-26T10:03:44","guid":{"rendered":"http:\/\/new.vianesse.com?page_id=2850"},"modified":"2025-12-16T15:56:04","modified_gmt":"2025-12-16T15:56:04","slug":"cosmetici-vitamin-body-lotion","status":"publish","type":"page","link":"https:\/\/vianesse.com\/it\/cosmetici-vitamin-body-lotion","title":{"rendered":"COSMETICI VITAMIN BODY LOTION"},"content":{"rendered":"<p><div class=\"fusion-fullwidth fullwidth-box fusion-builder-row-1 hundred-percent-fullwidth non-hundred-percent-height-scrolling\" style=\"--awb-border-radius-top-left:0px;--awb-border-radius-top-right:0px;--awb-border-radius-bottom-right:0px;--awb-border-radius-bottom-left:0px;\" ><div class=\"fusion-builder-row fusion-row\"><div class=\"fusion-layout-column fusion_builder_column fusion-builder-column-0 fusion_builder_column_1_1 1_1 fusion-one-full fusion-column-first fusion-column-last\" style=\"--awb-bg-size:cover;\"><div class=\"fusion-column-wrapper fusion-flex-column-wrapper-legacy\"><div class=\"fusion-image-element in-legacy-container\" style=\"--awb-caption-title-font-family:var(--h2_typography-font-family);--awb-caption-title-font-weight:var(--h2_typography-font-weight);--awb-caption-title-font-style:var(--h2_typography-font-style);--awb-caption-title-size:var(--h2_typography-font-size);--awb-caption-title-transform:var(--h2_typography-text-transform);--awb-caption-title-line-height:var(--h2_typography-line-height);--awb-caption-title-letter-spacing:var(--h2_typography-letter-spacing);\"><span class=\" fusion-imageframe imageframe-none imageframe-1 hover-type-none\" class=\"image-magnify\" class=\"image-scroll\"><img decoding=\"async\" width=\"2300\" height=\"700\" title=\"Vianesse_KosmetikHeader_VitaminBodyLotion\" src=\"https:\/\/vianesse.com\/wp-content\/uploads\/2017\/10\/Vianesse_KosmetikHeader_VitaminBodyLotion.jpg\" alt class=\"img-responsive wp-image-5247\" srcset=\"https:\/\/vianesse.com\/wp-content\/uploads\/2017\/10\/Vianesse_KosmetikHeader_VitaminBodyLotion-200x61.jpg 200w, https:\/\/vianesse.com\/wp-content\/uploads\/2017\/10\/Vianesse_KosmetikHeader_VitaminBodyLotion-400x122.jpg 400w, https:\/\/vianesse.com\/wp-content\/uploads\/2017\/10\/Vianesse_KosmetikHeader_VitaminBodyLotion-600x183.jpg 600w, https:\/\/vianesse.com\/wp-content\/uploads\/2017\/10\/Vianesse_KosmetikHeader_VitaminBodyLotion-800x243.jpg 800w, https:\/\/vianesse.com\/wp-content\/uploads\/2017\/10\/Vianesse_KosmetikHeader_VitaminBodyLotion-1200x365.jpg 1200w, https:\/\/vianesse.com\/wp-content\/uploads\/2017\/10\/Vianesse_KosmetikHeader_VitaminBodyLotion.jpg 2300w\" sizes=\"(max-width: 800px) 100vw, 2300px\" \/><\/span><\/div><div class=\"fusion-clearfix\"><\/div><\/div><\/div><\/div><\/div><div class=\"fusion-fullwidth fullwidth-box fusion-builder-row-2 nonhundred-percent-fullwidth non-hundred-percent-height-scrolling\" style=\"--awb-border-radius-top-left:0px;--awb-border-radius-top-right:0px;--awb-border-radius-bottom-right:0px;--awb-border-radius-bottom-left:0px;\" ><div class=\"fusion-builder-row fusion-row\"><div class=\"fusion-layout-column fusion_builder_column fusion-builder-column-1 fusion_builder_column_1_1 1_1 fusion-one-full fusion-column-first fusion-column-last\" style=\"--awb-bg-size:cover;\"><div class=\"fusion-column-wrapper fusion-flex-column-wrapper-legacy\"><div class=\"fusion-sep-clear\"><\/div><div class=\"fusion-separator fusion-full-width-sep\" style=\"margin-left: auto;margin-right: auto;margin-top:8px;margin-bottom:8px;width:100%;\"><\/div><div class=\"fusion-sep-clear\"><\/div><div class=\"fusion-clearfix\"><\/div><\/div><\/div><\/div><\/div><div class=\"fusion-fullwidth fullwidth-box fusion-builder-row-3 nonhundred-percent-fullwidth non-hundred-percent-height-scrolling\" style=\"--awb-background-position:left top;--awb-border-sizes-top:0px;--awb-border-sizes-bottom:0px;--awb-border-sizes-left:0px;--awb-border-sizes-right:0px;--awb-border-radius-top-left:0px;--awb-border-radius-top-right:0px;--awb-border-radius-bottom-right:0px;--awb-border-radius-bottom-left:0px;--awb-padding-top:0px;--awb-padding-bottom:0px;\" ><div class=\"fusion-builder-row fusion-row\"><div class=\"fusion-layout-column fusion_builder_column fusion-builder-column-2 fusion_builder_column_4_5 4_5 fusion-four-fifth fusion-column-first\" style=\"--awb-bg-position:right bottom;--awb-bg-size:cover;width:79.2%; margin-right: 4%;\"><div class=\"fusion-column-wrapper fusion-flex-column-wrapper-legacy\"><div class=\"fusion-text fusion-text-1\"><p style=\"letter-spacing: 4px; font-size: 13px; margin-bottom: 0px;\">PER UNA PELLE LEVIGATA E SETOSA<\/p>\n<h1>VITAMIN BODY LOTION<\/h1>\n<\/div><div class=\"fusion-sep-clear\"><\/div><div class=\"fusion-separator fusion-clearfix\" style=\"float:left;margin-top:0px;margin-bottom:20px;width:100%;max-width:50px;\"><div class=\"fusion-separator-border sep-single sep-solid\" style=\"--awb-height:20px;--awb-amount:20px;--awb-sep-color:#cbaa5c;border-color:#cbaa5c;border-top-width:1px;\"><\/div><\/div><div class=\"fusion-sep-clear\"><\/div><div class=\"fusion-text fusion-text-2\"><p><strong>Che cos&#8217;\u00e8 la cellulite?<\/strong><\/p>\n<p>La cellulite \u00e8 un problema estetico, ma riflette anche un cattivo stato fisico connesso all&#8217;alimentazione e alla digestione. La cellulite \u00e8 un deposito di tossine nel corpo e la sua formazione parte dall&#8217;intestino. La cellulite ha origine nell&#8217;intestino. Quando nell&#8217;intestino sono presenti funghi della candida, la metabolizzazione del cibo produce tossine. Dalla parete intestinale queste tossine penetrano nella circolazione sanguigna. Quanto le tossine sono in quantit\u00e0 limitata, il corpo \u00e8 in grado di metabolizzarle mediante l&#8217;esercizio fisico, ma quanto la loro quantit\u00e0 \u00e8 troppo elevata, il corpo le immagazzina, soprattutto a livello delle cosce. Per formare questi depositi, le tossine vengono dapprima neutralizzate con acqua e poi fissate al grasso in loco. In questo modo non risultano pi\u00f9 dannose per l&#8217;organismo.<\/p>\n<p>Le donne che soffrono di cellulite sono sempre pi\u00f9 giovani. Se una volta si trattava soprattutto di donne tra i 25 e i 35 anni, adesso il fenomeno riguarda anche le quindicenni. Ci sono persino bambine sotto gli 8 anni che hanno la cellulite. Che cosa \u00e8 cambiato negli ultimi 30 anni? Le abitudini alimentari sono notevolmente peggiorate. Quasi ogni giorno si consumano zuccheri, pane bianco, grassi, cibi pronti, alcol e farmaci. Ci\u00f2 crea il terreno fertile per la proliferazione dei funghi della candida, che trasformano queste sostanze in tossine. Per curare la cellulite bisogna comprenderne le cause. Non si presta sufficiente attenzione al fatto che la cellulite \u00e8 dovuta alle tossine prodotte dalla digestione. Non basta quindi trattare la cellulite con le creme tradizionali.<\/p>\n<p><strong>Perch\u00e9 il programma anti-cellulite di VIANESSE \u00e8 cos\u00ec efficace?<\/strong><\/p>\n<p>Spezza il legame tra acqua, grasso e tossine. Il sangue deve contemporaneamente essere in grado di assorbire ed eliminare le tossine. Ci\u00f2 \u00e8 possibile soltanto se l&#8217;intestino non produce ulteriori tossine. Le premesse per combattere efficacemente la cellulite sono dunque:<\/p>\n<p>1. la capacit\u00e0 della Body Lotion di spezzare il legame tossine-acqua-grasso<\/p>\n<p>2. un intestino sano (che non produce ulteriori tossine)! Tutto ci\u00f2 pu\u00f2 essere ottenuto con l&#8217;aiuto delle capsule probiotiche VIANESSE e di VIANESSE BODY SHAPE, uniti a un&#8217;alimentazione sana e all&#8217;assunzione di un quantit\u00e0 sufficiente di acqua.<\/p>\n<p>Il sangue elimina le tossine se si provvede a depurare l&#8217;intestino dall&#8217;interno e a rinforzare la muscolatura con l&#8217;assunzione delle capsule probiotiche VIANESSE e l&#8217;impiego di BODY SHAPE. In questo modo la pelle si tonifica esternamente.<\/p>\n<p>Suggerimenti per ottenere una pelle bella, liscia e compatta:<\/p>\n<p><strong>\u2022<\/strong> Spalmare quotidianamente, mattino e sera (al bisogno pi\u00f9 spesso), la Vitamin Body Lotion sulle zone interessate<\/p>\n<p><strong>\u2022<\/strong> Bere ogni giorno 2-3 litri d&#8217;acqua, evitare o limitare l&#8217;alcol; \u00e8 auspicabile l&#8217;attivit\u00e0 fisica<\/p>\n<p><strong>\u2022<\/strong> Assumere 6-8 capsule probiotiche al giorno<\/p>\n<p><strong>\u2022<\/strong> Assumere 2 x 2 cucchiai di BODY SHAPE al giorno<\/p>\n<p><strong>\u2022<\/strong> Seguire un&#8217;alimentazione povera di grassi e di zuccheri e ricca di fibre<\/p>\n<p>I risultati saranno visibili molto presto.<\/p>\n<\/div><div class=\"fusion-clearfix\"><\/div><\/div><\/div><div class=\"fusion-layout-column fusion_builder_column fusion-builder-column-3 fusion_builder_column_1_5 1_5 fusion-one-fifth fusion-column-last\" style=\"--awb-bg-size:cover;width:16.8%;\"><div class=\"fusion-column-wrapper fusion-flex-column-wrapper-legacy\"><div class=\"fusion-column-content-centered\"><div class=\"fusion-column-content\"><div class=\"fusion-image-element in-legacy-container\" style=\"--awb-caption-title-font-family:var(--h2_typography-font-family);--awb-caption-title-font-weight:var(--h2_typography-font-weight);--awb-caption-title-font-style:var(--h2_typography-font-style);--awb-caption-title-size:var(--h2_typography-font-size);--awb-caption-title-transform:var(--h2_typography-text-transform);--awb-caption-title-line-height:var(--h2_typography-line-height);--awb-caption-title-letter-spacing:var(--h2_typography-letter-spacing);\"><span class=\" fusion-imageframe imageframe-none imageframe-2 hover-type-zoomin\" class=\"image-magnify\" class=\"image-scroll\"><img decoding=\"async\" width=\"209\" height=\"500\" title=\"Vianesse_KosmetikProdukt_VitaminBodyLotion\" src=\"https:\/\/vianesse.com\/wp-content\/uploads\/2017\/10\/Vianesse_KosmetikProdukt_VitaminBodyLotion-1.jpg\" alt class=\"img-responsive wp-image-5727\" srcset=\"https:\/\/vianesse.com\/wp-content\/uploads\/2017\/10\/Vianesse_KosmetikProdukt_VitaminBodyLotion-1-200x478.jpg 200w, https:\/\/vianesse.com\/wp-content\/uploads\/2017\/10\/Vianesse_KosmetikProdukt_VitaminBodyLotion-1.jpg 209w\" sizes=\"(max-width: 800px) 100vw, 209px\" \/><\/span><\/div><\/div><\/div><div class=\"fusion-clearfix\"><\/div><\/div><\/div><div class=\"fusion-layout-column fusion_builder_column fusion-builder-column-4 fusion_builder_column_1_1 1_1 fusion-one-full fusion-column-first fusion-column-last fusion-column-no-min-height\" style=\"--awb-bg-size:cover;--awb-margin-bottom:0px;\"><div class=\"fusion-column-wrapper fusion-flex-column-wrapper-legacy\"><div class=\"fusion-clearfix\"><\/div><\/div><\/div><\/div><\/div><div class=\"fusion-fullwidth fullwidth-box fusion-builder-row-4 nonhundred-percent-fullwidth non-hundred-percent-height-scrolling\" style=\"--awb-background-position:left top;--awb-border-sizes-top:0px;--awb-border-sizes-bottom:0px;--awb-border-sizes-left:0px;--awb-border-sizes-right:0px;--awb-border-radius-top-left:0px;--awb-border-radius-top-right:0px;--awb-border-radius-bottom-right:0px;--awb-border-radius-bottom-left:0px;--awb-padding-top:30px;--awb-padding-bottom:10px;\" ><div class=\"fusion-builder-row fusion-row\"><div class=\"fusion-layout-column fusion_builder_column fusion-builder-column-5 fusion_builder_column_1_1 1_1 fusion-one-full fusion-column-first fusion-column-last fusion-column-no-min-height\" style=\"--awb-bg-size:cover;--awb-margin-bottom:0px;\"><div class=\"fusion-column-wrapper fusion-flex-column-wrapper-legacy\"><style type='text\/css'>.reading-box-container-1 .element-bottomshadow:before,.reading-box-container-1 .element-bottomshadow:after{opacity:0.5;}<\/style><div class=\"fusion-reading-box-container reading-box-container-1\" style=\"--awb-title-color:#171717;--awb-margin-top:0px;--awb-margin-bottom:84px;\"><div class=\"reading-box reading-box-center\" style=\"background-color:#ffffff;border-width:1px;border-color:#ebeef1;border-top-width:3px;border-top-color:var(--primary_color);border-style:solid;\"><h2>Diventa subito <strong>cliente VIP di VIANESSE\u00ae<\/strong> !<\/h2><div class=\"reading-box-description fusion-reading-box-additional\">VIANESSE \u2013 Qualit\u00e0, affidabilit\u00e0 e sicurezza<\/div><div class=\"fusion-clearfix\"><\/div><a class=\"button fusion-button button-default fusion-button-large button-large button-flat fusion-mobile-button continue-center\" style=\"-webkit-box-shadow:none;-moz-box-shadow:none;box-shadow:none;border-radius:2px 2px 2px 2px\" href=\"\/it\/#karriere\" target=\"_self\"><span>INIZIA SUBITO<\/span><\/a><\/div><\/div><div class=\"fusion-clearfix\"><\/div><\/div><\/div><\/div><\/div>\n<\/p>\n","protected":false},"excerpt":{"rendered":"","protected":false},"author":5,"featured_media":0,"parent":0,"menu_order":0,"comment_status":"closed","ping_status":"closed","template":"100-width.php","meta":[],"yoast_head":"<!-- This site is optimized with the Yoast SEO plugin v15.4 - https:\/\/yoast.com\/wordpress\/plugins\/seo\/ -->\n<title>COSMETICI VITAMIN BODY LOTION - VIANESSE<\/title>\n<meta name=\"robots\" content=\"index, follow, max-snippet:-1, max-image-preview:large, max-video-preview:-1\" \/>\n<link rel=\"canonical\" href=\"https:\/\/vianesse.com\/it\/cosmetici-vitamin-body-lotion\" \/>\n<meta property=\"og:locale\" content=\"it_IT\" \/>\n<meta property=\"og:type\" content=\"article\" \/>\n<meta property=\"og:title\" content=\"COSMETICI VITAMIN BODY LOTION - VIANESSE\" \/>\n<meta property=\"og:url\" content=\"https:\/\/vianesse.com\/it\/cosmetici-vitamin-body-lotion\" \/>\n<meta property=\"og:site_name\" content=\"VIANESSE\" \/>\n<meta property=\"article:publisher\" content=\"https:\/\/www.facebook.com\/Vianesse-144275839580764\/\" \/>\n<meta property=\"article:modified_time\" content=\"2025-12-16T15:56:04+00:00\" \/>\n<meta name=\"twitter:card\" content=\"summary_large_image\" \/>\n<meta name=\"twitter:label1\" content=\"Scritto da\">\n\t<meta name=\"twitter:data1\" content=\"s h\">\n\t<meta name=\"twitter:label2\" content=\"Tempo di lettura stimato\">\n\t<meta name=\"twitter:data2\" content=\"5 minuti\">\n<script type=\"application\/ld+json\" class=\"yoast-schema-graph\">{\"@context\":\"https:\/\/schema.org\",\"@graph\":[{\"@type\":\"Organization\",\"@id\":\"https:\/\/vianesse.com\/it\/#organization\",\"name\":\"VIANESSE\",\"url\":\"https:\/\/vianesse.com\/it\/\",\"sameAs\":[\"https:\/\/www.facebook.com\/Vianesse-144275839580764\/\",\"https:\/\/www.youtube.com\/channel\/UCu4kWETEQ20Y-Wlcl77AWGQ\"],\"logo\":{\"@type\":\"ImageObject\",\"@id\":\"https:\/\/vianesse.com\/it\/#logo\",\"inLanguage\":\"it-IT\",\"url\":\"https:\/\/vianesse.com\/wp-content\/uploads\/2018\/02\/vianesse_blau_350.png\",\"width\":\"351\",\"height\":\"144\",\"caption\":\"VIANESSE\"},\"image\":{\"@id\":\"https:\/\/vianesse.com\/it\/#logo\"}},{\"@type\":\"WebSite\",\"@id\":\"https:\/\/vianesse.com\/it\/#website\",\"url\":\"https:\/\/vianesse.com\/it\/\",\"name\":\"VIANESSE\",\"description\":\"\",\"publisher\":{\"@id\":\"https:\/\/vianesse.com\/it\/#organization\"},\"potentialAction\":[{\"@type\":\"SearchAction\",\"target\":\"https:\/\/vianesse.com\/it\/?s={search_term_string}\",\"query-input\":\"required name=search_term_string\"}],\"inLanguage\":\"it-IT\"},{\"@type\":\"WebPage\",\"@id\":\"https:\/\/vianesse.com\/it\/cosmetici-vitamin-body-lotion#webpage\",\"url\":\"https:\/\/vianesse.com\/it\/cosmetici-vitamin-body-lotion\",\"name\":\"COSMETICI VITAMIN BODY LOTION - VIANESSE\",\"isPartOf\":{\"@id\":\"https:\/\/vianesse.com\/it\/#website\"},\"datePublished\":\"2018-01-26T10:03:44+00:00\",\"dateModified\":\"2025-12-16T15:56:04+00:00\",\"inLanguage\":\"it-IT\",\"potentialAction\":[{\"@type\":\"ReadAction\",\"target\":[\"https:\/\/vianesse.com\/it\/cosmetici-vitamin-body-lotion\"]}]}]}<\/script>\n<!-- \/ Yoast SEO plugin. -->","_links":{"self":[{"href":"https:\/\/vianesse.com\/it\/wp-json\/wp\/v2\/pages\/2850"}],"collection":[{"href":"https:\/\/vianesse.com\/it\/wp-json\/wp\/v2\/pages"}],"about":[{"href":"https:\/\/vianesse.com\/it\/wp-json\/wp\/v2\/types\/page"}],"author":[{"embeddable":true,"href":"https:\/\/vianesse.com\/it\/wp-json\/wp\/v2\/users\/5"}],"replies":[{"embeddable":true,"href":"https:\/\/vianesse.com\/it\/wp-json\/wp\/v2\/comments?post=2850"}],"version-history":[{"count":6,"href":"https:\/\/vianesse.com\/it\/wp-json\/wp\/v2\/pages\/2850\/revisions"}],"predecessor-version":[{"id":18898,"href":"https:\/\/vianesse.com\/it\/wp-json\/wp\/v2\/pages\/2850\/revisions\/18898"}],"wp:attachment":[{"href":"https:\/\/vianesse.com\/it\/wp-json\/wp\/v2\/media?parent=2850"}],"curies":[{"name":"wp","href":"https:\/\/api.w.org\/{rel}","templated":true}]}}