{"id":2846,"date":"2018-01-26T09:57:18","date_gmt":"2018-01-26T09:57:18","guid":{"rendered":"http:\/\/new.vianesse.com?page_id=2846"},"modified":"2025-12-16T15:51:47","modified_gmt":"2025-12-16T15:51:47","slug":"cosmetici-vitalizing-wash-gel","status":"publish","type":"page","link":"https:\/\/vianesse.com\/it\/cosmetici-vitalizing-wash-gel","title":{"rendered":"COSMETICI VITALIZING WASH GEL"},"content":{"rendered":"<p><div class=\"fusion-fullwidth fullwidth-box fusion-builder-row-1 hundred-percent-fullwidth non-hundred-percent-height-scrolling\" style=\"--awb-border-radius-top-left:0px;--awb-border-radius-top-right:0px;--awb-border-radius-bottom-right:0px;--awb-border-radius-bottom-left:0px;\" ><div class=\"fusion-builder-row fusion-row\"><div class=\"fusion-layout-column fusion_builder_column fusion-builder-column-0 fusion_builder_column_1_1 1_1 fusion-one-full fusion-column-first fusion-column-last\" style=\"--awb-bg-size:cover;\"><div class=\"fusion-column-wrapper fusion-flex-column-wrapper-legacy\"><div class=\"fusion-image-element in-legacy-container\" style=\"--awb-caption-title-font-family:var(--h2_typography-font-family);--awb-caption-title-font-weight:var(--h2_typography-font-weight);--awb-caption-title-font-style:var(--h2_typography-font-style);--awb-caption-title-size:var(--h2_typography-font-size);--awb-caption-title-transform:var(--h2_typography-text-transform);--awb-caption-title-line-height:var(--h2_typography-line-height);--awb-caption-title-letter-spacing:var(--h2_typography-letter-spacing);\"><span class=\" fusion-imageframe imageframe-none imageframe-1 hover-type-none\" class=\"image-magnify\" class=\"image-scroll\"><img decoding=\"async\" width=\"2300\" height=\"700\" title=\"Vianesse_ProduktHeader_WashGel\" src=\"https:\/\/vianesse.com\/wp-content\/uploads\/2017\/11\/Vianesse_ProduktHeader_WashGel.jpg\" alt class=\"img-responsive wp-image-6127\" srcset=\"https:\/\/vianesse.com\/wp-content\/uploads\/2017\/11\/Vianesse_ProduktHeader_WashGel-200x61.jpg 200w, https:\/\/vianesse.com\/wp-content\/uploads\/2017\/11\/Vianesse_ProduktHeader_WashGel-400x122.jpg 400w, https:\/\/vianesse.com\/wp-content\/uploads\/2017\/11\/Vianesse_ProduktHeader_WashGel-600x183.jpg 600w, https:\/\/vianesse.com\/wp-content\/uploads\/2017\/11\/Vianesse_ProduktHeader_WashGel-800x243.jpg 800w, https:\/\/vianesse.com\/wp-content\/uploads\/2017\/11\/Vianesse_ProduktHeader_WashGel-1200x365.jpg 1200w, https:\/\/vianesse.com\/wp-content\/uploads\/2017\/11\/Vianesse_ProduktHeader_WashGel.jpg 2300w\" sizes=\"(max-width: 800px) 100vw, 2300px\" \/><\/span><\/div><div class=\"fusion-clearfix\"><\/div><\/div><\/div><\/div><\/div><div class=\"fusion-fullwidth fullwidth-box fusion-builder-row-2 nonhundred-percent-fullwidth non-hundred-percent-height-scrolling\" style=\"--awb-border-radius-top-left:0px;--awb-border-radius-top-right:0px;--awb-border-radius-bottom-right:0px;--awb-border-radius-bottom-left:0px;\" ><div class=\"fusion-builder-row fusion-row\"><div class=\"fusion-layout-column fusion_builder_column fusion-builder-column-1 fusion_builder_column_1_1 1_1 fusion-one-full fusion-column-first fusion-column-last\" style=\"--awb-bg-size:cover;\"><div class=\"fusion-column-wrapper fusion-flex-column-wrapper-legacy\"><div class=\"fusion-sep-clear\"><\/div><div class=\"fusion-separator fusion-full-width-sep\" style=\"margin-left: auto;margin-right: auto;margin-top:8px;margin-bottom:8px;width:100%;\"><\/div><div class=\"fusion-sep-clear\"><\/div><div class=\"fusion-clearfix\"><\/div><\/div><\/div><\/div><\/div><div class=\"fusion-fullwidth fullwidth-box fusion-builder-row-3 nonhundred-percent-fullwidth non-hundred-percent-height-scrolling\" style=\"--awb-background-position:left top;--awb-border-sizes-top:0px;--awb-border-sizes-bottom:0px;--awb-border-sizes-left:0px;--awb-border-sizes-right:0px;--awb-border-radius-top-left:0px;--awb-border-radius-top-right:0px;--awb-border-radius-bottom-right:0px;--awb-border-radius-bottom-left:0px;--awb-padding-top:0px;--awb-padding-bottom:0px;\" ><div class=\"fusion-builder-row fusion-row\"><div class=\"fusion-layout-column fusion_builder_column fusion-builder-column-2 fusion_builder_column_4_5 4_5 fusion-four-fifth fusion-column-first\" style=\"--awb-bg-position:right bottom;--awb-bg-size:cover;width:79.2%; margin-right: 4%;\"><div class=\"fusion-column-wrapper fusion-flex-column-wrapper-legacy\"><div class=\"fusion-text fusion-text-1\"><p style=\"letter-spacing: 4px; font-size: 13px; margin-bottom: 0px;\">PER RIVITALIZZARE E RIGENERARE LA PELLE<\/p>\n<h1>VITALIZING WASH GEL<\/h1>\n<\/div><div class=\"fusion-sep-clear\"><\/div><div class=\"fusion-separator fusion-clearfix\" style=\"float:left;margin-top:0px;margin-bottom:20px;width:100%;max-width:50px;\"><div class=\"fusion-separator-border sep-single sep-solid\" style=\"--awb-height:20px;--awb-amount:20px;--awb-sep-color:#cbaa5c;border-color:#cbaa5c;border-top-width:1px;\"><\/div><\/div><div class=\"fusion-sep-clear\"><\/div><div class=\"fusion-text fusion-text-2\"><p>Il gel detergente vitalizzante di VIANESSE per uomo e donna rimuove delicatamente e a fondo il trucco e le impurit\u00e0 della pelle. Le sostanze attive idratanti, a base di aloe vera, proteine della seta, olio di avocado e olio di calendula, esercitano sulla pelle un effetto curativo durante la pulizia. Il gel lascia una piacevole sensazione di morbidezza. La crema applicata successivamente pu\u00f2 cos\u00ec esplicare al meglio la propria azione, e la pelle si rigenera e riacquista la perduta vitalit\u00e0.<\/p>\n<p><strong>Modo d&#8217;impiego:<\/strong> mattino e sera, far schiumare tra le mani con un po&#8217; d&#8217;acqua e applicare su viso, collo e decollet\u00e9 inumiditi. Massaggiare delicatamente e risciacquare abbondantemente con acqua.<\/p>\n<p><strong>Principi attivi \u2013 Propriet\u00e0 scientificamente riconosciute: olio di avocado, olio di calendula, proteine della seta, aloe vera<\/strong><\/p>\n<p><strong>Aloe Vera:<\/strong> questa pianta contiene un gran numero di vitamine, aminoacidi, minerali, oligoelementi, polisaccaridi ed enzimi. Durante la pulizia tali sostanze esercitano un&#8217;azione lenitiva e rigenerante sulla pelle strapazzata.<\/p>\n<\/div><div class=\"fusion-clearfix\"><\/div><\/div><\/div><div class=\"fusion-layout-column fusion_builder_column fusion-builder-column-3 fusion_builder_column_1_5 1_5 fusion-one-fifth fusion-column-last\" style=\"--awb-bg-size:cover;width:16.8%;\"><div class=\"fusion-column-wrapper fusion-flex-column-wrapper-legacy\"><div class=\"fusion-column-content-centered\"><div class=\"fusion-column-content\"><div class=\"fusion-image-element in-legacy-container\" style=\"--awb-caption-title-font-family:var(--h2_typography-font-family);--awb-caption-title-font-weight:var(--h2_typography-font-weight);--awb-caption-title-font-style:var(--h2_typography-font-style);--awb-caption-title-size:var(--h2_typography-font-size);--awb-caption-title-transform:var(--h2_typography-text-transform);--awb-caption-title-line-height:var(--h2_typography-line-height);--awb-caption-title-letter-spacing:var(--h2_typography-letter-spacing);\"><span class=\" fusion-imageframe imageframe-none imageframe-2 hover-type-zoomin\" class=\"image-magnify\" class=\"image-scroll\"><img decoding=\"async\" width=\"404\" height=\"1691\" title=\"vitalizing-wash-gel\" src=\"https:\/\/vianesse.com\/wp-content\/uploads\/2025\/12\/vitalizing-wash-gel.png\" alt class=\"img-responsive wp-image-18816\" srcset=\"https:\/\/vianesse.com\/wp-content\/uploads\/2025\/12\/vitalizing-wash-gel-200x837.png 200w, https:\/\/vianesse.com\/wp-content\/uploads\/2025\/12\/vitalizing-wash-gel-400x1674.png 400w, https:\/\/vianesse.com\/wp-content\/uploads\/2025\/12\/vitalizing-wash-gel.png 404w\" sizes=\"(max-width: 800px) 100vw, 400px\" \/><\/span><\/div><\/div><\/div><div class=\"fusion-clearfix\"><\/div><\/div><\/div><div class=\"fusion-layout-column fusion_builder_column fusion-builder-column-4 fusion_builder_column_1_1 1_1 fusion-one-full fusion-column-first fusion-column-last fusion-column-no-min-height\" style=\"--awb-bg-size:cover;--awb-margin-bottom:0px;\"><div class=\"fusion-column-wrapper fusion-flex-column-wrapper-legacy\"><div class=\"fusion-clearfix\"><\/div><\/div><\/div><\/div><\/div><div class=\"fusion-fullwidth fullwidth-box fusion-builder-row-4 nonhundred-percent-fullwidth non-hundred-percent-height-scrolling\" style=\"--awb-background-position:left top;--awb-border-sizes-top:0px;--awb-border-sizes-bottom:0px;--awb-border-sizes-left:0px;--awb-border-sizes-right:0px;--awb-border-radius-top-left:0px;--awb-border-radius-top-right:0px;--awb-border-radius-bottom-right:0px;--awb-border-radius-bottom-left:0px;--awb-padding-top:30px;--awb-padding-bottom:10px;\" ><div class=\"fusion-builder-row fusion-row\"><div class=\"fusion-layout-column fusion_builder_column fusion-builder-column-5 fusion_builder_column_1_1 1_1 fusion-one-full fusion-column-first fusion-column-last fusion-column-no-min-height\" style=\"--awb-bg-size:cover;--awb-margin-bottom:0px;\"><div class=\"fusion-column-wrapper fusion-flex-column-wrapper-legacy\"><style type='text\/css'>.reading-box-container-1 .element-bottomshadow:before,.reading-box-container-1 .element-bottomshadow:after{opacity:0.5;}<\/style><div class=\"fusion-reading-box-container reading-box-container-1\" style=\"--awb-title-color:#171717;--awb-margin-top:0px;--awb-margin-bottom:84px;\"><div class=\"reading-box reading-box-center\" style=\"background-color:#ffffff;border-width:1px;border-color:#ebeef1;border-top-width:3px;border-top-color:var(--primary_color);border-style:solid;\"><h2>Diventa subito <strong>cliente VIP di VIANESSE\u00ae<\/strong> !<\/h2><div class=\"reading-box-description fusion-reading-box-additional\">VIANESSE \u2013 Qualit\u00e0, affidabilit\u00e0 e sicurezza<\/div><div class=\"fusion-clearfix\"><\/div><a class=\"button fusion-button button-default fusion-button-large button-large button-flat fusion-mobile-button continue-center\" style=\"-webkit-box-shadow:none;-moz-box-shadow:none;box-shadow:none;border-radius:2px 2px 2px 2px\" href=\"\/it\/#karriere\" target=\"_self\"><span>INIZIA SUBITO<\/span><\/a><\/div><\/div><div class=\"fusion-clearfix\"><\/div><\/div><\/div><\/div><\/div>\n<\/p>\n","protected":false},"excerpt":{"rendered":"","protected":false},"author":5,"featured_media":0,"parent":0,"menu_order":0,"comment_status":"closed","ping_status":"closed","template":"100-width.php","meta":[],"yoast_head":"<!-- This site is optimized with the Yoast SEO plugin v15.4 - https:\/\/yoast.com\/wordpress\/plugins\/seo\/ -->\n<title>COSMETICI VITALIZING WASH GEL - VIANESSE<\/title>\n<meta name=\"robots\" content=\"index, follow, max-snippet:-1, max-image-preview:large, max-video-preview:-1\" \/>\n<link rel=\"canonical\" href=\"https:\/\/vianesse.com\/it\/cosmetici-vitalizing-wash-gel\" \/>\n<meta property=\"og:locale\" content=\"it_IT\" \/>\n<meta property=\"og:type\" content=\"article\" \/>\n<meta property=\"og:title\" content=\"COSMETICI VITALIZING WASH GEL - VIANESSE\" \/>\n<meta property=\"og:url\" content=\"https:\/\/vianesse.com\/it\/cosmetici-vitalizing-wash-gel\" \/>\n<meta property=\"og:site_name\" content=\"VIANESSE\" \/>\n<meta property=\"article:publisher\" content=\"https:\/\/www.facebook.com\/Vianesse-144275839580764\/\" \/>\n<meta property=\"article:modified_time\" content=\"2025-12-16T15:51:47+00:00\" \/>\n<meta name=\"twitter:card\" content=\"summary_large_image\" \/>\n<meta name=\"twitter:label1\" content=\"Scritto da\">\n\t<meta name=\"twitter:data1\" content=\"s h\">\n\t<meta name=\"twitter:label2\" content=\"Tempo di lettura stimato\">\n\t<meta name=\"twitter:data2\" content=\"5 minuti\">\n<script type=\"application\/ld+json\" class=\"yoast-schema-graph\">{\"@context\":\"https:\/\/schema.org\",\"@graph\":[{\"@type\":\"Organization\",\"@id\":\"https:\/\/vianesse.com\/it\/#organization\",\"name\":\"VIANESSE\",\"url\":\"https:\/\/vianesse.com\/it\/\",\"sameAs\":[\"https:\/\/www.facebook.com\/Vianesse-144275839580764\/\",\"https:\/\/www.youtube.com\/channel\/UCu4kWETEQ20Y-Wlcl77AWGQ\"],\"logo\":{\"@type\":\"ImageObject\",\"@id\":\"https:\/\/vianesse.com\/it\/#logo\",\"inLanguage\":\"it-IT\",\"url\":\"https:\/\/vianesse.com\/wp-content\/uploads\/2018\/02\/vianesse_blau_350.png\",\"width\":\"351\",\"height\":\"144\",\"caption\":\"VIANESSE\"},\"image\":{\"@id\":\"https:\/\/vianesse.com\/it\/#logo\"}},{\"@type\":\"WebSite\",\"@id\":\"https:\/\/vianesse.com\/it\/#website\",\"url\":\"https:\/\/vianesse.com\/it\/\",\"name\":\"VIANESSE\",\"description\":\"\",\"publisher\":{\"@id\":\"https:\/\/vianesse.com\/it\/#organization\"},\"potentialAction\":[{\"@type\":\"SearchAction\",\"target\":\"https:\/\/vianesse.com\/it\/?s={search_term_string}\",\"query-input\":\"required name=search_term_string\"}],\"inLanguage\":\"it-IT\"},{\"@type\":\"WebPage\",\"@id\":\"https:\/\/vianesse.com\/it\/cosmetici-vitalizing-wash-gel#webpage\",\"url\":\"https:\/\/vianesse.com\/it\/cosmetici-vitalizing-wash-gel\",\"name\":\"COSMETICI VITALIZING WASH GEL - VIANESSE\",\"isPartOf\":{\"@id\":\"https:\/\/vianesse.com\/it\/#website\"},\"datePublished\":\"2018-01-26T09:57:18+00:00\",\"dateModified\":\"2025-12-16T15:51:47+00:00\",\"inLanguage\":\"it-IT\",\"potentialAction\":[{\"@type\":\"ReadAction\",\"target\":[\"https:\/\/vianesse.com\/it\/cosmetici-vitalizing-wash-gel\"]}]}]}<\/script>\n<!-- \/ Yoast SEO plugin. -->","_links":{"self":[{"href":"https:\/\/vianesse.com\/it\/wp-json\/wp\/v2\/pages\/2846"}],"collection":[{"href":"https:\/\/vianesse.com\/it\/wp-json\/wp\/v2\/pages"}],"about":[{"href":"https:\/\/vianesse.com\/it\/wp-json\/wp\/v2\/types\/page"}],"author":[{"embeddable":true,"href":"https:\/\/vianesse.com\/it\/wp-json\/wp\/v2\/users\/5"}],"replies":[{"embeddable":true,"href":"https:\/\/vianesse.com\/it\/wp-json\/wp\/v2\/comments?post=2846"}],"version-history":[{"count":5,"href":"https:\/\/vianesse.com\/it\/wp-json\/wp\/v2\/pages\/2846\/revisions"}],"predecessor-version":[{"id":18886,"href":"https:\/\/vianesse.com\/it\/wp-json\/wp\/v2\/pages\/2846\/revisions\/18886"}],"wp:attachment":[{"href":"https:\/\/vianesse.com\/it\/wp-json\/wp\/v2\/media?parent=2846"}],"curies":[{"name":"wp","href":"https:\/\/api.w.org\/{rel}","templated":true}]}}