{"id":3111,"date":"2018-01-26T14:05:31","date_gmt":"2018-01-26T14:05:31","guid":{"rendered":"http:\/\/new.vianesse.com?page_id=3111"},"modified":"2018-02-02T13:08:31","modified_gmt":"2018-02-02T13:08:31","slug":"taplalkozas-rehabilitacio","status":"publish","type":"page","link":"https:\/\/vianesse.com\/hu\/taplalkozas-rehabilitacio","title":{"rendered":"T\u00c1PL\u00c1LKOZ\u00c1S REHABILIT\u00c1CI\u00d3"},"content":{"rendered":"<p><div class=\"fusion-fullwidth fullwidth-box fusion-builder-row-1 hundred-percent-fullwidth non-hundred-percent-height-scrolling\" style=\"--awb-border-radius-top-left:0px;--awb-border-radius-top-right:0px;--awb-border-radius-bottom-right:0px;--awb-border-radius-bottom-left:0px;\" ><div class=\"fusion-builder-row fusion-row\"><div class=\"fusion-layout-column fusion_builder_column fusion-builder-column-0 fusion_builder_column_1_1 1_1 fusion-one-full fusion-column-first fusion-column-last\" style=\"--awb-bg-size:cover;\"><div class=\"fusion-column-wrapper fusion-flex-column-wrapper-legacy\"><div class=\"fusion-image-element in-legacy-container\" style=\"--awb-caption-title-font-family:var(--h2_typography-font-family);--awb-caption-title-font-weight:var(--h2_typography-font-weight);--awb-caption-title-font-style:var(--h2_typography-font-style);--awb-caption-title-size:var(--h2_typography-font-size);--awb-caption-title-transform:var(--h2_typography-text-transform);--awb-caption-title-line-height:var(--h2_typography-line-height);--awb-caption-title-letter-spacing:var(--h2_typography-letter-spacing);\"><span class=\" fusion-imageframe imageframe-none imageframe-1 hover-type-none\" class=\"image-magnify\" class=\"image-scroll\"><img decoding=\"async\" width=\"2300\" height=\"700\" title=\"Vianesse_NahrungHeader_HappyFamily\" src=\"https:\/\/vianesse.com\/wp-content\/uploads\/2017\/10\/Vianesse_NahrungHeader_HappyFamily.jpg\" alt class=\"img-responsive wp-image-5746\" srcset=\"https:\/\/vianesse.com\/wp-content\/uploads\/2017\/10\/Vianesse_NahrungHeader_HappyFamily-200x61.jpg 200w, https:\/\/vianesse.com\/wp-content\/uploads\/2017\/10\/Vianesse_NahrungHeader_HappyFamily-400x122.jpg 400w, https:\/\/vianesse.com\/wp-content\/uploads\/2017\/10\/Vianesse_NahrungHeader_HappyFamily-600x183.jpg 600w, https:\/\/vianesse.com\/wp-content\/uploads\/2017\/10\/Vianesse_NahrungHeader_HappyFamily-800x243.jpg 800w, https:\/\/vianesse.com\/wp-content\/uploads\/2017\/10\/Vianesse_NahrungHeader_HappyFamily-1200x365.jpg 1200w, https:\/\/vianesse.com\/wp-content\/uploads\/2017\/10\/Vianesse_NahrungHeader_HappyFamily.jpg 2300w\" sizes=\"(max-width: 800px) 100vw, 1200px\" \/><\/span><\/div><div class=\"fusion-clearfix\"><\/div><\/div><\/div><\/div><\/div><div class=\"fusion-fullwidth fullwidth-box fusion-builder-row-2 nonhundred-percent-fullwidth non-hundred-percent-height-scrolling\" style=\"--awb-border-radius-top-left:0px;--awb-border-radius-top-right:0px;--awb-border-radius-bottom-right:0px;--awb-border-radius-bottom-left:0px;\" ><div class=\"fusion-builder-row fusion-row\"><div class=\"fusion-layout-column fusion_builder_column fusion-builder-column-1 fusion_builder_column_1_1 1_1 fusion-one-full fusion-column-first fusion-column-last\" style=\"--awb-bg-size:cover;\"><div class=\"fusion-column-wrapper fusion-flex-column-wrapper-legacy\"><div class=\"fusion-sep-clear\"><\/div><div class=\"fusion-separator fusion-full-width-sep\" style=\"margin-left: auto;margin-right: auto;margin-top:8px;margin-bottom:8px;width:100%;\"><\/div><div class=\"fusion-sep-clear\"><\/div><div class=\"fusion-clearfix\"><\/div><\/div><\/div><\/div><\/div><div class=\"fusion-fullwidth fullwidth-box fusion-builder-row-3 nonhundred-percent-fullwidth non-hundred-percent-height-scrolling\" style=\"--awb-background-position:left top;--awb-border-radius-top-left:0px;--awb-border-radius-top-right:0px;--awb-border-radius-bottom-right:0px;--awb-border-radius-bottom-left:0px;--awb-padding-top:0px;--awb-padding-bottom:0px;--awb-border-sizes-top:0px;--awb-border-sizes-bottom:0px;\" ><div class=\"fusion-builder-row fusion-row\"><div class=\"fusion-layout-column fusion_builder_column fusion-builder-column-2 fusion_builder_column_4_5 4_5 fusion-four-fifth fusion-column-first\" style=\"--awb-bg-position:right bottom;--awb-bg-size:cover;width:79.2%; margin-right: 4%;\"><div class=\"fusion-column-wrapper fusion-flex-column-wrapper-legacy\"><div class=\"fusion-text fusion-text-1\"><p style=\"letter-spacing: 4px; font-size: 13px; margin-bottom: 0px;\">F\u00d3KUSZBAN AZ IZMOK<\/p>\n<h1><strong>Izmok \u00e9s belek: a rehabilit\u00e1ci\u00f3 \u00e9s a regener\u00e1l\u00f3d\u00e1s meghat\u00e1roz\u00f3 t\u00e9nyez\u0151i <\/strong><\/h1>\n<\/div><div class=\"fusion-sep-clear\"><\/div><div class=\"fusion-separator fusion-clearfix\" style=\"float:left;margin-top:0px;margin-bottom:20px;width:100%;max-width:50px;\"><div class=\"fusion-separator-border sep-single sep-solid\" style=\"--awb-height:20px;--awb-amount:20px;--awb-sep-color:#cbaa5c;border-color:#cbaa5c;border-top-width:1px;\"><\/div><\/div><div class=\"fusion-sep-clear\"><\/div><div class=\"fusion-text fusion-text-2\"><p><strong>A rehabilit\u00e1ci\u00f3 a testben v\u00e9gbemen\u0151 sz\u00e1mos biok\u00e9miai folyamatt\u00f3l f\u00fcgg<\/strong>. Els\u0151sorban a t\u00e1panyagbevitel \u00e9s a t\u00e1panyagok feldolgoz\u00e1sa hat\u00e1rozza meg, hogy ezek a folyamatok milyen j\u00f3l \u00e9s milyen gyorsan zajlanak le; ez egy\u00e9nenk\u00e9nt elt\u00e9r\u0151 lehet. A regener\u00e1l\u00f3d\u00e1si folyamat k\u00f6z\u00e9ppontj\u00e1ban a t\u00e1panyagbevitel helye, azaz a b\u00e9lrendszer, valamint a tart\u00f3 \u00e9s v\u00e9delmi funkci\u00f3t ell\u00e1t\u00f3 izmok \u00e1llnak. Ez\u00e9rt ebben a tekintetben is \u00e9rv\u00e9nyes: <strong>Az izmok \u00e9s a belek a rehabilit\u00e1ci\u00f3 \u00e9s a regener\u00e1l\u00f3d\u00e1s meghat\u00e1roz\u00f3 t\u00e9nyez\u0151i.<\/strong><\/p>\n<p>A vitaminok legal\u00e1bb olyan fontos szerepet j\u00e1tszanak a sportol\u00f3k \u00e9let\u00e9ben, mint egy hat\u00e9kony edz\u00e9s. Ugyanilyen jelent\u0151s\u00e9ggel b\u00edrnak az \u00e1sv\u00e1nyi anyagok, a zs\u00edrsavak, valamint m\u00e1s, vitaminokhoz hasonl\u00f3 anyagok. Mindezek <strong>a mikro-t\u00e1panyagok befoly\u00e1solj\u00e1k az eg\u00e9szs\u00e9get \u00e9s az egy\u00e9n energiaszintj\u00e9t<\/strong>: El\u0151seg\u00edtik a teljes\u00edt\u0151k\u00e9pess\u00e9get \u00e9s a regener\u00e1l\u00f3d\u00e1st, tov\u00e1bb\u00e1 er\u0151s\u00edtik a test ellen\u00e1ll\u00f3 k\u00e9pess\u00e9g\u00e9t.<\/p>\n<p>Ez\u00e9rt az ortomolekul\u00e1ris gy\u00f3gy\u00e1szat egyik fontos feladata, hogy a d\u00f6nt\u0151 jelent\u0151s\u00e9g\u0171 mikro-t\u00e1panyagokat a sz\u00fcks\u00e9gletnek megfelel\u0151 adagol\u00e1sban \u00e9s \u00f6sszet\u00e9telben a szervezetbe juttassa. Mivel az egyes mikro-t\u00e1panyagok szinergikus, azaz egym\u00e1st er\u0151s\u00edt\u0151 hat\u00e1s\u00faak, fontos, hogy azok kombin\u00e1lt form\u00e1ban jussanak a szervezetbe. Ez azt jelenti p\u00e9ld\u00e1ul, hogy csak optim\u00e1lis kombin\u00e1ci\u00f3ban k\u00e9pesek pozit\u00edv hat\u00e1st kifejteni az anyagcser\u00e9re, valamint az<strong> immunrendszer fel\u00e9p\u00edt\u00e9s\u00e9re<\/strong>.<\/p>\n<\/div><div class=\"fusion-clearfix\"><\/div><\/div><\/div><div class=\"fusion-layout-column fusion_builder_column fusion-builder-column-3 fusion_builder_column_1_5 1_5 fusion-one-fifth fusion-column-last\" style=\"--awb-bg-size:cover;width:16.8%;\"><div class=\"fusion-column-wrapper fusion-flex-column-wrapper-legacy\"><div class=\"fusion-column-content-centered\"><div class=\"fusion-column-content\"><div class=\"fusion-sep-clear\"><\/div><div class=\"fusion-separator fusion-full-width-sep\" style=\"margin-left: auto;margin-right: auto;margin-bottom:250px;width:100%;\"><\/div><div class=\"fusion-sep-clear\"><\/div><div class=\"fusion-image-element in-legacy-container\" style=\"--awb-caption-title-font-family:var(--h2_typography-font-family);--awb-caption-title-font-weight:var(--h2_typography-font-weight);--awb-caption-title-font-style:var(--h2_typography-font-style);--awb-caption-title-size:var(--h2_typography-font-size);--awb-caption-title-transform:var(--h2_typography-text-transform);--awb-caption-title-line-height:var(--h2_typography-line-height);--awb-caption-title-letter-spacing:var(--h2_typography-letter-spacing);\"><span class=\" fusion-imageframe imageframe-none imageframe-2 hover-type-zoomin\" class=\"image-magnify\" class=\"image-scroll\"><img decoding=\"async\" width=\"321\" height=\"500\" title=\"Vianesse_NahrungProdukt_KauDrops_300px\" src=\"https:\/\/vianesse.com\/wp-content\/uploads\/2017\/10\/Vianesse_NahrungProdukt_KauDrops_300px.jpg\" alt class=\"img-responsive wp-image-5636\" srcset=\"https:\/\/vianesse.com\/wp-content\/uploads\/2017\/10\/Vianesse_NahrungProdukt_KauDrops_300px-200x312.jpg 200w, https:\/\/vianesse.com\/wp-content\/uploads\/2017\/10\/Vianesse_NahrungProdukt_KauDrops_300px.jpg 321w\" sizes=\"(max-width: 800px) 100vw, 321px\" \/><\/span><\/div><\/div><\/div><div class=\"fusion-clearfix\"><\/div><\/div><\/div><div class=\"fusion-layout-column fusion_builder_column fusion-builder-column-4 fusion_builder_column_1_1 1_1 fusion-one-full fusion-column-first fusion-column-last fusion-column-no-min-height\" style=\"--awb-bg-size:cover;--awb-margin-bottom:0px;\"><div class=\"fusion-column-wrapper fusion-flex-column-wrapper-legacy\"><div class=\"fusion-clearfix\"><\/div><\/div><\/div><\/div><\/div><div class=\"fusion-fullwidth fullwidth-box fusion-builder-row-4 nonhundred-percent-fullwidth non-hundred-percent-height-scrolling\" style=\"--awb-background-position:left top;--awb-border-sizes-top:0px;--awb-border-sizes-bottom:0px;--awb-border-sizes-left:0px;--awb-border-sizes-right:0px;--awb-border-radius-top-left:0px;--awb-border-radius-top-right:0px;--awb-border-radius-bottom-right:0px;--awb-border-radius-bottom-left:0px;--awb-padding-top:30px;--awb-padding-bottom:10px;\" ><div class=\"fusion-builder-row fusion-row\"><div class=\"fusion-layout-column fusion_builder_column fusion-builder-column-5 fusion_builder_column_1_1 1_1 fusion-one-full fusion-column-first fusion-column-last fusion-column-no-min-height\" style=\"--awb-bg-size:cover;--awb-margin-bottom:0px;\"><div class=\"fusion-column-wrapper fusion-flex-column-wrapper-legacy\"><style type='text\/css'>.reading-box-container-1 .element-bottomshadow:before,.reading-box-container-1 .element-bottomshadow:after{opacity:0.5;}<\/style><div class=\"fusion-reading-box-container reading-box-container-1\" style=\"--awb-title-color:#171717;--awb-margin-top:0px;--awb-margin-bottom:84px;\"><div class=\"reading-box reading-box-center\" style=\"background-color:#ffffff;border-width:1px;border-color:#ebeef1;border-top-width:3px;border-top-color:var(--primary_color);border-style:solid;\"><h2>Legyen <strong>VIANESSE\u00ae VIP \u00fcgyf\u00e9l<\/strong> most!<\/h2><div class=\"reading-box-description fusion-reading-box-additional\">VIANESSE \u2013 min\u0151s\u00e9g, megb\u00edzhat\u00f3s\u00e1g \u00e9s biztons\u00e1g<\/div><div class=\"fusion-clearfix\"><\/div><a class=\"button fusion-button button-default fusion-button-large button-large button-flat fusion-mobile-button continue-center\" style=\"-webkit-box-shadow:none;-moz-box-shadow:none;box-shadow:none;border-radius:2px 2px 2px 2px\" href=\"\/hu\/#karriere\" target=\"_self\"><span>V\u00c1GJON BELE MOST<\/span><\/a><\/div><\/div><div class=\"fusion-clearfix\"><\/div><\/div><\/div><\/div><\/div>\n<\/p>\n","protected":false},"excerpt":{"rendered":"","protected":false},"author":5,"featured_media":0,"parent":0,"menu_order":0,"comment_status":"closed","ping_status":"closed","template":"100-width.php","meta":[],"yoast_head":"<!-- This site is optimized with the Yoast SEO plugin v15.4 - https:\/\/yoast.com\/wordpress\/plugins\/seo\/ -->\n<title>T\u00c1PL\u00c1LKOZ\u00c1S REHABILIT\u00c1CI\u00d3 - VIANESSE<\/title>\n<meta name=\"robots\" content=\"index, follow, max-snippet:-1, max-image-preview:large, max-video-preview:-1\" \/>\n<link rel=\"canonical\" href=\"https:\/\/vianesse.com\/hu\/taplalkozas-rehabilitacio\" \/>\n<meta property=\"og:locale\" content=\"hu_HU\" \/>\n<meta property=\"og:type\" content=\"article\" \/>\n<meta property=\"og:title\" content=\"T\u00c1PL\u00c1LKOZ\u00c1S REHABILIT\u00c1CI\u00d3 - VIANESSE\" \/>\n<meta property=\"og:url\" content=\"https:\/\/vianesse.com\/hu\/taplalkozas-rehabilitacio\" \/>\n<meta property=\"og:site_name\" content=\"VIANESSE\" \/>\n<meta property=\"article:publisher\" content=\"https:\/\/www.facebook.com\/Vianesse-144275839580764\/\" \/>\n<meta property=\"article:modified_time\" content=\"2018-02-02T13:08:31+00:00\" \/>\n<meta name=\"twitter:card\" content=\"summary_large_image\" \/>\n<meta name=\"twitter:label1\" content=\"Szerz\u0151:\">\n\t<meta name=\"twitter:data1\" content=\"s h\">\n\t<meta name=\"twitter:label2\" content=\"Becs\u00fclt olvas\u00e1si id\u0151\">\n\t<meta name=\"twitter:data2\" content=\"4 perc\">\n<script type=\"application\/ld+json\" class=\"yoast-schema-graph\">{\"@context\":\"https:\/\/schema.org\",\"@graph\":[{\"@type\":\"Organization\",\"@id\":\"https:\/\/vianesse.com\/hu\/#organization\",\"name\":\"VIANESSE\",\"url\":\"https:\/\/vianesse.com\/hu\/\",\"sameAs\":[\"https:\/\/www.facebook.com\/Vianesse-144275839580764\/\",\"https:\/\/www.youtube.com\/channel\/UCu4kWETEQ20Y-Wlcl77AWGQ\"],\"logo\":{\"@type\":\"ImageObject\",\"@id\":\"https:\/\/vianesse.com\/hu\/#logo\",\"inLanguage\":\"hu\",\"url\":\"https:\/\/vianesse.com\/wp-content\/uploads\/2018\/02\/vianesse_blau_350.png\",\"width\":\"351\",\"height\":\"144\",\"caption\":\"VIANESSE\"},\"image\":{\"@id\":\"https:\/\/vianesse.com\/hu\/#logo\"}},{\"@type\":\"WebSite\",\"@id\":\"https:\/\/vianesse.com\/hu\/#website\",\"url\":\"https:\/\/vianesse.com\/hu\/\",\"name\":\"VIANESSE\",\"description\":\"\",\"publisher\":{\"@id\":\"https:\/\/vianesse.com\/hu\/#organization\"},\"potentialAction\":[{\"@type\":\"SearchAction\",\"target\":\"https:\/\/vianesse.com\/hu\/?s={search_term_string}\",\"query-input\":\"required name=search_term_string\"}],\"inLanguage\":\"hu\"},{\"@type\":\"WebPage\",\"@id\":\"https:\/\/vianesse.com\/hu\/taplalkozas-rehabilitacio#webpage\",\"url\":\"https:\/\/vianesse.com\/hu\/taplalkozas-rehabilitacio\",\"name\":\"T\\u00c1PL\\u00c1LKOZ\\u00c1S REHABILIT\\u00c1CI\\u00d3 - VIANESSE\",\"isPartOf\":{\"@id\":\"https:\/\/vianesse.com\/hu\/#website\"},\"datePublished\":\"2018-01-26T14:05:31+00:00\",\"dateModified\":\"2018-02-02T13:08:31+00:00\",\"inLanguage\":\"hu\",\"potentialAction\":[{\"@type\":\"ReadAction\",\"target\":[\"https:\/\/vianesse.com\/hu\/taplalkozas-rehabilitacio\"]}]}]}<\/script>\n<!-- \/ Yoast SEO plugin. -->","_links":{"self":[{"href":"https:\/\/vianesse.com\/hu\/wp-json\/wp\/v2\/pages\/3111"}],"collection":[{"href":"https:\/\/vianesse.com\/hu\/wp-json\/wp\/v2\/pages"}],"about":[{"href":"https:\/\/vianesse.com\/hu\/wp-json\/wp\/v2\/types\/page"}],"author":[{"embeddable":true,"href":"https:\/\/vianesse.com\/hu\/wp-json\/wp\/v2\/users\/5"}],"replies":[{"embeddable":true,"href":"https:\/\/vianesse.com\/hu\/wp-json\/wp\/v2\/comments?post=3111"}],"version-history":[{"count":4,"href":"https:\/\/vianesse.com\/hu\/wp-json\/wp\/v2\/pages\/3111\/revisions"}],"predecessor-version":[{"id":3722,"href":"https:\/\/vianesse.com\/hu\/wp-json\/wp\/v2\/pages\/3111\/revisions\/3722"}],"wp:attachment":[{"href":"https:\/\/vianesse.com\/hu\/wp-json\/wp\/v2\/media?parent=3111"}],"curies":[{"name":"wp","href":"https:\/\/api.w.org\/{rel}","templated":true}]}}