{"id":3104,"date":"2018-01-26T14:00:18","date_gmt":"2018-01-26T14:00:18","guid":{"rendered":"http:\/\/new.vianesse.com?page_id=3104"},"modified":"2018-02-02T13:07:38","modified_gmt":"2018-02-02T13:07:38","slug":"taplalkozas-oeregedesgatlas","status":"publish","type":"page","link":"https:\/\/vianesse.com\/hu\/taplalkozas-oeregedesgatlas","title":{"rendered":"T\u00c1PL\u00c1LKOZ\u00c1S \u00d6REGED\u00c9SG\u00c1TL\u00c1S"},"content":{"rendered":"<p><div class=\"fusion-fullwidth fullwidth-box fusion-builder-row-1 hundred-percent-fullwidth non-hundred-percent-height-scrolling\" style=\"--awb-border-radius-top-left:0px;--awb-border-radius-top-right:0px;--awb-border-radius-bottom-right:0px;--awb-border-radius-bottom-left:0px;\" ><div class=\"fusion-builder-row fusion-row\"><div class=\"fusion-layout-column fusion_builder_column fusion-builder-column-0 fusion_builder_column_1_1 1_1 fusion-one-full fusion-column-first fusion-column-last\" style=\"--awb-bg-size:cover;\"><div class=\"fusion-column-wrapper fusion-flex-column-wrapper-legacy\"><div class=\"fusion-image-element in-legacy-container\" style=\"--awb-caption-title-font-family:var(--h2_typography-font-family);--awb-caption-title-font-weight:var(--h2_typography-font-weight);--awb-caption-title-font-style:var(--h2_typography-font-style);--awb-caption-title-size:var(--h2_typography-font-size);--awb-caption-title-transform:var(--h2_typography-text-transform);--awb-caption-title-line-height:var(--h2_typography-line-height);--awb-caption-title-letter-spacing:var(--h2_typography-letter-spacing);\"><span class=\" fusion-imageframe imageframe-none imageframe-1 hover-type-none\" class=\"image-magnify\" class=\"image-scroll\"><img decoding=\"async\" width=\"2300\" height=\"700\" title=\"Vianesse_NahrungHeader_AntiAging_LovelyCouple\" src=\"https:\/\/vianesse.com\/wp-content\/uploads\/2017\/10\/Vianesse_NahrungHeader_AntiAging_LovelyCouple.jpg\" alt class=\"img-responsive wp-image-6076\" srcset=\"https:\/\/vianesse.com\/wp-content\/uploads\/2017\/10\/Vianesse_NahrungHeader_AntiAging_LovelyCouple-200x61.jpg 200w, https:\/\/vianesse.com\/wp-content\/uploads\/2017\/10\/Vianesse_NahrungHeader_AntiAging_LovelyCouple-400x122.jpg 400w, https:\/\/vianesse.com\/wp-content\/uploads\/2017\/10\/Vianesse_NahrungHeader_AntiAging_LovelyCouple-600x183.jpg 600w, https:\/\/vianesse.com\/wp-content\/uploads\/2017\/10\/Vianesse_NahrungHeader_AntiAging_LovelyCouple-800x243.jpg 800w, https:\/\/vianesse.com\/wp-content\/uploads\/2017\/10\/Vianesse_NahrungHeader_AntiAging_LovelyCouple-1200x365.jpg 1200w, https:\/\/vianesse.com\/wp-content\/uploads\/2017\/10\/Vianesse_NahrungHeader_AntiAging_LovelyCouple.jpg 2300w\" sizes=\"(max-width: 800px) 100vw, 1200px\" \/><\/span><\/div><div class=\"fusion-clearfix\"><\/div><\/div><\/div><\/div><\/div><div class=\"fusion-fullwidth fullwidth-box fusion-builder-row-2 nonhundred-percent-fullwidth non-hundred-percent-height-scrolling\" style=\"--awb-border-radius-top-left:0px;--awb-border-radius-top-right:0px;--awb-border-radius-bottom-right:0px;--awb-border-radius-bottom-left:0px;\" ><div class=\"fusion-builder-row fusion-row\"><div class=\"fusion-layout-column fusion_builder_column fusion-builder-column-1 fusion_builder_column_1_1 1_1 fusion-one-full fusion-column-first fusion-column-last\" style=\"--awb-bg-size:cover;\"><div class=\"fusion-column-wrapper fusion-flex-column-wrapper-legacy\"><div class=\"fusion-sep-clear\"><\/div><div class=\"fusion-separator fusion-full-width-sep\" style=\"margin-left: auto;margin-right: auto;margin-top:8px;margin-bottom:8px;width:100%;\"><\/div><div class=\"fusion-sep-clear\"><\/div><div class=\"fusion-clearfix\"><\/div><\/div><\/div><\/div><\/div><div class=\"fusion-fullwidth fullwidth-box fusion-builder-row-3 nonhundred-percent-fullwidth non-hundred-percent-height-scrolling\" style=\"--awb-background-position:left top;--awb-border-radius-top-left:0px;--awb-border-radius-top-right:0px;--awb-border-radius-bottom-right:0px;--awb-border-radius-bottom-left:0px;--awb-padding-top:0px;--awb-padding-bottom:0px;--awb-border-sizes-top:0px;--awb-border-sizes-bottom:0px;\" ><div class=\"fusion-builder-row fusion-row\"><div class=\"fusion-layout-column fusion_builder_column fusion-builder-column-2 fusion_builder_column_4_5 4_5 fusion-four-fifth fusion-column-first\" style=\"--awb-bg-position:right bottom;--awb-bg-size:cover;width:79.2%; margin-right: 4%;\"><div class=\"fusion-column-wrapper fusion-flex-column-wrapper-legacy\"><div class=\"fusion-text fusion-text-1\"><p style=\"letter-spacing: 4px; font-size: 13px; margin-bottom: 0px;\">SZ\u00c9PKOR\u00daAN IS EG\u00c9SZS\u00c9GESEN<\/p>\n<h1><strong>\u00c9letmin\u0151s\u00e9g, \u00e9leter\u0151 \u00e9s eg\u00e9szs\u00e9g eg\u00e9szen az id\u0151skorig<\/strong><\/h1>\n<\/div><div class=\"fusion-sep-clear\"><\/div><div class=\"fusion-separator fusion-clearfix\" style=\"float:left;margin-top:0px;margin-bottom:20px;width:100%;max-width:50px;\"><div class=\"fusion-separator-border sep-single sep-solid\" style=\"--awb-height:20px;--awb-amount:20px;--awb-sep-color:#cbaa5c;border-color:#cbaa5c;border-top-width:1px;\"><\/div><\/div><div class=\"fusion-sep-clear\"><\/div><div class=\"fusion-text fusion-text-2\"><p>Az \u00f6reged\u00e9sg\u00e1tl\u00f3 programok c\u00e9lja az \u00f6reged\u00e9si folyamat \u00e9s ez\u00e1ltal az \u00e9letkorb\u00f3l ered\u0151 kr\u00f3nikus megbeteged\u00e9sek megakad\u00e1lyoz\u00e1sa vagy meg\u00e1ll\u00edt\u00e1sa. <strong>Az id\u0151skor legszebb \u00e9veit jobb \u00e9letmin\u0151s\u00e9ggel, \u00e9leter\u0151vel \u00e9s eg\u00e9szs\u00e9ggel kell megt\u00f6lteni.<\/strong> Az aminosavakat nem ok n\u00e9lk\u00fcl nevezik az \u00e9let legfontosabb \u00e9p\u00edt\u0151k\u00f6veinek. N\u00e9lk\u00fcl\u00f6zhetetlenek az anyagcsere-folyamatokban. A hi\u00e1nyos \u00e1llapot negat\u00edv hat\u00e1ssal j\u00e1r, amely r\u00e1ncok, spr\u0151d haj, t\u00f6redezett k\u00f6rm\u00f6k vagy narancsb\u0151r kialakul\u00e1s\u00e1hoz vezet. Az aminosavak val\u00f3di \u00e9leter\u0151-bombak\u00e9nt hatnak az \u00f6reged\u00e9sre. Az \u00f6reged\u00e9si folyamatokat m\u00e9g a modern tud\u00f3sok is a szervezet egyre n\u00f6vekv\u0151 aminosav-vesztes\u00e9g\u00e9re vagy az aminosav-bevitel hi\u00e1ny\u00e1ra vezetik vissza. A szervezet megfelel\u0151 \u00e9s kiegyens\u00falyozott vitamin-, nyomelem-, valamint m\u00e1sodlagos n\u00f6v\u00e9nyi anyagell\u00e1t\u00e1s\u00e1hoz a gy\u00fcm\u00f6lcs\u00f6t \u00e9s z\u00f6lds\u00e9get a sziv\u00e1rv\u00e1ny minden sz\u00edn\u00e9ben kell kiv\u00e1lasztani. P\u00e9ld\u00e1ul a piros, a z\u00f6ld \u00e9s a s\u00e1rga paprika k\u00fcl\u00f6nb\u00f6z\u0151 vit\u00e1lis anyagokat tartalmaz. A l\u00e9nyeg az egym\u00e1ssal val\u00f3 t\u00e1rs\u00edt\u00e1s!<\/p>\n<\/div><div class=\"fusion-clearfix\"><\/div><\/div><\/div><div class=\"fusion-layout-column fusion_builder_column fusion-builder-column-3 fusion_builder_column_1_5 1_5 fusion-one-fifth fusion-column-last\" style=\"--awb-bg-size:cover;width:16.8%;\"><div class=\"fusion-column-wrapper fusion-flex-column-wrapper-legacy\"><div class=\"fusion-column-content-centered\"><div class=\"fusion-column-content\"><div class=\"fusion-sep-clear\"><\/div><div class=\"fusion-separator fusion-full-width-sep\" style=\"margin-left: auto;margin-right: auto;margin-bottom:140px;width:100%;\"><\/div><div class=\"fusion-sep-clear\"><\/div><div class=\"fusion-image-element in-legacy-container\" style=\"--awb-caption-title-font-family:var(--h2_typography-font-family);--awb-caption-title-font-weight:var(--h2_typography-font-weight);--awb-caption-title-font-style:var(--h2_typography-font-style);--awb-caption-title-size:var(--h2_typography-font-size);--awb-caption-title-transform:var(--h2_typography-text-transform);--awb-caption-title-line-height:var(--h2_typography-line-height);--awb-caption-title-letter-spacing:var(--h2_typography-letter-spacing);\"><span class=\" fusion-imageframe imageframe-none imageframe-2 hover-type-zoomin\" class=\"image-magnify\" class=\"image-scroll\"><img decoding=\"async\" width=\"237\" height=\"370\" title=\"Vianesse_NahrungProdukt_ShapeShake_Acerola\" src=\"https:\/\/vianesse.com\/wp-content\/uploads\/2017\/10\/Vianesse_NahrungProdukt_ShapeShake_Acerola.jpg\" alt class=\"img-responsive wp-image-5586\" srcset=\"https:\/\/vianesse.com\/wp-content\/uploads\/2017\/10\/Vianesse_NahrungProdukt_ShapeShake_Acerola-200x312.jpg 200w, https:\/\/vianesse.com\/wp-content\/uploads\/2017\/10\/Vianesse_NahrungProdukt_ShapeShake_Acerola.jpg 237w\" sizes=\"(max-width: 800px) 100vw, 237px\" \/><\/span><\/div><\/div><\/div><div class=\"fusion-clearfix\"><\/div><\/div><\/div><div class=\"fusion-layout-column fusion_builder_column fusion-builder-column-4 fusion_builder_column_1_1 1_1 fusion-one-full fusion-column-first fusion-column-last fusion-column-no-min-height\" style=\"--awb-bg-size:cover;--awb-margin-bottom:0px;\"><div class=\"fusion-column-wrapper fusion-flex-column-wrapper-legacy\"><div class=\"fusion-clearfix\"><\/div><\/div><\/div><\/div><\/div><div class=\"fusion-fullwidth fullwidth-box fusion-builder-row-4 nonhundred-percent-fullwidth non-hundred-percent-height-scrolling\" style=\"--awb-background-position:left top;--awb-border-sizes-top:0px;--awb-border-sizes-bottom:0px;--awb-border-sizes-left:0px;--awb-border-sizes-right:0px;--awb-border-radius-top-left:0px;--awb-border-radius-top-right:0px;--awb-border-radius-bottom-right:0px;--awb-border-radius-bottom-left:0px;--awb-padding-top:30px;--awb-padding-bottom:10px;\" ><div class=\"fusion-builder-row fusion-row\"><div class=\"fusion-layout-column fusion_builder_column fusion-builder-column-5 fusion_builder_column_1_1 1_1 fusion-one-full fusion-column-first fusion-column-last fusion-column-no-min-height\" style=\"--awb-bg-size:cover;--awb-margin-bottom:0px;\"><div class=\"fusion-column-wrapper fusion-flex-column-wrapper-legacy\"><style type='text\/css'>.reading-box-container-1 .element-bottomshadow:before,.reading-box-container-1 .element-bottomshadow:after{opacity:0.5;}<\/style><div class=\"fusion-reading-box-container reading-box-container-1\" style=\"--awb-title-color:#171717;--awb-margin-top:0px;--awb-margin-bottom:84px;\"><div class=\"reading-box reading-box-center\" style=\"background-color:#ffffff;border-width:1px;border-color:#ebeef1;border-top-width:3px;border-top-color:var(--primary_color);border-style:solid;\"><h2>Legyen <strong>VIANESSE\u00ae VIP \u00fcgyf\u00e9l<\/strong> most!<\/h2><div class=\"reading-box-description fusion-reading-box-additional\">VIANESSE \u2013 min\u0151s\u00e9g, megb\u00edzhat\u00f3s\u00e1g \u00e9s biztons\u00e1g<\/div><div class=\"fusion-clearfix\"><\/div><a class=\"button fusion-button button-default fusion-button-large button-large button-flat fusion-mobile-button continue-center\" style=\"-webkit-box-shadow:none;-moz-box-shadow:none;box-shadow:none;border-radius:2px 2px 2px 2px\" href=\"\/hu\/#karriere\" target=\"_self\"><span>V\u00c1GJON BELE MOST<\/span><\/a><\/div><\/div><div class=\"fusion-clearfix\"><\/div><\/div><\/div><\/div><\/div>\n<\/p>\n","protected":false},"excerpt":{"rendered":"","protected":false},"author":5,"featured_media":0,"parent":0,"menu_order":0,"comment_status":"closed","ping_status":"closed","template":"100-width.php","meta":[],"yoast_head":"<!-- This site is optimized with the Yoast SEO plugin v15.4 - https:\/\/yoast.com\/wordpress\/plugins\/seo\/ -->\n<title>T\u00c1PL\u00c1LKOZ\u00c1S \u00d6REGED\u00c9SG\u00c1TL\u00c1S - VIANESSE<\/title>\n<meta name=\"robots\" content=\"index, follow, max-snippet:-1, max-image-preview:large, max-video-preview:-1\" \/>\n<link rel=\"canonical\" href=\"https:\/\/vianesse.com\/hu\/taplalkozas-oeregedesgatlas\" \/>\n<meta property=\"og:locale\" content=\"hu_HU\" \/>\n<meta property=\"og:type\" content=\"article\" \/>\n<meta property=\"og:title\" content=\"T\u00c1PL\u00c1LKOZ\u00c1S \u00d6REGED\u00c9SG\u00c1TL\u00c1S - VIANESSE\" \/>\n<meta property=\"og:url\" content=\"https:\/\/vianesse.com\/hu\/taplalkozas-oeregedesgatlas\" \/>\n<meta property=\"og:site_name\" content=\"VIANESSE\" \/>\n<meta property=\"article:publisher\" content=\"https:\/\/www.facebook.com\/Vianesse-144275839580764\/\" \/>\n<meta property=\"article:modified_time\" content=\"2018-02-02T13:07:38+00:00\" \/>\n<meta name=\"twitter:card\" content=\"summary_large_image\" \/>\n<meta name=\"twitter:label1\" content=\"Szerz\u0151:\">\n\t<meta name=\"twitter:data1\" content=\"s h\">\n\t<meta name=\"twitter:label2\" content=\"Becs\u00fclt olvas\u00e1si id\u0151\">\n\t<meta name=\"twitter:data2\" content=\"4 perc\">\n<script type=\"application\/ld+json\" class=\"yoast-schema-graph\">{\"@context\":\"https:\/\/schema.org\",\"@graph\":[{\"@type\":\"Organization\",\"@id\":\"https:\/\/vianesse.com\/hu\/#organization\",\"name\":\"VIANESSE\",\"url\":\"https:\/\/vianesse.com\/hu\/\",\"sameAs\":[\"https:\/\/www.facebook.com\/Vianesse-144275839580764\/\",\"https:\/\/www.youtube.com\/channel\/UCu4kWETEQ20Y-Wlcl77AWGQ\"],\"logo\":{\"@type\":\"ImageObject\",\"@id\":\"https:\/\/vianesse.com\/hu\/#logo\",\"inLanguage\":\"hu\",\"url\":\"https:\/\/vianesse.com\/wp-content\/uploads\/2018\/02\/vianesse_blau_350.png\",\"width\":\"351\",\"height\":\"144\",\"caption\":\"VIANESSE\"},\"image\":{\"@id\":\"https:\/\/vianesse.com\/hu\/#logo\"}},{\"@type\":\"WebSite\",\"@id\":\"https:\/\/vianesse.com\/hu\/#website\",\"url\":\"https:\/\/vianesse.com\/hu\/\",\"name\":\"VIANESSE\",\"description\":\"\",\"publisher\":{\"@id\":\"https:\/\/vianesse.com\/hu\/#organization\"},\"potentialAction\":[{\"@type\":\"SearchAction\",\"target\":\"https:\/\/vianesse.com\/hu\/?s={search_term_string}\",\"query-input\":\"required name=search_term_string\"}],\"inLanguage\":\"hu\"},{\"@type\":\"WebPage\",\"@id\":\"https:\/\/vianesse.com\/hu\/taplalkozas-oeregedesgatlas#webpage\",\"url\":\"https:\/\/vianesse.com\/hu\/taplalkozas-oeregedesgatlas\",\"name\":\"T\\u00c1PL\\u00c1LKOZ\\u00c1S \\u00d6REGED\\u00c9SG\\u00c1TL\\u00c1S - VIANESSE\",\"isPartOf\":{\"@id\":\"https:\/\/vianesse.com\/hu\/#website\"},\"datePublished\":\"2018-01-26T14:00:18+00:00\",\"dateModified\":\"2018-02-02T13:07:38+00:00\",\"inLanguage\":\"hu\",\"potentialAction\":[{\"@type\":\"ReadAction\",\"target\":[\"https:\/\/vianesse.com\/hu\/taplalkozas-oeregedesgatlas\"]}]}]}<\/script>\n<!-- \/ Yoast SEO plugin. -->","_links":{"self":[{"href":"https:\/\/vianesse.com\/hu\/wp-json\/wp\/v2\/pages\/3104"}],"collection":[{"href":"https:\/\/vianesse.com\/hu\/wp-json\/wp\/v2\/pages"}],"about":[{"href":"https:\/\/vianesse.com\/hu\/wp-json\/wp\/v2\/types\/page"}],"author":[{"embeddable":true,"href":"https:\/\/vianesse.com\/hu\/wp-json\/wp\/v2\/users\/5"}],"replies":[{"embeddable":true,"href":"https:\/\/vianesse.com\/hu\/wp-json\/wp\/v2\/comments?post=3104"}],"version-history":[{"count":3,"href":"https:\/\/vianesse.com\/hu\/wp-json\/wp\/v2\/pages\/3104\/revisions"}],"predecessor-version":[{"id":3721,"href":"https:\/\/vianesse.com\/hu\/wp-json\/wp\/v2\/pages\/3104\/revisions\/3721"}],"wp:attachment":[{"href":"https:\/\/vianesse.com\/hu\/wp-json\/wp\/v2\/media?parent=3104"}],"curies":[{"name":"wp","href":"https:\/\/api.w.org\/{rel}","templated":true}]}}