{"id":2900,"date":"2018-01-26T10:43:10","date_gmt":"2018-01-26T10:43:10","guid":{"rendered":"http:\/\/new.vianesse.com?page_id=2900"},"modified":"2025-12-16T15:55:54","modified_gmt":"2025-12-16T15:55:54","slug":"szepsegapolas-vitaminos-testapolo","status":"publish","type":"page","link":"https:\/\/vianesse.com\/hu\/szepsegapolas-vitaminos-testapolo","title":{"rendered":"SZ\u00c9PS\u00c9G\u00c1POL\u00c1S VITAMINOS TEST\u00c1POL\u00d3"},"content":{"rendered":"<p><div class=\"fusion-fullwidth fullwidth-box fusion-builder-row-1 hundred-percent-fullwidth non-hundred-percent-height-scrolling\" style=\"--awb-border-radius-top-left:0px;--awb-border-radius-top-right:0px;--awb-border-radius-bottom-right:0px;--awb-border-radius-bottom-left:0px;\" ><div class=\"fusion-builder-row fusion-row\"><div class=\"fusion-layout-column fusion_builder_column fusion-builder-column-0 fusion_builder_column_1_1 1_1 fusion-one-full fusion-column-first fusion-column-last\" style=\"--awb-bg-size:cover;\"><div class=\"fusion-column-wrapper fusion-flex-column-wrapper-legacy\"><div class=\"fusion-image-element in-legacy-container\" style=\"--awb-caption-title-font-family:var(--h2_typography-font-family);--awb-caption-title-font-weight:var(--h2_typography-font-weight);--awb-caption-title-font-style:var(--h2_typography-font-style);--awb-caption-title-size:var(--h2_typography-font-size);--awb-caption-title-transform:var(--h2_typography-text-transform);--awb-caption-title-line-height:var(--h2_typography-line-height);--awb-caption-title-letter-spacing:var(--h2_typography-letter-spacing);\"><span class=\" fusion-imageframe imageframe-none imageframe-1 hover-type-none\" class=\"image-magnify\" class=\"image-scroll\"><img decoding=\"async\" width=\"2300\" height=\"700\" title=\"Vianesse_KosmetikHeader_VitaminBodyLotion\" src=\"https:\/\/vianesse.com\/wp-content\/uploads\/2017\/10\/Vianesse_KosmetikHeader_VitaminBodyLotion.jpg\" alt class=\"img-responsive wp-image-5246\" srcset=\"https:\/\/vianesse.com\/wp-content\/uploads\/2017\/10\/Vianesse_KosmetikHeader_VitaminBodyLotion-200x61.jpg 200w, https:\/\/vianesse.com\/wp-content\/uploads\/2017\/10\/Vianesse_KosmetikHeader_VitaminBodyLotion-400x122.jpg 400w, https:\/\/vianesse.com\/wp-content\/uploads\/2017\/10\/Vianesse_KosmetikHeader_VitaminBodyLotion-600x183.jpg 600w, https:\/\/vianesse.com\/wp-content\/uploads\/2017\/10\/Vianesse_KosmetikHeader_VitaminBodyLotion-800x243.jpg 800w, https:\/\/vianesse.com\/wp-content\/uploads\/2017\/10\/Vianesse_KosmetikHeader_VitaminBodyLotion-1200x365.jpg 1200w, https:\/\/vianesse.com\/wp-content\/uploads\/2017\/10\/Vianesse_KosmetikHeader_VitaminBodyLotion.jpg 2300w\" sizes=\"(max-width: 800px) 100vw, 1200px\" \/><\/span><\/div><div class=\"fusion-clearfix\"><\/div><\/div><\/div><\/div><\/div><div class=\"fusion-fullwidth fullwidth-box fusion-builder-row-2 nonhundred-percent-fullwidth non-hundred-percent-height-scrolling\" style=\"--awb-border-radius-top-left:0px;--awb-border-radius-top-right:0px;--awb-border-radius-bottom-right:0px;--awb-border-radius-bottom-left:0px;\" ><div class=\"fusion-builder-row fusion-row\"><div class=\"fusion-layout-column fusion_builder_column fusion-builder-column-1 fusion_builder_column_1_1 1_1 fusion-one-full fusion-column-first fusion-column-last\" style=\"--awb-bg-size:cover;\"><div class=\"fusion-column-wrapper fusion-flex-column-wrapper-legacy\"><div class=\"fusion-sep-clear\"><\/div><div class=\"fusion-separator fusion-full-width-sep\" style=\"margin-left: auto;margin-right: auto;margin-top:8px;margin-bottom:8px;width:100%;\"><\/div><div class=\"fusion-sep-clear\"><\/div><div class=\"fusion-clearfix\"><\/div><\/div><\/div><\/div><\/div><div class=\"fusion-fullwidth fullwidth-box fusion-builder-row-3 nonhundred-percent-fullwidth non-hundred-percent-height-scrolling\" style=\"--awb-background-position:left top;--awb-border-sizes-top:0px;--awb-border-sizes-bottom:0px;--awb-border-sizes-left:0px;--awb-border-sizes-right:0px;--awb-border-radius-top-left:0px;--awb-border-radius-top-right:0px;--awb-border-radius-bottom-right:0px;--awb-border-radius-bottom-left:0px;--awb-padding-top:0px;--awb-padding-bottom:0px;\" ><div class=\"fusion-builder-row fusion-row\"><div class=\"fusion-layout-column fusion_builder_column fusion-builder-column-2 fusion_builder_column_4_5 4_5 fusion-four-fifth fusion-column-first\" style=\"--awb-bg-position:right bottom;--awb-bg-size:cover;width:79.2%; margin-right: 4%;\"><div class=\"fusion-column-wrapper fusion-flex-column-wrapper-legacy\"><div class=\"fusion-text fusion-text-1\"><p style=\"letter-spacing: 4px; font-size: 13px; margin-bottom: 0px;\">A SELYMESEN SIMA B\u0150R\u00c9RT<\/p>\n<h1><strong>VITAMINOS TEST\u00c1POL\u00d3 <\/strong><\/h1>\n<\/div><div class=\"fusion-sep-clear\"><\/div><div class=\"fusion-separator fusion-clearfix\" style=\"float:left;margin-top:0px;margin-bottom:20px;width:100%;max-width:50px;\"><div class=\"fusion-separator-border sep-single sep-solid\" style=\"--awb-height:20px;--awb-amount:20px;--awb-sep-color:#cbaa5c;border-color:#cbaa5c;border-top-width:1px;\"><\/div><\/div><div class=\"fusion-sep-clear\"><\/div><div class=\"fusion-text fusion-text-2\"><p><strong>Mi is az a narancsb\u0151r?<\/strong><\/p>\n<p>B\u00e1r a narancsb\u0151r kozmetikai probl\u00e9ma, azonban rossz t\u00e1pl\u00e1lkoz\u00e1sr\u00f3l \u00e9s em\u00e9szt\u00e9sr\u0151l \u00e1rulkodik. A narancsb\u0151r a szervezet saj\u00e1t m\u00e9regrakt\u00e1ra \u2013 keletkez\u00e9si helye a b\u00e9lcsatorna. A narancsb\u0151r a b\u00e9lcsatorn\u00e1b\u00f3l ered. A b\u00e9lben a Candida gomb\u00e1k toxikusan &#8211; teh\u00e1t m\u00e9reganyag termel\u0151d\u00e9se mellett \u2013 v\u00e9gzik az \u00e9lelmiszer \u00e1talak\u00edt\u00e1s\u00e1t. Ezek a m\u00e9reganyagok a b\u00e9lfalon kereszt\u00fcl a v\u00e9rrendszerbe jutnak. A kisebb mennyis\u00e9g\u0171 m\u00e9reganyagokat a test mozg\u00e1ssal (vagy sporttal) m\u00e9g k\u00e9pes lebontani, azonban nagyobb mennyis\u00e9g eset\u00e9n a szervezet ezeket a m\u00e9rgeket j\u00f3l l\u00e1that\u00f3 m\u00f3don a combban rakt\u00e1rozza el. El\u0151sz\u00f6r v\u00edz hat\u00e1s\u00e1ra v\u00e9gbemegy azok semleges\u00edt\u00e9se, majd zs\u00edrral \u00e9rintkezve ott helyben megk\u00f6tnek. \u00cdgy a szervezet sz\u00e1m\u00e1ra m\u00e1r nem \u00e1rtalmasak.<\/p>\n<p>Egyre fiatalabb h\u00f6lgyek panaszkodnak narancsb\u0151rre. M\u00edg kor\u00e1bban a narancsb\u0151r a 25-35 \u00e9v k\u00f6z\u00f6tti h\u00f6lgyekn\u00e9l jelentkezett, addig ez a korhat\u00e1r imm\u00e1r 15 \u00e9v al\u00e1 cs\u00f6kkent. M\u00e1r olyan esetek is el\u0151fordulnak, amikor a narancsb\u0151r nyolc \u00e9vn\u00e9l fiatalabb gyermekekn\u00e9l jelentkezik. Mi v\u00e1ltozott az ut\u00f3bbi 30 \u00e9v sor\u00e1n? \u00c9tkez\u00e9si \u00e9s folyad\u00e9kfogyaszt\u00e1si szok\u00e1saink l\u00e9nyegesen romlottak. Csaknem naponta fogyasztunk cukrot, feh\u00e9r kenyeret, zs\u00edrt, k\u00e9sz\u00e9teleket, alkoholt \u00e9s gy\u00f3gyszereket. Ezek t\u00e1ptalajt biztos\u00edtanak a Candida gomb\u00e1k sz\u00e1m\u00e1ra, amelyek m\u00e9rgez\u0151 anyagokat \u00e1ll\u00edtanak el\u0151 bel\u0151l\u00fck. A narancsb\u0151r kezel\u00e9s\u00e9hez meg kell \u00e9rteni annak ok\u00e1t. \u00c1ltal\u00e1ban kev\u00e9sb\u00e9 veszik figyelembe azt a t\u00e9nyt, hogy a narancsb\u0151rt az em\u00e9szt\u00e9s sor\u00e1n keletkez\u0151 m\u00e9reganyagok okozz\u00e1k. Ez\u00e9rt a hagyom\u00e1nyos kr\u00e9mekkel v\u00e9gzett kezel\u00e9s nem c\u00e9lravezet\u0151.<\/p>\n<p><strong>Mi\u00e9rt olyan hat\u00e9kony a VIANESSE narancsb\u0151r elleni v\u00e9d\u0151programja?<\/strong><\/p>\n<p>Felt\u00f6rj\u00fck a m\u00e9reganyagok, v\u00edz \u00e9s zs\u00edr k\u00f6t\u00e9s\u00e9t. Ugyanakkor a v\u00e9rnek is k\u00e9pesnek kell lennie a m\u00e9reganyagok felv\u00e9tel\u00e9re \u00e9s elsz\u00e1ll\u00edt\u00e1s\u00e1ra. Ez csak akkor siker\u00fclhet, ha a b\u00e9lcsatorn\u00e1ban m\u00e1r nem termel\u0151dik \u00fajabb m\u00e9reganyag. A narancsb\u0151r hat\u00e9kony kezel\u00e9s\u00e9nek el\u0151felt\u00e9tele:<\/p>\n<p>1. a test\u00e1pol\u00f3 k\u00e9pess\u00e9ge a m\u00e9reganyagok, v\u00edz \u00e9s zs\u00edr k\u00f6t\u00e9s\u00e9nek felt\u00f6r\u00e9s\u00e9re.<\/p>\n<p>2. eg\u00e9szs\u00e9ges b\u00e9lcsatorna (a m\u00e9reganyagoknak ne legyen ut\u00e1np\u00f3tl\u00e1sa)! A siker z\u00e1loga a VIANESSE prebiotikus r\u00e1g\u00f3tabletta \u00e9s a VIANESSE BODY SHAPE alkalmaz\u00e1sa, valamint az eg\u00e9szs\u00e9ges t\u00e1pl\u00e1lkoz\u00e1s, a mozg\u00e1s \u00e9s a tiszta iv\u00f3v\u00edz.<\/p>\n<p>A v\u00e9r akkor sz\u00e1ll\u00edtja el a m\u00e9reganyagokat, ha a b\u00e9lcsatorna a VIANESSE prebiotikus r\u00e1g\u00f3tabletta \u00e9s a BODY SHAPE bels\u0151leg t\u00f6rt\u00e9n\u0151 alkalmaz\u00e1s\u00e1t k\u00f6vet\u0151en megtisztult, \u00e9s az izomzat fel\u00e9p\u00fclt. Ez\u00e1ltal a b\u0151r k\u00edv\u00fclr\u0151l feszess\u00e9 v\u00e1lik.<\/p>\n<p>\u00d6tletek a sz\u00e9p, sima \u00e9s feszes b\u0151r\u00e9rt:<\/p>\n<p><strong>\u2022<\/strong> Naponta reggel \u00e9s este (sz\u00fcks\u00e9g eset\u00e9n gyakrabban) kenje be az \u00e9rintett helyeket vitaminos test\u00e1pol\u00f3val.<\/p>\n<p><strong>\u2022<\/strong> Igyon naponta 2-3 l vizet, cs\u00f6kkentse vagy teljesen z\u00e1rja ki az alkoholfogyaszt\u00e1st, \u00e9s lehet\u0151leg mozogjon min\u00e9l t\u00f6bbet.<\/p>\n<p><strong>\u2022<\/strong> Vegyen be naponta 6-8 db prebiotikus r\u00e1g\u00f3tablett\u00e1t.<\/p>\n<p><strong>\u2022<\/strong> Vegyen be naponta 2 x 2 m\u00e9r\u0151kan\u00e1lnyi BODY SHAPE-et.<\/p>\n<p><strong>\u2022<\/strong> Fogyasszon kev\u00e9s zs\u00edrt \u00e9s cukrot, tov\u00e1bb\u00e1 min\u00e9l t\u00f6bb rostos \u00e9telt.<\/p>\n<p>Hamarosan az \u00d6n sz\u00e1m\u00e1ra is \u00e9rezhet\u0151 \u00e9s l\u00e1that\u00f3 lesz a siker.<\/p>\n<\/div><div class=\"fusion-clearfix\"><\/div><\/div><\/div><div class=\"fusion-layout-column fusion_builder_column fusion-builder-column-3 fusion_builder_column_1_5 1_5 fusion-one-fifth fusion-column-last\" style=\"--awb-bg-size:cover;width:16.8%;\"><div class=\"fusion-column-wrapper fusion-flex-column-wrapper-legacy\"><div class=\"fusion-column-content-centered\"><div class=\"fusion-column-content\"><div class=\"fusion-image-element in-legacy-container\" style=\"--awb-caption-title-font-family:var(--h2_typography-font-family);--awb-caption-title-font-weight:var(--h2_typography-font-weight);--awb-caption-title-font-style:var(--h2_typography-font-style);--awb-caption-title-size:var(--h2_typography-font-size);--awb-caption-title-transform:var(--h2_typography-text-transform);--awb-caption-title-line-height:var(--h2_typography-line-height);--awb-caption-title-letter-spacing:var(--h2_typography-letter-spacing);\"><span class=\" fusion-imageframe imageframe-none imageframe-2 hover-type-zoomin\" class=\"image-magnify\" class=\"image-scroll\"><img decoding=\"async\" width=\"420\" height=\"1691\" title=\"body lotion\" src=\"https:\/\/vianesse.com\/wp-content\/uploads\/2025\/12\/body-lotion.png\" alt class=\"img-responsive wp-image-18763\" srcset=\"https:\/\/vianesse.com\/wp-content\/uploads\/2025\/12\/body-lotion-200x805.png 200w, https:\/\/vianesse.com\/wp-content\/uploads\/2025\/12\/body-lotion-400x1610.png 400w, https:\/\/vianesse.com\/wp-content\/uploads\/2025\/12\/body-lotion.png 420w\" sizes=\"(max-width: 800px) 100vw, 400px\" \/><\/span><\/div><\/div><\/div><div class=\"fusion-clearfix\"><\/div><\/div><\/div><div class=\"fusion-layout-column fusion_builder_column fusion-builder-column-4 fusion_builder_column_1_1 1_1 fusion-one-full fusion-column-first fusion-column-last fusion-column-no-min-height\" style=\"--awb-bg-size:cover;--awb-margin-bottom:0px;\"><div class=\"fusion-column-wrapper fusion-flex-column-wrapper-legacy\"><div class=\"fusion-clearfix\"><\/div><\/div><\/div><\/div><\/div><div class=\"fusion-fullwidth fullwidth-box fusion-builder-row-4 nonhundred-percent-fullwidth non-hundred-percent-height-scrolling\" style=\"--awb-background-position:left top;--awb-border-sizes-top:0px;--awb-border-sizes-bottom:0px;--awb-border-sizes-left:0px;--awb-border-sizes-right:0px;--awb-border-radius-top-left:0px;--awb-border-radius-top-right:0px;--awb-border-radius-bottom-right:0px;--awb-border-radius-bottom-left:0px;--awb-padding-top:30px;--awb-padding-bottom:10px;\" ><div class=\"fusion-builder-row fusion-row\"><div class=\"fusion-layout-column fusion_builder_column fusion-builder-column-5 fusion_builder_column_1_1 1_1 fusion-one-full fusion-column-first fusion-column-last fusion-column-no-min-height\" style=\"--awb-bg-size:cover;--awb-margin-bottom:0px;\"><div class=\"fusion-column-wrapper fusion-flex-column-wrapper-legacy\"><style type='text\/css'>.reading-box-container-1 .element-bottomshadow:before,.reading-box-container-1 .element-bottomshadow:after{opacity:0.5;}<\/style><div class=\"fusion-reading-box-container reading-box-container-1\" style=\"--awb-title-color:#171717;--awb-margin-top:0px;--awb-margin-bottom:84px;\"><div class=\"reading-box reading-box-center\" style=\"background-color:#ffffff;border-width:1px;border-color:#ebeef1;border-top-width:3px;border-top-color:var(--primary_color);border-style:solid;\"><h2>Legyen <strong>VIANESSE\u00ae VIP \u00fcgyf\u00e9l<\/strong> most!<\/h2><div class=\"reading-box-description fusion-reading-box-additional\">VIANESSE \u2013 min\u0151s\u00e9g, megb\u00edzhat\u00f3s\u00e1g \u00e9s biztons\u00e1g<\/div><div class=\"fusion-clearfix\"><\/div><a class=\"button fusion-button button-default fusion-button-large button-large button-flat fusion-mobile-button continue-center\" style=\"-webkit-box-shadow:none;-moz-box-shadow:none;box-shadow:none;border-radius:2px 2px 2px 2px\" href=\"\/hu\/#karriere\" target=\"_self\"><span>V\u00c1GJON BELE MOST<\/span><\/a><\/div><\/div><div class=\"fusion-clearfix\"><\/div><\/div><\/div><\/div><\/div>\n<\/p>\n","protected":false},"excerpt":{"rendered":"","protected":false},"author":5,"featured_media":0,"parent":0,"menu_order":0,"comment_status":"closed","ping_status":"closed","template":"100-width.php","meta":[],"yoast_head":"<!-- This site is optimized with the Yoast SEO plugin v15.4 - https:\/\/yoast.com\/wordpress\/plugins\/seo\/ -->\n<title>SZ\u00c9PS\u00c9G\u00c1POL\u00c1S VITAMINOS TEST\u00c1POL\u00d3 - VIANESSE<\/title>\n<meta name=\"robots\" content=\"index, follow, max-snippet:-1, max-image-preview:large, max-video-preview:-1\" \/>\n<link rel=\"canonical\" href=\"https:\/\/vianesse.com\/hu\/szepsegapolas-vitaminos-testapolo\" \/>\n<meta property=\"og:locale\" content=\"hu_HU\" \/>\n<meta property=\"og:type\" content=\"article\" \/>\n<meta property=\"og:title\" content=\"SZ\u00c9PS\u00c9G\u00c1POL\u00c1S VITAMINOS TEST\u00c1POL\u00d3 - VIANESSE\" \/>\n<meta property=\"og:url\" content=\"https:\/\/vianesse.com\/hu\/szepsegapolas-vitaminos-testapolo\" \/>\n<meta property=\"og:site_name\" content=\"VIANESSE\" \/>\n<meta property=\"article:publisher\" content=\"https:\/\/www.facebook.com\/Vianesse-144275839580764\/\" \/>\n<meta property=\"article:modified_time\" content=\"2025-12-16T15:55:54+00:00\" \/>\n<meta name=\"twitter:card\" content=\"summary_large_image\" \/>\n<meta name=\"twitter:label1\" content=\"Szerz\u0151:\">\n\t<meta name=\"twitter:data1\" content=\"s h\">\n\t<meta name=\"twitter:label2\" content=\"Becs\u00fclt olvas\u00e1si id\u0151\">\n\t<meta name=\"twitter:data2\" content=\"7 perc\">\n<script type=\"application\/ld+json\" class=\"yoast-schema-graph\">{\"@context\":\"https:\/\/schema.org\",\"@graph\":[{\"@type\":\"Organization\",\"@id\":\"https:\/\/vianesse.com\/hu\/#organization\",\"name\":\"VIANESSE\",\"url\":\"https:\/\/vianesse.com\/hu\/\",\"sameAs\":[\"https:\/\/www.facebook.com\/Vianesse-144275839580764\/\",\"https:\/\/www.youtube.com\/channel\/UCu4kWETEQ20Y-Wlcl77AWGQ\"],\"logo\":{\"@type\":\"ImageObject\",\"@id\":\"https:\/\/vianesse.com\/hu\/#logo\",\"inLanguage\":\"hu\",\"url\":\"https:\/\/vianesse.com\/wp-content\/uploads\/2018\/02\/vianesse_blau_350.png\",\"width\":\"351\",\"height\":\"144\",\"caption\":\"VIANESSE\"},\"image\":{\"@id\":\"https:\/\/vianesse.com\/hu\/#logo\"}},{\"@type\":\"WebSite\",\"@id\":\"https:\/\/vianesse.com\/hu\/#website\",\"url\":\"https:\/\/vianesse.com\/hu\/\",\"name\":\"VIANESSE\",\"description\":\"\",\"publisher\":{\"@id\":\"https:\/\/vianesse.com\/hu\/#organization\"},\"potentialAction\":[{\"@type\":\"SearchAction\",\"target\":\"https:\/\/vianesse.com\/hu\/?s={search_term_string}\",\"query-input\":\"required name=search_term_string\"}],\"inLanguage\":\"hu\"},{\"@type\":\"WebPage\",\"@id\":\"https:\/\/vianesse.com\/hu\/szepsegapolas-vitaminos-testapolo#webpage\",\"url\":\"https:\/\/vianesse.com\/hu\/szepsegapolas-vitaminos-testapolo\",\"name\":\"SZ\\u00c9PS\\u00c9G\\u00c1POL\\u00c1S VITAMINOS TEST\\u00c1POL\\u00d3 - VIANESSE\",\"isPartOf\":{\"@id\":\"https:\/\/vianesse.com\/hu\/#website\"},\"datePublished\":\"2018-01-26T10:43:10+00:00\",\"dateModified\":\"2025-12-16T15:55:54+00:00\",\"inLanguage\":\"hu\",\"potentialAction\":[{\"@type\":\"ReadAction\",\"target\":[\"https:\/\/vianesse.com\/hu\/szepsegapolas-vitaminos-testapolo\"]}]}]}<\/script>\n<!-- \/ Yoast SEO plugin. -->","_links":{"self":[{"href":"https:\/\/vianesse.com\/hu\/wp-json\/wp\/v2\/pages\/2900"}],"collection":[{"href":"https:\/\/vianesse.com\/hu\/wp-json\/wp\/v2\/pages"}],"about":[{"href":"https:\/\/vianesse.com\/hu\/wp-json\/wp\/v2\/types\/page"}],"author":[{"embeddable":true,"href":"https:\/\/vianesse.com\/hu\/wp-json\/wp\/v2\/users\/5"}],"replies":[{"embeddable":true,"href":"https:\/\/vianesse.com\/hu\/wp-json\/wp\/v2\/comments?post=2900"}],"version-history":[{"count":5,"href":"https:\/\/vianesse.com\/hu\/wp-json\/wp\/v2\/pages\/2900\/revisions"}],"predecessor-version":[{"id":18897,"href":"https:\/\/vianesse.com\/hu\/wp-json\/wp\/v2\/pages\/2900\/revisions\/18897"}],"wp:attachment":[{"href":"https:\/\/vianesse.com\/hu\/wp-json\/wp\/v2\/media?parent=2900"}],"curies":[{"name":"wp","href":"https:\/\/api.w.org\/{rel}","templated":true}]}}