{"id":2887,"date":"2018-01-26T10:34:17","date_gmt":"2018-01-26T10:34:17","guid":{"rendered":"http:\/\/new.vianesse.com?page_id=2887"},"modified":"2025-12-16T15:43:26","modified_gmt":"2025-12-16T15:43:26","slug":"szepsegapolas-hydro-repair-maszk","status":"publish","type":"page","link":"https:\/\/vianesse.com\/hu\/szepsegapolas-hydro-repair-maszk","title":{"rendered":"SZ\u00c9PS\u00c9G\u00c1POL\u00c1S HYDRO REPAIR MASZK"},"content":{"rendered":"<p><div class=\"fusion-fullwidth fullwidth-box fusion-builder-row-1 hundred-percent-fullwidth non-hundred-percent-height-scrolling\" style=\"--awb-border-radius-top-left:0px;--awb-border-radius-top-right:0px;--awb-border-radius-bottom-right:0px;--awb-border-radius-bottom-left:0px;\" ><div class=\"fusion-builder-row fusion-row\"><div class=\"fusion-layout-column fusion_builder_column fusion-builder-column-0 fusion_builder_column_1_1 1_1 fusion-one-full fusion-column-first fusion-column-last\" style=\"--awb-bg-size:cover;\"><div class=\"fusion-column-wrapper fusion-flex-column-wrapper-legacy\"><div class=\"fusion-image-element in-legacy-container\" style=\"--awb-caption-title-font-family:var(--h2_typography-font-family);--awb-caption-title-font-weight:var(--h2_typography-font-weight);--awb-caption-title-font-style:var(--h2_typography-font-style);--awb-caption-title-size:var(--h2_typography-font-size);--awb-caption-title-transform:var(--h2_typography-text-transform);--awb-caption-title-line-height:var(--h2_typography-line-height);--awb-caption-title-letter-spacing:var(--h2_typography-letter-spacing);\"><span class=\" fusion-imageframe imageframe-none imageframe-1 hover-type-none\" class=\"image-magnify\" class=\"image-scroll\"><img decoding=\"async\" width=\"2300\" height=\"700\" title=\"Vianesse_KosmetikHeader_HydroRepairMask_Girl\" src=\"https:\/\/vianesse.com\/wp-content\/uploads\/2017\/10\/Vianesse_KosmetikHeader_HydroRepairMask_Girl.jpg\" alt class=\"img-responsive wp-image-5556\" srcset=\"https:\/\/vianesse.com\/wp-content\/uploads\/2017\/10\/Vianesse_KosmetikHeader_HydroRepairMask_Girl-200x61.jpg 200w, https:\/\/vianesse.com\/wp-content\/uploads\/2017\/10\/Vianesse_KosmetikHeader_HydroRepairMask_Girl-400x122.jpg 400w, https:\/\/vianesse.com\/wp-content\/uploads\/2017\/10\/Vianesse_KosmetikHeader_HydroRepairMask_Girl-600x183.jpg 600w, https:\/\/vianesse.com\/wp-content\/uploads\/2017\/10\/Vianesse_KosmetikHeader_HydroRepairMask_Girl-800x243.jpg 800w, https:\/\/vianesse.com\/wp-content\/uploads\/2017\/10\/Vianesse_KosmetikHeader_HydroRepairMask_Girl-1200x365.jpg 1200w, https:\/\/vianesse.com\/wp-content\/uploads\/2017\/10\/Vianesse_KosmetikHeader_HydroRepairMask_Girl.jpg 2300w\" sizes=\"(max-width: 800px) 100vw, 1200px\" \/><\/span><\/div><div class=\"fusion-clearfix\"><\/div><\/div><\/div><\/div><\/div><div class=\"fusion-fullwidth fullwidth-box fusion-builder-row-2 nonhundred-percent-fullwidth non-hundred-percent-height-scrolling\" style=\"--awb-border-radius-top-left:0px;--awb-border-radius-top-right:0px;--awb-border-radius-bottom-right:0px;--awb-border-radius-bottom-left:0px;\" ><div class=\"fusion-builder-row fusion-row\"><div class=\"fusion-layout-column fusion_builder_column fusion-builder-column-1 fusion_builder_column_1_1 1_1 fusion-one-full fusion-column-first fusion-column-last\" style=\"--awb-bg-size:cover;\"><div class=\"fusion-column-wrapper fusion-flex-column-wrapper-legacy\"><div class=\"fusion-sep-clear\"><\/div><div class=\"fusion-separator fusion-full-width-sep\" style=\"margin-left: auto;margin-right: auto;margin-top:8px;margin-bottom:8px;width:100%;\"><\/div><div class=\"fusion-sep-clear\"><\/div><div class=\"fusion-clearfix\"><\/div><\/div><\/div><\/div><\/div><div class=\"fusion-fullwidth fullwidth-box fusion-builder-row-3 nonhundred-percent-fullwidth non-hundred-percent-height-scrolling\" style=\"--awb-background-position:left top;--awb-border-sizes-top:0px;--awb-border-sizes-bottom:0px;--awb-border-sizes-left:0px;--awb-border-sizes-right:0px;--awb-border-radius-top-left:0px;--awb-border-radius-top-right:0px;--awb-border-radius-bottom-right:0px;--awb-border-radius-bottom-left:0px;--awb-padding-top:0px;--awb-padding-bottom:0px;\" ><div class=\"fusion-builder-row fusion-row\"><div class=\"fusion-layout-column fusion_builder_column fusion-builder-column-2 fusion_builder_column_4_5 4_5 fusion-four-fifth fusion-column-first\" style=\"--awb-bg-position:right bottom;--awb-bg-size:cover;width:79.2%; margin-right: 4%;\"><div class=\"fusion-column-wrapper fusion-flex-column-wrapper-legacy\"><div class=\"fusion-text fusion-text-1\"><p style=\"letter-spacing: 4px; font-size: 13px; margin-bottom: 0px;\">A STRESSZ \u00c9S A F\u00c1RADTS\u00c1G EL\u0170Z\u00c9SE<\/p>\n<h1><strong>HYDRO REPAIR MASZK<\/strong><\/h1>\n<\/div><div class=\"fusion-sep-clear\"><\/div><div class=\"fusion-separator fusion-clearfix\" style=\"float:left;margin-top:0px;margin-bottom:20px;width:100%;max-width:50px;\"><div class=\"fusion-separator-border sep-single sep-solid\" style=\"--awb-height:20px;--awb-amount:20px;--awb-sep-color:#cbaa5c;border-color:#cbaa5c;border-top-width:1px;\"><\/div><\/div><div class=\"fusion-sep-clear\"><\/div><div class=\"fusion-text fusion-text-2\"><p>A liposz\u00f3m\u00e1ba \u00e1gyazott komplex Omega planktont tartalmaz\u00f3, h\u00f6lgyek \u00e9s urak \u00e1ltal egyar\u00e1nt alkalmazhat\u00f3, gyeng\u00e9d hat\u00e1s\u00fa Hydro Repair \u00e9jszakai maszk k\u00e9nyeztet\u0151en \u00e1polja az \u00e1sv\u00e1nyi anyagokban sz\u0171k\u00f6lk\u00f6d\u0151 b\u0151rt. M\u00e1r 20 perc eltelt\u00e9vel \u00e9rezni fogja, hogy megszabadult a stresszt\u0151l \u00e9s a f\u00e1radts\u00e1gt\u00f3l. A mang\u00f3mag-vaj \u00e9s a gyapotmagolaj l\u00e1that\u00f3an finomabb \u00e9s l\u00e1gyabb tapint\u00e1st k\u00f6lcs\u00f6n\u00f6z b\u0151r\u00e9nek.<\/p>\n<p><strong>Alkalmaz\u00e1s:<\/strong> Hetente 1-3 alkalommal. A maszk felvitele el\u0151tt alaposan tiszt\u00edtsa meg arc\u00e1t a vitaliz\u00e1l\u00f3 lemos\u00f3 g\u00e9llel, hogy a Hydro Repair \u00e9jszakai maszk hat\u00f3anyagai teljes m\u00e9rt\u00e9kben kifejthess\u00e9k hat\u00e1sukat. A maszk maxim\u00e1lis hat\u00e1s\u00e1nak el\u00e9r\u00e9se \u00e9rdek\u00e9ben ne sajn\u00e1lja mag\u00e1t\u00f3l a kell\u0151 nyugalmat \u00e9s id\u0151t. A tiszt\u00edt\u00e1st k\u00f6vet\u0151en b\u0151s\u00e9ges mennyis\u00e9gben vigye fel a maszkot az arcra, a nyakra \u00e9s a dekolt\u00e1zsra. Hagyja, hogy a maszk 20 percen kereszt\u00fcl kifejtse hat\u00e1s\u00e1t.<br \/>\nVegye figyelembe: A kezel\u00e9st k\u00f6vet\u0151en a Hydro Repair \u00e9jszakai maszkot nem kell lemosni.<\/p>\n<p><strong>Hat\u00f3anyagok \u2013 A hat\u00f3anyagok tulajdons\u00e1gai a szakirodalom szerint: Mang\u00f3mag-vaj, gyapotmagolaj:<\/strong> selymes \u00e9s l\u00e1gy \u00e9rz\u00e9st k\u00f6lcs\u00f6n\u00f6znek a b\u0151rnek.<\/p>\n<p><strong>Omega-plankton:<\/strong> Ezek az alg\u00e1kb\u00f3l k\u00e9sz\u00fclt t\u00f6bbsz\u00f6r\u00f6sen tel\u00edtetlen esszenci\u00e1lis zs\u00edrsavak tengeri eredet\u0171ek; jelent\u0151s m\u00e9rt\u00e9kben fokozz\u00e1k a b\u0151r sz\u00e9ps\u00e9g\u00e9t. Liposz\u00f3m\u00e1ba \u00e1gyazva sokr\u00e9t\u0171en beavatkoznak a b\u0151r fiziol\u00f3giai folyamataiba, \u00e9s seg\u00edtenek meg\u0151rizni a b\u0151r v\u00e9d\u0151g\u00e1tjainak \u00e9ps\u00e9g\u00e9t. Az \u00f6regebb b\u0151r meg\u0151rzi term\u00e9szetes hidrat\u00e1lts\u00e1g\u00e1t, \u00e9s nem sz\u00e1rad ki.<\/p>\n<p><strong>Aminosavak:<\/strong> Az aminosavak liposz\u00f3ma seg\u00edts\u00e9g\u00e9vel jutnak a b\u0151rbe, ahol stimul\u00e1lj\u00e1k a kollag\u00e9n \u00e9s az elasztin szint\u00e9zis\u00e9t. A f\u00e1radt b\u0151r ism\u00e9t feszess\u00e9 \u00e9s rugalmass\u00e1 v\u00e1lik. A kisebb mimikai r\u00e1ncok kisimulnak.<\/p>\n<\/div><div class=\"fusion-clearfix\"><\/div><\/div><\/div><div class=\"fusion-layout-column fusion_builder_column fusion-builder-column-3 fusion_builder_column_1_5 1_5 fusion-one-fifth fusion-column-last\" style=\"--awb-bg-size:cover;width:16.8%;\"><div class=\"fusion-column-wrapper fusion-flex-column-wrapper-legacy\"><div class=\"fusion-column-content-centered\"><div class=\"fusion-column-content\"><div class=\"fusion-image-element in-legacy-container\" style=\"--awb-caption-title-font-family:var(--h2_typography-font-family);--awb-caption-title-font-weight:var(--h2_typography-font-weight);--awb-caption-title-font-style:var(--h2_typography-font-style);--awb-caption-title-size:var(--h2_typography-font-size);--awb-caption-title-transform:var(--h2_typography-text-transform);--awb-caption-title-line-height:var(--h2_typography-line-height);--awb-caption-title-letter-spacing:var(--h2_typography-letter-spacing);\"><span class=\" fusion-imageframe imageframe-none imageframe-2 hover-type-zoomin\" class=\"image-magnify\" class=\"image-scroll\"><img decoding=\"async\" width=\"429\" height=\"1141\" title=\"hydro repair\" src=\"https:\/\/vianesse.com\/wp-content\/uploads\/2025\/12\/hydro-repair.png\" alt class=\"img-responsive wp-image-18789\" srcset=\"https:\/\/vianesse.com\/wp-content\/uploads\/2025\/12\/hydro-repair-200x532.png 200w, https:\/\/vianesse.com\/wp-content\/uploads\/2025\/12\/hydro-repair-400x1064.png 400w, https:\/\/vianesse.com\/wp-content\/uploads\/2025\/12\/hydro-repair.png 429w\" sizes=\"(max-width: 800px) 100vw, 400px\" \/><\/span><\/div><\/div><\/div><div class=\"fusion-clearfix\"><\/div><\/div><\/div><div class=\"fusion-layout-column fusion_builder_column fusion-builder-column-4 fusion_builder_column_1_1 1_1 fusion-one-full fusion-column-first fusion-column-last fusion-column-no-min-height\" style=\"--awb-bg-size:cover;--awb-margin-bottom:0px;\"><div class=\"fusion-column-wrapper fusion-flex-column-wrapper-legacy\"><div class=\"fusion-clearfix\"><\/div><\/div><\/div><\/div><\/div><div class=\"fusion-fullwidth fullwidth-box fusion-builder-row-4 nonhundred-percent-fullwidth non-hundred-percent-height-scrolling\" style=\"--awb-background-position:left top;--awb-border-sizes-top:0px;--awb-border-sizes-bottom:0px;--awb-border-sizes-left:0px;--awb-border-sizes-right:0px;--awb-border-radius-top-left:0px;--awb-border-radius-top-right:0px;--awb-border-radius-bottom-right:0px;--awb-border-radius-bottom-left:0px;--awb-padding-top:30px;--awb-padding-bottom:10px;\" ><div class=\"fusion-builder-row fusion-row\"><div class=\"fusion-layout-column fusion_builder_column fusion-builder-column-5 fusion_builder_column_1_1 1_1 fusion-one-full fusion-column-first fusion-column-last fusion-column-no-min-height\" style=\"--awb-bg-size:cover;--awb-margin-bottom:0px;\"><div class=\"fusion-column-wrapper fusion-flex-column-wrapper-legacy\"><style type='text\/css'>.reading-box-container-1 .element-bottomshadow:before,.reading-box-container-1 .element-bottomshadow:after{opacity:0.5;}<\/style><div class=\"fusion-reading-box-container reading-box-container-1\" style=\"--awb-title-color:#171717;--awb-margin-top:0px;--awb-margin-bottom:84px;\"><div class=\"reading-box reading-box-center\" style=\"background-color:#ffffff;border-width:1px;border-color:#ebeef1;border-top-width:3px;border-top-color:var(--primary_color);border-style:solid;\"><h2>Legyen <strong>VIANESSE\u00ae VIP \u00fcgyf\u00e9l<\/strong> most!<\/h2><div class=\"reading-box-description fusion-reading-box-additional\">VIANESSE \u2013 min\u0151s\u00e9g, megb\u00edzhat\u00f3s\u00e1g \u00e9s biztons\u00e1g<\/div><div class=\"fusion-clearfix\"><\/div><a class=\"button fusion-button button-default fusion-button-large button-large button-flat fusion-mobile-button continue-center\" style=\"-webkit-box-shadow:none;-moz-box-shadow:none;box-shadow:none;border-radius:2px 2px 2px 2px\" href=\"\/hu\/#karriere\" target=\"_self\"><span>V\u00c1GJON BELE MOST<\/span><\/a><\/div><\/div><div class=\"fusion-clearfix\"><\/div><\/div><\/div><\/div><\/div>\n<\/p>\n","protected":false},"excerpt":{"rendered":"","protected":false},"author":5,"featured_media":0,"parent":0,"menu_order":0,"comment_status":"closed","ping_status":"closed","template":"100-width.php","meta":[],"yoast_head":"<!-- This site is optimized with the Yoast SEO plugin v15.4 - https:\/\/yoast.com\/wordpress\/plugins\/seo\/ -->\n<title>SZ\u00c9PS\u00c9G\u00c1POL\u00c1S HYDRO REPAIR MASZK - VIANESSE<\/title>\n<meta name=\"robots\" content=\"index, follow, max-snippet:-1, max-image-preview:large, max-video-preview:-1\" \/>\n<link rel=\"canonical\" href=\"https:\/\/vianesse.com\/hu\/szepsegapolas-hydro-repair-maszk\" \/>\n<meta property=\"og:locale\" content=\"hu_HU\" \/>\n<meta property=\"og:type\" content=\"article\" \/>\n<meta property=\"og:title\" content=\"SZ\u00c9PS\u00c9G\u00c1POL\u00c1S HYDRO REPAIR MASZK - VIANESSE\" \/>\n<meta property=\"og:url\" content=\"https:\/\/vianesse.com\/hu\/szepsegapolas-hydro-repair-maszk\" \/>\n<meta property=\"og:site_name\" content=\"VIANESSE\" \/>\n<meta property=\"article:publisher\" content=\"https:\/\/www.facebook.com\/Vianesse-144275839580764\/\" \/>\n<meta property=\"article:modified_time\" content=\"2025-12-16T15:43:26+00:00\" \/>\n<meta name=\"twitter:card\" content=\"summary_large_image\" \/>\n<meta name=\"twitter:label1\" content=\"Szerz\u0151:\">\n\t<meta name=\"twitter:data1\" content=\"s h\">\n\t<meta name=\"twitter:label2\" content=\"Becs\u00fclt olvas\u00e1si id\u0151\">\n\t<meta name=\"twitter:data2\" content=\"6 perc\">\n<script type=\"application\/ld+json\" class=\"yoast-schema-graph\">{\"@context\":\"https:\/\/schema.org\",\"@graph\":[{\"@type\":\"Organization\",\"@id\":\"https:\/\/vianesse.com\/hu\/#organization\",\"name\":\"VIANESSE\",\"url\":\"https:\/\/vianesse.com\/hu\/\",\"sameAs\":[\"https:\/\/www.facebook.com\/Vianesse-144275839580764\/\",\"https:\/\/www.youtube.com\/channel\/UCu4kWETEQ20Y-Wlcl77AWGQ\"],\"logo\":{\"@type\":\"ImageObject\",\"@id\":\"https:\/\/vianesse.com\/hu\/#logo\",\"inLanguage\":\"hu\",\"url\":\"https:\/\/vianesse.com\/wp-content\/uploads\/2018\/02\/vianesse_blau_350.png\",\"width\":\"351\",\"height\":\"144\",\"caption\":\"VIANESSE\"},\"image\":{\"@id\":\"https:\/\/vianesse.com\/hu\/#logo\"}},{\"@type\":\"WebSite\",\"@id\":\"https:\/\/vianesse.com\/hu\/#website\",\"url\":\"https:\/\/vianesse.com\/hu\/\",\"name\":\"VIANESSE\",\"description\":\"\",\"publisher\":{\"@id\":\"https:\/\/vianesse.com\/hu\/#organization\"},\"potentialAction\":[{\"@type\":\"SearchAction\",\"target\":\"https:\/\/vianesse.com\/hu\/?s={search_term_string}\",\"query-input\":\"required name=search_term_string\"}],\"inLanguage\":\"hu\"},{\"@type\":\"WebPage\",\"@id\":\"https:\/\/vianesse.com\/hu\/szepsegapolas-hydro-repair-maszk#webpage\",\"url\":\"https:\/\/vianesse.com\/hu\/szepsegapolas-hydro-repair-maszk\",\"name\":\"SZ\\u00c9PS\\u00c9G\\u00c1POL\\u00c1S HYDRO REPAIR MASZK - VIANESSE\",\"isPartOf\":{\"@id\":\"https:\/\/vianesse.com\/hu\/#website\"},\"datePublished\":\"2018-01-26T10:34:17+00:00\",\"dateModified\":\"2025-12-16T15:43:26+00:00\",\"inLanguage\":\"hu\",\"potentialAction\":[{\"@type\":\"ReadAction\",\"target\":[\"https:\/\/vianesse.com\/hu\/szepsegapolas-hydro-repair-maszk\"]}]}]}<\/script>\n<!-- \/ Yoast SEO plugin. -->","_links":{"self":[{"href":"https:\/\/vianesse.com\/hu\/wp-json\/wp\/v2\/pages\/2887"}],"collection":[{"href":"https:\/\/vianesse.com\/hu\/wp-json\/wp\/v2\/pages"}],"about":[{"href":"https:\/\/vianesse.com\/hu\/wp-json\/wp\/v2\/types\/page"}],"author":[{"embeddable":true,"href":"https:\/\/vianesse.com\/hu\/wp-json\/wp\/v2\/users\/5"}],"replies":[{"embeddable":true,"href":"https:\/\/vianesse.com\/hu\/wp-json\/wp\/v2\/comments?post=2887"}],"version-history":[{"count":6,"href":"https:\/\/vianesse.com\/hu\/wp-json\/wp\/v2\/pages\/2887\/revisions"}],"predecessor-version":[{"id":18857,"href":"https:\/\/vianesse.com\/hu\/wp-json\/wp\/v2\/pages\/2887\/revisions\/18857"}],"wp:attachment":[{"href":"https:\/\/vianesse.com\/hu\/wp-json\/wp\/v2\/media?parent=2887"}],"curies":[{"name":"wp","href":"https:\/\/api.w.org\/{rel}","templated":true}]}}