{"id":2881,"date":"2018-01-26T10:31:09","date_gmt":"2018-01-26T10:31:09","guid":{"rendered":"http:\/\/new.vianesse.com?page_id=2881"},"modified":"2025-12-16T15:37:24","modified_gmt":"2025-12-16T15:37:24","slug":"szepsegapolas-eye-effect-gel","status":"publish","type":"page","link":"https:\/\/vianesse.com\/hu\/szepsegapolas-eye-effect-gel","title":{"rendered":"SZ\u00c9PS\u00c9G\u00c1POL\u00c1S EYE EFFECT G\u00c9L"},"content":{"rendered":"<p><div class=\"fusion-fullwidth fullwidth-box fusion-builder-row-1 hundred-percent-fullwidth non-hundred-percent-height-scrolling\" style=\"--awb-border-radius-top-left:0px;--awb-border-radius-top-right:0px;--awb-border-radius-bottom-right:0px;--awb-border-radius-bottom-left:0px;\" ><div class=\"fusion-builder-row fusion-row\"><div class=\"fusion-layout-column fusion_builder_column fusion-builder-column-0 fusion_builder_column_1_1 1_1 fusion-one-full fusion-column-first fusion-column-last\" style=\"--awb-bg-size:cover;\"><div class=\"fusion-column-wrapper fusion-flex-column-wrapper-legacy\"><div class=\"fusion-image-element in-legacy-container\" style=\"--awb-caption-title-font-family:var(--h2_typography-font-family);--awb-caption-title-font-weight:var(--h2_typography-font-weight);--awb-caption-title-font-style:var(--h2_typography-font-style);--awb-caption-title-size:var(--h2_typography-font-size);--awb-caption-title-transform:var(--h2_typography-text-transform);--awb-caption-title-line-height:var(--h2_typography-line-height);--awb-caption-title-letter-spacing:var(--h2_typography-letter-spacing);\"><span class=\" fusion-imageframe imageframe-none imageframe-1 hover-type-none\" class=\"image-magnify\" class=\"image-scroll\"><img decoding=\"async\" width=\"2300\" height=\"700\" title=\"Vianesse_KosmetikHeader_EyeEffectGel\" src=\"https:\/\/vianesse.com\/wp-content\/uploads\/2017\/10\/Vianesse_KosmetikHeader_EyeEffectGel.jpg\" alt class=\"img-responsive wp-image-5216\" srcset=\"https:\/\/vianesse.com\/wp-content\/uploads\/2017\/10\/Vianesse_KosmetikHeader_EyeEffectGel-200x61.jpg 200w, https:\/\/vianesse.com\/wp-content\/uploads\/2017\/10\/Vianesse_KosmetikHeader_EyeEffectGel-400x122.jpg 400w, https:\/\/vianesse.com\/wp-content\/uploads\/2017\/10\/Vianesse_KosmetikHeader_EyeEffectGel-600x183.jpg 600w, https:\/\/vianesse.com\/wp-content\/uploads\/2017\/10\/Vianesse_KosmetikHeader_EyeEffectGel-800x243.jpg 800w, https:\/\/vianesse.com\/wp-content\/uploads\/2017\/10\/Vianesse_KosmetikHeader_EyeEffectGel-1200x365.jpg 1200w, https:\/\/vianesse.com\/wp-content\/uploads\/2017\/10\/Vianesse_KosmetikHeader_EyeEffectGel.jpg 2300w\" sizes=\"(max-width: 800px) 100vw, 1200px\" \/><\/span><\/div><div class=\"fusion-clearfix\"><\/div><\/div><\/div><\/div><\/div><div class=\"fusion-fullwidth fullwidth-box fusion-builder-row-2 nonhundred-percent-fullwidth non-hundred-percent-height-scrolling\" style=\"--awb-border-radius-top-left:0px;--awb-border-radius-top-right:0px;--awb-border-radius-bottom-right:0px;--awb-border-radius-bottom-left:0px;\" ><div class=\"fusion-builder-row fusion-row\"><div class=\"fusion-layout-column fusion_builder_column fusion-builder-column-1 fusion_builder_column_1_1 1_1 fusion-one-full fusion-column-first fusion-column-last\" style=\"--awb-bg-size:cover;\"><div class=\"fusion-column-wrapper fusion-flex-column-wrapper-legacy\"><div class=\"fusion-sep-clear\"><\/div><div class=\"fusion-separator fusion-full-width-sep\" style=\"margin-left: auto;margin-right: auto;margin-top:8px;margin-bottom:8px;width:100%;\"><\/div><div class=\"fusion-sep-clear\"><\/div><div class=\"fusion-clearfix\"><\/div><\/div><\/div><\/div><\/div><div class=\"fusion-fullwidth fullwidth-box fusion-builder-row-3 nonhundred-percent-fullwidth non-hundred-percent-height-scrolling\" style=\"--awb-background-position:left top;--awb-border-sizes-top:0px;--awb-border-sizes-bottom:0px;--awb-border-sizes-left:0px;--awb-border-sizes-right:0px;--awb-border-radius-top-left:0px;--awb-border-radius-top-right:0px;--awb-border-radius-bottom-right:0px;--awb-border-radius-bottom-left:0px;--awb-padding-top:0px;--awb-padding-bottom:0px;\" ><div class=\"fusion-builder-row fusion-row\"><div class=\"fusion-layout-column fusion_builder_column fusion-builder-column-2 fusion_builder_column_4_5 4_5 fusion-four-fifth fusion-column-first\" style=\"--awb-bg-position:right bottom;--awb-bg-size:cover;width:79.2%; margin-right: 4%;\"><div class=\"fusion-column-wrapper fusion-flex-column-wrapper-legacy\"><div class=\"fusion-text fusion-text-1\"><p style=\"letter-spacing: 4px; font-size: 13px; margin-bottom: 0px;\">A SIMA B\u0150R\u00c9RT<\/p>\n<h1><strong>EYE EFFECT G\u00c9L<\/strong><\/h1>\n<\/div><div class=\"fusion-sep-clear\"><\/div><div class=\"fusion-separator fusion-clearfix\" style=\"float:left;margin-top:0px;margin-bottom:20px;width:100%;max-width:50px;\"><div class=\"fusion-separator-border sep-single sep-solid\" style=\"--awb-height:20px;--awb-amount:20px;--awb-sep-color:#cbaa5c;border-color:#cbaa5c;border-top-width:1px;\"><\/div><\/div><div class=\"fusion-sep-clear\"><\/div><div class=\"fusion-text fusion-text-2\"><p>A nagy gondoss\u00e1ggal \u00f6sszev\u00e1logatott, liposz\u00f3m\u00e1ba \u00e1gyazott hat\u00f3anyagok r\u00e9v\u00e9n a h\u00f6lgyek \u00e9s urak \u00e1ltal egyar\u00e1nt alkalmazhat\u00f3 Eye Effect szem\u00e1pol\u00f3 g\u00e9l azonnal t\u00f6bb \u00f3r\u00e1n \u00e1t tart\u00f3 \u00faj \u00e9s friss kisug\u00e1rz\u00e1sr\u00f3l gondoskodik. A t\u00e1sk\u00e1s szemek, a szem k\u00f6r\u00fcli s\u00f6t\u00e9t karik\u00e1k \u00e9s r\u00e1ncok napi kezel\u00e9st ig\u00e9nyelnek.<br \/>\nA b\u0151r \u00e9rezhet\u0151en sim\u00e1bb\u00e1 v\u00e1lik, a f\u00e1radts\u00e1g l\u00e1that\u00f3 nyomai pedig elt\u0171nnek.<\/p>\n<p><strong>Alkalmaz\u00e1s:<\/strong> A vitaliz\u00e1l\u00f3 lemos\u00f3 g\u00e9llel v\u00e9gzett tiszt\u00edt\u00e1st k\u00f6vet\u0151en reggelente \u00e9s est\u00e9nk\u00e9nt az ujjbeggyel kopogtatva kell felvinni a szem k\u00f6r\u00fcli \u00e9rz\u00e9keny b\u0151rre. A g\u00e9l gyorsan besz\u00edv\u00f3dik, \u00e9s \u00e9rz\u00e9kelhet\u0151 frissess\u00e9get k\u00f6lcs\u00f6n\u00f6z a b\u0151rnek.<\/p>\n<p><strong>Hat\u00f3anyagok \u2013 A hat\u00f3anyagok tulajdons\u00e1gai a szakirodalom szerint: Fucoidan algakivonat:<\/strong> A Fucoidan barnamoszatokb\u00f3l nyert poliszacharid. A kivontatot az escin \u00e9s a koffein mellett az \u00e1ltalunk kifejlesztett liposz\u00f3m\u00e1b\u00f3l \u00e1ll\u00f3 hordoz\u00f3rendszer seg\u00edts\u00e9g\u00e9vel tov\u00e1bb\u00edtjuk a b\u0151r m\u00e9lyebben fekv\u0151 r\u00e9tegeibe.<br \/>\nStimul\u00e1lja a sejtek regener\u00e1l\u00f3d\u00e1s\u00e1t, optimaliz\u00e1lva azok energiah\u00e1ztart\u00e1s\u00e1t. V\u00e9delmet biztos\u00edt a b\u0151rben tal\u00e1lhat\u00f3 elasztin \u00e9s kollag\u00e9n sz\u00e1m\u00e1ra, tov\u00e1bb\u00e1 megakad\u00e1lyozza a b\u0151r korai \u00f6reged\u00e9s\u00e9t.<\/p>\n<p><strong>Koffein:<\/strong> A koffein, amelyet a b\u0151r m\u00e9lyebb r\u00e9tegeibe tov\u00e1bb\u00edtunk, liposz\u00f3m\u00e1ba \u00e1gyazott form\u00e1ban van jelen. A m\u00e9lyebben fekv\u0151 b\u0151rr\u00e9tegekben akt\u00edvan beavatkozik az anyagcser\u00e9be, \u00e9s stimul\u00e1lja a v\u00e9rkering\u00e9st. El\u0151seg\u00edti a szem k\u00f6r\u00fcli s\u00f6t\u00e9t karik\u00e1k \u00e9s a t\u00e1sk\u00e1s szemek gyors megsz\u00fcntet\u00e9s\u00e9t.<\/p>\n<p><strong>Escin:<\/strong> Az escin kivonat\u00e1t vadgeszteny\u00e9b\u0151l nyerik. A hat\u00f3anyag v\u00e9red\u00e9ny-er\u0151s\u00edt\u0151 hat\u00e1s\u00e1nak k\u00f6sz\u00f6nhet\u0151en fokozza az Eye Effect g\u00e9l pozit\u00edv hat\u00e1s\u00e1t.<\/p>\n<\/div><div class=\"fusion-clearfix\"><\/div><\/div><\/div><div class=\"fusion-layout-column fusion_builder_column fusion-builder-column-3 fusion_builder_column_1_5 1_5 fusion-one-fifth fusion-column-last\" style=\"--awb-bg-size:cover;width:16.8%;\"><div class=\"fusion-column-wrapper fusion-flex-column-wrapper-legacy\"><div class=\"fusion-column-content-centered\"><div class=\"fusion-column-content\"><div class=\"fusion-image-element in-legacy-container\" style=\"--awb-caption-title-font-family:var(--h2_typography-font-family);--awb-caption-title-font-weight:var(--h2_typography-font-weight);--awb-caption-title-font-style:var(--h2_typography-font-style);--awb-caption-title-size:var(--h2_typography-font-size);--awb-caption-title-transform:var(--h2_typography-text-transform);--awb-caption-title-line-height:var(--h2_typography-line-height);--awb-caption-title-letter-spacing:var(--h2_typography-letter-spacing);\"><span class=\" fusion-imageframe imageframe-none imageframe-2 hover-type-zoomin\" class=\"image-magnify\" class=\"image-scroll\"><img decoding=\"async\" width=\"337\" height=\"979\" title=\"eye-gel\" src=\"https:\/\/vianesse.com\/wp-content\/uploads\/2025\/12\/eye-gel.png\" alt class=\"img-responsive wp-image-18776\" srcset=\"https:\/\/vianesse.com\/wp-content\/uploads\/2025\/12\/eye-gel-200x581.png 200w, https:\/\/vianesse.com\/wp-content\/uploads\/2025\/12\/eye-gel.png 337w\" sizes=\"(max-width: 800px) 100vw, 337px\" \/><\/span><\/div><\/div><\/div><div class=\"fusion-clearfix\"><\/div><\/div><\/div><div class=\"fusion-layout-column fusion_builder_column fusion-builder-column-4 fusion_builder_column_1_1 1_1 fusion-one-full fusion-column-first fusion-column-last fusion-column-no-min-height\" style=\"--awb-bg-size:cover;--awb-margin-bottom:0px;\"><div class=\"fusion-column-wrapper fusion-flex-column-wrapper-legacy\"><div class=\"fusion-clearfix\"><\/div><\/div><\/div><\/div><\/div><div class=\"fusion-fullwidth fullwidth-box fusion-builder-row-4 nonhundred-percent-fullwidth non-hundred-percent-height-scrolling\" style=\"--awb-background-position:left top;--awb-border-sizes-top:0px;--awb-border-sizes-bottom:0px;--awb-border-sizes-left:0px;--awb-border-sizes-right:0px;--awb-border-radius-top-left:0px;--awb-border-radius-top-right:0px;--awb-border-radius-bottom-right:0px;--awb-border-radius-bottom-left:0px;--awb-padding-top:30px;--awb-padding-bottom:10px;\" ><div class=\"fusion-builder-row fusion-row\"><div class=\"fusion-layout-column fusion_builder_column fusion-builder-column-5 fusion_builder_column_1_1 1_1 fusion-one-full fusion-column-first fusion-column-last fusion-column-no-min-height\" style=\"--awb-bg-size:cover;--awb-margin-bottom:0px;\"><div class=\"fusion-column-wrapper fusion-flex-column-wrapper-legacy\"><style type='text\/css'>.reading-box-container-1 .element-bottomshadow:before,.reading-box-container-1 .element-bottomshadow:after{opacity:0.5;}<\/style><div class=\"fusion-reading-box-container reading-box-container-1\" style=\"--awb-title-color:#171717;--awb-margin-top:0px;--awb-margin-bottom:84px;\"><div class=\"reading-box reading-box-center\" style=\"background-color:#ffffff;border-width:1px;border-color:#ebeef1;border-top-width:3px;border-top-color:var(--primary_color);border-style:solid;\"><h2>Legyen <strong>VIANESSE\u00ae VIP \u00fcgyf\u00e9l<\/strong> most!<\/h2><div class=\"reading-box-description fusion-reading-box-additional\">VIANESSE \u2013 min\u0151s\u00e9g, megb\u00edzhat\u00f3s\u00e1g \u00e9s biztons\u00e1g<\/div><div class=\"fusion-clearfix\"><\/div><a class=\"button fusion-button button-default fusion-button-large button-large button-flat fusion-mobile-button continue-center\" style=\"-webkit-box-shadow:none;-moz-box-shadow:none;box-shadow:none;border-radius:2px 2px 2px 2px\" href=\"\/hu\/#karriere\" target=\"_self\"><span>V\u00c1GJON BELE MOST<\/span><\/a><\/div><\/div><div class=\"fusion-clearfix\"><\/div><\/div><\/div><\/div><\/div>\n<\/p>\n","protected":false},"excerpt":{"rendered":"","protected":false},"author":5,"featured_media":0,"parent":0,"menu_order":0,"comment_status":"closed","ping_status":"closed","template":"100-width.php","meta":[],"yoast_head":"<!-- This site is optimized with the Yoast SEO plugin v15.4 - https:\/\/yoast.com\/wordpress\/plugins\/seo\/ -->\n<title>SZ\u00c9PS\u00c9G\u00c1POL\u00c1S EYE EFFECT G\u00c9L - VIANESSE<\/title>\n<meta name=\"robots\" content=\"index, follow, max-snippet:-1, max-image-preview:large, max-video-preview:-1\" \/>\n<link rel=\"canonical\" href=\"https:\/\/vianesse.com\/hu\/szepsegapolas-eye-effect-gel\" \/>\n<meta property=\"og:locale\" content=\"hu_HU\" \/>\n<meta property=\"og:type\" content=\"article\" \/>\n<meta property=\"og:title\" content=\"SZ\u00c9PS\u00c9G\u00c1POL\u00c1S EYE EFFECT G\u00c9L - VIANESSE\" \/>\n<meta property=\"og:url\" content=\"https:\/\/vianesse.com\/hu\/szepsegapolas-eye-effect-gel\" \/>\n<meta property=\"og:site_name\" content=\"VIANESSE\" \/>\n<meta property=\"article:publisher\" content=\"https:\/\/www.facebook.com\/Vianesse-144275839580764\/\" \/>\n<meta property=\"article:modified_time\" content=\"2025-12-16T15:37:24+00:00\" \/>\n<meta name=\"twitter:card\" content=\"summary_large_image\" \/>\n<meta name=\"twitter:label1\" content=\"Szerz\u0151:\">\n\t<meta name=\"twitter:data1\" content=\"s h\">\n\t<meta name=\"twitter:label2\" content=\"Becs\u00fclt olvas\u00e1si id\u0151\">\n\t<meta name=\"twitter:data2\" content=\"6 perc\">\n<script type=\"application\/ld+json\" class=\"yoast-schema-graph\">{\"@context\":\"https:\/\/schema.org\",\"@graph\":[{\"@type\":\"Organization\",\"@id\":\"https:\/\/vianesse.com\/hu\/#organization\",\"name\":\"VIANESSE\",\"url\":\"https:\/\/vianesse.com\/hu\/\",\"sameAs\":[\"https:\/\/www.facebook.com\/Vianesse-144275839580764\/\",\"https:\/\/www.youtube.com\/channel\/UCu4kWETEQ20Y-Wlcl77AWGQ\"],\"logo\":{\"@type\":\"ImageObject\",\"@id\":\"https:\/\/vianesse.com\/hu\/#logo\",\"inLanguage\":\"hu\",\"url\":\"https:\/\/vianesse.com\/wp-content\/uploads\/2018\/02\/vianesse_blau_350.png\",\"width\":\"351\",\"height\":\"144\",\"caption\":\"VIANESSE\"},\"image\":{\"@id\":\"https:\/\/vianesse.com\/hu\/#logo\"}},{\"@type\":\"WebSite\",\"@id\":\"https:\/\/vianesse.com\/hu\/#website\",\"url\":\"https:\/\/vianesse.com\/hu\/\",\"name\":\"VIANESSE\",\"description\":\"\",\"publisher\":{\"@id\":\"https:\/\/vianesse.com\/hu\/#organization\"},\"potentialAction\":[{\"@type\":\"SearchAction\",\"target\":\"https:\/\/vianesse.com\/hu\/?s={search_term_string}\",\"query-input\":\"required name=search_term_string\"}],\"inLanguage\":\"hu\"},{\"@type\":\"WebPage\",\"@id\":\"https:\/\/vianesse.com\/hu\/szepsegapolas-eye-effect-gel#webpage\",\"url\":\"https:\/\/vianesse.com\/hu\/szepsegapolas-eye-effect-gel\",\"name\":\"SZ\\u00c9PS\\u00c9G\\u00c1POL\\u00c1S EYE EFFECT G\\u00c9L - VIANESSE\",\"isPartOf\":{\"@id\":\"https:\/\/vianesse.com\/hu\/#website\"},\"datePublished\":\"2018-01-26T10:31:09+00:00\",\"dateModified\":\"2025-12-16T15:37:24+00:00\",\"inLanguage\":\"hu\",\"potentialAction\":[{\"@type\":\"ReadAction\",\"target\":[\"https:\/\/vianesse.com\/hu\/szepsegapolas-eye-effect-gel\"]}]}]}<\/script>\n<!-- \/ Yoast SEO plugin. -->","_links":{"self":[{"href":"https:\/\/vianesse.com\/hu\/wp-json\/wp\/v2\/pages\/2881"}],"collection":[{"href":"https:\/\/vianesse.com\/hu\/wp-json\/wp\/v2\/pages"}],"about":[{"href":"https:\/\/vianesse.com\/hu\/wp-json\/wp\/v2\/types\/page"}],"author":[{"embeddable":true,"href":"https:\/\/vianesse.com\/hu\/wp-json\/wp\/v2\/users\/5"}],"replies":[{"embeddable":true,"href":"https:\/\/vianesse.com\/hu\/wp-json\/wp\/v2\/comments?post=2881"}],"version-history":[{"count":5,"href":"https:\/\/vianesse.com\/hu\/wp-json\/wp\/v2\/pages\/2881\/revisions"}],"predecessor-version":[{"id":18833,"href":"https:\/\/vianesse.com\/hu\/wp-json\/wp\/v2\/pages\/2881\/revisions\/18833"}],"wp:attachment":[{"href":"https:\/\/vianesse.com\/hu\/wp-json\/wp\/v2\/media?parent=2881"}],"curies":[{"name":"wp","href":"https:\/\/api.w.org\/{rel}","templated":true}]}}