{"id":2981,"date":"2018-01-26T11:52:56","date_gmt":"2018-01-26T11:52:56","guid":{"rendered":"http:\/\/new.vianesse.com?page_id=2981"},"modified":"2018-02-01T16:57:01","modified_gmt":"2018-02-01T16:57:01","slug":"nutrition-antiage","status":"publish","type":"page","link":"https:\/\/vianesse.com\/fr\/nutrition-antiage","title":{"rendered":"NUTRITION ANTI\u00c2GE"},"content":{"rendered":"<p><div class=\"fusion-fullwidth fullwidth-box fusion-builder-row-1 hundred-percent-fullwidth non-hundred-percent-height-scrolling\" style=\"--awb-border-radius-top-left:0px;--awb-border-radius-top-right:0px;--awb-border-radius-bottom-right:0px;--awb-border-radius-bottom-left:0px;\" ><div class=\"fusion-builder-row fusion-row\"><div class=\"fusion-layout-column fusion_builder_column fusion-builder-column-0 fusion_builder_column_1_1 1_1 fusion-one-full fusion-column-first fusion-column-last\" style=\"--awb-bg-size:cover;\"><div class=\"fusion-column-wrapper fusion-flex-column-wrapper-legacy\"><div class=\"fusion-image-element in-legacy-container\" style=\"--awb-caption-title-font-family:var(--h2_typography-font-family);--awb-caption-title-font-weight:var(--h2_typography-font-weight);--awb-caption-title-font-style:var(--h2_typography-font-style);--awb-caption-title-size:var(--h2_typography-font-size);--awb-caption-title-transform:var(--h2_typography-text-transform);--awb-caption-title-line-height:var(--h2_typography-line-height);--awb-caption-title-letter-spacing:var(--h2_typography-letter-spacing);\"><span class=\" fusion-imageframe imageframe-none imageframe-1 hover-type-none\" class=\"image-magnify\" class=\"image-scroll\"><img decoding=\"async\" width=\"2300\" height=\"700\" title=\"Vianesse_NahrungHeader_AntiAging_LovelyCouple\" src=\"https:\/\/vianesse.com\/wp-content\/uploads\/2017\/10\/Vianesse_NahrungHeader_AntiAging_LovelyCouple.jpg\" alt class=\"img-responsive wp-image-6075\" srcset=\"https:\/\/vianesse.com\/wp-content\/uploads\/2017\/10\/Vianesse_NahrungHeader_AntiAging_LovelyCouple-200x61.jpg 200w, https:\/\/vianesse.com\/wp-content\/uploads\/2017\/10\/Vianesse_NahrungHeader_AntiAging_LovelyCouple-400x122.jpg 400w, https:\/\/vianesse.com\/wp-content\/uploads\/2017\/10\/Vianesse_NahrungHeader_AntiAging_LovelyCouple-600x183.jpg 600w, https:\/\/vianesse.com\/wp-content\/uploads\/2017\/10\/Vianesse_NahrungHeader_AntiAging_LovelyCouple-800x243.jpg 800w, https:\/\/vianesse.com\/wp-content\/uploads\/2017\/10\/Vianesse_NahrungHeader_AntiAging_LovelyCouple-1200x365.jpg 1200w, https:\/\/vianesse.com\/wp-content\/uploads\/2017\/10\/Vianesse_NahrungHeader_AntiAging_LovelyCouple.jpg 2300w\" sizes=\"(max-width: 800px) 100vw, 1200px\" \/><\/span><\/div><div class=\"fusion-clearfix\"><\/div><\/div><\/div><\/div><\/div><div class=\"fusion-fullwidth fullwidth-box fusion-builder-row-2 nonhundred-percent-fullwidth non-hundred-percent-height-scrolling\" style=\"--awb-border-radius-top-left:0px;--awb-border-radius-top-right:0px;--awb-border-radius-bottom-right:0px;--awb-border-radius-bottom-left:0px;\" ><div class=\"fusion-builder-row fusion-row\"><div class=\"fusion-layout-column fusion_builder_column fusion-builder-column-1 fusion_builder_column_1_1 1_1 fusion-one-full fusion-column-first fusion-column-last\" style=\"--awb-bg-size:cover;\"><div class=\"fusion-column-wrapper fusion-flex-column-wrapper-legacy\"><div class=\"fusion-sep-clear\"><\/div><div class=\"fusion-separator fusion-full-width-sep\" style=\"margin-left: auto;margin-right: auto;margin-top:8px;margin-bottom:8px;width:100%;\"><\/div><div class=\"fusion-sep-clear\"><\/div><div class=\"fusion-clearfix\"><\/div><\/div><\/div><\/div><\/div><div class=\"fusion-fullwidth fullwidth-box fusion-builder-row-3 nonhundred-percent-fullwidth non-hundred-percent-height-scrolling\" style=\"--awb-background-position:left top;--awb-border-radius-top-left:0px;--awb-border-radius-top-right:0px;--awb-border-radius-bottom-right:0px;--awb-border-radius-bottom-left:0px;--awb-padding-top:0px;--awb-padding-bottom:0px;--awb-border-sizes-top:0px;--awb-border-sizes-bottom:0px;\" ><div class=\"fusion-builder-row fusion-row\"><div class=\"fusion-layout-column fusion_builder_column fusion-builder-column-2 fusion_builder_column_4_5 4_5 fusion-four-fifth fusion-column-first\" style=\"--awb-bg-position:right bottom;--awb-bg-size:cover;width:79.2%; margin-right: 4%;\"><div class=\"fusion-column-wrapper fusion-flex-column-wrapper-legacy\"><div class=\"fusion-text fusion-text-1\"><p style=\"letter-spacing: 4px; font-size: 13px; margin-bottom: 0px;\">EN BONNE SANTE DURANT SES BELLES ANNEES<\/p>\n<h1><strong>Qualit\u00e9 de vie, vitalit\u00e9 et sant\u00e9 jusqu\u2019\u00e0 un \u00e2ge avanc\u00e9<\/strong><\/h1>\n<\/div><div class=\"fusion-sep-clear\"><\/div><div class=\"fusion-separator fusion-clearfix\" style=\"float:left;margin-top:0px;margin-bottom:20px;width:100%;max-width:50px;\"><div class=\"fusion-separator-border sep-single sep-solid\" style=\"--awb-height:20px;--awb-amount:20px;--awb-sep-color:#cbaa5c;border-color:#cbaa5c;border-top-width:1px;\"><\/div><\/div><div class=\"fusion-sep-clear\"><\/div><div class=\"fusion-text fusion-text-2\"><p>Les programmes anti\u00e2ge ont pour but de retarder ou de stopper le processus de vieillissement et l\u2019apparition des affections chroniques li\u00e9es \u00e0 l\u2019\u00e2ge. <strong>Les belles ann\u00e9es devraient \u00eatre accompagn\u00e9es d\u2019une bonne qualit\u00e9 de vie, de vitalit\u00e9 et de sant\u00e9. Ce n\u2019est pas \u00e0 tort qu\u2019on d\u00e9crit toujours les acides amin\u00e9s comme les \u00e9l\u00e9ments les plus importants de la vie.<\/strong> Ils sont indispensables \u00e0 l\u2019ensemble des processus m\u00e9tabolique. Un apport insuffisant en acides amin\u00e9s provoque cernes et rides, cheveux fragiles, ongles cassants ou cellulite. Au niveau du vieillissement, les acides amin\u00e9s repr\u00e9sentent de v\u00e9ritables concentr\u00e9s en substance vitale. M\u00eame les chercheurs actuels lient le processus de vieillissement \u00e0 la perte croissante ou \u00e0 l\u2019apport insuffisant d\u2019acides amin\u00e9s. Vous devez s\u00e9lectionner des l\u00e9gumes et des fruits de toutes les couleurs de l\u2019arc-en-ciel pour apporter \u00e0 votre organisme la quantit\u00e9 ad\u00e9quate et adapt\u00e9e en <strong>vitamines, oligo\u00e9l\u00e9ments<\/strong> et <strong>phytonutriments<\/strong> secondaires. Par exemple, les poivrons rouges, verts et jaune contiennent diff\u00e9rentes substances vitales. C\u2019est l\u2019association qui fait la diff\u00e9rence.<\/p>\n<\/div><div class=\"fusion-clearfix\"><\/div><\/div><\/div><div class=\"fusion-layout-column fusion_builder_column fusion-builder-column-3 fusion_builder_column_1_5 1_5 fusion-one-fifth fusion-column-last\" style=\"--awb-bg-size:cover;width:16.8%;\"><div class=\"fusion-column-wrapper fusion-flex-column-wrapper-legacy\"><div class=\"fusion-column-content-centered\"><div class=\"fusion-column-content\"><div class=\"fusion-sep-clear\"><\/div><div class=\"fusion-separator fusion-full-width-sep\" style=\"margin-left: auto;margin-right: auto;margin-bottom:140px;width:100%;\"><\/div><div class=\"fusion-sep-clear\"><\/div><div class=\"fusion-image-element in-legacy-container\" style=\"--awb-caption-title-font-family:var(--h2_typography-font-family);--awb-caption-title-font-weight:var(--h2_typography-font-weight);--awb-caption-title-font-style:var(--h2_typography-font-style);--awb-caption-title-size:var(--h2_typography-font-size);--awb-caption-title-transform:var(--h2_typography-text-transform);--awb-caption-title-line-height:var(--h2_typography-line-height);--awb-caption-title-letter-spacing:var(--h2_typography-letter-spacing);\"><span class=\" fusion-imageframe imageframe-none imageframe-2 hover-type-zoomin\" class=\"image-magnify\" class=\"image-scroll\"><img decoding=\"async\" width=\"237\" height=\"370\" title=\"Vianesse_NahrungProdukt_ShapeShake_Acerola\" src=\"https:\/\/vianesse.com\/wp-content\/uploads\/2017\/10\/Vianesse_NahrungProdukt_ShapeShake_Acerola.jpg\" alt class=\"img-responsive wp-image-5585\" srcset=\"https:\/\/vianesse.com\/wp-content\/uploads\/2017\/10\/Vianesse_NahrungProdukt_ShapeShake_Acerola-200x312.jpg 200w, https:\/\/vianesse.com\/wp-content\/uploads\/2017\/10\/Vianesse_NahrungProdukt_ShapeShake_Acerola.jpg 237w\" sizes=\"(max-width: 800px) 100vw, 237px\" \/><\/span><\/div><\/div><\/div><div class=\"fusion-clearfix\"><\/div><\/div><\/div><div class=\"fusion-layout-column fusion_builder_column fusion-builder-column-4 fusion_builder_column_1_1 1_1 fusion-one-full fusion-column-first fusion-column-last fusion-column-no-min-height\" style=\"--awb-bg-size:cover;--awb-margin-bottom:0px;\"><div class=\"fusion-column-wrapper fusion-flex-column-wrapper-legacy\"><div class=\"fusion-clearfix\"><\/div><\/div><\/div><\/div><\/div><div class=\"fusion-fullwidth fullwidth-box fusion-builder-row-4 nonhundred-percent-fullwidth non-hundred-percent-height-scrolling\" style=\"--awb-background-position:left top;--awb-border-sizes-top:0px;--awb-border-sizes-bottom:0px;--awb-border-sizes-left:0px;--awb-border-sizes-right:0px;--awb-border-radius-top-left:0px;--awb-border-radius-top-right:0px;--awb-border-radius-bottom-right:0px;--awb-border-radius-bottom-left:0px;--awb-padding-top:30px;--awb-padding-bottom:10px;\" ><div class=\"fusion-builder-row fusion-row\"><div class=\"fusion-layout-column fusion_builder_column fusion-builder-column-5 fusion_builder_column_1_1 1_1 fusion-one-full fusion-column-first fusion-column-last fusion-column-no-min-height\" style=\"--awb-bg-size:cover;--awb-margin-bottom:0px;\"><div class=\"fusion-column-wrapper fusion-flex-column-wrapper-legacy\"><style type='text\/css'>.reading-box-container-1 .element-bottomshadow:before,.reading-box-container-1 .element-bottomshadow:after{opacity:0.5;}<\/style><div class=\"fusion-reading-box-container reading-box-container-1\" style=\"--awb-title-color:#171717;--awb-margin-top:0px;--awb-margin-bottom:84px;\"><div class=\"reading-box reading-box-center\" style=\"background-color:#ffffff;border-width:1px;border-color:#ebeef1;border-top-width:3px;border-top-color:var(--primary_color);border-style:solid;\"><h2>Devenez <strong>client VIP VIANESSE\u00ae<\/strong> d\u00e8s maintenant! <\/h2><div class=\"reading-box-description fusion-reading-box-additional\">VIANESSE : qualit\u00e9, fiabilit\u00e9 et s\u00e9curit\u00e9<\/div><div class=\"fusion-clearfix\"><\/div><a class=\"button fusion-button button-default fusion-button-large button-large button-flat fusion-mobile-button continue-center\" style=\"-webkit-box-shadow:none;-moz-box-shadow:none;box-shadow:none;border-radius:2px 2px 2px 2px\" href=\"\/fr\/#karriere\" target=\"_self\"><span>COMMENCER IMMEDIATEMENT<\/span><\/a><\/div><\/div><div class=\"fusion-clearfix\"><\/div><\/div><\/div><\/div><\/div>\n<\/p>\n","protected":false},"excerpt":{"rendered":"","protected":false},"author":5,"featured_media":0,"parent":0,"menu_order":0,"comment_status":"closed","ping_status":"closed","template":"100-width.php","meta":[],"yoast_head":"<!-- This site is optimized with the Yoast SEO plugin v15.4 - https:\/\/yoast.com\/wordpress\/plugins\/seo\/ -->\n<title>NUTRITION ANTI\u00c2GE - VIANESSE<\/title>\n<meta name=\"robots\" content=\"index, follow, max-snippet:-1, max-image-preview:large, max-video-preview:-1\" \/>\n<link rel=\"canonical\" href=\"https:\/\/vianesse.com\/fr\/nutrition-antiage\" \/>\n<meta property=\"og:locale\" content=\"fr_FR\" \/>\n<meta property=\"og:type\" content=\"article\" \/>\n<meta property=\"og:title\" content=\"NUTRITION ANTI\u00c2GE - VIANESSE\" \/>\n<meta property=\"og:url\" content=\"https:\/\/vianesse.com\/fr\/nutrition-antiage\" \/>\n<meta property=\"og:site_name\" content=\"VIANESSE\" \/>\n<meta property=\"article:publisher\" content=\"https:\/\/www.facebook.com\/Vianesse-144275839580764\/\" \/>\n<meta property=\"article:modified_time\" content=\"2018-02-01T16:57:01+00:00\" \/>\n<meta name=\"twitter:card\" content=\"summary_large_image\" \/>\n<meta name=\"twitter:label1\" content=\"\u00c9crit par\">\n\t<meta name=\"twitter:data1\" content=\"s h\">\n\t<meta name=\"twitter:label2\" content=\"Dur\u00e9e de lecture est.\">\n\t<meta name=\"twitter:data2\" content=\"4 minutes\">\n<script type=\"application\/ld+json\" class=\"yoast-schema-graph\">{\"@context\":\"https:\/\/schema.org\",\"@graph\":[{\"@type\":\"Organization\",\"@id\":\"https:\/\/vianesse.com\/fr\/#organization\",\"name\":\"VIANESSE\",\"url\":\"https:\/\/vianesse.com\/fr\/\",\"sameAs\":[\"https:\/\/www.facebook.com\/Vianesse-144275839580764\/\",\"https:\/\/www.youtube.com\/channel\/UCu4kWETEQ20Y-Wlcl77AWGQ\"],\"logo\":{\"@type\":\"ImageObject\",\"@id\":\"https:\/\/vianesse.com\/fr\/#logo\",\"inLanguage\":\"fr-FR\",\"url\":\"https:\/\/vianesse.com\/wp-content\/uploads\/2018\/02\/vianesse_blau_350.png\",\"width\":\"351\",\"height\":\"144\",\"caption\":\"VIANESSE\"},\"image\":{\"@id\":\"https:\/\/vianesse.com\/fr\/#logo\"}},{\"@type\":\"WebSite\",\"@id\":\"https:\/\/vianesse.com\/fr\/#website\",\"url\":\"https:\/\/vianesse.com\/fr\/\",\"name\":\"VIANESSE\",\"description\":\"\",\"publisher\":{\"@id\":\"https:\/\/vianesse.com\/fr\/#organization\"},\"potentialAction\":[{\"@type\":\"SearchAction\",\"target\":\"https:\/\/vianesse.com\/fr\/?s={search_term_string}\",\"query-input\":\"required name=search_term_string\"}],\"inLanguage\":\"fr-FR\"},{\"@type\":\"WebPage\",\"@id\":\"https:\/\/vianesse.com\/fr\/nutrition-antiage#webpage\",\"url\":\"https:\/\/vianesse.com\/fr\/nutrition-antiage\",\"name\":\"NUTRITION ANTI\\u00c2GE - VIANESSE\",\"isPartOf\":{\"@id\":\"https:\/\/vianesse.com\/fr\/#website\"},\"datePublished\":\"2018-01-26T11:52:56+00:00\",\"dateModified\":\"2018-02-01T16:57:01+00:00\",\"inLanguage\":\"fr-FR\",\"potentialAction\":[{\"@type\":\"ReadAction\",\"target\":[\"https:\/\/vianesse.com\/fr\/nutrition-antiage\"]}]}]}<\/script>\n<!-- \/ Yoast SEO plugin. -->","_links":{"self":[{"href":"https:\/\/vianesse.com\/fr\/wp-json\/wp\/v2\/pages\/2981"}],"collection":[{"href":"https:\/\/vianesse.com\/fr\/wp-json\/wp\/v2\/pages"}],"about":[{"href":"https:\/\/vianesse.com\/fr\/wp-json\/wp\/v2\/types\/page"}],"author":[{"embeddable":true,"href":"https:\/\/vianesse.com\/fr\/wp-json\/wp\/v2\/users\/5"}],"replies":[{"embeddable":true,"href":"https:\/\/vianesse.com\/fr\/wp-json\/wp\/v2\/comments?post=2981"}],"version-history":[{"count":5,"href":"https:\/\/vianesse.com\/fr\/wp-json\/wp\/v2\/pages\/2981\/revisions"}],"predecessor-version":[{"id":3465,"href":"https:\/\/vianesse.com\/fr\/wp-json\/wp\/v2\/pages\/2981\/revisions\/3465"}],"wp:attachment":[{"href":"https:\/\/vianesse.com\/fr\/wp-json\/wp\/v2\/media?parent=2981"}],"curies":[{"name":"wp","href":"https:\/\/api.w.org\/{rel}","templated":true}]}}