{"id":2766,"date":"2018-01-25T16:28:17","date_gmt":"2018-01-25T16:28:17","guid":{"rendered":"http:\/\/new.vianesse.com?page_id=2766"},"modified":"2025-12-16T15:55:40","modified_gmt":"2025-12-16T15:55:40","slug":"cosmetiques-vitamin-body-lotion","status":"publish","type":"page","link":"https:\/\/vianesse.com\/fr\/cosmetiques-vitamin-body-lotion","title":{"rendered":"COSM\u00c9TIQUES VITAMIN BODY LOTION"},"content":{"rendered":"<p><div class=\"fusion-fullwidth fullwidth-box fusion-builder-row-1 hundred-percent-fullwidth non-hundred-percent-height-scrolling\" style=\"--awb-border-radius-top-left:0px;--awb-border-radius-top-right:0px;--awb-border-radius-bottom-right:0px;--awb-border-radius-bottom-left:0px;\" ><div class=\"fusion-builder-row fusion-row\"><div class=\"fusion-layout-column fusion_builder_column fusion-builder-column-0 fusion_builder_column_1_1 1_1 fusion-one-full fusion-column-first fusion-column-last\" style=\"--awb-bg-size:cover;\"><div class=\"fusion-column-wrapper fusion-flex-column-wrapper-legacy\"><div class=\"fusion-image-element in-legacy-container\" style=\"--awb-caption-title-font-family:var(--h2_typography-font-family);--awb-caption-title-font-weight:var(--h2_typography-font-weight);--awb-caption-title-font-style:var(--h2_typography-font-style);--awb-caption-title-size:var(--h2_typography-font-size);--awb-caption-title-transform:var(--h2_typography-text-transform);--awb-caption-title-line-height:var(--h2_typography-line-height);--awb-caption-title-letter-spacing:var(--h2_typography-letter-spacing);\"><span class=\" fusion-imageframe imageframe-none imageframe-1 hover-type-none\" class=\"image-magnify\" class=\"image-scroll\"><img decoding=\"async\" width=\"2300\" height=\"700\" title=\"Vianesse_KosmetikHeader_VitaminBodyLotion\" src=\"https:\/\/vianesse.com\/wp-content\/uploads\/2017\/10\/Vianesse_KosmetikHeader_VitaminBodyLotion.jpg\" alt class=\"img-responsive wp-image-5245\" srcset=\"https:\/\/vianesse.com\/wp-content\/uploads\/2017\/10\/Vianesse_KosmetikHeader_VitaminBodyLotion-200x61.jpg 200w, https:\/\/vianesse.com\/wp-content\/uploads\/2017\/10\/Vianesse_KosmetikHeader_VitaminBodyLotion-400x122.jpg 400w, https:\/\/vianesse.com\/wp-content\/uploads\/2017\/10\/Vianesse_KosmetikHeader_VitaminBodyLotion-600x183.jpg 600w, https:\/\/vianesse.com\/wp-content\/uploads\/2017\/10\/Vianesse_KosmetikHeader_VitaminBodyLotion-800x243.jpg 800w, https:\/\/vianesse.com\/wp-content\/uploads\/2017\/10\/Vianesse_KosmetikHeader_VitaminBodyLotion-1200x365.jpg 1200w, https:\/\/vianesse.com\/wp-content\/uploads\/2017\/10\/Vianesse_KosmetikHeader_VitaminBodyLotion.jpg 2300w\" sizes=\"(max-width: 800px) 100vw, 1200px\" \/><\/span><\/div><div class=\"fusion-clearfix\"><\/div><\/div><\/div><\/div><\/div><div class=\"fusion-fullwidth fullwidth-box fusion-builder-row-2 nonhundred-percent-fullwidth non-hundred-percent-height-scrolling\" style=\"--awb-border-radius-top-left:0px;--awb-border-radius-top-right:0px;--awb-border-radius-bottom-right:0px;--awb-border-radius-bottom-left:0px;\" ><div class=\"fusion-builder-row fusion-row\"><div class=\"fusion-layout-column fusion_builder_column fusion-builder-column-1 fusion_builder_column_1_1 1_1 fusion-one-full fusion-column-first fusion-column-last\" style=\"--awb-bg-size:cover;\"><div class=\"fusion-column-wrapper fusion-flex-column-wrapper-legacy\"><div class=\"fusion-sep-clear\"><\/div><div class=\"fusion-separator fusion-full-width-sep\" style=\"margin-left: auto;margin-right: auto;margin-top:8px;margin-bottom:8px;width:100%;\"><\/div><div class=\"fusion-sep-clear\"><\/div><div class=\"fusion-clearfix\"><\/div><\/div><\/div><\/div><\/div><div class=\"fusion-fullwidth fullwidth-box fusion-builder-row-3 nonhundred-percent-fullwidth non-hundred-percent-height-scrolling\" style=\"--awb-background-position:left top;--awb-border-sizes-top:0px;--awb-border-sizes-bottom:0px;--awb-border-sizes-left:0px;--awb-border-sizes-right:0px;--awb-border-radius-top-left:0px;--awb-border-radius-top-right:0px;--awb-border-radius-bottom-right:0px;--awb-border-radius-bottom-left:0px;--awb-padding-top:0px;--awb-padding-bottom:0px;\" ><div class=\"fusion-builder-row fusion-row\"><div class=\"fusion-layout-column fusion_builder_column fusion-builder-column-2 fusion_builder_column_4_5 4_5 fusion-four-fifth fusion-column-first\" style=\"--awb-bg-position:right bottom;--awb-bg-size:cover;width:79.2%; margin-right: 4%;\"><div class=\"fusion-column-wrapper fusion-flex-column-wrapper-legacy\"><div class=\"fusion-text fusion-text-1\"><p style=\"letter-spacing: 4px; font-size: 13px; margin-bottom: 0px;\">POUR UNE PEAU DOUCE ET SOYEUSE<\/p>\n<h1>VITAMIN BODY LOTION<\/h1>\n<\/div><div class=\"fusion-sep-clear\"><\/div><div class=\"fusion-separator fusion-clearfix\" style=\"float:left;margin-top:0px;margin-bottom:20px;width:100%;max-width:50px;\"><div class=\"fusion-separator-border sep-single sep-solid\" style=\"--awb-height:20px;--awb-amount:20px;--awb-sep-color:#cbaa5c;border-color:#cbaa5c;border-top-width:1px;\"><\/div><\/div><div class=\"fusion-sep-clear\"><\/div><div class=\"fusion-text fusion-text-2\"><p><strong>Qu\u2019est-ce que la cellulite\u00a0?<\/strong><\/p>\n<p>La cellulite est un probl\u00e8me d\u2019ordre esth\u00e9tique, elle est li\u00e9e \u00e0 une mauvaise alimentation et \u00e0 des troubles du syst\u00e8me digestif. Il s\u2019agit d\u2019une accumulation de toxines qui se forme dans les intestins. La cellulite trouve son origine dans les intestins. Les aliments y sont m\u00e9tabolis\u00e9s en toxines par les champignons Candida. Ces toxines sont assimil\u00e9es dans le syst\u00e8me sanguin par les parois intestinales. Le corps peut assimiler une petite quantit\u00e9 de toxines gr\u00e2ce \u00e0 l\u2019activit\u00e9 physique (ou au sport), mais lorsque cette quantit\u00e9 devient trop importante, l\u2019organisme les stocke de fa\u00e7on visible au niveau des cuisses. Elles sont tout d\u2019abord neutralis\u00e9es avec de l\u2019eau avant d\u2019\u00eatre fix\u00e9es \u00e0 cet endroit avec de la graisse. Elles ne sont donc plus nocives pour le corps.<\/p>\n<p>Les femmes souffrant de cellulite sont de plus en plus jeunes. Autrefois, les femmes concern\u00e9es avaient entre 25 et 35 ans, mais aujourd\u2019hui elles ont moins de 15 ans. On recense m\u00eame des cas d\u2019enfants de moins de 8 ans qui souffrent d\u00e9j\u00e0 de cellulite. Qu\u2019est-ce qui a chang\u00e9 au cours des 30 derni\u00e8res ann\u00e9es\u00a0? Les habitudes alimentaires se sont consid\u00e9rablement d\u00e9t\u00e9rior\u00e9es. Sucre, pain blanc, graisse, plats cuisin\u00e9s, alcool et m\u00e9dicaments sont consomm\u00e9s pratiquement tous les jours. Ils cr\u00e9ent un terrain propice aux champignons Candida, qui s\u2019en servent pour produire des toxines. Pour traiter la cellulite, il faut en comprendre les causes. On ne prend pas assez en compte le r\u00f4le jou\u00e9 par les toxines issues de la digestion dans la formation de la cellulite. Un traitement \u00e0 base de cr\u00e8mes ordinaires n\u2019aboutit donc pas au r\u00e9sultat escompt\u00e9.<\/p>\n<p><strong>Pourquoi le programme anticellulite de VIANESSE est-il si efficace\u00a0?<\/strong><\/p>\n<p>Le lien entre toxines, eau et graisse est rompu. Parall\u00e8lement, le sang doit \u00eatre en mesure d\u2019absorber les toxines et de les \u00e9vacuer. Il n\u2019y parvient que si l\u2019intestin ne produit plus de nouvelles toxines. Les conditions pour lutter efficacement contre la cellulite sont\u00a0:<\/p>\n<ol>\n<li>La capacit\u00e9 d\u2019une lotion corporelle \u00e0 rompre le lien entre toxines, eau et graisse.<\/li>\n<li>Un intestin en bonne sant\u00e9 (pas de nouvel apport de toxines). C\u2019est ce que permettent les pastilles pr\u00e9biotiques \u00e0 m\u00e2cher VIANESSE, le BODY SHAPE VIANESSE et une alimentation saine, une consommation d\u2019eau pure et de l\u2019exercice physique.<\/li>\n<\/ol>\n<p>Le sang \u00e9vacue les toxines une fois l\u2019intestin nettoy\u00e9 et les muscles d\u00e9velopp\u00e9s de l\u2019int\u00e9rieur gr\u00e2ce \u00e0 un traitement \u00e0 base de pastilles pr\u00e9biotiques \u00e0 m\u00e2cher VIANESSE et du BODY SHAPE VIANESSE. La peau se raffermit donc depuis l\u2019ext\u00e9rieur.<\/p>\n<p>Conseils pour une peau belle, lisse et ferme\u00a0:<\/p>\n<ul>\n<li>Appliquez la Vitamin Body Lotion sur les endroits concern\u00e9s tous les jours, matin et soir (plus souvent si n\u00e9cessaire)<\/li>\n<li>Buvez 2 \u00e0 3 litres d\u2019eau par jour, peu ou pas du tout d\u2019alcool, et faites si possible de l\u2019exercice<\/li>\n<li>Consommez 6 \u00e0 8 pastilles pr\u00e9biotiques \u00e0 m\u00e2cher par jour<\/li>\n<li>Consommez 2 x 2 mesurettes de BODY SHAPE par jour<\/li>\n<li>Optez pour une alimentation pauvre en sucres et en lipides, mais riche en fibres<\/li>\n<\/ul>\n<p>Vous ressentirez et observerez tr\u00e8s rapidement les r\u00e9sultats.<\/p>\n<\/div><div class=\"fusion-clearfix\"><\/div><\/div><\/div><div class=\"fusion-layout-column fusion_builder_column fusion-builder-column-3 fusion_builder_column_1_5 1_5 fusion-one-fifth fusion-column-last\" style=\"--awb-bg-size:cover;width:16.8%;\"><div class=\"fusion-column-wrapper fusion-flex-column-wrapper-legacy\"><div class=\"fusion-column-content-centered\"><div class=\"fusion-column-content\"><div class=\"fusion-image-element in-legacy-container\" style=\"--awb-caption-title-font-family:var(--h2_typography-font-family);--awb-caption-title-font-weight:var(--h2_typography-font-weight);--awb-caption-title-font-style:var(--h2_typography-font-style);--awb-caption-title-size:var(--h2_typography-font-size);--awb-caption-title-transform:var(--h2_typography-text-transform);--awb-caption-title-line-height:var(--h2_typography-line-height);--awb-caption-title-letter-spacing:var(--h2_typography-letter-spacing);\"><span class=\" fusion-imageframe imageframe-none imageframe-2 hover-type-zoomin\" class=\"image-magnify\" class=\"image-scroll\"><img decoding=\"async\" width=\"420\" height=\"1691\" title=\"body lotion\" src=\"https:\/\/vianesse.com\/wp-content\/uploads\/2025\/12\/body-lotion.png\" alt class=\"img-responsive wp-image-18762\" srcset=\"https:\/\/vianesse.com\/wp-content\/uploads\/2025\/12\/body-lotion-200x805.png 200w, https:\/\/vianesse.com\/wp-content\/uploads\/2025\/12\/body-lotion-400x1610.png 400w, https:\/\/vianesse.com\/wp-content\/uploads\/2025\/12\/body-lotion.png 420w\" sizes=\"(max-width: 800px) 100vw, 400px\" \/><\/span><\/div><\/div><\/div><div class=\"fusion-clearfix\"><\/div><\/div><\/div><div class=\"fusion-layout-column fusion_builder_column fusion-builder-column-4 fusion_builder_column_1_1 1_1 fusion-one-full fusion-column-first fusion-column-last fusion-column-no-min-height\" style=\"--awb-bg-size:cover;--awb-margin-bottom:0px;\"><div class=\"fusion-column-wrapper fusion-flex-column-wrapper-legacy\"><div class=\"fusion-clearfix\"><\/div><\/div><\/div><\/div><\/div><div class=\"fusion-fullwidth fullwidth-box fusion-builder-row-4 nonhundred-percent-fullwidth non-hundred-percent-height-scrolling\" style=\"--awb-background-position:left top;--awb-border-sizes-top:0px;--awb-border-sizes-bottom:0px;--awb-border-sizes-left:0px;--awb-border-sizes-right:0px;--awb-border-radius-top-left:0px;--awb-border-radius-top-right:0px;--awb-border-radius-bottom-right:0px;--awb-border-radius-bottom-left:0px;--awb-padding-top:30px;--awb-padding-bottom:10px;\" ><div class=\"fusion-builder-row fusion-row\"><div class=\"fusion-layout-column fusion_builder_column fusion-builder-column-5 fusion_builder_column_1_1 1_1 fusion-one-full fusion-column-first fusion-column-last fusion-column-no-min-height\" style=\"--awb-bg-size:cover;--awb-margin-bottom:0px;\"><div class=\"fusion-column-wrapper fusion-flex-column-wrapper-legacy\"><style type='text\/css'>.reading-box-container-1 .element-bottomshadow:before,.reading-box-container-1 .element-bottomshadow:after{opacity:0.5;}<\/style><div class=\"fusion-reading-box-container reading-box-container-1\" style=\"--awb-title-color:#171717;--awb-margin-top:0px;--awb-margin-bottom:84px;\"><div class=\"reading-box reading-box-center\" style=\"background-color:#ffffff;border-width:1px;border-color:#ebeef1;border-top-width:3px;border-top-color:var(--primary_color);border-style:solid;\"><h2>Devenez <strong>client VIP VIANESSE\u00ae<\/strong> d\u00e8s maintenant! <\/h2><div class=\"reading-box-description fusion-reading-box-additional\">VIANESSE : qualit\u00e9, fiabilit\u00e9 et s\u00e9curit\u00e9<\/div><div class=\"fusion-clearfix\"><\/div><a class=\"button fusion-button button-default fusion-button-large button-large button-flat fusion-mobile-button continue-center\" style=\"-webkit-box-shadow:none;-moz-box-shadow:none;box-shadow:none;border-radius:2px 2px 2px 2px\" href=\"\/#karriere\" target=\"_self\"><span>COMMENCER IMMEDIATEMENT<\/span><\/a><\/div><\/div><div class=\"fusion-clearfix\"><\/div><\/div><\/div><\/div><\/div><\/p>\n","protected":false},"excerpt":{"rendered":"","protected":false},"author":5,"featured_media":0,"parent":0,"menu_order":0,"comment_status":"closed","ping_status":"closed","template":"100-width.php","meta":[],"yoast_head":"<!-- This site is optimized with the Yoast SEO plugin v15.4 - https:\/\/yoast.com\/wordpress\/plugins\/seo\/ -->\n<title>COSM\u00c9TIQUES VITAMIN BODY LOTION - VIANESSE<\/title>\n<meta name=\"robots\" content=\"index, follow, max-snippet:-1, max-image-preview:large, max-video-preview:-1\" \/>\n<link rel=\"canonical\" href=\"https:\/\/vianesse.com\/fr\/cosmetiques-vitamin-body-lotion\" \/>\n<meta property=\"og:locale\" content=\"fr_FR\" \/>\n<meta property=\"og:type\" content=\"article\" \/>\n<meta property=\"og:title\" content=\"COSM\u00c9TIQUES VITAMIN BODY LOTION - VIANESSE\" \/>\n<meta property=\"og:url\" content=\"https:\/\/vianesse.com\/fr\/cosmetiques-vitamin-body-lotion\" \/>\n<meta property=\"og:site_name\" content=\"VIANESSE\" \/>\n<meta property=\"article:publisher\" content=\"https:\/\/www.facebook.com\/Vianesse-144275839580764\/\" \/>\n<meta property=\"article:modified_time\" content=\"2025-12-16T15:55:40+00:00\" \/>\n<meta name=\"twitter:card\" content=\"summary_large_image\" \/>\n<meta name=\"twitter:label1\" content=\"\u00c9crit par\">\n\t<meta name=\"twitter:data1\" content=\"s h\">\n\t<meta name=\"twitter:label2\" content=\"Dur\u00e9e de lecture est.\">\n\t<meta name=\"twitter:data2\" content=\"8 minutes\">\n<script type=\"application\/ld+json\" class=\"yoast-schema-graph\">{\"@context\":\"https:\/\/schema.org\",\"@graph\":[{\"@type\":\"Organization\",\"@id\":\"https:\/\/vianesse.com\/fr\/#organization\",\"name\":\"VIANESSE\",\"url\":\"https:\/\/vianesse.com\/fr\/\",\"sameAs\":[\"https:\/\/www.facebook.com\/Vianesse-144275839580764\/\",\"https:\/\/www.youtube.com\/channel\/UCu4kWETEQ20Y-Wlcl77AWGQ\"],\"logo\":{\"@type\":\"ImageObject\",\"@id\":\"https:\/\/vianesse.com\/fr\/#logo\",\"inLanguage\":\"fr-FR\",\"url\":\"https:\/\/vianesse.com\/wp-content\/uploads\/2018\/02\/vianesse_blau_350.png\",\"width\":\"351\",\"height\":\"144\",\"caption\":\"VIANESSE\"},\"image\":{\"@id\":\"https:\/\/vianesse.com\/fr\/#logo\"}},{\"@type\":\"WebSite\",\"@id\":\"https:\/\/vianesse.com\/fr\/#website\",\"url\":\"https:\/\/vianesse.com\/fr\/\",\"name\":\"VIANESSE\",\"description\":\"\",\"publisher\":{\"@id\":\"https:\/\/vianesse.com\/fr\/#organization\"},\"potentialAction\":[{\"@type\":\"SearchAction\",\"target\":\"https:\/\/vianesse.com\/fr\/?s={search_term_string}\",\"query-input\":\"required name=search_term_string\"}],\"inLanguage\":\"fr-FR\"},{\"@type\":\"WebPage\",\"@id\":\"https:\/\/vianesse.com\/fr\/cosmetiques-vitamin-body-lotion#webpage\",\"url\":\"https:\/\/vianesse.com\/fr\/cosmetiques-vitamin-body-lotion\",\"name\":\"COSM\\u00c9TIQUES VITAMIN BODY LOTION - VIANESSE\",\"isPartOf\":{\"@id\":\"https:\/\/vianesse.com\/fr\/#website\"},\"datePublished\":\"2018-01-25T16:28:17+00:00\",\"dateModified\":\"2025-12-16T15:55:40+00:00\",\"inLanguage\":\"fr-FR\",\"potentialAction\":[{\"@type\":\"ReadAction\",\"target\":[\"https:\/\/vianesse.com\/fr\/cosmetiques-vitamin-body-lotion\"]}]}]}<\/script>\n<!-- \/ Yoast SEO plugin. -->","_links":{"self":[{"href":"https:\/\/vianesse.com\/fr\/wp-json\/wp\/v2\/pages\/2766"}],"collection":[{"href":"https:\/\/vianesse.com\/fr\/wp-json\/wp\/v2\/pages"}],"about":[{"href":"https:\/\/vianesse.com\/fr\/wp-json\/wp\/v2\/types\/page"}],"author":[{"embeddable":true,"href":"https:\/\/vianesse.com\/fr\/wp-json\/wp\/v2\/users\/5"}],"replies":[{"embeddable":true,"href":"https:\/\/vianesse.com\/fr\/wp-json\/wp\/v2\/comments?post=2766"}],"version-history":[{"count":5,"href":"https:\/\/vianesse.com\/fr\/wp-json\/wp\/v2\/pages\/2766\/revisions"}],"predecessor-version":[{"id":18896,"href":"https:\/\/vianesse.com\/fr\/wp-json\/wp\/v2\/pages\/2766\/revisions\/18896"}],"wp:attachment":[{"href":"https:\/\/vianesse.com\/fr\/wp-json\/wp\/v2\/media?parent=2766"}],"curies":[{"name":"wp","href":"https:\/\/api.w.org\/{rel}","templated":true}]}}