{"id":2749,"date":"2018-01-25T16:08:00","date_gmt":"2018-01-25T16:08:00","guid":{"rendered":"http:\/\/new.vianesse.com?page_id=2749"},"modified":"2025-12-16T15:37:03","modified_gmt":"2025-12-16T15:37:03","slug":"kosmetik-eye-effect-gel","status":"publish","type":"page","link":"https:\/\/vianesse.com\/fr\/kosmetik-eye-effect-gel","title":{"rendered":"COSM\u00c9TIQUES EYE EFFECT GEL"},"content":{"rendered":"<p><div class=\"fusion-fullwidth fullwidth-box fusion-builder-row-1 hundred-percent-fullwidth non-hundred-percent-height-scrolling\" style=\"--awb-border-radius-top-left:0px;--awb-border-radius-top-right:0px;--awb-border-radius-bottom-right:0px;--awb-border-radius-bottom-left:0px;\" ><div class=\"fusion-builder-row fusion-row\"><div class=\"fusion-layout-column fusion_builder_column fusion-builder-column-0 fusion_builder_column_1_1 1_1 fusion-one-full fusion-column-first fusion-column-last\" style=\"--awb-bg-size:cover;\"><div class=\"fusion-column-wrapper fusion-flex-column-wrapper-legacy\"><div class=\"fusion-image-element in-legacy-container\" style=\"--awb-caption-title-font-family:var(--h2_typography-font-family);--awb-caption-title-font-weight:var(--h2_typography-font-weight);--awb-caption-title-font-style:var(--h2_typography-font-style);--awb-caption-title-size:var(--h2_typography-font-size);--awb-caption-title-transform:var(--h2_typography-text-transform);--awb-caption-title-line-height:var(--h2_typography-line-height);--awb-caption-title-letter-spacing:var(--h2_typography-letter-spacing);\"><span class=\" fusion-imageframe imageframe-none imageframe-1 hover-type-none\" class=\"image-magnify\" class=\"image-scroll\"><img decoding=\"async\" width=\"2300\" height=\"700\" title=\"Vianesse_KosmetikHeader_EyeEffectGel\" src=\"https:\/\/vianesse.com\/wp-content\/uploads\/2017\/10\/Vianesse_KosmetikHeader_EyeEffectGel.jpg\" alt class=\"img-responsive wp-image-5215\" srcset=\"https:\/\/vianesse.com\/wp-content\/uploads\/2017\/10\/Vianesse_KosmetikHeader_EyeEffectGel-200x61.jpg 200w, https:\/\/vianesse.com\/wp-content\/uploads\/2017\/10\/Vianesse_KosmetikHeader_EyeEffectGel-400x122.jpg 400w, https:\/\/vianesse.com\/wp-content\/uploads\/2017\/10\/Vianesse_KosmetikHeader_EyeEffectGel-600x183.jpg 600w, https:\/\/vianesse.com\/wp-content\/uploads\/2017\/10\/Vianesse_KosmetikHeader_EyeEffectGel-800x243.jpg 800w, https:\/\/vianesse.com\/wp-content\/uploads\/2017\/10\/Vianesse_KosmetikHeader_EyeEffectGel-1200x365.jpg 1200w, https:\/\/vianesse.com\/wp-content\/uploads\/2017\/10\/Vianesse_KosmetikHeader_EyeEffectGel.jpg 2300w\" sizes=\"(max-width: 800px) 100vw, 1200px\" \/><\/span><\/div><div class=\"fusion-clearfix\"><\/div><\/div><\/div><\/div><\/div><div class=\"fusion-fullwidth fullwidth-box fusion-builder-row-2 nonhundred-percent-fullwidth non-hundred-percent-height-scrolling\" style=\"--awb-border-radius-top-left:0px;--awb-border-radius-top-right:0px;--awb-border-radius-bottom-right:0px;--awb-border-radius-bottom-left:0px;\" ><div class=\"fusion-builder-row fusion-row\"><div class=\"fusion-layout-column fusion_builder_column fusion-builder-column-1 fusion_builder_column_1_1 1_1 fusion-one-full fusion-column-first fusion-column-last\" style=\"--awb-bg-size:cover;\"><div class=\"fusion-column-wrapper fusion-flex-column-wrapper-legacy\"><div class=\"fusion-sep-clear\"><\/div><div class=\"fusion-separator fusion-full-width-sep\" style=\"margin-left: auto;margin-right: auto;margin-top:8px;margin-bottom:8px;width:100%;\"><\/div><div class=\"fusion-sep-clear\"><\/div><div class=\"fusion-clearfix\"><\/div><\/div><\/div><\/div><\/div><div class=\"fusion-fullwidth fullwidth-box fusion-builder-row-3 nonhundred-percent-fullwidth non-hundred-percent-height-scrolling\" style=\"--awb-background-position:left top;--awb-border-sizes-top:0px;--awb-border-sizes-bottom:0px;--awb-border-sizes-left:0px;--awb-border-sizes-right:0px;--awb-border-radius-top-left:0px;--awb-border-radius-top-right:0px;--awb-border-radius-bottom-right:0px;--awb-border-radius-bottom-left:0px;--awb-padding-top:0px;--awb-padding-bottom:0px;\" ><div class=\"fusion-builder-row fusion-row\"><div class=\"fusion-layout-column fusion_builder_column fusion-builder-column-2 fusion_builder_column_4_5 4_5 fusion-four-fifth fusion-column-first\" style=\"--awb-bg-position:right bottom;--awb-bg-size:cover;width:79.2%; margin-right: 4%;\"><div class=\"fusion-column-wrapper fusion-flex-column-wrapper-legacy\"><div class=\"fusion-text fusion-text-1\"><p style=\"letter-spacing: 4px; font-size: 13px; margin-bottom: 0px;\">POUR UNE PEAU LISSE<\/p>\n<h1>EYE EFFECT GEL<\/h1>\n<\/div><div class=\"fusion-sep-clear\"><\/div><div class=\"fusion-separator fusion-clearfix\" style=\"float:left;margin-top:0px;margin-bottom:20px;width:100%;max-width:50px;\"><div class=\"fusion-separator-border sep-single sep-solid\" style=\"--awb-height:20px;--awb-amount:20px;--awb-sep-color:#cbaa5c;border-color:#cbaa5c;border-top-width:1px;\"><\/div><\/div><div class=\"fusion-sep-clear\"><\/div><div class=\"fusion-text fusion-text-2\"><p>Le soin Eye Effect Gel pour hommes et femmes redonne imm\u00e9diatement \u00e0 votre peau un \u00e9clat rayonnant de fra\u00eecheur durant plusieurs heures gr\u00e2ce \u00e0 l\u2019association recherch\u00e9e de substances actives \u00e0 encapsulation liposomale. Les poches, les cernes noires et les ridules autour des yeux n\u00e9cessitent un soin quotidien.<br \/>\nLa peau devient plus lisse au toucher et les traces visibles de fatigue disparaissent.<\/p>\n<p><strong>Application:<\/strong> Appliquez matin et soir sur la peau sensible du contour des yeux en tapotant, apr\u00e8s nettoyage du visage avec le Vitalizing Wash Gel. Le gel p\u00e9n\u00e8tre rapidement et procure une sensation de fra\u00eecheur.<\/p>\n<p><strong>Principes actifs \u2013 propri\u00e9t\u00e9s des substances actives selon la litt\u00e9rature sp\u00e9cialis\u00e9e: le fuco\u00efdane (extrait d\u2019algues):<\/strong> Le fuco\u00efdane est un polysaccaride extrait d\u2019algues brunes. Associ\u00e9 \u00e0 l\u2019escine et \u00e0 la caf\u00e9ine, il est transport\u00e9 vers les couches profondes de l\u2019\u00e9piderme via notre technologie liposomale.<br \/>\nIl stimule la r\u00e9g\u00e9n\u00e9ration des cellules en am\u00e9liorant l\u2019\u00e9quilibre \u00e9nerg\u00e9tique \u00e0 l\u2019int\u00e9rieur des cellules. L\u2019\u00e9lastine et le collag\u00e8ne pr\u00e9sents dans la peau sont prot\u00e9g\u00e9s et le vieillissement pr\u00e9matur\u00e9 de la peau emp\u00each\u00e9.<\/p>\n<p><strong>La caf\u00e9ine:<\/strong> La caf\u00e9ine est encapsul\u00e9e dans des liposomes pour \u00eatre achemin\u00e9e vers les couches plus profondes de l\u2019\u00e9piderme. Elle agit activement dans les processus du m\u00e9tabolisme et favorise la circulation sanguine. Elle contribue \u00e0 r\u00e9duire rapidement les cernes et les poches.<\/p>\n<p><strong>L\u2019escine:<\/strong> L\u2019escine est extraite du marronnier indien. Gr\u00e2ce \u00e0 ses propri\u00e9t\u00e9s tonifiantes pour les vaisseaux sanguins, le principe actif contribue \u00e0 l\u2019effet positif du Eye Effect Gel.<\/p>\n<\/div><div class=\"fusion-clearfix\"><\/div><\/div><\/div><div class=\"fusion-layout-column fusion_builder_column fusion-builder-column-3 fusion_builder_column_1_5 1_5 fusion-one-fifth fusion-column-last\" style=\"--awb-bg-size:cover;width:16.8%;\"><div class=\"fusion-column-wrapper fusion-flex-column-wrapper-legacy\"><div class=\"fusion-column-content-centered\"><div class=\"fusion-column-content\"><div class=\"fusion-image-element in-legacy-container\" style=\"--awb-caption-title-font-family:var(--h2_typography-font-family);--awb-caption-title-font-weight:var(--h2_typography-font-weight);--awb-caption-title-font-style:var(--h2_typography-font-style);--awb-caption-title-size:var(--h2_typography-font-size);--awb-caption-title-transform:var(--h2_typography-text-transform);--awb-caption-title-line-height:var(--h2_typography-line-height);--awb-caption-title-letter-spacing:var(--h2_typography-letter-spacing);\"><span class=\" fusion-imageframe imageframe-none imageframe-2 hover-type-zoomin\" class=\"image-magnify\" class=\"image-scroll\"><img decoding=\"async\" width=\"337\" height=\"979\" title=\"eye-gel\" src=\"https:\/\/vianesse.com\/wp-content\/uploads\/2025\/12\/eye-gel.png\" alt class=\"img-responsive wp-image-18775\" srcset=\"https:\/\/vianesse.com\/wp-content\/uploads\/2025\/12\/eye-gel-200x581.png 200w, https:\/\/vianesse.com\/wp-content\/uploads\/2025\/12\/eye-gel.png 337w\" sizes=\"(max-width: 800px) 100vw, 337px\" \/><\/span><\/div><\/div><\/div><div class=\"fusion-clearfix\"><\/div><\/div><\/div><div class=\"fusion-layout-column fusion_builder_column fusion-builder-column-4 fusion_builder_column_1_1 1_1 fusion-one-full fusion-column-first fusion-column-last fusion-column-no-min-height\" style=\"--awb-bg-size:cover;--awb-margin-bottom:0px;\"><div class=\"fusion-column-wrapper fusion-flex-column-wrapper-legacy\"><div class=\"fusion-clearfix\"><\/div><\/div><\/div><\/div><\/div><div class=\"fusion-fullwidth fullwidth-box fusion-builder-row-4 nonhundred-percent-fullwidth non-hundred-percent-height-scrolling\" style=\"--awb-background-position:left top;--awb-border-sizes-top:0px;--awb-border-sizes-bottom:0px;--awb-border-sizes-left:0px;--awb-border-sizes-right:0px;--awb-border-radius-top-left:0px;--awb-border-radius-top-right:0px;--awb-border-radius-bottom-right:0px;--awb-border-radius-bottom-left:0px;--awb-padding-top:30px;--awb-padding-bottom:10px;\" ><div class=\"fusion-builder-row fusion-row\"><div class=\"fusion-layout-column fusion_builder_column fusion-builder-column-5 fusion_builder_column_1_1 1_1 fusion-one-full fusion-column-first fusion-column-last fusion-column-no-min-height\" style=\"--awb-bg-size:cover;--awb-margin-bottom:0px;\"><div class=\"fusion-column-wrapper fusion-flex-column-wrapper-legacy\"><style type='text\/css'>.reading-box-container-1 .element-bottomshadow:before,.reading-box-container-1 .element-bottomshadow:after{opacity:0.5;}<\/style><div class=\"fusion-reading-box-container reading-box-container-1\" style=\"--awb-title-color:#171717;--awb-margin-top:0px;--awb-margin-bottom:84px;\"><div class=\"reading-box reading-box-center\" style=\"background-color:#ffffff;border-width:1px;border-color:#ebeef1;border-top-width:3px;border-top-color:var(--primary_color);border-style:solid;\"><h2>Devenez <strong>client VIP VIANESSE\u00ae<\/strong> d\u00e8s maintenant! <\/h2><div class=\"reading-box-description fusion-reading-box-additional\">VIANESSE : qualit\u00e9, fiabilit\u00e9 et s\u00e9curit\u00e9<\/div><div class=\"fusion-clearfix\"><\/div><a class=\"button fusion-button button-default fusion-button-large button-large button-flat fusion-mobile-button continue-center\" style=\"-webkit-box-shadow:none;-moz-box-shadow:none;box-shadow:none;border-radius:2px 2px 2px 2px\" href=\"\/fr\/#karriere\" target=\"_self\"><span>COMMENCER IMMEDIATEMENT<\/span><\/a><\/div><\/div><div class=\"fusion-clearfix\"><\/div><\/div><\/div><\/div><\/div>\n<\/p>\n","protected":false},"excerpt":{"rendered":"","protected":false},"author":5,"featured_media":0,"parent":0,"menu_order":0,"comment_status":"closed","ping_status":"closed","template":"100-width.php","meta":[],"yoast_head":"<!-- This site is optimized with the Yoast SEO plugin v15.4 - https:\/\/yoast.com\/wordpress\/plugins\/seo\/ -->\n<title>COSM\u00c9TIQUES EYE EFFECT GEL - VIANESSE<\/title>\n<meta name=\"robots\" content=\"index, follow, max-snippet:-1, max-image-preview:large, max-video-preview:-1\" \/>\n<link rel=\"canonical\" href=\"https:\/\/vianesse.com\/fr\/kosmetik-eye-effect-gel\" \/>\n<meta property=\"og:locale\" content=\"fr_FR\" \/>\n<meta property=\"og:type\" content=\"article\" \/>\n<meta property=\"og:title\" content=\"COSM\u00c9TIQUES EYE EFFECT GEL - VIANESSE\" \/>\n<meta property=\"og:url\" content=\"https:\/\/vianesse.com\/fr\/kosmetik-eye-effect-gel\" \/>\n<meta property=\"og:site_name\" content=\"VIANESSE\" \/>\n<meta property=\"article:publisher\" content=\"https:\/\/www.facebook.com\/Vianesse-144275839580764\/\" \/>\n<meta property=\"article:modified_time\" content=\"2025-12-16T15:37:03+00:00\" \/>\n<meta name=\"twitter:card\" content=\"summary_large_image\" \/>\n<meta name=\"twitter:label1\" content=\"\u00c9crit par\">\n\t<meta name=\"twitter:data1\" content=\"s h\">\n\t<meta name=\"twitter:label2\" content=\"Dur\u00e9e de lecture est.\">\n\t<meta name=\"twitter:data2\" content=\"6 minutes\">\n<script type=\"application\/ld+json\" class=\"yoast-schema-graph\">{\"@context\":\"https:\/\/schema.org\",\"@graph\":[{\"@type\":\"Organization\",\"@id\":\"https:\/\/vianesse.com\/fr\/#organization\",\"name\":\"VIANESSE\",\"url\":\"https:\/\/vianesse.com\/fr\/\",\"sameAs\":[\"https:\/\/www.facebook.com\/Vianesse-144275839580764\/\",\"https:\/\/www.youtube.com\/channel\/UCu4kWETEQ20Y-Wlcl77AWGQ\"],\"logo\":{\"@type\":\"ImageObject\",\"@id\":\"https:\/\/vianesse.com\/fr\/#logo\",\"inLanguage\":\"fr-FR\",\"url\":\"https:\/\/vianesse.com\/wp-content\/uploads\/2018\/02\/vianesse_blau_350.png\",\"width\":\"351\",\"height\":\"144\",\"caption\":\"VIANESSE\"},\"image\":{\"@id\":\"https:\/\/vianesse.com\/fr\/#logo\"}},{\"@type\":\"WebSite\",\"@id\":\"https:\/\/vianesse.com\/fr\/#website\",\"url\":\"https:\/\/vianesse.com\/fr\/\",\"name\":\"VIANESSE\",\"description\":\"\",\"publisher\":{\"@id\":\"https:\/\/vianesse.com\/fr\/#organization\"},\"potentialAction\":[{\"@type\":\"SearchAction\",\"target\":\"https:\/\/vianesse.com\/fr\/?s={search_term_string}\",\"query-input\":\"required name=search_term_string\"}],\"inLanguage\":\"fr-FR\"},{\"@type\":\"WebPage\",\"@id\":\"https:\/\/vianesse.com\/fr\/kosmetik-eye-effect-gel#webpage\",\"url\":\"https:\/\/vianesse.com\/fr\/kosmetik-eye-effect-gel\",\"name\":\"COSM\\u00c9TIQUES EYE EFFECT GEL - VIANESSE\",\"isPartOf\":{\"@id\":\"https:\/\/vianesse.com\/fr\/#website\"},\"datePublished\":\"2018-01-25T16:08:00+00:00\",\"dateModified\":\"2025-12-16T15:37:03+00:00\",\"inLanguage\":\"fr-FR\",\"potentialAction\":[{\"@type\":\"ReadAction\",\"target\":[\"https:\/\/vianesse.com\/fr\/kosmetik-eye-effect-gel\"]}]}]}<\/script>\n<!-- \/ Yoast SEO plugin. -->","_links":{"self":[{"href":"https:\/\/vianesse.com\/fr\/wp-json\/wp\/v2\/pages\/2749"}],"collection":[{"href":"https:\/\/vianesse.com\/fr\/wp-json\/wp\/v2\/pages"}],"about":[{"href":"https:\/\/vianesse.com\/fr\/wp-json\/wp\/v2\/types\/page"}],"author":[{"embeddable":true,"href":"https:\/\/vianesse.com\/fr\/wp-json\/wp\/v2\/users\/5"}],"replies":[{"embeddable":true,"href":"https:\/\/vianesse.com\/fr\/wp-json\/wp\/v2\/comments?post=2749"}],"version-history":[{"count":6,"href":"https:\/\/vianesse.com\/fr\/wp-json\/wp\/v2\/pages\/2749\/revisions"}],"predecessor-version":[{"id":18831,"href":"https:\/\/vianesse.com\/fr\/wp-json\/wp\/v2\/pages\/2749\/revisions\/18831"}],"wp:attachment":[{"href":"https:\/\/vianesse.com\/fr\/wp-json\/wp\/v2\/media?parent=2749"}],"curies":[{"name":"wp","href":"https:\/\/api.w.org\/{rel}","templated":true}]}}