{"id":2822,"date":"2018-01-25T17:28:15","date_gmt":"2018-01-25T17:28:15","guid":{"rendered":"http:\/\/new.vianesse.com?page_id=2822"},"modified":"2025-12-16T15:56:47","modified_gmt":"2025-12-16T15:56:47","slug":"cosmetica-vitamin-body-lotion","status":"publish","type":"page","link":"https:\/\/vianesse.com\/es\/cosmetica-vitamin-body-lotion","title":{"rendered":"COSM\u00c9TICA VITAMIN BODY LOTION"},"content":{"rendered":"<p><div class=\"fusion-fullwidth fullwidth-box fusion-builder-row-1 hundred-percent-fullwidth non-hundred-percent-height-scrolling\" style=\"--awb-border-radius-top-left:0px;--awb-border-radius-top-right:0px;--awb-border-radius-bottom-right:0px;--awb-border-radius-bottom-left:0px;\" ><div class=\"fusion-builder-row fusion-row\"><div class=\"fusion-layout-column fusion_builder_column fusion-builder-column-0 fusion_builder_column_1_1 1_1 fusion-one-full fusion-column-first fusion-column-last\" style=\"--awb-bg-size:cover;\"><div class=\"fusion-column-wrapper fusion-flex-column-wrapper-legacy\"><div class=\"fusion-image-element in-legacy-container\" style=\"--awb-caption-title-font-family:var(--h2_typography-font-family);--awb-caption-title-font-weight:var(--h2_typography-font-weight);--awb-caption-title-font-style:var(--h2_typography-font-style);--awb-caption-title-size:var(--h2_typography-font-size);--awb-caption-title-transform:var(--h2_typography-text-transform);--awb-caption-title-line-height:var(--h2_typography-line-height);--awb-caption-title-letter-spacing:var(--h2_typography-letter-spacing);\"><span class=\" fusion-imageframe imageframe-none imageframe-1 hover-type-none\" class=\"image-magnify\" class=\"image-scroll\"><img decoding=\"async\" width=\"2300\" height=\"700\" title=\"Vianesse_KosmetikHeader_VitaminBodyLotion\" src=\"https:\/\/vianesse.com\/wp-content\/uploads\/2017\/10\/Vianesse_KosmetikHeader_VitaminBodyLotion.jpg\" alt class=\"img-responsive wp-image-5250\" srcset=\"https:\/\/vianesse.com\/wp-content\/uploads\/2017\/10\/Vianesse_KosmetikHeader_VitaminBodyLotion-200x61.jpg 200w, https:\/\/vianesse.com\/wp-content\/uploads\/2017\/10\/Vianesse_KosmetikHeader_VitaminBodyLotion-400x122.jpg 400w, https:\/\/vianesse.com\/wp-content\/uploads\/2017\/10\/Vianesse_KosmetikHeader_VitaminBodyLotion-600x183.jpg 600w, https:\/\/vianesse.com\/wp-content\/uploads\/2017\/10\/Vianesse_KosmetikHeader_VitaminBodyLotion-800x243.jpg 800w, https:\/\/vianesse.com\/wp-content\/uploads\/2017\/10\/Vianesse_KosmetikHeader_VitaminBodyLotion-1200x365.jpg 1200w, https:\/\/vianesse.com\/wp-content\/uploads\/2017\/10\/Vianesse_KosmetikHeader_VitaminBodyLotion.jpg 2300w\" sizes=\"(max-width: 800px) 100vw, 2300px\" \/><\/span><\/div><div class=\"fusion-clearfix\"><\/div><\/div><\/div><\/div><\/div><div class=\"fusion-fullwidth fullwidth-box fusion-builder-row-2 nonhundred-percent-fullwidth non-hundred-percent-height-scrolling\" style=\"--awb-border-radius-top-left:0px;--awb-border-radius-top-right:0px;--awb-border-radius-bottom-right:0px;--awb-border-radius-bottom-left:0px;\" ><div class=\"fusion-builder-row fusion-row\"><div class=\"fusion-layout-column fusion_builder_column fusion-builder-column-1 fusion_builder_column_1_1 1_1 fusion-one-full fusion-column-first fusion-column-last\" style=\"--awb-bg-size:cover;\"><div class=\"fusion-column-wrapper fusion-flex-column-wrapper-legacy\"><div class=\"fusion-sep-clear\"><\/div><div class=\"fusion-separator fusion-full-width-sep\" style=\"margin-left: auto;margin-right: auto;margin-top:8px;margin-bottom:8px;width:100%;\"><\/div><div class=\"fusion-sep-clear\"><\/div><div class=\"fusion-clearfix\"><\/div><\/div><\/div><\/div><\/div><div class=\"fusion-fullwidth fullwidth-box fusion-builder-row-3 nonhundred-percent-fullwidth non-hundred-percent-height-scrolling\" style=\"--awb-background-position:left top;--awb-border-sizes-top:0px;--awb-border-sizes-bottom:0px;--awb-border-sizes-left:0px;--awb-border-sizes-right:0px;--awb-border-radius-top-left:0px;--awb-border-radius-top-right:0px;--awb-border-radius-bottom-right:0px;--awb-border-radius-bottom-left:0px;--awb-padding-top:0px;--awb-padding-bottom:0px;\" ><div class=\"fusion-builder-row fusion-row\"><div class=\"fusion-layout-column fusion_builder_column fusion-builder-column-2 fusion_builder_column_4_5 4_5 fusion-four-fifth fusion-column-first\" style=\"--awb-bg-position:right bottom;--awb-bg-size:cover;width:79.2%; margin-right: 4%;\"><div class=\"fusion-column-wrapper fusion-flex-column-wrapper-legacy\"><div class=\"fusion-text fusion-text-1\"><p style=\"letter-spacing: 4px; font-size: 13px; margin-bottom: 0px;\">PARA UNA PIEL TERSA Y SEDOSA<\/p>\n<h1>VITAMIN BODY LOTION<\/h1>\n<\/div><div class=\"fusion-sep-clear\"><\/div><div class=\"fusion-separator fusion-clearfix\" style=\"float:left;margin-top:0px;margin-bottom:20px;width:100%;max-width:50px;\"><div class=\"fusion-separator-border sep-single sep-solid\" style=\"--awb-height:20px;--awb-amount:20px;--awb-sep-color:#cbaa5c;border-color:#cbaa5c;border-top-width:1px;\"><\/div><\/div><div class=\"fusion-sep-clear\"><\/div><div class=\"fusion-text fusion-text-2\"><p><strong>\u00bfQu\u00e9 es la celulitis?<\/strong><\/p>\n<p>La celulitis es un problema cosm\u00e9tico, pero refleja una mala alimentaci\u00f3n y digesti\u00f3n. La celulitis es un residuo t\u00f3xico del organismo que nace en el intestino. La celulitis tiene su origen en el intestino. En \u00e9l, la c\u00e1ndida metaboliza de forma t\u00f3xica los alimentos. Estas toxinas se transmiten al sistema circulatorio a trav\u00e9s de la absorci\u00f3n intestinal. El organismo puede metabolizar una peque\u00f1a cantidad de toxinas mediante el ejercicio (o el deporte), pero si esta cantidad es excesiva, las almacena de forma visible en el muslo. Para que permanezcan all\u00ed, se neutralizan primero con agua y a continuaci\u00f3n se fijan con grasa. De este modo dejan de ser nocivas para el organismo.<\/p>\n<p>Las mujeres aquejadas de celulitis son cada vez m\u00e1s j\u00f3venes. Si bien antes se trataba de mujeres de 25-35 a\u00f1os, hoy la edad ha descendido hasta quedar por debajo de los 15 a\u00f1os. Hay casos de ni\u00f1os menores de 8 a\u00f1os que ya padecen celulitis. \u00bfQu\u00e9 ha cambiado en los \u00faltimos 30 a\u00f1os? Los h\u00e1bitos de comida y bebida han empeorado considerablemente. El az\u00facar, el pan blanco, la grasa, las comidas preparadas, el alcohol y los medicamentos se consumen pr\u00e1cticamente todos los d\u00edas, lo que ofrece el caldo de cultivo ideal para la c\u00e1ndida, que produce toxinas a partir de ellos. Para tratar la celulitis se deben comprender sus causas. No se tiene suficientemente en cuenta que las toxinas de la digesti\u00f3n son responsables de la aparici\u00f3n de la celulitis. Por ello, el tratamiento con cremas convencionales no es efectivo.<\/p>\n<p><strong>\u00bfPor qu\u00e9 es tan eficaz el programa de protecci\u00f3n contra la celulitis de VIANESSE?<\/strong><\/p>\n<p>La uni\u00f3n de toxinas-agua-grasas se rompe. Al mismo tiempo, la sangre debe estar en condiciones de absorber las toxinas y transportarlas para su eliminaci\u00f3n. Esto solo se consigue si el intestino deja de producir toxinas. El requisito para eliminar la celulitis de forma eficaz es:<\/p>\n<p>1. la capacidad de la loci\u00f3n corporal para romper la uni\u00f3n de toxinas-agua-grasas.<\/p>\n<p>2.un intestino sano (\u00a1ning\u00fan suministro de toxinas)! Esto se consigue con la ayuda de VIANESSE Prebiotic Kaudrops y VIANESSE BODY SHAPE, acompa\u00f1ados de una alimentaci\u00f3n sana, ejercicio y agua potable pura.<\/p>\n<p>La sangre transporta las toxinas para su eliminaci\u00f3n cuando el intestino se limpia y los m\u00fasculos se fortalecen gracias al tratamiento interno con VIANESSE Prebiotic Kaudrops y BODY SHAPE. De este modo, la piel se estira por fuera.<\/p>\n<p>Consejos para una piel bonita, lisa y tersa:<\/p>\n<p><strong>\u2022<\/strong> Aplicar la Vitamin Body Lotion en las zonas afectadas cada d\u00eda por la ma\u00f1ana y por la noche (o con mayor frecuencia si es necesario)<\/p>\n<p><strong>\u2022<\/strong> Es bueno beber cada d\u00eda 2-3 litros de agua, poco o nada de alcohol, y el ejercicio<\/p>\n<p><strong>\u2022<\/strong> 6-8 unidades de Prebiotic Kaudrops al d\u00eda<\/p>\n<p><strong>\u2022<\/strong> 2 cucharas dosificadoras de BODY SHAPE 2 veces al d\u00eda<\/p>\n<p><strong>\u2022<\/strong> li&gt;Alimentaci\u00f3n libre de grasas y az\u00facares y rica en fibra<\/p>\n<p>Los resultados pronto ser\u00e1n visibles y tangibles.<\/p>\n<\/div><div class=\"fusion-clearfix\"><\/div><\/div><\/div><div class=\"fusion-layout-column fusion_builder_column fusion-builder-column-3 fusion_builder_column_1_5 1_5 fusion-one-fifth fusion-column-last\" style=\"--awb-bg-size:cover;width:16.8%;\"><div class=\"fusion-column-wrapper fusion-flex-column-wrapper-legacy\"><div class=\"fusion-column-content-centered\"><div class=\"fusion-column-content\"><div class=\"fusion-image-element in-legacy-container\" style=\"--awb-caption-title-font-family:var(--h2_typography-font-family);--awb-caption-title-font-weight:var(--h2_typography-font-weight);--awb-caption-title-font-style:var(--h2_typography-font-style);--awb-caption-title-size:var(--h2_typography-font-size);--awb-caption-title-transform:var(--h2_typography-text-transform);--awb-caption-title-line-height:var(--h2_typography-line-height);--awb-caption-title-letter-spacing:var(--h2_typography-letter-spacing);\"><span class=\" fusion-imageframe imageframe-none imageframe-2 hover-type-zoomin\" class=\"image-magnify\" class=\"image-scroll\"><img decoding=\"async\" width=\"209\" height=\"500\" title=\"Vianesse_KosmetikProdukt_VitaminBodyLotion\" src=\"https:\/\/vianesse.com\/wp-content\/uploads\/2017\/10\/Vianesse_KosmetikProdukt_VitaminBodyLotion-1.jpg\" alt class=\"img-responsive wp-image-5730\" srcset=\"https:\/\/vianesse.com\/wp-content\/uploads\/2017\/10\/Vianesse_KosmetikProdukt_VitaminBodyLotion-1-200x478.jpg 200w, https:\/\/vianesse.com\/wp-content\/uploads\/2017\/10\/Vianesse_KosmetikProdukt_VitaminBodyLotion-1.jpg 209w\" sizes=\"(max-width: 800px) 100vw, 209px\" \/><\/span><\/div><\/div><\/div><div class=\"fusion-clearfix\"><\/div><\/div><\/div><div class=\"fusion-layout-column fusion_builder_column fusion-builder-column-4 fusion_builder_column_1_1 1_1 fusion-one-full fusion-column-first fusion-column-last fusion-column-no-min-height\" style=\"--awb-bg-size:cover;--awb-margin-bottom:0px;\"><div class=\"fusion-column-wrapper fusion-flex-column-wrapper-legacy\"><div class=\"fusion-clearfix\"><\/div><\/div><\/div><\/div><\/div><div class=\"fusion-fullwidth fullwidth-box fusion-builder-row-4 nonhundred-percent-fullwidth non-hundred-percent-height-scrolling\" style=\"--awb-background-position:left top;--awb-border-sizes-top:0px;--awb-border-sizes-bottom:0px;--awb-border-sizes-left:0px;--awb-border-sizes-right:0px;--awb-border-radius-top-left:0px;--awb-border-radius-top-right:0px;--awb-border-radius-bottom-right:0px;--awb-border-radius-bottom-left:0px;--awb-padding-top:30px;--awb-padding-bottom:10px;\" ><div class=\"fusion-builder-row fusion-row\"><div class=\"fusion-layout-column fusion_builder_column fusion-builder-column-5 fusion_builder_column_1_1 1_1 fusion-one-full fusion-column-first fusion-column-last fusion-column-no-min-height\" style=\"--awb-bg-size:cover;--awb-margin-bottom:0px;\"><div class=\"fusion-column-wrapper fusion-flex-column-wrapper-legacy\"><style type='text\/css'>.reading-box-container-1 .element-bottomshadow:before,.reading-box-container-1 .element-bottomshadow:after{opacity:0.5;}<\/style><div class=\"fusion-reading-box-container reading-box-container-1\" style=\"--awb-title-color:#171717;--awb-margin-top:0px;--awb-margin-bottom:84px;\"><div class=\"reading-box reading-box-center\" style=\"background-color:#ffffff;border-width:1px;border-color:#ebeef1;border-top-width:3px;border-top-color:var(--primary_color);border-style:solid;\"><h2>\u00a1H\u00e1gase ahora <strong>cliente VIP de VIANESSE\u00ae<\/strong> !<\/h2><div class=\"reading-box-description fusion-reading-box-additional\">VIANESSE: calidad, fiabilidad y seguridad<\/div><div class=\"fusion-clearfix\"><\/div><a class=\"button fusion-button button-default fusion-button-large button-large button-flat fusion-mobile-button continue-center\" style=\"-webkit-box-shadow:none;-moz-box-shadow:none;box-shadow:none;border-radius:2px 2px 2px 2px\" href=\"\/es\/#karriere\" target=\"_self\"><span>COMENZAR AHORA<\/span><\/a><\/div><\/div><div class=\"fusion-clearfix\"><\/div><\/div><\/div><\/div><\/div>\n<\/p>\n","protected":false},"excerpt":{"rendered":"","protected":false},"author":5,"featured_media":0,"parent":0,"menu_order":0,"comment_status":"closed","ping_status":"closed","template":"100-width.php","meta":[],"yoast_head":"<!-- This site is optimized with the Yoast SEO plugin v15.4 - https:\/\/yoast.com\/wordpress\/plugins\/seo\/ -->\n<title>COSM\u00c9TICA VITAMIN BODY LOTION - VIANESSE<\/title>\n<meta name=\"robots\" content=\"index, follow, max-snippet:-1, max-image-preview:large, max-video-preview:-1\" \/>\n<link rel=\"canonical\" href=\"https:\/\/vianesse.com\/es\/cosmetica-vitamin-body-lotion\" \/>\n<meta property=\"og:locale\" content=\"es_ES\" \/>\n<meta property=\"og:type\" content=\"article\" \/>\n<meta property=\"og:title\" content=\"COSM\u00c9TICA VITAMIN BODY LOTION - VIANESSE\" \/>\n<meta property=\"og:url\" content=\"https:\/\/vianesse.com\/es\/cosmetica-vitamin-body-lotion\" \/>\n<meta property=\"og:site_name\" content=\"VIANESSE\" \/>\n<meta property=\"article:publisher\" content=\"https:\/\/www.facebook.com\/Vianesse-144275839580764\/\" \/>\n<meta property=\"article:modified_time\" content=\"2025-12-16T15:56:47+00:00\" \/>\n<meta name=\"twitter:card\" content=\"summary_large_image\" \/>\n<meta name=\"twitter:label1\" content=\"Escrito por\">\n\t<meta name=\"twitter:data1\" content=\"s h\">\n\t<meta name=\"twitter:label2\" content=\"Tiempo de lectura\">\n\t<meta name=\"twitter:data2\" content=\"6 minutos\">\n<script type=\"application\/ld+json\" class=\"yoast-schema-graph\">{\"@context\":\"https:\/\/schema.org\",\"@graph\":[{\"@type\":\"Organization\",\"@id\":\"https:\/\/vianesse.com\/es\/#organization\",\"name\":\"VIANESSE\",\"url\":\"https:\/\/vianesse.com\/es\/\",\"sameAs\":[\"https:\/\/www.facebook.com\/Vianesse-144275839580764\/\",\"https:\/\/www.youtube.com\/channel\/UCu4kWETEQ20Y-Wlcl77AWGQ\"],\"logo\":{\"@type\":\"ImageObject\",\"@id\":\"https:\/\/vianesse.com\/es\/#logo\",\"inLanguage\":\"es\",\"url\":\"https:\/\/vianesse.com\/wp-content\/uploads\/2018\/02\/vianesse_blau_350.png\",\"width\":\"351\",\"height\":\"144\",\"caption\":\"VIANESSE\"},\"image\":{\"@id\":\"https:\/\/vianesse.com\/es\/#logo\"}},{\"@type\":\"WebSite\",\"@id\":\"https:\/\/vianesse.com\/es\/#website\",\"url\":\"https:\/\/vianesse.com\/es\/\",\"name\":\"VIANESSE\",\"description\":\"\",\"publisher\":{\"@id\":\"https:\/\/vianesse.com\/es\/#organization\"},\"potentialAction\":[{\"@type\":\"SearchAction\",\"target\":\"https:\/\/vianesse.com\/es\/?s={search_term_string}\",\"query-input\":\"required name=search_term_string\"}],\"inLanguage\":\"es\"},{\"@type\":\"WebPage\",\"@id\":\"https:\/\/vianesse.com\/es\/cosmetica-vitamin-body-lotion#webpage\",\"url\":\"https:\/\/vianesse.com\/es\/cosmetica-vitamin-body-lotion\",\"name\":\"COSM\\u00c9TICA VITAMIN BODY LOTION - VIANESSE\",\"isPartOf\":{\"@id\":\"https:\/\/vianesse.com\/es\/#website\"},\"datePublished\":\"2018-01-25T17:28:15+00:00\",\"dateModified\":\"2025-12-16T15:56:47+00:00\",\"inLanguage\":\"es\",\"potentialAction\":[{\"@type\":\"ReadAction\",\"target\":[\"https:\/\/vianesse.com\/es\/cosmetica-vitamin-body-lotion\"]}]}]}<\/script>\n<!-- \/ Yoast SEO plugin. -->","_links":{"self":[{"href":"https:\/\/vianesse.com\/es\/wp-json\/wp\/v2\/pages\/2822"}],"collection":[{"href":"https:\/\/vianesse.com\/es\/wp-json\/wp\/v2\/pages"}],"about":[{"href":"https:\/\/vianesse.com\/es\/wp-json\/wp\/v2\/types\/page"}],"author":[{"embeddable":true,"href":"https:\/\/vianesse.com\/es\/wp-json\/wp\/v2\/users\/5"}],"replies":[{"embeddable":true,"href":"https:\/\/vianesse.com\/es\/wp-json\/wp\/v2\/comments?post=2822"}],"version-history":[{"count":5,"href":"https:\/\/vianesse.com\/es\/wp-json\/wp\/v2\/pages\/2822\/revisions"}],"predecessor-version":[{"id":18901,"href":"https:\/\/vianesse.com\/es\/wp-json\/wp\/v2\/pages\/2822\/revisions\/18901"}],"wp:attachment":[{"href":"https:\/\/vianesse.com\/es\/wp-json\/wp\/v2\/media?parent=2822"}],"curies":[{"name":"wp","href":"https:\/\/api.w.org\/{rel}","templated":true}]}}