{"id":2818,"date":"2018-01-25T17:24:00","date_gmt":"2018-01-25T17:24:00","guid":{"rendered":"http:\/\/new.vianesse.com?page_id=2818"},"modified":"2025-12-16T15:52:32","modified_gmt":"2025-12-16T15:52:32","slug":"cosmetica-vitalizing-wash-gel","status":"publish","type":"page","link":"https:\/\/vianesse.com\/es\/cosmetica-vitalizing-wash-gel","title":{"rendered":"COSM\u00c9TICA VITALIZING WASH GEL"},"content":{"rendered":"<p><div class=\"fusion-fullwidth fullwidth-box fusion-builder-row-1 hundred-percent-fullwidth non-hundred-percent-height-scrolling\" style=\"--awb-border-radius-top-left:0px;--awb-border-radius-top-right:0px;--awb-border-radius-bottom-right:0px;--awb-border-radius-bottom-left:0px;\" ><div class=\"fusion-builder-row fusion-row\"><div class=\"fusion-layout-column fusion_builder_column fusion-builder-column-0 fusion_builder_column_1_1 1_1 fusion-one-full fusion-column-first fusion-column-last\" style=\"--awb-bg-size:cover;\"><div class=\"fusion-column-wrapper fusion-flex-column-wrapper-legacy\"><div class=\"fusion-image-element in-legacy-container\" style=\"--awb-caption-title-font-family:var(--h2_typography-font-family);--awb-caption-title-font-weight:var(--h2_typography-font-weight);--awb-caption-title-font-style:var(--h2_typography-font-style);--awb-caption-title-size:var(--h2_typography-font-size);--awb-caption-title-transform:var(--h2_typography-text-transform);--awb-caption-title-line-height:var(--h2_typography-line-height);--awb-caption-title-letter-spacing:var(--h2_typography-letter-spacing);\"><span class=\" fusion-imageframe imageframe-none imageframe-1 hover-type-none\" class=\"image-magnify\" class=\"image-scroll\"><img decoding=\"async\" width=\"2300\" height=\"700\" title=\"Vianesse_ProduktHeader_WashGel\" src=\"https:\/\/vianesse.com\/wp-content\/uploads\/2017\/11\/Vianesse_ProduktHeader_WashGel.jpg\" alt class=\"img-responsive wp-image-6130\" srcset=\"https:\/\/vianesse.com\/wp-content\/uploads\/2017\/11\/Vianesse_ProduktHeader_WashGel-200x61.jpg 200w, https:\/\/vianesse.com\/wp-content\/uploads\/2017\/11\/Vianesse_ProduktHeader_WashGel-400x122.jpg 400w, https:\/\/vianesse.com\/wp-content\/uploads\/2017\/11\/Vianesse_ProduktHeader_WashGel-600x183.jpg 600w, https:\/\/vianesse.com\/wp-content\/uploads\/2017\/11\/Vianesse_ProduktHeader_WashGel-800x243.jpg 800w, https:\/\/vianesse.com\/wp-content\/uploads\/2017\/11\/Vianesse_ProduktHeader_WashGel-1200x365.jpg 1200w, https:\/\/vianesse.com\/wp-content\/uploads\/2017\/11\/Vianesse_ProduktHeader_WashGel.jpg 2300w\" sizes=\"(max-width: 800px) 100vw, 2300px\" \/><\/span><\/div><div class=\"fusion-clearfix\"><\/div><\/div><\/div><\/div><\/div><div class=\"fusion-fullwidth fullwidth-box fusion-builder-row-2 nonhundred-percent-fullwidth non-hundred-percent-height-scrolling\" style=\"--awb-border-radius-top-left:0px;--awb-border-radius-top-right:0px;--awb-border-radius-bottom-right:0px;--awb-border-radius-bottom-left:0px;\" ><div class=\"fusion-builder-row fusion-row\"><div class=\"fusion-layout-column fusion_builder_column fusion-builder-column-1 fusion_builder_column_1_1 1_1 fusion-one-full fusion-column-first fusion-column-last\" style=\"--awb-bg-size:cover;\"><div class=\"fusion-column-wrapper fusion-flex-column-wrapper-legacy\"><div class=\"fusion-sep-clear\"><\/div><div class=\"fusion-separator fusion-full-width-sep\" style=\"margin-left: auto;margin-right: auto;margin-top:8px;margin-bottom:8px;width:100%;\"><\/div><div class=\"fusion-sep-clear\"><\/div><div class=\"fusion-clearfix\"><\/div><\/div><\/div><\/div><\/div><div class=\"fusion-fullwidth fullwidth-box fusion-builder-row-3 nonhundred-percent-fullwidth non-hundred-percent-height-scrolling\" style=\"--awb-background-position:left top;--awb-border-sizes-top:0px;--awb-border-sizes-bottom:0px;--awb-border-sizes-left:0px;--awb-border-sizes-right:0px;--awb-border-radius-top-left:0px;--awb-border-radius-top-right:0px;--awb-border-radius-bottom-right:0px;--awb-border-radius-bottom-left:0px;--awb-padding-top:0px;--awb-padding-bottom:0px;\" ><div class=\"fusion-builder-row fusion-row\"><div class=\"fusion-layout-column fusion_builder_column fusion-builder-column-2 fusion_builder_column_4_5 4_5 fusion-four-fifth fusion-column-first\" style=\"--awb-bg-position:right bottom;--awb-bg-size:cover;width:79.2%; margin-right: 4%;\"><div class=\"fusion-column-wrapper fusion-flex-column-wrapper-legacy\"><div class=\"fusion-text fusion-text-1\"><p style=\"letter-spacing: 4px; font-size: 13px; margin-bottom: 0px;\">PARA M\u00c1S VITALIDAD Y REGENERACI\u00d3N<\/p>\n<h1>VITALIZING WASH GEL<\/h1>\n<\/div><div class=\"fusion-sep-clear\"><\/div><div class=\"fusion-separator fusion-clearfix\" style=\"float:left;margin-top:0px;margin-bottom:20px;width:100%;max-width:50px;\"><div class=\"fusion-separator-border sep-single sep-solid\" style=\"--awb-height:20px;--awb-amount:20px;--awb-sep-color:#cbaa5c;border-color:#cbaa5c;border-top-width:1px;\"><\/div><\/div><div class=\"fusion-sep-clear\"><\/div><div class=\"fusion-text fusion-text-2\"><p>El gel revitalizante de VIANESSE para hombre y mujer cuida la piel y elimina por completo las impurezas y el maquillaje. Los agentes hidratantes de aloe vera, prote\u00edna de seda y aceite de aguacate y cal\u00e9ndula protegen la piel durante la limpieza. Proporciona una agradable sensaci\u00f3n de suavidad. El cuidado posterior despliega mejor sus efectos y devuelve visiblemente a la piel la vitalidad y regeneraci\u00f3n perdidas.<\/p>\n<p><strong>Aplicaci\u00f3n:<\/strong> hacer espuma en las manos con un poco de agua y aplicar en el rostro, el cuello y el escote h\u00famedos por la ma\u00f1ana y por la noche. Masajear suavemente y a continuaci\u00f3n aclarar con agua abundante.<\/p>\n<p><strong>Sustancias activas \u2013 Propiedades de las sustancias activas seg\u00fan la literatura especializada: aceite de aguacate, aceite de cal\u00e9ndula, prote\u00edna de seda, aloe vera<\/strong><\/p>\n<p><strong>Aloe vera:<\/strong> esta planta contiene un gran n\u00famero de vitaminas, amino\u00e1cidos, minerales, oligoelementos, polisac\u00e1ridos y enzimas. Durante la limpieza act\u00faan calmando y aliviando la piel deteriorada.<\/p>\n<\/div><div class=\"fusion-clearfix\"><\/div><\/div><\/div><div class=\"fusion-layout-column fusion_builder_column fusion-builder-column-3 fusion_builder_column_1_5 1_5 fusion-one-fifth fusion-column-last\" style=\"--awb-bg-size:cover;width:16.8%;\"><div class=\"fusion-column-wrapper fusion-flex-column-wrapper-legacy\"><div class=\"fusion-column-content-centered\"><div class=\"fusion-column-content\"><div class=\"fusion-image-element in-legacy-container\" style=\"--awb-caption-title-font-family:var(--h2_typography-font-family);--awb-caption-title-font-weight:var(--h2_typography-font-weight);--awb-caption-title-font-style:var(--h2_typography-font-style);--awb-caption-title-size:var(--h2_typography-font-size);--awb-caption-title-transform:var(--h2_typography-text-transform);--awb-caption-title-line-height:var(--h2_typography-line-height);--awb-caption-title-letter-spacing:var(--h2_typography-letter-spacing);\"><span class=\" fusion-imageframe imageframe-none imageframe-2 hover-type-zoomin\" class=\"image-magnify\" class=\"image-scroll\"><img decoding=\"async\" width=\"404\" height=\"1691\" title=\"vitalizing-wash-gel\" src=\"https:\/\/vianesse.com\/wp-content\/uploads\/2025\/12\/vitalizing-wash-gel.png\" alt class=\"img-responsive wp-image-18819\" srcset=\"https:\/\/vianesse.com\/wp-content\/uploads\/2025\/12\/vitalizing-wash-gel-200x837.png 200w, https:\/\/vianesse.com\/wp-content\/uploads\/2025\/12\/vitalizing-wash-gel-400x1674.png 400w, https:\/\/vianesse.com\/wp-content\/uploads\/2025\/12\/vitalizing-wash-gel.png 404w\" sizes=\"(max-width: 800px) 100vw, 400px\" \/><\/span><\/div><\/div><\/div><div class=\"fusion-clearfix\"><\/div><\/div><\/div><div class=\"fusion-layout-column fusion_builder_column fusion-builder-column-4 fusion_builder_column_1_1 1_1 fusion-one-full fusion-column-first fusion-column-last fusion-column-no-min-height\" style=\"--awb-bg-size:cover;--awb-margin-bottom:0px;\"><div class=\"fusion-column-wrapper fusion-flex-column-wrapper-legacy\"><div class=\"fusion-clearfix\"><\/div><\/div><\/div><\/div><\/div><div class=\"fusion-fullwidth fullwidth-box fusion-builder-row-4 nonhundred-percent-fullwidth non-hundred-percent-height-scrolling\" style=\"--awb-background-position:left top;--awb-border-sizes-top:0px;--awb-border-sizes-bottom:0px;--awb-border-sizes-left:0px;--awb-border-sizes-right:0px;--awb-border-radius-top-left:0px;--awb-border-radius-top-right:0px;--awb-border-radius-bottom-right:0px;--awb-border-radius-bottom-left:0px;--awb-padding-top:30px;--awb-padding-bottom:10px;\" ><div class=\"fusion-builder-row fusion-row\"><div class=\"fusion-layout-column fusion_builder_column fusion-builder-column-5 fusion_builder_column_1_1 1_1 fusion-one-full fusion-column-first fusion-column-last fusion-column-no-min-height\" style=\"--awb-bg-size:cover;--awb-margin-bottom:0px;\"><div class=\"fusion-column-wrapper fusion-flex-column-wrapper-legacy\"><style type='text\/css'>.reading-box-container-1 .element-bottomshadow:before,.reading-box-container-1 .element-bottomshadow:after{opacity:0.5;}<\/style><div class=\"fusion-reading-box-container reading-box-container-1\" style=\"--awb-title-color:#171717;--awb-margin-top:0px;--awb-margin-bottom:84px;\"><div class=\"reading-box reading-box-center\" style=\"background-color:#ffffff;border-width:1px;border-color:#ebeef1;border-top-width:3px;border-top-color:var(--primary_color);border-style:solid;\"><h2>\u00a1H\u00e1gase ahora <strong>cliente VIP de VIANESSE\u00ae<\/strong> !<\/h2><div class=\"reading-box-description fusion-reading-box-additional\">VIANESSE: calidad, fiabilidad y seguridad<\/div><div class=\"fusion-clearfix\"><\/div><a class=\"button fusion-button button-default fusion-button-large button-large button-flat fusion-mobile-button continue-center\" style=\"-webkit-box-shadow:none;-moz-box-shadow:none;box-shadow:none;border-radius:2px 2px 2px 2px\" href=\"\/es\/#karriere\" target=\"_self\"><span>COMENZAR AHORA<\/span><\/a><\/div><\/div><div class=\"fusion-clearfix\"><\/div><\/div><\/div><\/div><\/div>\n<\/p>\n","protected":false},"excerpt":{"rendered":"","protected":false},"author":5,"featured_media":0,"parent":0,"menu_order":0,"comment_status":"closed","ping_status":"closed","template":"100-width.php","meta":[],"yoast_head":"<!-- This site is optimized with the Yoast SEO plugin v15.4 - https:\/\/yoast.com\/wordpress\/plugins\/seo\/ -->\n<title>COSM\u00c9TICA VITALIZING WASH GEL - VIANESSE<\/title>\n<meta name=\"robots\" content=\"index, follow, max-snippet:-1, max-image-preview:large, max-video-preview:-1\" \/>\n<link rel=\"canonical\" href=\"https:\/\/vianesse.com\/es\/cosmetica-vitalizing-wash-gel\" \/>\n<meta property=\"og:locale\" content=\"es_ES\" \/>\n<meta property=\"og:type\" content=\"article\" \/>\n<meta property=\"og:title\" content=\"COSM\u00c9TICA VITALIZING WASH GEL - VIANESSE\" \/>\n<meta property=\"og:url\" content=\"https:\/\/vianesse.com\/es\/cosmetica-vitalizing-wash-gel\" \/>\n<meta property=\"og:site_name\" content=\"VIANESSE\" \/>\n<meta property=\"article:publisher\" content=\"https:\/\/www.facebook.com\/Vianesse-144275839580764\/\" \/>\n<meta property=\"article:modified_time\" content=\"2025-12-16T15:52:32+00:00\" \/>\n<meta name=\"twitter:card\" content=\"summary_large_image\" \/>\n<meta name=\"twitter:label1\" content=\"Escrito por\">\n\t<meta name=\"twitter:data1\" content=\"s h\">\n\t<meta name=\"twitter:label2\" content=\"Tiempo de lectura\">\n\t<meta name=\"twitter:data2\" content=\"5 minutos\">\n<script type=\"application\/ld+json\" class=\"yoast-schema-graph\">{\"@context\":\"https:\/\/schema.org\",\"@graph\":[{\"@type\":\"Organization\",\"@id\":\"https:\/\/vianesse.com\/es\/#organization\",\"name\":\"VIANESSE\",\"url\":\"https:\/\/vianesse.com\/es\/\",\"sameAs\":[\"https:\/\/www.facebook.com\/Vianesse-144275839580764\/\",\"https:\/\/www.youtube.com\/channel\/UCu4kWETEQ20Y-Wlcl77AWGQ\"],\"logo\":{\"@type\":\"ImageObject\",\"@id\":\"https:\/\/vianesse.com\/es\/#logo\",\"inLanguage\":\"es\",\"url\":\"https:\/\/vianesse.com\/wp-content\/uploads\/2018\/02\/vianesse_blau_350.png\",\"width\":\"351\",\"height\":\"144\",\"caption\":\"VIANESSE\"},\"image\":{\"@id\":\"https:\/\/vianesse.com\/es\/#logo\"}},{\"@type\":\"WebSite\",\"@id\":\"https:\/\/vianesse.com\/es\/#website\",\"url\":\"https:\/\/vianesse.com\/es\/\",\"name\":\"VIANESSE\",\"description\":\"\",\"publisher\":{\"@id\":\"https:\/\/vianesse.com\/es\/#organization\"},\"potentialAction\":[{\"@type\":\"SearchAction\",\"target\":\"https:\/\/vianesse.com\/es\/?s={search_term_string}\",\"query-input\":\"required name=search_term_string\"}],\"inLanguage\":\"es\"},{\"@type\":\"WebPage\",\"@id\":\"https:\/\/vianesse.com\/es\/cosmetica-vitalizing-wash-gel#webpage\",\"url\":\"https:\/\/vianesse.com\/es\/cosmetica-vitalizing-wash-gel\",\"name\":\"COSM\\u00c9TICA VITALIZING WASH GEL - VIANESSE\",\"isPartOf\":{\"@id\":\"https:\/\/vianesse.com\/es\/#website\"},\"datePublished\":\"2018-01-25T17:24:00+00:00\",\"dateModified\":\"2025-12-16T15:52:32+00:00\",\"inLanguage\":\"es\",\"potentialAction\":[{\"@type\":\"ReadAction\",\"target\":[\"https:\/\/vianesse.com\/es\/cosmetica-vitalizing-wash-gel\"]}]}]}<\/script>\n<!-- \/ Yoast SEO plugin. -->","_links":{"self":[{"href":"https:\/\/vianesse.com\/es\/wp-json\/wp\/v2\/pages\/2818"}],"collection":[{"href":"https:\/\/vianesse.com\/es\/wp-json\/wp\/v2\/pages"}],"about":[{"href":"https:\/\/vianesse.com\/es\/wp-json\/wp\/v2\/types\/page"}],"author":[{"embeddable":true,"href":"https:\/\/vianesse.com\/es\/wp-json\/wp\/v2\/users\/5"}],"replies":[{"embeddable":true,"href":"https:\/\/vianesse.com\/es\/wp-json\/wp\/v2\/comments?post=2818"}],"version-history":[{"count":5,"href":"https:\/\/vianesse.com\/es\/wp-json\/wp\/v2\/pages\/2818\/revisions"}],"predecessor-version":[{"id":18889,"href":"https:\/\/vianesse.com\/es\/wp-json\/wp\/v2\/pages\/2818\/revisions\/18889"}],"wp:attachment":[{"href":"https:\/\/vianesse.com\/es\/wp-json\/wp\/v2\/media?parent=2818"}],"curies":[{"name":"wp","href":"https:\/\/api.w.org\/{rel}","templated":true}]}}