{"id":2814,"date":"2018-01-25T17:17:03","date_gmt":"2018-01-25T17:17:03","guid":{"rendered":"http:\/\/new.vianesse.com?page_id=2814"},"modified":"2025-12-16T15:48:53","modified_gmt":"2025-12-16T15:48:53","slug":"cosmetica-protective-24h-creme","status":"publish","type":"page","link":"https:\/\/vianesse.com\/es\/cosmetica-protective-24h-creme","title":{"rendered":"COSM\u00c9TICA PROTECTIVE 24H CREME"},"content":{"rendered":"<p><div class=\"fusion-fullwidth fullwidth-box fusion-builder-row-1 hundred-percent-fullwidth non-hundred-percent-height-scrolling\" style=\"--awb-border-radius-top-left:0px;--awb-border-radius-top-right:0px;--awb-border-radius-bottom-right:0px;--awb-border-radius-bottom-left:0px;\" ><div class=\"fusion-builder-row fusion-row\"><div class=\"fusion-layout-column fusion_builder_column fusion-builder-column-0 fusion_builder_column_1_1 1_1 fusion-one-full fusion-column-first fusion-column-last\" style=\"--awb-bg-size:cover;\"><div class=\"fusion-column-wrapper fusion-flex-column-wrapper-legacy\"><div class=\"fusion-image-element in-legacy-container\" style=\"--awb-caption-title-font-family:var(--h2_typography-font-family);--awb-caption-title-font-weight:var(--h2_typography-font-weight);--awb-caption-title-font-style:var(--h2_typography-font-style);--awb-caption-title-size:var(--h2_typography-font-size);--awb-caption-title-transform:var(--h2_typography-text-transform);--awb-caption-title-line-height:var(--h2_typography-line-height);--awb-caption-title-letter-spacing:var(--h2_typography-letter-spacing);\"><span class=\" fusion-imageframe imageframe-none imageframe-1 hover-type-none\" class=\"image-magnify\" class=\"image-scroll\"><img decoding=\"async\" width=\"2300\" height=\"700\" title=\"Vianesse_KosmetikHeader_Protective24hGel\" src=\"https:\/\/vianesse.com\/wp-content\/uploads\/2017\/10\/Vianesse_KosmetikHeader_Protective24hGel.jpg\" alt class=\"img-responsive wp-image-5170\" srcset=\"https:\/\/vianesse.com\/wp-content\/uploads\/2017\/10\/Vianesse_KosmetikHeader_Protective24hGel-200x61.jpg 200w, https:\/\/vianesse.com\/wp-content\/uploads\/2017\/10\/Vianesse_KosmetikHeader_Protective24hGel-400x122.jpg 400w, https:\/\/vianesse.com\/wp-content\/uploads\/2017\/10\/Vianesse_KosmetikHeader_Protective24hGel-600x183.jpg 600w, https:\/\/vianesse.com\/wp-content\/uploads\/2017\/10\/Vianesse_KosmetikHeader_Protective24hGel-800x243.jpg 800w, https:\/\/vianesse.com\/wp-content\/uploads\/2017\/10\/Vianesse_KosmetikHeader_Protective24hGel-1200x365.jpg 1200w, https:\/\/vianesse.com\/wp-content\/uploads\/2017\/10\/Vianesse_KosmetikHeader_Protective24hGel.jpg 2300w\" sizes=\"(max-width: 800px) 100vw, 2300px\" \/><\/span><\/div><div class=\"fusion-clearfix\"><\/div><\/div><\/div><\/div><\/div><div class=\"fusion-fullwidth fullwidth-box fusion-builder-row-2 nonhundred-percent-fullwidth non-hundred-percent-height-scrolling\" style=\"--awb-border-radius-top-left:0px;--awb-border-radius-top-right:0px;--awb-border-radius-bottom-right:0px;--awb-border-radius-bottom-left:0px;\" ><div class=\"fusion-builder-row fusion-row\"><div class=\"fusion-layout-column fusion_builder_column fusion-builder-column-1 fusion_builder_column_1_1 1_1 fusion-one-full fusion-column-first fusion-column-last\" style=\"--awb-bg-size:cover;\"><div class=\"fusion-column-wrapper fusion-flex-column-wrapper-legacy\"><div class=\"fusion-sep-clear\"><\/div><div class=\"fusion-separator fusion-full-width-sep\" style=\"margin-left: auto;margin-right: auto;margin-top:8px;margin-bottom:8px;width:100%;\"><\/div><div class=\"fusion-sep-clear\"><\/div><div class=\"fusion-clearfix\"><\/div><\/div><\/div><\/div><\/div><div class=\"fusion-fullwidth fullwidth-box fusion-builder-row-3 nonhundred-percent-fullwidth non-hundred-percent-height-scrolling\" style=\"--awb-background-position:left top;--awb-border-sizes-top:0px;--awb-border-sizes-bottom:0px;--awb-border-sizes-left:0px;--awb-border-sizes-right:0px;--awb-border-radius-top-left:0px;--awb-border-radius-top-right:0px;--awb-border-radius-bottom-right:0px;--awb-border-radius-bottom-left:0px;--awb-padding-top:0px;--awb-padding-bottom:0px;\" ><div class=\"fusion-builder-row fusion-row\"><div class=\"fusion-layout-column fusion_builder_column fusion-builder-column-2 fusion_builder_column_4_5 4_5 fusion-four-fifth fusion-column-first\" style=\"--awb-bg-position:right bottom;--awb-bg-size:cover;width:79.2%; margin-right: 4%;\"><div class=\"fusion-column-wrapper fusion-flex-column-wrapper-legacy\"><div class=\"fusion-text fusion-text-1\"><p style=\"letter-spacing: 4px; font-size: 13px; margin-bottom: 0px;\">CUIDADO PARA EL D\u00cdA Y LA NOCHE<\/p>\n<h1>PROTECTIVE 24h CREME<\/h1>\n<\/div><div class=\"fusion-sep-clear\"><\/div><div class=\"fusion-separator fusion-clearfix\" style=\"float:left;margin-top:0px;margin-bottom:20px;width:100%;max-width:50px;\"><div class=\"fusion-separator-border sep-single sep-solid\" style=\"--awb-height:20px;--awb-amount:20px;--awb-sep-color:#cbaa5c;border-color:#cbaa5c;border-top-width:1px;\"><\/div><\/div><div class=\"fusion-sep-clear\"><\/div><div class=\"fusion-text fusion-text-2\"><p>24 horas de cuidado diurno y nocturno de VIANESSE para hombre y mujer con sustancias activas en c\u00e1psulas liposomales: Q10, vitaminas A, C y E y la protecci\u00f3n antiarrugas patentada AHA, as\u00ed como manteca de karit\u00e9, el preciado aceite de aguacate y \u00e1cido hialur\u00f3nico; desarrollada para todo tipo de piel. La crema es rica en sustancias activas, de textura no grasa. Aplicada durante el d\u00eda, proporciona un cutis suave y terso.<\/p>\n<p><strong>Aplicaci\u00f3n:<\/strong> aplicar por la ma\u00f1ana y por la noche en el rostro, el cuello y el escote tras la limpieza con el VITALIZING WASH GEL. Tambi\u00e9n ideal como base de maquillaje.<\/p>\n<p><strong>Sustancias activas \u2013 Propiedades de las sustancias activas seg\u00fan la literatura especializada: aceite de aguacate y manteca de karit\u00e9:<\/strong> La manteca de karit\u00e9 se obtiene de la nuez de karit\u00e9, que crece en \u00c1frica y posee propiedades alisadoras y protectoras de la piel, as\u00ed como de absorci\u00f3n UV.<\/p>\n<p><strong>Q10:<\/strong> el Q10 es un importante proveedor de energ\u00eda que favorece los procesos de regeneraci\u00f3n de la piel. En c\u00e1psulas liposomales, el Q10 se transporta a las capas profundas de la piel, por lo que act\u00faa de forma eficaz como antioxidante, captador de radicales y promotor del metabolismo. Se produce una estabilizaci\u00f3n de la membrana celular y un mantenimiento de la funci\u00f3n celular. Por ello, la piel es menos sensible ante los factores de estr\u00e9s medioambientales como la luz UV y la contaminaci\u00f3n atmosf\u00e9rica.<\/p>\n<p><strong>Vitaminas A, C, E:<\/strong> la combinaci\u00f3n de las vitaminas A, C y E en forma liposomal previene el estr\u00e9s oxidativo provocado por una mayor radiaci\u00f3n UV-A y act\u00faa contra el envejecimiento prematuro de la piel.<\/p>\n<p><strong>Protecci\u00f3n antiarrugas patentada AHA:<\/strong> los \u00e1cidos frutales en forma de sales solo pueden encapsularse en forma de liposomas gracias al procedimiento patentado. Esta es la \u00fanica posibilidad de transportar la sal a las capas profundas de la piel. Aumenta la hidrataci\u00f3n de la piel, mejora la tersura y se reducen las arrugas.<\/p>\n<p><strong>\u00c1cido hialur\u00f3nico:<\/strong> el \u00e1cido hialur\u00f3nico se obtiene de forma biotecnol\u00f3gica y posee una alta capacidad de retenci\u00f3n de agua. Forma en la piel una pel\u00edcula viscoel\u00e1stica que fija la humedad a la piel. La mejora de la elasticidad de la piel se percibe de inmediato.<\/p>\n<\/div><div class=\"fusion-clearfix\"><\/div><\/div><\/div><div class=\"fusion-layout-column fusion_builder_column fusion-builder-column-3 fusion_builder_column_1_5 1_5 fusion-one-fifth fusion-column-last\" style=\"--awb-bg-size:cover;width:16.8%;\"><div class=\"fusion-column-wrapper fusion-flex-column-wrapper-legacy\"><div class=\"fusion-column-content-centered\"><div class=\"fusion-column-content\"><div class=\"fusion-image-element in-legacy-container\" style=\"--awb-caption-title-font-family:var(--h2_typography-font-family);--awb-caption-title-font-weight:var(--h2_typography-font-weight);--awb-caption-title-font-style:var(--h2_typography-font-style);--awb-caption-title-size:var(--h2_typography-font-size);--awb-caption-title-transform:var(--h2_typography-text-transform);--awb-caption-title-line-height:var(--h2_typography-line-height);--awb-caption-title-letter-spacing:var(--h2_typography-letter-spacing);\"><span class=\" fusion-imageframe imageframe-none imageframe-2 hover-type-zoomin\" class=\"image-magnify\" class=\"image-scroll\"><img decoding=\"async\" width=\"429\" height=\"1425\" title=\"protective 24 creme\" src=\"https:\/\/vianesse.com\/wp-content\/uploads\/2025\/12\/protective-24-creme.png\" alt class=\"img-responsive wp-image-18806\" srcset=\"https:\/\/vianesse.com\/wp-content\/uploads\/2025\/12\/protective-24-creme-200x664.png 200w, https:\/\/vianesse.com\/wp-content\/uploads\/2025\/12\/protective-24-creme-400x1329.png 400w, https:\/\/vianesse.com\/wp-content\/uploads\/2025\/12\/protective-24-creme.png 429w\" sizes=\"(max-width: 800px) 100vw, 400px\" \/><\/span><\/div><\/div><\/div><div class=\"fusion-clearfix\"><\/div><\/div><\/div><div class=\"fusion-layout-column fusion_builder_column fusion-builder-column-4 fusion_builder_column_1_1 1_1 fusion-one-full fusion-column-first fusion-column-last fusion-column-no-min-height\" style=\"--awb-bg-size:cover;--awb-margin-bottom:0px;\"><div class=\"fusion-column-wrapper fusion-flex-column-wrapper-legacy\"><div class=\"fusion-clearfix\"><\/div><\/div><\/div><\/div><\/div><div class=\"fusion-fullwidth fullwidth-box fusion-builder-row-4 nonhundred-percent-fullwidth non-hundred-percent-height-scrolling\" style=\"--awb-background-position:left top;--awb-border-sizes-top:0px;--awb-border-sizes-bottom:0px;--awb-border-sizes-left:0px;--awb-border-sizes-right:0px;--awb-border-radius-top-left:0px;--awb-border-radius-top-right:0px;--awb-border-radius-bottom-right:0px;--awb-border-radius-bottom-left:0px;--awb-padding-top:30px;--awb-padding-bottom:10px;\" ><div class=\"fusion-builder-row fusion-row\"><div class=\"fusion-layout-column fusion_builder_column fusion-builder-column-5 fusion_builder_column_1_1 1_1 fusion-one-full fusion-column-first fusion-column-last fusion-column-no-min-height\" style=\"--awb-bg-size:cover;--awb-margin-bottom:0px;\"><div class=\"fusion-column-wrapper fusion-flex-column-wrapper-legacy\"><style type='text\/css'>.reading-box-container-1 .element-bottomshadow:before,.reading-box-container-1 .element-bottomshadow:after{opacity:0.5;}<\/style><div class=\"fusion-reading-box-container reading-box-container-1\" style=\"--awb-title-color:#171717;--awb-margin-top:0px;--awb-margin-bottom:84px;\"><div class=\"reading-box reading-box-center\" style=\"background-color:#ffffff;border-width:1px;border-color:#ebeef1;border-top-width:3px;border-top-color:var(--primary_color);border-style:solid;\"><h2>\u00a1H\u00e1gase ahora <strong>cliente VIP de VIANESSE\u00ae<\/strong> !<\/h2><div class=\"reading-box-description fusion-reading-box-additional\">VIANESSE: calidad, fiabilidad y seguridad<\/div><div class=\"fusion-clearfix\"><\/div><a class=\"button fusion-button button-default fusion-button-large button-large button-flat fusion-mobile-button continue-center\" style=\"-webkit-box-shadow:none;-moz-box-shadow:none;box-shadow:none;border-radius:2px 2px 2px 2px\" href=\"\/es\/#karriere\" target=\"_self\"><span>COMENZAR AHORA<\/span><\/a><\/div><\/div><div class=\"fusion-clearfix\"><\/div><\/div><\/div><\/div><\/div>\n<\/p>\n","protected":false},"excerpt":{"rendered":"","protected":false},"author":5,"featured_media":0,"parent":0,"menu_order":0,"comment_status":"closed","ping_status":"closed","template":"100-width.php","meta":[],"yoast_head":"<!-- This site is optimized with the Yoast SEO plugin v15.4 - https:\/\/yoast.com\/wordpress\/plugins\/seo\/ -->\n<title>COSM\u00c9TICA PROTECTIVE 24H CREME - VIANESSE<\/title>\n<meta name=\"robots\" content=\"index, follow, max-snippet:-1, max-image-preview:large, max-video-preview:-1\" \/>\n<link rel=\"canonical\" href=\"https:\/\/vianesse.com\/es\/cosmetica-protective-24h-creme\" \/>\n<meta property=\"og:locale\" content=\"es_ES\" \/>\n<meta property=\"og:type\" content=\"article\" \/>\n<meta property=\"og:title\" content=\"COSM\u00c9TICA PROTECTIVE 24H CREME - VIANESSE\" \/>\n<meta property=\"og:url\" content=\"https:\/\/vianesse.com\/es\/cosmetica-protective-24h-creme\" \/>\n<meta property=\"og:site_name\" content=\"VIANESSE\" \/>\n<meta property=\"article:publisher\" content=\"https:\/\/www.facebook.com\/Vianesse-144275839580764\/\" \/>\n<meta property=\"article:modified_time\" content=\"2025-12-16T15:48:53+00:00\" \/>\n<meta name=\"twitter:card\" content=\"summary_large_image\" \/>\n<meta name=\"twitter:label1\" content=\"Escrito por\">\n\t<meta name=\"twitter:data1\" content=\"s h\">\n\t<meta name=\"twitter:label2\" content=\"Tiempo de lectura\">\n\t<meta name=\"twitter:data2\" content=\"6 minutos\">\n<script type=\"application\/ld+json\" class=\"yoast-schema-graph\">{\"@context\":\"https:\/\/schema.org\",\"@graph\":[{\"@type\":\"Organization\",\"@id\":\"https:\/\/vianesse.com\/es\/#organization\",\"name\":\"VIANESSE\",\"url\":\"https:\/\/vianesse.com\/es\/\",\"sameAs\":[\"https:\/\/www.facebook.com\/Vianesse-144275839580764\/\",\"https:\/\/www.youtube.com\/channel\/UCu4kWETEQ20Y-Wlcl77AWGQ\"],\"logo\":{\"@type\":\"ImageObject\",\"@id\":\"https:\/\/vianesse.com\/es\/#logo\",\"inLanguage\":\"es\",\"url\":\"https:\/\/vianesse.com\/wp-content\/uploads\/2018\/02\/vianesse_blau_350.png\",\"width\":\"351\",\"height\":\"144\",\"caption\":\"VIANESSE\"},\"image\":{\"@id\":\"https:\/\/vianesse.com\/es\/#logo\"}},{\"@type\":\"WebSite\",\"@id\":\"https:\/\/vianesse.com\/es\/#website\",\"url\":\"https:\/\/vianesse.com\/es\/\",\"name\":\"VIANESSE\",\"description\":\"\",\"publisher\":{\"@id\":\"https:\/\/vianesse.com\/es\/#organization\"},\"potentialAction\":[{\"@type\":\"SearchAction\",\"target\":\"https:\/\/vianesse.com\/es\/?s={search_term_string}\",\"query-input\":\"required name=search_term_string\"}],\"inLanguage\":\"es\"},{\"@type\":\"WebPage\",\"@id\":\"https:\/\/vianesse.com\/es\/cosmetica-protective-24h-creme#webpage\",\"url\":\"https:\/\/vianesse.com\/es\/cosmetica-protective-24h-creme\",\"name\":\"COSM\\u00c9TICA PROTECTIVE 24H CREME - VIANESSE\",\"isPartOf\":{\"@id\":\"https:\/\/vianesse.com\/es\/#website\"},\"datePublished\":\"2018-01-25T17:17:03+00:00\",\"dateModified\":\"2025-12-16T15:48:53+00:00\",\"inLanguage\":\"es\",\"potentialAction\":[{\"@type\":\"ReadAction\",\"target\":[\"https:\/\/vianesse.com\/es\/cosmetica-protective-24h-creme\"]}]}]}<\/script>\n<!-- \/ Yoast SEO plugin. -->","_links":{"self":[{"href":"https:\/\/vianesse.com\/es\/wp-json\/wp\/v2\/pages\/2814"}],"collection":[{"href":"https:\/\/vianesse.com\/es\/wp-json\/wp\/v2\/pages"}],"about":[{"href":"https:\/\/vianesse.com\/es\/wp-json\/wp\/v2\/types\/page"}],"author":[{"embeddable":true,"href":"https:\/\/vianesse.com\/es\/wp-json\/wp\/v2\/users\/5"}],"replies":[{"embeddable":true,"href":"https:\/\/vianesse.com\/es\/wp-json\/wp\/v2\/comments?post=2814"}],"version-history":[{"count":5,"href":"https:\/\/vianesse.com\/es\/wp-json\/wp\/v2\/pages\/2814\/revisions"}],"predecessor-version":[{"id":18877,"href":"https:\/\/vianesse.com\/es\/wp-json\/wp\/v2\/pages\/2814\/revisions\/18877"}],"wp:attachment":[{"href":"https:\/\/vianesse.com\/es\/wp-json\/wp\/v2\/media?parent=2814"}],"curies":[{"name":"wp","href":"https:\/\/api.w.org\/{rel}","templated":true}]}}