{"id":3100,"date":"2018-01-26T13:57:28","date_gmt":"2018-01-26T13:57:28","guid":{"rendered":"http:\/\/new.vianesse.com?page_id=3100"},"modified":"2018-02-02T11:57:54","modified_gmt":"2018-02-02T11:57:54","slug":"strava-sport","status":"publish","type":"page","link":"https:\/\/vianesse.com\/cs\/strava-sport","title":{"rendered":"STRAVA SPORT"},"content":{"rendered":"<p><div class=\"fusion-fullwidth fullwidth-box fusion-builder-row-1 hundred-percent-fullwidth non-hundred-percent-height-scrolling\" style=\"--awb-border-radius-top-left:0px;--awb-border-radius-top-right:0px;--awb-border-radius-bottom-right:0px;--awb-border-radius-bottom-left:0px;\" ><div class=\"fusion-builder-row fusion-row\"><div class=\"fusion-layout-column fusion_builder_column fusion-builder-column-0 fusion_builder_column_1_1 1_1 fusion-one-full fusion-column-first fusion-column-last\" style=\"--awb-bg-size:cover;\"><div class=\"fusion-column-wrapper fusion-flex-column-wrapper-legacy\"><div class=\"fusion-image-element in-legacy-container\" style=\"--awb-caption-title-font-family:var(--h2_typography-font-family);--awb-caption-title-font-weight:var(--h2_typography-font-weight);--awb-caption-title-font-style:var(--h2_typography-font-style);--awb-caption-title-size:var(--h2_typography-font-size);--awb-caption-title-transform:var(--h2_typography-text-transform);--awb-caption-title-line-height:var(--h2_typography-line-height);--awb-caption-title-letter-spacing:var(--h2_typography-letter-spacing);\"><span class=\" fusion-imageframe imageframe-none imageframe-1 hover-type-none\" class=\"image-magnify\" class=\"image-scroll\"><img decoding=\"async\" width=\"2300\" height=\"700\" title=\"Vianesse_NahrungHeader_SportFitGirl\" src=\"https:\/\/vianesse.com\/wp-content\/uploads\/2015\/07\/Vianesse_NahrungHeader_SportFitGirl.jpg\" alt class=\"img-responsive wp-image-5732\" srcset=\"https:\/\/vianesse.com\/wp-content\/uploads\/2015\/07\/Vianesse_NahrungHeader_SportFitGirl-200x61.jpg 200w, https:\/\/vianesse.com\/wp-content\/uploads\/2015\/07\/Vianesse_NahrungHeader_SportFitGirl-400x122.jpg 400w, https:\/\/vianesse.com\/wp-content\/uploads\/2015\/07\/Vianesse_NahrungHeader_SportFitGirl-600x183.jpg 600w, https:\/\/vianesse.com\/wp-content\/uploads\/2015\/07\/Vianesse_NahrungHeader_SportFitGirl-800x243.jpg 800w, https:\/\/vianesse.com\/wp-content\/uploads\/2015\/07\/Vianesse_NahrungHeader_SportFitGirl-1200x365.jpg 1200w, https:\/\/vianesse.com\/wp-content\/uploads\/2015\/07\/Vianesse_NahrungHeader_SportFitGirl.jpg 2300w\" sizes=\"(max-width: 800px) 100vw, 2300px\" \/><\/span><\/div><div class=\"fusion-clearfix\"><\/div><\/div><\/div><\/div><\/div><div class=\"fusion-fullwidth fullwidth-box fusion-builder-row-2 nonhundred-percent-fullwidth non-hundred-percent-height-scrolling\" style=\"--awb-border-radius-top-left:0px;--awb-border-radius-top-right:0px;--awb-border-radius-bottom-right:0px;--awb-border-radius-bottom-left:0px;\" ><div class=\"fusion-builder-row fusion-row\"><div class=\"fusion-layout-column fusion_builder_column fusion-builder-column-1 fusion_builder_column_1_1 1_1 fusion-one-full fusion-column-first fusion-column-last\" style=\"--awb-bg-size:cover;\"><div class=\"fusion-column-wrapper fusion-flex-column-wrapper-legacy\"><div class=\"fusion-sep-clear\"><\/div><div class=\"fusion-separator fusion-full-width-sep\" style=\"margin-left: auto;margin-right: auto;margin-top:8px;margin-bottom:8px;width:100%;\"><\/div><div class=\"fusion-sep-clear\"><\/div><div class=\"fusion-clearfix\"><\/div><\/div><\/div><\/div><\/div><div class=\"fusion-fullwidth fullwidth-box fusion-builder-row-3 nonhundred-percent-fullwidth non-hundred-percent-height-scrolling\" style=\"--awb-background-position:left top;--awb-border-radius-top-left:0px;--awb-border-radius-top-right:0px;--awb-border-radius-bottom-right:0px;--awb-border-radius-bottom-left:0px;--awb-padding-top:0px;--awb-padding-bottom:0px;--awb-border-sizes-top:0px;--awb-border-sizes-bottom:0px;\" ><div class=\"fusion-builder-row fusion-row\"><div class=\"fusion-layout-column fusion_builder_column fusion-builder-column-2 fusion_builder_column_4_5 4_5 fusion-four-fifth fusion-column-first\" style=\"--awb-bg-position:right bottom;--awb-bg-size:cover;width:79.2%; margin-right: 4%;\"><div class=\"fusion-column-wrapper fusion-flex-column-wrapper-legacy\"><div class=\"fusion-text fusion-text-1\"><p style=\"letter-spacing: 4px; font-size: 13px; margin-bottom: 0px;\">KA\u017dD\u00dd DOBR\u00dd SPORTOVN\u00cd L\u00c9KA\u0158 V\u00c1M TO POTVRD\u00cd<\/p>\n<h1><strong>Rozhoduj\u00edc\u00ed je p\u0159\u00edjem \u017eivin a\u00a0jejich tr\u00e1ven\u00ed.<\/strong><\/h1>\n<\/div><div class=\"fusion-sep-clear\"><\/div><div class=\"fusion-separator fusion-clearfix\" style=\"float:left;margin-top:0px;margin-bottom:20px;width:100%;max-width:50px;\"><div class=\"fusion-separator-border sep-single sep-solid\" style=\"--awb-height:20px;--awb-amount:20px;--awb-sep-color:#cbaa5c;border-color:#cbaa5c;border-top-width:1px;\"><\/div><\/div><div class=\"fusion-sep-clear\"><\/div><div class=\"fusion-text fusion-text-2\"><p><strong>Kvalita tr\u00e9ninku se m\u011b\u0159\u00ed kvalitou regenerace, kter\u00e1 po n\u011bm n\u00e1sleduje.<\/strong> K\u00a0po\u017eadovan\u00e9m zv\u00fd\u0161en\u00ed v\u00fdkonu tak v\u00a0t\u011ble doch\u00e1z\u00ed a\u017e b\u011bhem f\u00e1ze regenerace. Ve vrcholov\u00e9m sportu je proto zkr\u00e1cen\u00ed doby regenerace rozhoduj\u00edc\u00edm faktorem. Rozhoduje o\u00a0tom, jak rychle se bude zvy\u0161ovat v\u00fdkonnost sportovce.<strong> \u010c\u00edm krat\u0161\u00ed je doba regenerace, t\u00edm d\u0159\u00edve m\u016f\u017ee za\u010d\u00edt dal\u0161\u00ed tr\u00e9nink.<\/strong> Kvalita regenerace z\u00e1vis\u00ed na p\u0159\u00edjmu aminokyselin, kter\u00e9 zvy\u0161uj\u00ed v\u00fdkonnost sval\u016f. St\u0159evn\u00ed st\u011bnou se aminokyseliny dost\u00e1vaj\u00ed do krve, kter\u00e1 je rozn\u00e1\u0161\u00ed do sval\u016f. Proto jsou p\u0159i sportov\u00e1n\u00ed t\u00edm nejd\u016fle\u017eit\u011bj\u0161\u00ed org\u00e1nem pr\u00e1v\u011b st\u0159eva.<\/p>\n<p>\u0160pi\u010dkov\u00ed sportovn\u00ed l\u00e9ka\u0159i doporu\u010duj\u00ed: Rozhoduj\u00edc\u00ed pro v\u00fdkonnost je p\u0159\u00edjem \u017eivin a\u00a0jejich tr\u00e1ven\u00ed. <strong>Koncepc\u00ed VIANESSE se \u0159\u00edd\u00ed st\u00e1le v\u00edce \u0161pi\u010dkov\u00fdch sportovc\u016f a\u00a0jejich tren\u00e9r\u016f.<\/strong> Kvalita surovin: Aby m\u011bli sportovci, tren\u00e9\u0159i a\u00a0rodi\u010de co nejv\u011bt\u0161\u00ed jistotu, jsou v\u00fdrobky VIANESSE pravideln\u011b testov\u00e1ny na dopingov\u00e9 l\u00e1tky, ne\u017e\u00e1douc\u00ed vedlej\u0161\u00ed l\u00e1tky, t\u011b\u017ek\u00e9 kovy, toxiny i\u00a0genetickou manipulaci.<\/p>\n<\/div><div class=\"fusion-clearfix\"><\/div><\/div><\/div><div class=\"fusion-layout-column fusion_builder_column fusion-builder-column-3 fusion_builder_column_1_5 1_5 fusion-one-fifth fusion-column-last\" style=\"--awb-padding-top:0px;--awb-padding-bottom:0px;--awb-bg-size:cover;width:16.8%;\"><div class=\"fusion-column-wrapper fusion-flex-column-wrapper-legacy\"><div class=\"fusion-column-content-centered\"><div class=\"fusion-column-content\"><div class=\"fusion-sep-clear\"><\/div><div class=\"fusion-separator fusion-full-width-sep\" style=\"margin-left: auto;margin-right: auto;margin-bottom:190px;width:100%;\"><\/div><div class=\"fusion-sep-clear\"><\/div><div class=\"fusion-image-element in-legacy-container\" style=\"--awb-caption-title-font-family:var(--h2_typography-font-family);--awb-caption-title-font-weight:var(--h2_typography-font-weight);--awb-caption-title-font-style:var(--h2_typography-font-style);--awb-caption-title-size:var(--h2_typography-font-size);--awb-caption-title-transform:var(--h2_typography-text-transform);--awb-caption-title-line-height:var(--h2_typography-line-height);--awb-caption-title-letter-spacing:var(--h2_typography-letter-spacing);\"><span class=\" fusion-imageframe imageframe-none imageframe-2 hover-type-zoomin\" class=\"image-magnify\" class=\"image-scroll\"><img decoding=\"async\" width=\"237\" height=\"370\" title=\"Vianesse_NahrungProdukt_ShapeShake_Acerola\" src=\"https:\/\/vianesse.com\/wp-content\/uploads\/2017\/10\/Vianesse_NahrungProdukt_ShapeShake_Acerola.jpg\" alt class=\"img-responsive wp-image-5582\" srcset=\"https:\/\/vianesse.com\/wp-content\/uploads\/2017\/10\/Vianesse_NahrungProdukt_ShapeShake_Acerola-200x312.jpg 200w, https:\/\/vianesse.com\/wp-content\/uploads\/2017\/10\/Vianesse_NahrungProdukt_ShapeShake_Acerola.jpg 237w\" sizes=\"(max-width: 800px) 100vw, 237px\" \/><\/span><\/div><\/div><\/div><div class=\"fusion-clearfix\"><\/div><\/div><\/div><div class=\"fusion-layout-column fusion_builder_column fusion-builder-column-4 fusion_builder_column_1_1 1_1 fusion-one-full fusion-column-first fusion-column-last fusion-column-no-min-height\" style=\"--awb-bg-size:cover;--awb-margin-bottom:0px;\"><div class=\"fusion-column-wrapper fusion-flex-column-wrapper-legacy\"><div class=\"fusion-clearfix\"><\/div><\/div><\/div><\/div><\/div><div class=\"fusion-fullwidth fullwidth-box fusion-builder-row-4 nonhundred-percent-fullwidth non-hundred-percent-height-scrolling\" style=\"--awb-background-position:left top;--awb-border-sizes-top:0px;--awb-border-sizes-bottom:0px;--awb-border-sizes-left:0px;--awb-border-sizes-right:0px;--awb-border-radius-top-left:0px;--awb-border-radius-top-right:0px;--awb-border-radius-bottom-right:0px;--awb-border-radius-bottom-left:0px;--awb-padding-top:30px;--awb-padding-bottom:10px;\" ><div class=\"fusion-builder-row fusion-row\"><div class=\"fusion-layout-column fusion_builder_column fusion-builder-column-5 fusion_builder_column_1_1 1_1 fusion-one-full fusion-column-first fusion-column-last fusion-column-no-min-height\" style=\"--awb-bg-size:cover;--awb-margin-bottom:0px;\"><div class=\"fusion-column-wrapper fusion-flex-column-wrapper-legacy\"><style type='text\/css'>.reading-box-container-1 .element-bottomshadow:before,.reading-box-container-1 .element-bottomshadow:after{opacity:0.5;}<\/style><div class=\"fusion-reading-box-container reading-box-container-1\" style=\"--awb-title-color:#171717;--awb-margin-top:0px;--awb-margin-bottom:84px;\"><div class=\"reading-box reading-box-center\" style=\"background-color:#ffffff;border-width:1px;border-color:#ebeef1;border-top-width:3px;border-top-color:var(--primary_color);border-style:solid;\"><h2>Sta\u0148te se <strong>VIP z\u00e1kazn\u00edkem VIANESSE\u00ae<\/strong> !<\/h2><div class=\"reading-box-description fusion-reading-box-additional\">VIANESSE \u2013 kvalita, spolehlivost a bezpe\u010dnost<\/div><div class=\"fusion-clearfix\"><\/div><a class=\"button fusion-button button-default fusion-button-large button-large button-flat fusion-mobile-button continue-center\" style=\"-webkit-box-shadow:none;-moz-box-shadow:none;box-shadow:none;border-radius:2px 2px 2px 2px\" href=\"\/cs\/#karriere\" target=\"_self\"><span>ZA\u010cN\u011aTE HNED TE\u010e<\/span><\/a><\/div><\/div><div class=\"fusion-clearfix\"><\/div><\/div><\/div><\/div><\/div>\n<\/p>\n","protected":false},"excerpt":{"rendered":"","protected":false},"author":5,"featured_media":0,"parent":0,"menu_order":0,"comment_status":"open","ping_status":"closed","template":"100-width.php","meta":[],"yoast_head":"<!-- This site is optimized with the Yoast SEO plugin v15.4 - https:\/\/yoast.com\/wordpress\/plugins\/seo\/ -->\n<title>STRAVA SPORT - VIANESSE<\/title>\n<meta name=\"robots\" content=\"index, follow, max-snippet:-1, max-image-preview:large, max-video-preview:-1\" \/>\n<link rel=\"canonical\" href=\"https:\/\/vianesse.com\/cs\/strava-sport\" \/>\n<meta property=\"og:locale\" content=\"cs_CZ\" \/>\n<meta property=\"og:type\" content=\"article\" \/>\n<meta property=\"og:title\" content=\"STRAVA SPORT - VIANESSE\" \/>\n<meta property=\"og:url\" content=\"https:\/\/vianesse.com\/cs\/strava-sport\" \/>\n<meta property=\"og:site_name\" content=\"VIANESSE\" \/>\n<meta property=\"article:publisher\" content=\"https:\/\/www.facebook.com\/Vianesse-144275839580764\/\" \/>\n<meta property=\"article:modified_time\" content=\"2018-02-02T11:57:54+00:00\" \/>\n<meta name=\"twitter:card\" content=\"summary_large_image\" \/>\n<meta name=\"twitter:label1\" content=\"Napsal(a)\">\n\t<meta name=\"twitter:data1\" content=\"s h\">\n\t<meta name=\"twitter:label2\" content=\"Odhadovan\u00e1 doba \u010dten\u00ed\">\n\t<meta name=\"twitter:data2\" content=\"4 minuty\">\n<script type=\"application\/ld+json\" class=\"yoast-schema-graph\">{\"@context\":\"https:\/\/schema.org\",\"@graph\":[{\"@type\":\"Organization\",\"@id\":\"https:\/\/vianesse.com\/cs\/#organization\",\"name\":\"VIANESSE\",\"url\":\"https:\/\/vianesse.com\/cs\/\",\"sameAs\":[\"https:\/\/www.facebook.com\/Vianesse-144275839580764\/\",\"https:\/\/www.youtube.com\/channel\/UCu4kWETEQ20Y-Wlcl77AWGQ\"],\"logo\":{\"@type\":\"ImageObject\",\"@id\":\"https:\/\/vianesse.com\/cs\/#logo\",\"inLanguage\":\"cs\",\"url\":\"https:\/\/vianesse.com\/wp-content\/uploads\/2018\/02\/vianesse_blau_350.png\",\"width\":\"351\",\"height\":\"144\",\"caption\":\"VIANESSE\"},\"image\":{\"@id\":\"https:\/\/vianesse.com\/cs\/#logo\"}},{\"@type\":\"WebSite\",\"@id\":\"https:\/\/vianesse.com\/cs\/#website\",\"url\":\"https:\/\/vianesse.com\/cs\/\",\"name\":\"VIANESSE\",\"description\":\"\",\"publisher\":{\"@id\":\"https:\/\/vianesse.com\/cs\/#organization\"},\"potentialAction\":[{\"@type\":\"SearchAction\",\"target\":\"https:\/\/vianesse.com\/cs\/?s={search_term_string}\",\"query-input\":\"required name=search_term_string\"}],\"inLanguage\":\"cs\"},{\"@type\":\"WebPage\",\"@id\":\"https:\/\/vianesse.com\/cs\/strava-sport#webpage\",\"url\":\"https:\/\/vianesse.com\/cs\/strava-sport\",\"name\":\"STRAVA SPORT - VIANESSE\",\"isPartOf\":{\"@id\":\"https:\/\/vianesse.com\/cs\/#website\"},\"datePublished\":\"2018-01-26T13:57:28+00:00\",\"dateModified\":\"2018-02-02T11:57:54+00:00\",\"inLanguage\":\"cs\",\"potentialAction\":[{\"@type\":\"ReadAction\",\"target\":[\"https:\/\/vianesse.com\/cs\/strava-sport\"]}]}]}<\/script>\n<!-- \/ Yoast SEO plugin. -->","_links":{"self":[{"href":"https:\/\/vianesse.com\/cs\/wp-json\/wp\/v2\/pages\/3100"}],"collection":[{"href":"https:\/\/vianesse.com\/cs\/wp-json\/wp\/v2\/pages"}],"about":[{"href":"https:\/\/vianesse.com\/cs\/wp-json\/wp\/v2\/types\/page"}],"author":[{"embeddable":true,"href":"https:\/\/vianesse.com\/cs\/wp-json\/wp\/v2\/users\/5"}],"replies":[{"embeddable":true,"href":"https:\/\/vianesse.com\/cs\/wp-json\/wp\/v2\/comments?post=3100"}],"version-history":[{"count":4,"href":"https:\/\/vianesse.com\/cs\/wp-json\/wp\/v2\/pages\/3100\/revisions"}],"predecessor-version":[{"id":3677,"href":"https:\/\/vianesse.com\/cs\/wp-json\/wp\/v2\/pages\/3100\/revisions\/3677"}],"wp:attachment":[{"href":"https:\/\/vianesse.com\/cs\/wp-json\/wp\/v2\/media?parent=3100"}],"curies":[{"name":"wp","href":"https:\/\/api.w.org\/{rel}","templated":true}]}}