{"id":2876,"date":"2018-01-26T10:25:43","date_gmt":"2018-01-26T10:25:43","guid":{"rendered":"http:\/\/new.vianesse.com?page_id=2876"},"modified":"2025-12-16T15:54:38","modified_gmt":"2025-12-16T15:54:38","slug":"kosmetika-vitamin-body-lotion","status":"publish","type":"page","link":"https:\/\/vianesse.com\/cs\/kosmetika-vitamin-body-lotion","title":{"rendered":"KOSMETIKA VITAMIN BODY LOTION"},"content":{"rendered":"<p><div class=\"fusion-fullwidth fullwidth-box fusion-builder-row-1 hundred-percent-fullwidth non-hundred-percent-height-scrolling\" style=\"--awb-border-radius-top-left:0px;--awb-border-radius-top-right:0px;--awb-border-radius-bottom-right:0px;--awb-border-radius-bottom-left:0px;\" ><div class=\"fusion-builder-row fusion-row\"><div class=\"fusion-layout-column fusion_builder_column fusion-builder-column-0 fusion_builder_column_1_1 1_1 fusion-one-full fusion-column-first fusion-column-last\" style=\"--awb-bg-size:cover;\"><div class=\"fusion-column-wrapper fusion-flex-column-wrapper-legacy\"><div class=\"fusion-image-element in-legacy-container\" style=\"--awb-caption-title-font-family:var(--h2_typography-font-family);--awb-caption-title-font-weight:var(--h2_typography-font-weight);--awb-caption-title-font-style:var(--h2_typography-font-style);--awb-caption-title-size:var(--h2_typography-font-size);--awb-caption-title-transform:var(--h2_typography-text-transform);--awb-caption-title-line-height:var(--h2_typography-line-height);--awb-caption-title-letter-spacing:var(--h2_typography-letter-spacing);\"><span class=\" fusion-imageframe imageframe-none imageframe-1 hover-type-none\" class=\"image-magnify\" class=\"image-scroll\"><img decoding=\"async\" width=\"2300\" height=\"700\" title=\"Vianesse_KosmetikHeader_VitaminBodyLotion\" src=\"https:\/\/vianesse.com\/wp-content\/uploads\/2017\/10\/Vianesse_KosmetikHeader_VitaminBodyLotion.jpg\" alt class=\"img-responsive wp-image-5242\" srcset=\"https:\/\/vianesse.com\/wp-content\/uploads\/2017\/10\/Vianesse_KosmetikHeader_VitaminBodyLotion-200x61.jpg 200w, https:\/\/vianesse.com\/wp-content\/uploads\/2017\/10\/Vianesse_KosmetikHeader_VitaminBodyLotion-400x122.jpg 400w, https:\/\/vianesse.com\/wp-content\/uploads\/2017\/10\/Vianesse_KosmetikHeader_VitaminBodyLotion-600x183.jpg 600w, https:\/\/vianesse.com\/wp-content\/uploads\/2017\/10\/Vianesse_KosmetikHeader_VitaminBodyLotion-800x243.jpg 800w, https:\/\/vianesse.com\/wp-content\/uploads\/2017\/10\/Vianesse_KosmetikHeader_VitaminBodyLotion-1200x365.jpg 1200w, https:\/\/vianesse.com\/wp-content\/uploads\/2017\/10\/Vianesse_KosmetikHeader_VitaminBodyLotion.jpg 2300w\" sizes=\"(max-width: 800px) 100vw, 2300px\" \/><\/span><\/div><div class=\"fusion-clearfix\"><\/div><\/div><\/div><\/div><\/div><div class=\"fusion-fullwidth fullwidth-box fusion-builder-row-2 nonhundred-percent-fullwidth non-hundred-percent-height-scrolling\" style=\"--awb-border-radius-top-left:0px;--awb-border-radius-top-right:0px;--awb-border-radius-bottom-right:0px;--awb-border-radius-bottom-left:0px;\" ><div class=\"fusion-builder-row fusion-row\"><div class=\"fusion-layout-column fusion_builder_column fusion-builder-column-1 fusion_builder_column_1_1 1_1 fusion-one-full fusion-column-first fusion-column-last\" style=\"--awb-bg-size:cover;\"><div class=\"fusion-column-wrapper fusion-flex-column-wrapper-legacy\"><div class=\"fusion-sep-clear\"><\/div><div class=\"fusion-separator fusion-full-width-sep\" style=\"margin-left: auto;margin-right: auto;margin-top:8px;margin-bottom:8px;width:100%;\"><\/div><div class=\"fusion-sep-clear\"><\/div><div class=\"fusion-clearfix\"><\/div><\/div><\/div><\/div><\/div><div class=\"fusion-fullwidth fullwidth-box fusion-builder-row-3 nonhundred-percent-fullwidth non-hundred-percent-height-scrolling\" style=\"--awb-background-position:left top;--awb-border-sizes-top:0px;--awb-border-sizes-bottom:0px;--awb-border-sizes-left:0px;--awb-border-sizes-right:0px;--awb-border-radius-top-left:0px;--awb-border-radius-top-right:0px;--awb-border-radius-bottom-right:0px;--awb-border-radius-bottom-left:0px;--awb-padding-top:0px;--awb-padding-bottom:0px;\" ><div class=\"fusion-builder-row fusion-row\"><div class=\"fusion-layout-column fusion_builder_column fusion-builder-column-2 fusion_builder_column_4_5 4_5 fusion-four-fifth fusion-column-first\" style=\"--awb-bg-position:right bottom;--awb-bg-size:cover;width:79.2%; margin-right: 4%;\"><div class=\"fusion-column-wrapper fusion-flex-column-wrapper-legacy\"><div class=\"fusion-text fusion-text-1\"><p style=\"letter-spacing: 4px; font-size: 13px; margin-bottom: 0px;\">PRO HEDV\u00c1BN\u011a HEBKOU PLE\u0164<\/p>\n<h1>VITAMIN BODY LOTION<\/h1>\n<\/div><div class=\"fusion-sep-clear\"><\/div><div class=\"fusion-separator fusion-clearfix\" style=\"float:left;margin-top:0px;margin-bottom:20px;width:100%;max-width:50px;\"><div class=\"fusion-separator-border sep-single sep-solid\" style=\"--awb-height:20px;--awb-amount:20px;--awb-sep-color:#cbaa5c;border-color:#cbaa5c;border-top-width:1px;\"><\/div><\/div><div class=\"fusion-sep-clear\"><\/div><div class=\"fusion-text fusion-text-2\"><p><strong>Co je celulitida?<\/strong><\/p>\n<p>Celulitida je sice kosmetick\u00fd probl\u00e9m, ale z\u00e1rove\u0148 je odrazem nespr\u00e1vn\u00e9 v\u00fd\u017eivy a\u00a0\u0161patn\u00e9ho stavu tr\u00e1vic\u00ed soustavy organismu. Organismu slou\u017e\u00ed celulitida jako skl\u00e1dka jedovat\u00fdch l\u00e1tek, kter\u00e9 vznikaj\u00ed ve st\u0159evech. Celulitida m\u00e1 tedy p\u016fvod ve st\u0159evech. P\u016fsoben\u00edm kvasinek vznikaj\u00ed p\u0159i metabolismu potravy ve st\u0159evech toxick\u00e9 neboli jedovat\u00e9 l\u00e1tky. Tyto jedy proch\u00e1zej\u00ed st\u0159evn\u00ed st\u011bnou do krevn\u00edho ob\u011bhu. Mal\u00e9 mno\u017estv\u00ed jed\u016f dok\u00e1\u017ee t\u011blo je\u0161t\u011b metabolizovat p\u0159i pohybu (nebo sportu). Pokud jich je ale p\u0159\u00edli\u0161 mnoho, ukl\u00e1d\u00e1 je na stehnech, kde jsou vid\u011bt. Aby se tam udr\u017eely, jsou nejprve neutralizov\u00e1ny vodou a\u00a0pot\u00e9 v\u00e1z\u00e1ny na m\u00edst\u011b pomoc\u00ed tuku. Pro t\u011blo pak u\u017e nejsou \u0161kodliv\u00e9.<\/p>\n<p>\u017deny, kter\u00e9 si st\u011b\u017euj\u00ed na celulitidu, jsou st\u00e1le mlad\u0161\u00ed. Zat\u00edmco d\u0159\u00edve byly ve v\u011bku 25 a\u017e 35\u00a0let, dnes jejich v\u011bk klesl dokonce pod 15\u00a0let. Vyskytuj\u00ed se i\u00a0p\u0159\u00edpady celulitidy u\u00a0d\u011bt\u00ed mlad\u0161\u00edch 8\u00a0let. Co se za posledn\u00edch 30\u00a0let tak zm\u011bnilo? P\u0159edev\u0161\u00edm se v\u00fdrazn\u011b zhor\u0161ily stravovac\u00ed n\u00e1vyky a\u00a0pitn\u00fd re\u017eim. Cukr, b\u00edl\u00e9 pe\u010divo, tuky, balen\u00e1 hotov\u00e1 j\u00eddla, alkohol a\u00a0l\u00e9ky konzumujeme t\u00e9m\u011b\u0159 denn\u011b. Jsou p\u0159\u00edmo \u017eivnou p\u016fdou pro kvasinky, kter\u00e9 z\u00a0nich vytv\u00e1\u0159ej\u00ed jedy. Abychom mohli celulitidu l\u00e9\u010dit, mus\u00edme pochopit jej\u00ed p\u0159\u00ed\u010dinu. Skute\u010dnosti, \u017ee za vznik celulitidy jsou odpov\u011bdn\u00e9 jedy z\u00a0tr\u00e1ven\u00ed, se p\u0159itom v\u011bnuje p\u0159\u00edli\u0161 mal\u00e1 pozornost. Proto l\u00e9\u010dba b\u011b\u017en\u00fdmi kr\u00e9my nem\u016f\u017ee v\u00e9st ke zd\u00e1rn\u00e9mu c\u00edli.<\/p>\n<p><strong>Pro\u010d je program ochrany proti celulitid\u011b od VIANESSE tak \u00fa\u010dinn\u00fd?<\/strong><\/p>\n<p>Rozb\u00edj\u00ed pevn\u00e9 spojen\u00ed jed\u016f, vody a\u00a0tuku. Z\u00e1rove\u0148 mus\u00ed b\u00fdt krev schopna jed vst\u0159ebat a\u00a0odv\u00e9st ho pry\u010d. To se ale poda\u0159\u00ed jedin\u011b v\u00a0p\u0159\u00edpad\u011b, \u017ee se ve st\u0159evech u\u017e \u017e\u00e1dn\u00fd nov\u00fd jed netvo\u0159\u00ed. Podm\u00ednky pro \u00fa\u010dinn\u00e9 odstra\u0148ov\u00e1n\u00ed celulitidy jsou:<\/p>\n<p>1. schopnost t\u011blov\u00e9ho ml\u00e9ka rozb\u00edjet spojen\u00ed jedu, vody a\u00a0tuku a<\/p>\n<p>2. zdrav\u00e1 st\u0159eva (nevytv\u00e1\u0159ej\u00edc\u00ed \u017e\u00e1dn\u00e9 dal\u0161\u00ed jedy). S\u00a0podporou \u017ev\u00fdkac\u00edho dra\u017e\u00e9 VIANESSE Prebiotic a\u00a0p\u0159\u00edpravku VIANESSE BODY SHAPE se to v\u00a0kombinaci se zdravou v\u00fd\u017eivou, pohybem a\u00a0\u010distou pitnou vodou poda\u0159\u00ed.<\/p>\n<p>Jakmile \u017ev\u00fdkac\u00ed dra\u017e\u00e9 VIANESSE Prebiotic a\u00a0p\u0159\u00edpravek BODY SHAPE vy\u010dist\u00ed st\u0159eva zevnit\u0159 a\u00a0pos\u00edl\u00ed svaly, m\u016f\u017ee krev jedovat\u00e9 l\u00e1tky odv\u00e9st pry\u010d. T\u00edm se ple\u0165 zpevn\u00ed zvenku.<\/p>\n<p>Tipy pro kr\u00e1snou, hladkou a\u00a0pevnou ple\u0165:<\/p>\n<p><strong>\u2022<\/strong> Ka\u017ed\u00fd den r\u00e1no a\u00a0ve\u010der (podle pot\u0159eby i\u00a0\u010dast\u011bji) o\u0161et\u0159ujte posti\u017een\u00e1 m\u00edsta ple\u0165ov\u00fdm ml\u00e9kem Vitamin Body Lotion.<\/p>\n<p><strong>\u2022<\/strong> Ka\u017ed\u00fd den pijte 2 a\u017e 3\u00a0litry vody a\u00a0\u017e\u00e1dn\u00fd alkohol, nebo jen v\u00a0mal\u00e9m mno\u017estv\u00ed, p\u0159\u00edzniv\u011b p\u016fsob\u00ed pohyb.<\/p>\n<p><strong>\u2022<\/strong> Ka\u017ed\u00fd den si berte 6 a\u017e 8\u00a0\u017ev\u00fdkac\u00edch dra\u017e\u00e9 Prebiotic.<\/p>\n<p><strong>\u2022<\/strong> Ka\u017ed\u00fd den si berte 2 \u00d7 2\u00a0pol\u00e9vkov\u00e9 l\u017e\u00edce p\u0159\u00edpravku BODY SHAPE.<\/p>\n<p><strong>\u2022<\/strong> Jezte j\u00eddla s\u00a0n\u00edzk\u00fdm obsahem tuk\u016f a\u00a0cukr\u016f, ale vysok\u00fdm pod\u00edlem vl\u00e1kniny.<\/p>\n<p>Citeln\u00fd a\u00a0hlavn\u011b viditeln\u00fd v\u00fdsledek se dostav\u00ed brzy.<\/p>\n<\/div><div class=\"fusion-clearfix\"><\/div><\/div><\/div><div class=\"fusion-layout-column fusion_builder_column fusion-builder-column-3 fusion_builder_column_1_5 1_5 fusion-one-fifth fusion-column-last\" style=\"--awb-bg-size:cover;width:16.8%;\"><div class=\"fusion-column-wrapper fusion-flex-column-wrapper-legacy\"><div class=\"fusion-column-content-centered\"><div class=\"fusion-column-content\"><div class=\"fusion-image-element in-legacy-container\" style=\"--awb-caption-title-font-family:var(--h2_typography-font-family);--awb-caption-title-font-weight:var(--h2_typography-font-weight);--awb-caption-title-font-style:var(--h2_typography-font-style);--awb-caption-title-size:var(--h2_typography-font-size);--awb-caption-title-transform:var(--h2_typography-text-transform);--awb-caption-title-line-height:var(--h2_typography-line-height);--awb-caption-title-letter-spacing:var(--h2_typography-letter-spacing);\"><span class=\" fusion-imageframe imageframe-none imageframe-2 hover-type-zoomin\" class=\"image-magnify\" class=\"image-scroll\"><img decoding=\"async\" width=\"420\" height=\"1691\" title=\"body lotion\" src=\"https:\/\/vianesse.com\/wp-content\/uploads\/2025\/12\/body-lotion.png\" alt class=\"img-responsive wp-image-18759\" srcset=\"https:\/\/vianesse.com\/wp-content\/uploads\/2025\/12\/body-lotion-200x805.png 200w, https:\/\/vianesse.com\/wp-content\/uploads\/2025\/12\/body-lotion-400x1610.png 400w, https:\/\/vianesse.com\/wp-content\/uploads\/2025\/12\/body-lotion.png 420w\" sizes=\"(max-width: 800px) 100vw, 400px\" \/><\/span><\/div><\/div><\/div><div class=\"fusion-clearfix\"><\/div><\/div><\/div><div class=\"fusion-layout-column fusion_builder_column fusion-builder-column-4 fusion_builder_column_1_1 1_1 fusion-one-full fusion-column-first fusion-column-last fusion-column-no-min-height\" style=\"--awb-bg-size:cover;--awb-margin-bottom:0px;\"><div class=\"fusion-column-wrapper fusion-flex-column-wrapper-legacy\"><div class=\"fusion-clearfix\"><\/div><\/div><\/div><\/div><\/div><div class=\"fusion-fullwidth fullwidth-box fusion-builder-row-4 nonhundred-percent-fullwidth non-hundred-percent-height-scrolling\" style=\"--awb-background-position:left top;--awb-border-sizes-top:0px;--awb-border-sizes-bottom:0px;--awb-border-sizes-left:0px;--awb-border-sizes-right:0px;--awb-border-radius-top-left:0px;--awb-border-radius-top-right:0px;--awb-border-radius-bottom-right:0px;--awb-border-radius-bottom-left:0px;--awb-padding-top:30px;--awb-padding-bottom:10px;\" ><div class=\"fusion-builder-row fusion-row\"><div class=\"fusion-layout-column fusion_builder_column fusion-builder-column-5 fusion_builder_column_1_1 1_1 fusion-one-full fusion-column-first fusion-column-last fusion-column-no-min-height\" style=\"--awb-bg-size:cover;--awb-margin-bottom:0px;\"><div class=\"fusion-column-wrapper fusion-flex-column-wrapper-legacy\"><style type='text\/css'>.reading-box-container-1 .element-bottomshadow:before,.reading-box-container-1 .element-bottomshadow:after{opacity:0.5;}<\/style><div class=\"fusion-reading-box-container reading-box-container-1\" style=\"--awb-title-color:#171717;--awb-margin-top:0px;--awb-margin-bottom:84px;\"><div class=\"reading-box reading-box-center\" style=\"background-color:#ffffff;border-width:1px;border-color:#ebeef1;border-top-width:3px;border-top-color:var(--primary_color);border-style:solid;\"><h2>Sta\u0148te se <strong>VIP z\u00e1kazn\u00edkem VIANESSE\u00ae<\/strong> !<\/h2><div class=\"reading-box-description fusion-reading-box-additional\">VIANESSE \u2013 kvalita, spolehlivost a bezpe\u010dnost<\/div><div class=\"fusion-clearfix\"><\/div><a class=\"button fusion-button button-default fusion-button-large button-large button-flat fusion-mobile-button continue-center\" style=\"-webkit-box-shadow:none;-moz-box-shadow:none;box-shadow:none;border-radius:2px 2px 2px 2px\" href=\"\/cs\/#karriere\" target=\"_self\"><span>ZA\u010cN\u011aTE HNED TE\u010e<\/span><\/a><\/div><\/div><div class=\"fusion-clearfix\"><\/div><\/div><\/div><\/div><\/div>\n<\/p>\n","protected":false},"excerpt":{"rendered":"","protected":false},"author":5,"featured_media":0,"parent":0,"menu_order":0,"comment_status":"closed","ping_status":"closed","template":"100-width.php","meta":[],"yoast_head":"<!-- This site is optimized with the Yoast SEO plugin v15.4 - https:\/\/yoast.com\/wordpress\/plugins\/seo\/ -->\n<title>KOSMETIKA VITAMIN BODY LOTION - VIANESSE<\/title>\n<meta name=\"robots\" content=\"index, follow, max-snippet:-1, max-image-preview:large, max-video-preview:-1\" \/>\n<link rel=\"canonical\" href=\"https:\/\/vianesse.com\/cs\/kosmetika-vitamin-body-lotion\" \/>\n<meta property=\"og:locale\" content=\"cs_CZ\" \/>\n<meta property=\"og:type\" content=\"article\" \/>\n<meta property=\"og:title\" content=\"KOSMETIKA VITAMIN BODY LOTION - VIANESSE\" \/>\n<meta property=\"og:url\" content=\"https:\/\/vianesse.com\/cs\/kosmetika-vitamin-body-lotion\" \/>\n<meta property=\"og:site_name\" content=\"VIANESSE\" \/>\n<meta property=\"article:publisher\" content=\"https:\/\/www.facebook.com\/Vianesse-144275839580764\/\" \/>\n<meta property=\"article:modified_time\" content=\"2025-12-16T15:54:38+00:00\" \/>\n<meta name=\"twitter:card\" content=\"summary_large_image\" \/>\n<meta name=\"twitter:label1\" content=\"Napsal(a)\">\n\t<meta name=\"twitter:data1\" content=\"s h\">\n\t<meta name=\"twitter:label2\" content=\"Odhadovan\u00e1 doba \u010dten\u00ed\">\n\t<meta name=\"twitter:data2\" content=\"7 minut\">\n<script type=\"application\/ld+json\" class=\"yoast-schema-graph\">{\"@context\":\"https:\/\/schema.org\",\"@graph\":[{\"@type\":\"Organization\",\"@id\":\"https:\/\/vianesse.com\/cs\/#organization\",\"name\":\"VIANESSE\",\"url\":\"https:\/\/vianesse.com\/cs\/\",\"sameAs\":[\"https:\/\/www.facebook.com\/Vianesse-144275839580764\/\",\"https:\/\/www.youtube.com\/channel\/UCu4kWETEQ20Y-Wlcl77AWGQ\"],\"logo\":{\"@type\":\"ImageObject\",\"@id\":\"https:\/\/vianesse.com\/cs\/#logo\",\"inLanguage\":\"cs\",\"url\":\"https:\/\/vianesse.com\/wp-content\/uploads\/2018\/02\/vianesse_blau_350.png\",\"width\":\"351\",\"height\":\"144\",\"caption\":\"VIANESSE\"},\"image\":{\"@id\":\"https:\/\/vianesse.com\/cs\/#logo\"}},{\"@type\":\"WebSite\",\"@id\":\"https:\/\/vianesse.com\/cs\/#website\",\"url\":\"https:\/\/vianesse.com\/cs\/\",\"name\":\"VIANESSE\",\"description\":\"\",\"publisher\":{\"@id\":\"https:\/\/vianesse.com\/cs\/#organization\"},\"potentialAction\":[{\"@type\":\"SearchAction\",\"target\":\"https:\/\/vianesse.com\/cs\/?s={search_term_string}\",\"query-input\":\"required name=search_term_string\"}],\"inLanguage\":\"cs\"},{\"@type\":\"WebPage\",\"@id\":\"https:\/\/vianesse.com\/cs\/kosmetika-vitamin-body-lotion#webpage\",\"url\":\"https:\/\/vianesse.com\/cs\/kosmetika-vitamin-body-lotion\",\"name\":\"KOSMETIKA VITAMIN BODY LOTION - VIANESSE\",\"isPartOf\":{\"@id\":\"https:\/\/vianesse.com\/cs\/#website\"},\"datePublished\":\"2018-01-26T10:25:43+00:00\",\"dateModified\":\"2025-12-16T15:54:38+00:00\",\"inLanguage\":\"cs\",\"potentialAction\":[{\"@type\":\"ReadAction\",\"target\":[\"https:\/\/vianesse.com\/cs\/kosmetika-vitamin-body-lotion\"]}]}]}<\/script>\n<!-- \/ Yoast SEO plugin. -->","_links":{"self":[{"href":"https:\/\/vianesse.com\/cs\/wp-json\/wp\/v2\/pages\/2876"}],"collection":[{"href":"https:\/\/vianesse.com\/cs\/wp-json\/wp\/v2\/pages"}],"about":[{"href":"https:\/\/vianesse.com\/cs\/wp-json\/wp\/v2\/types\/page"}],"author":[{"embeddable":true,"href":"https:\/\/vianesse.com\/cs\/wp-json\/wp\/v2\/users\/5"}],"replies":[{"embeddable":true,"href":"https:\/\/vianesse.com\/cs\/wp-json\/wp\/v2\/comments?post=2876"}],"version-history":[{"count":5,"href":"https:\/\/vianesse.com\/cs\/wp-json\/wp\/v2\/pages\/2876\/revisions"}],"predecessor-version":[{"id":18893,"href":"https:\/\/vianesse.com\/cs\/wp-json\/wp\/v2\/pages\/2876\/revisions\/18893"}],"wp:attachment":[{"href":"https:\/\/vianesse.com\/cs\/wp-json\/wp\/v2\/media?parent=2876"}],"curies":[{"name":"wp","href":"https:\/\/api.w.org\/{rel}","templated":true}]}}