{"id":2868,"date":"2018-01-26T10:19:21","date_gmt":"2018-01-26T10:19:21","guid":{"rendered":"http:\/\/new.vianesse.com?page_id=2868"},"modified":"2025-12-16T15:47:02","modified_gmt":"2025-12-16T15:47:02","slug":"kosmetika-protective-24h-creme","status":"publish","type":"page","link":"https:\/\/vianesse.com\/cs\/kosmetika-protective-24h-creme","title":{"rendered":"KOSMETIKA PROTECTIVE 24H CREME"},"content":{"rendered":"<p><div class=\"fusion-fullwidth fullwidth-box fusion-builder-row-1 hundred-percent-fullwidth non-hundred-percent-height-scrolling\" style=\"--awb-border-radius-top-left:0px;--awb-border-radius-top-right:0px;--awb-border-radius-bottom-right:0px;--awb-border-radius-bottom-left:0px;\" ><div class=\"fusion-builder-row fusion-row\"><div class=\"fusion-layout-column fusion_builder_column fusion-builder-column-0 fusion_builder_column_1_1 1_1 fusion-one-full fusion-column-first fusion-column-last\" style=\"--awb-bg-size:cover;\"><div class=\"fusion-column-wrapper fusion-flex-column-wrapper-legacy\"><div class=\"fusion-image-element in-legacy-container\" style=\"--awb-caption-title-font-family:var(--h2_typography-font-family);--awb-caption-title-font-weight:var(--h2_typography-font-weight);--awb-caption-title-font-style:var(--h2_typography-font-style);--awb-caption-title-size:var(--h2_typography-font-size);--awb-caption-title-transform:var(--h2_typography-text-transform);--awb-caption-title-line-height:var(--h2_typography-line-height);--awb-caption-title-letter-spacing:var(--h2_typography-letter-spacing);\"><span class=\" fusion-imageframe imageframe-none imageframe-1 hover-type-none\" class=\"image-magnify\" class=\"image-scroll\"><img decoding=\"async\" width=\"2300\" height=\"700\" title=\"Vianesse_KosmetikHeader_Protective24hGel\" src=\"https:\/\/vianesse.com\/wp-content\/uploads\/2017\/10\/Vianesse_KosmetikHeader_Protective24hGel.jpg\" alt class=\"img-responsive wp-image-5162\" srcset=\"https:\/\/vianesse.com\/wp-content\/uploads\/2017\/10\/Vianesse_KosmetikHeader_Protective24hGel-200x61.jpg 200w, https:\/\/vianesse.com\/wp-content\/uploads\/2017\/10\/Vianesse_KosmetikHeader_Protective24hGel-400x122.jpg 400w, https:\/\/vianesse.com\/wp-content\/uploads\/2017\/10\/Vianesse_KosmetikHeader_Protective24hGel-600x183.jpg 600w, https:\/\/vianesse.com\/wp-content\/uploads\/2017\/10\/Vianesse_KosmetikHeader_Protective24hGel-800x243.jpg 800w, https:\/\/vianesse.com\/wp-content\/uploads\/2017\/10\/Vianesse_KosmetikHeader_Protective24hGel-1200x365.jpg 1200w, https:\/\/vianesse.com\/wp-content\/uploads\/2017\/10\/Vianesse_KosmetikHeader_Protective24hGel.jpg 2300w\" sizes=\"(max-width: 800px) 100vw, 2300px\" \/><\/span><\/div><div class=\"fusion-clearfix\"><\/div><\/div><\/div><\/div><\/div><div class=\"fusion-fullwidth fullwidth-box fusion-builder-row-2 nonhundred-percent-fullwidth non-hundred-percent-height-scrolling\" style=\"--awb-border-radius-top-left:0px;--awb-border-radius-top-right:0px;--awb-border-radius-bottom-right:0px;--awb-border-radius-bottom-left:0px;\" ><div class=\"fusion-builder-row fusion-row\"><div class=\"fusion-layout-column fusion_builder_column fusion-builder-column-1 fusion_builder_column_1_1 1_1 fusion-one-full fusion-column-first fusion-column-last\" style=\"--awb-bg-size:cover;\"><div class=\"fusion-column-wrapper fusion-flex-column-wrapper-legacy\"><div class=\"fusion-sep-clear\"><\/div><div class=\"fusion-separator fusion-full-width-sep\" style=\"margin-left: auto;margin-right: auto;margin-top:8px;margin-bottom:8px;width:100%;\"><\/div><div class=\"fusion-sep-clear\"><\/div><div class=\"fusion-clearfix\"><\/div><\/div><\/div><\/div><\/div><div class=\"fusion-fullwidth fullwidth-box fusion-builder-row-3 nonhundred-percent-fullwidth non-hundred-percent-height-scrolling\" style=\"--awb-background-position:left top;--awb-border-sizes-top:0px;--awb-border-sizes-bottom:0px;--awb-border-sizes-left:0px;--awb-border-sizes-right:0px;--awb-border-radius-top-left:0px;--awb-border-radius-top-right:0px;--awb-border-radius-bottom-right:0px;--awb-border-radius-bottom-left:0px;--awb-padding-top:0px;--awb-padding-bottom:0px;\" ><div class=\"fusion-builder-row fusion-row\"><div class=\"fusion-layout-column fusion_builder_column fusion-builder-column-2 fusion_builder_column_4_5 4_5 fusion-four-fifth fusion-column-first\" style=\"--awb-bg-position:right bottom;--awb-bg-size:cover;width:79.2%; margin-right: 4%;\"><div class=\"fusion-column-wrapper fusion-flex-column-wrapper-legacy\"><div class=\"fusion-text fusion-text-1\"><p style=\"letter-spacing: 4px; font-size: 13px; margin-bottom: 0px;\">PRO DENN\u00cd I\u00a0NO\u010cN\u00cd P\u00c9\u010cI<\/p>\n<h1>PROTECTIVE 24h CREME<\/h1>\n<\/div><div class=\"fusion-sep-clear\"><\/div><div class=\"fusion-separator fusion-clearfix\" style=\"float:left;margin-top:0px;margin-bottom:20px;width:100%;max-width:50px;\"><div class=\"fusion-separator-border sep-single sep-solid\" style=\"--awb-height:20px;--awb-amount:20px;--awb-sep-color:#cbaa5c;border-color:#cbaa5c;border-top-width:1px;\"><\/div><\/div><div class=\"fusion-sep-clear\"><\/div><div class=\"fusion-text fusion-text-2\"><p>24hodinov\u00e1 denn\u00ed a\u00a0no\u010dn\u00ed p\u00e9\u010de od VIANESSE pro \u017eeny i\u00a0mu\u017ee s\u00a0\u00fa\u010dinn\u00fdmi l\u00e1tkami chr\u00e1n\u011bn\u00fdmi v\u00a0lipozom\u00e1ln\u00edch kapsl\u00edch: Q10, vitaminy\u00a0A, C a\u00a0E, patentovan\u00e1 ochrana proti vr\u00e1sk\u00e1m AHA, ale tak\u00e9 bambuck\u00e9 m\u00e1slo, vysoce hodnotn\u00fd avok\u00e1dov\u00fd olej a\u00a0kyselina hyaluronov\u00e1. Pro v\u0161echny typy pleti. Kr\u00e9m je bohat\u00fd na \u00fa\u010dinn\u00e9 l\u00e1tky a\u00a0na pleti nezanech\u00e1v\u00e1 ru\u0161iv\u00fd mastn\u00fd lesk. P\u0159i denn\u00edm pou\u017e\u00edv\u00e1n\u00ed dod\u00e1v\u00e1 pleti jemnost a\u00a0vyhlazuje ji.<\/p>\n<p><strong>Pou\u017eit\u00ed:<\/strong> Nan\u00e1\u0161ejte na obli\u010dej, krk a\u00a0dekolt r\u00e1no a\u00a0ve\u010der po vy\u010di\u0161t\u011bn\u00ed pleti gelem VITALIZING WASH GEL. Hod\u00ed se ide\u00e1ln\u011b tak\u00e9 jako podklad pod make-up.<\/p>\n<p><strong>\u00da\u010dinn\u00e9 l\u00e1tky\u00a0\u2013 vlastnosti \u00fa\u010dinn\u00fdch l\u00e1tek podle literatury: Avok\u00e1dov\u00fd olej a\u00a0bambuck\u00e9 m\u00e1slo:<\/strong> Bambuck\u00e9 m\u00e1slo se z\u00edsk\u00e1v\u00e1 ze semen m\u00e1slovn\u00edku africk\u00e9ho. Vyhlazuje ple\u0165, pe\u010duje o\u00a0ni a\u00a0vst\u0159eb\u00e1v\u00e1 UV z\u00e1\u0159en\u00ed.<\/p>\n<p><strong>Q10:<\/strong> Q10 je d\u016fle\u017eit\u00fd zdroj energie, kter\u00fd podporuje regenera\u010dn\u00ed procesy v\u00a0pleti. V\u00a0lipozom\u00e1ln\u00edch kapsl\u00edch se koenzym Q10 dost\u00e1v\u00e1 do hlub\u0161\u00edch vrstev k\u016f\u017ee, kde \u00fa\u010dinn\u011b p\u016fsob\u00ed jako antioxidant, zachyt\u00e1v\u00e1 voln\u00e9 radik\u00e1ly a\u00a0pod\u00edl\u00ed se na l\u00e1tkov\u00e9 v\u00fdm\u011bn\u011b. Bun\u011b\u010dn\u00e1 membr\u00e1na se stabilizuje a\u00a0z\u016fst\u00e1v\u00e1 zachov\u00e1na funkce bu\u0148ky. Ple\u0165 je pak m\u00e9n\u011b citliv\u00e1 na ka\u017edodenn\u00ed stresory prost\u0159ed\u00ed jako UV z\u00e1\u0159en\u00ed nebo ne\u010distoty ve vzduchu.<\/p>\n<p><strong>Vitaminy\u00a0A, C a\u00a0E:<\/strong> Kombinace vitamin\u016f A, C a\u00a0E v\u00a0lipozom\u00e1ln\u00ed form\u011b zabra\u0148uje oxida\u010dn\u00edmu stresu zp\u016fsobovan\u00e9mu zv\u00fd\u0161en\u00fdm z\u00e1\u0159en\u00edm UV-A a\u00a0p\u016fsob\u00ed proti p\u0159ed\u010dasn\u00e9mu st\u00e1rnut\u00ed pleti.<\/p>\n<p><strong>Patentovan\u00e1 ochrana proti vr\u00e1sk\u00e1m AHA:<\/strong> Ovocn\u00e9 kyseliny ve form\u011b sol\u00ed lze do kapsl\u00ed vkl\u00e1dat pouze s\u00a0vyu\u017eit\u00edm na\u0161eho patentovan\u00e9ho postupu. Je to jedin\u00e1 mo\u017enost, jak soli dostat do hlub\u0161\u00edch vrstev k\u016f\u017ee. Zvy\u0161uje se vlhkost pleti, ple\u0165 se vyhlazuje a\u00a0vr\u00e1sky se redukuj\u00ed.<\/p>\n<p><strong>Kyselina hyaluronov\u00e1:<\/strong> Kyselina hyaluronov\u00e1 je z\u00edsk\u00e1v\u00e1na biotechnologick\u00fdm postupem a\u00a0m\u00e1 vysokou schopnost v\u00e1zat vodu. Vytv\u00e1\u0159\u00ed viskoelastickou vrstvu, kter\u00e1 na pleti udr\u017euje vlhkost. T\u00edm z\u00e1rove\u0148 okam\u017eit\u011b a\u00a0citeln\u011b zlep\u0161uje pru\u017enost pleti.<\/p>\n<\/div><div class=\"fusion-clearfix\"><\/div><\/div><\/div><div class=\"fusion-layout-column fusion_builder_column fusion-builder-column-3 fusion_builder_column_1_5 1_5 fusion-one-fifth fusion-column-last\" style=\"--awb-bg-size:cover;width:16.8%;\"><div class=\"fusion-column-wrapper fusion-flex-column-wrapper-legacy\"><div class=\"fusion-column-content-centered\"><div class=\"fusion-column-content\"><div class=\"fusion-image-element in-legacy-container\" style=\"--awb-caption-title-font-family:var(--h2_typography-font-family);--awb-caption-title-font-weight:var(--h2_typography-font-weight);--awb-caption-title-font-style:var(--h2_typography-font-style);--awb-caption-title-size:var(--h2_typography-font-size);--awb-caption-title-transform:var(--h2_typography-text-transform);--awb-caption-title-line-height:var(--h2_typography-line-height);--awb-caption-title-letter-spacing:var(--h2_typography-letter-spacing);\"><span class=\" fusion-imageframe imageframe-none imageframe-2 hover-type-zoomin\" class=\"image-magnify\" class=\"image-scroll\"><img decoding=\"async\" width=\"429\" height=\"1425\" title=\"protective 24 creme\" src=\"https:\/\/vianesse.com\/wp-content\/uploads\/2025\/12\/protective-24-creme.png\" alt class=\"img-responsive wp-image-18798\" srcset=\"https:\/\/vianesse.com\/wp-content\/uploads\/2025\/12\/protective-24-creme-200x664.png 200w, https:\/\/vianesse.com\/wp-content\/uploads\/2025\/12\/protective-24-creme-400x1329.png 400w, https:\/\/vianesse.com\/wp-content\/uploads\/2025\/12\/protective-24-creme.png 429w\" sizes=\"(max-width: 800px) 100vw, 400px\" \/><\/span><\/div><\/div><\/div><div class=\"fusion-clearfix\"><\/div><\/div><\/div><div class=\"fusion-layout-column fusion_builder_column fusion-builder-column-4 fusion_builder_column_1_1 1_1 fusion-one-full fusion-column-first fusion-column-last fusion-column-no-min-height\" style=\"--awb-bg-size:cover;--awb-margin-bottom:0px;\"><div class=\"fusion-column-wrapper fusion-flex-column-wrapper-legacy\"><div class=\"fusion-clearfix\"><\/div><\/div><\/div><\/div><\/div><div class=\"fusion-fullwidth fullwidth-box fusion-builder-row-4 nonhundred-percent-fullwidth non-hundred-percent-height-scrolling\" style=\"--awb-background-position:left top;--awb-border-sizes-top:0px;--awb-border-sizes-bottom:0px;--awb-border-sizes-left:0px;--awb-border-sizes-right:0px;--awb-border-radius-top-left:0px;--awb-border-radius-top-right:0px;--awb-border-radius-bottom-right:0px;--awb-border-radius-bottom-left:0px;--awb-padding-top:30px;--awb-padding-bottom:10px;\" ><div class=\"fusion-builder-row fusion-row\"><div class=\"fusion-layout-column fusion_builder_column fusion-builder-column-5 fusion_builder_column_1_1 1_1 fusion-one-full fusion-column-first fusion-column-last fusion-column-no-min-height\" style=\"--awb-bg-size:cover;--awb-margin-bottom:0px;\"><div class=\"fusion-column-wrapper fusion-flex-column-wrapper-legacy\"><style type='text\/css'>.reading-box-container-1 .element-bottomshadow:before,.reading-box-container-1 .element-bottomshadow:after{opacity:0.5;}<\/style><div class=\"fusion-reading-box-container reading-box-container-1\" style=\"--awb-title-color:#171717;--awb-margin-top:0px;--awb-margin-bottom:84px;\"><div class=\"reading-box reading-box-center\" style=\"background-color:#ffffff;border-width:1px;border-color:#ebeef1;border-top-width:3px;border-top-color:var(--primary_color);border-style:solid;\"><h2>Sta\u0148te se <strong>VIP z\u00e1kazn\u00edkem VIANESSE\u00ae<\/strong> !<\/h2><div class=\"reading-box-description fusion-reading-box-additional\">VIANESSE \u2013 kvalita, spolehlivost a bezpe\u010dnost<\/div><div class=\"fusion-clearfix\"><\/div><a class=\"button fusion-button button-default fusion-button-large button-large button-flat fusion-mobile-button continue-center\" style=\"-webkit-box-shadow:none;-moz-box-shadow:none;box-shadow:none;border-radius:2px 2px 2px 2px\" href=\"\/cs\/#karriere\" target=\"_self\"><span>ZA\u010cN\u011aTE HNED TE\u010e<\/span><\/a><\/div><\/div><div class=\"fusion-clearfix\"><\/div><\/div><\/div><\/div><\/div>\n<\/p>\n","protected":false},"excerpt":{"rendered":"","protected":false},"author":5,"featured_media":0,"parent":0,"menu_order":0,"comment_status":"closed","ping_status":"closed","template":"100-width.php","meta":[],"yoast_head":"<!-- This site is optimized with the Yoast SEO plugin v15.4 - https:\/\/yoast.com\/wordpress\/plugins\/seo\/ -->\n<title>KOSMETIKA PROTECTIVE 24H CREME - VIANESSE<\/title>\n<meta name=\"robots\" content=\"index, follow, max-snippet:-1, max-image-preview:large, max-video-preview:-1\" \/>\n<link rel=\"canonical\" href=\"https:\/\/vianesse.com\/cs\/kosmetika-protective-24h-creme\" \/>\n<meta property=\"og:locale\" content=\"cs_CZ\" \/>\n<meta property=\"og:type\" content=\"article\" \/>\n<meta property=\"og:title\" content=\"KOSMETIKA PROTECTIVE 24H CREME - VIANESSE\" \/>\n<meta property=\"og:url\" content=\"https:\/\/vianesse.com\/cs\/kosmetika-protective-24h-creme\" \/>\n<meta property=\"og:site_name\" content=\"VIANESSE\" \/>\n<meta property=\"article:publisher\" content=\"https:\/\/www.facebook.com\/Vianesse-144275839580764\/\" \/>\n<meta property=\"article:modified_time\" content=\"2025-12-16T15:47:02+00:00\" \/>\n<meta name=\"twitter:card\" content=\"summary_large_image\" \/>\n<meta name=\"twitter:label1\" content=\"Napsal(a)\">\n\t<meta name=\"twitter:data1\" content=\"s h\">\n\t<meta name=\"twitter:label2\" content=\"Odhadovan\u00e1 doba \u010dten\u00ed\">\n\t<meta name=\"twitter:data2\" content=\"6 minut\">\n<script type=\"application\/ld+json\" class=\"yoast-schema-graph\">{\"@context\":\"https:\/\/schema.org\",\"@graph\":[{\"@type\":\"Organization\",\"@id\":\"https:\/\/vianesse.com\/cs\/#organization\",\"name\":\"VIANESSE\",\"url\":\"https:\/\/vianesse.com\/cs\/\",\"sameAs\":[\"https:\/\/www.facebook.com\/Vianesse-144275839580764\/\",\"https:\/\/www.youtube.com\/channel\/UCu4kWETEQ20Y-Wlcl77AWGQ\"],\"logo\":{\"@type\":\"ImageObject\",\"@id\":\"https:\/\/vianesse.com\/cs\/#logo\",\"inLanguage\":\"cs\",\"url\":\"https:\/\/vianesse.com\/wp-content\/uploads\/2018\/02\/vianesse_blau_350.png\",\"width\":\"351\",\"height\":\"144\",\"caption\":\"VIANESSE\"},\"image\":{\"@id\":\"https:\/\/vianesse.com\/cs\/#logo\"}},{\"@type\":\"WebSite\",\"@id\":\"https:\/\/vianesse.com\/cs\/#website\",\"url\":\"https:\/\/vianesse.com\/cs\/\",\"name\":\"VIANESSE\",\"description\":\"\",\"publisher\":{\"@id\":\"https:\/\/vianesse.com\/cs\/#organization\"},\"potentialAction\":[{\"@type\":\"SearchAction\",\"target\":\"https:\/\/vianesse.com\/cs\/?s={search_term_string}\",\"query-input\":\"required name=search_term_string\"}],\"inLanguage\":\"cs\"},{\"@type\":\"WebPage\",\"@id\":\"https:\/\/vianesse.com\/cs\/kosmetika-protective-24h-creme#webpage\",\"url\":\"https:\/\/vianesse.com\/cs\/kosmetika-protective-24h-creme\",\"name\":\"KOSMETIKA PROTECTIVE 24H CREME - VIANESSE\",\"isPartOf\":{\"@id\":\"https:\/\/vianesse.com\/cs\/#website\"},\"datePublished\":\"2018-01-26T10:19:21+00:00\",\"dateModified\":\"2025-12-16T15:47:02+00:00\",\"inLanguage\":\"cs\",\"potentialAction\":[{\"@type\":\"ReadAction\",\"target\":[\"https:\/\/vianesse.com\/cs\/kosmetika-protective-24h-creme\"]}]}]}<\/script>\n<!-- \/ Yoast SEO plugin. -->","_links":{"self":[{"href":"https:\/\/vianesse.com\/cs\/wp-json\/wp\/v2\/pages\/2868"}],"collection":[{"href":"https:\/\/vianesse.com\/cs\/wp-json\/wp\/v2\/pages"}],"about":[{"href":"https:\/\/vianesse.com\/cs\/wp-json\/wp\/v2\/types\/page"}],"author":[{"embeddable":true,"href":"https:\/\/vianesse.com\/cs\/wp-json\/wp\/v2\/users\/5"}],"replies":[{"embeddable":true,"href":"https:\/\/vianesse.com\/cs\/wp-json\/wp\/v2\/comments?post=2868"}],"version-history":[{"count":5,"href":"https:\/\/vianesse.com\/cs\/wp-json\/wp\/v2\/pages\/2868\/revisions"}],"predecessor-version":[{"id":18868,"href":"https:\/\/vianesse.com\/cs\/wp-json\/wp\/v2\/pages\/2868\/revisions\/18868"}],"wp:attachment":[{"href":"https:\/\/vianesse.com\/cs\/wp-json\/wp\/v2\/media?parent=2868"}],"curies":[{"name":"wp","href":"https:\/\/api.w.org\/{rel}","templated":true}]}}