{"id":2864,"date":"2018-01-26T10:16:35","date_gmt":"2018-01-26T10:16:35","guid":{"rendered":"http:\/\/new.vianesse.com?page_id=2864"},"modified":"2025-12-16T15:41:40","modified_gmt":"2025-12-16T15:41:40","slug":"kosmetika-hydro-repair-mask","status":"publish","type":"page","link":"https:\/\/vianesse.com\/cs\/kosmetika-hydro-repair-mask","title":{"rendered":"KOSMETIKA HYDRO REPAIR MASK"},"content":{"rendered":"<p><div class=\"fusion-fullwidth fullwidth-box fusion-builder-row-1 hundred-percent-fullwidth non-hundred-percent-height-scrolling\" style=\"--awb-border-radius-top-left:0px;--awb-border-radius-top-right:0px;--awb-border-radius-bottom-right:0px;--awb-border-radius-bottom-left:0px;\" ><div class=\"fusion-builder-row fusion-row\"><div class=\"fusion-layout-column fusion_builder_column fusion-builder-column-0 fusion_builder_column_1_1 1_1 fusion-one-full fusion-column-first fusion-column-last\" style=\"--awb-bg-size:cover;\"><div class=\"fusion-column-wrapper fusion-flex-column-wrapper-legacy\"><div class=\"fusion-image-element in-legacy-container\" style=\"--awb-caption-title-font-family:var(--h2_typography-font-family);--awb-caption-title-font-weight:var(--h2_typography-font-weight);--awb-caption-title-font-style:var(--h2_typography-font-style);--awb-caption-title-size:var(--h2_typography-font-size);--awb-caption-title-transform:var(--h2_typography-text-transform);--awb-caption-title-line-height:var(--h2_typography-line-height);--awb-caption-title-letter-spacing:var(--h2_typography-letter-spacing);\"><span class=\" fusion-imageframe imageframe-none imageframe-1 hover-type-none\" class=\"image-magnify\" class=\"image-scroll\"><img decoding=\"async\" width=\"2300\" height=\"700\" title=\"Vianesse_KosmetikHeader_HydroRepairMask_Girl\" src=\"https:\/\/vianesse.com\/wp-content\/uploads\/2017\/10\/Vianesse_KosmetikHeader_HydroRepairMask_Girl.jpg\" alt class=\"img-responsive wp-image-5552\" srcset=\"https:\/\/vianesse.com\/wp-content\/uploads\/2017\/10\/Vianesse_KosmetikHeader_HydroRepairMask_Girl-200x61.jpg 200w, https:\/\/vianesse.com\/wp-content\/uploads\/2017\/10\/Vianesse_KosmetikHeader_HydroRepairMask_Girl-400x122.jpg 400w, https:\/\/vianesse.com\/wp-content\/uploads\/2017\/10\/Vianesse_KosmetikHeader_HydroRepairMask_Girl-600x183.jpg 600w, https:\/\/vianesse.com\/wp-content\/uploads\/2017\/10\/Vianesse_KosmetikHeader_HydroRepairMask_Girl-800x243.jpg 800w, https:\/\/vianesse.com\/wp-content\/uploads\/2017\/10\/Vianesse_KosmetikHeader_HydroRepairMask_Girl-1200x365.jpg 1200w, https:\/\/vianesse.com\/wp-content\/uploads\/2017\/10\/Vianesse_KosmetikHeader_HydroRepairMask_Girl.jpg 2300w\" sizes=\"(max-width: 800px) 100vw, 2300px\" \/><\/span><\/div><div class=\"fusion-clearfix\"><\/div><\/div><\/div><\/div><\/div><div class=\"fusion-fullwidth fullwidth-box fusion-builder-row-2 nonhundred-percent-fullwidth non-hundred-percent-height-scrolling\" style=\"--awb-border-radius-top-left:0px;--awb-border-radius-top-right:0px;--awb-border-radius-bottom-right:0px;--awb-border-radius-bottom-left:0px;\" ><div class=\"fusion-builder-row fusion-row\"><div class=\"fusion-layout-column fusion_builder_column fusion-builder-column-1 fusion_builder_column_1_1 1_1 fusion-one-full fusion-column-first fusion-column-last\" style=\"--awb-bg-size:cover;\"><div class=\"fusion-column-wrapper fusion-flex-column-wrapper-legacy\"><div class=\"fusion-sep-clear\"><\/div><div class=\"fusion-separator fusion-full-width-sep\" style=\"margin-left: auto;margin-right: auto;margin-top:8px;margin-bottom:8px;width:100%;\"><\/div><div class=\"fusion-sep-clear\"><\/div><div class=\"fusion-clearfix\"><\/div><\/div><\/div><\/div><\/div><div class=\"fusion-fullwidth fullwidth-box fusion-builder-row-3 nonhundred-percent-fullwidth non-hundred-percent-height-scrolling\" style=\"--awb-background-position:left top;--awb-border-sizes-top:0px;--awb-border-sizes-bottom:0px;--awb-border-sizes-left:0px;--awb-border-sizes-right:0px;--awb-border-radius-top-left:0px;--awb-border-radius-top-right:0px;--awb-border-radius-bottom-right:0px;--awb-border-radius-bottom-left:0px;--awb-padding-top:0px;--awb-padding-bottom:0px;\" ><div class=\"fusion-builder-row fusion-row\"><div class=\"fusion-layout-column fusion_builder_column fusion-builder-column-2 fusion_builder_column_4_5 4_5 fusion-four-fifth fusion-column-first\" style=\"--awb-bg-position:right bottom;--awb-bg-size:cover;width:79.2%; margin-right: 4%;\"><div class=\"fusion-column-wrapper fusion-flex-column-wrapper-legacy\"><div class=\"fusion-text fusion-text-1\"><p style=\"letter-spacing: 4px; font-size: 13px; margin-bottom: 0px;\">ZBAVUJE STRESU A\u00a0\u00daNAVY<\/p>\n<h1>HYDRO REPAIR MASK<\/h1>\n<\/div><div class=\"fusion-sep-clear\"><\/div><div class=\"fusion-separator fusion-clearfix\" style=\"float:left;margin-top:0px;margin-bottom:20px;width:100%;max-width:50px;\"><div class=\"fusion-separator-border sep-single sep-solid\" style=\"--awb-height:20px;--awb-amount:20px;--awb-sep-color:#cbaa5c;border-color:#cbaa5c;border-top-width:1px;\"><\/div><\/div><div class=\"fusion-sep-clear\"><\/div><div class=\"fusion-text fusion-text-2\"><p>Tato jemn\u00e1 obli\u010dejov\u00e1 maska Hydro Repair Night Mask pro \u017eeny i\u00a0mu\u017ee obsahuje zvlh\u010duj\u00edc\u00ed komplex z\u00a0omega mastn\u00fdch kyselin z\u00edsk\u00e1van\u00fdch z\u00a0planktonu, kter\u00fd je zabalen do lipozom\u016f a\u00a0demineralizovanou ple\u0165 doslova h\u00fd\u010dk\u00e1. \u00dalevu od stresu a\u00a0\u00fanavy poc\u00edt\u00edte u\u017e po 20\u00a0minut\u00e1ch. M\u00e1slo z\u00a0mangov\u00fdch pecek a\u00a0bavln\u00edkov\u00fd olej va\u0161i ple\u0165 viditeln\u011b zjemn\u00ed a\u00a0zvl\u00e1\u010dn\u00ed.<\/p>\n<p><strong>Pou\u017eit\u00ed:<\/strong> 1kr\u00e1t a\u017e 3kr\u00e1t t\u00fddn\u011b. Aby mohly \u010detn\u00e9 \u00fa\u010dinn\u00e9 l\u00e1tky obli\u010dejov\u00e9 masky Hydro Repair Night Mask pln\u011b rozvinout sv\u016fj \u00fa\u010dinek, ple\u0165 na obli\u010deji p\u0159ed pou\u017eit\u00edm masky d\u016fkladn\u011b vy\u010dist\u011bte myc\u00edm gelem Vitalizing Wash Gel. Pro maxim\u00e1ln\u00ed \u00fa\u010dinek masky si dop\u0159ejte naprost\u00fd klid a\u00a0nesp\u011bchejte. Na vy\u010di\u0161t\u011bnou ple\u0165 na obli\u010deji, krku a\u00a0dekoltu se nan\u00e1\u0161\u00ed v\u00a0siln\u011bj\u0161\u00ed vrstv\u011b. Masku nechte p\u016fsobit 20\u00a0minut.<br \/>\nD\u016fle\u017eit\u00e1 informace: Obli\u010dejov\u00e1 maska Hydro Repair Night Mask se po o\u0161et\u0159en\u00ed pleti nesm\u00fdv\u00e1.<\/p>\n<p><strong>\u00da\u010dinn\u00e9 l\u00e1tky\u00a0\u2013 vlastnosti \u00fa\u010dinn\u00fdch l\u00e1tek podle literatury: M\u00e1slo z\u00a0mangov\u00fdch pecek, bavln\u00edkov\u00fd olej:<\/strong> Dod\u00e1vaj\u00ed pleti hedv\u00e1bn\u00fd, m\u011bkk\u00fd pocit.<\/p>\n<p><strong>Omega mastn\u00e9 kyseliny z\u00a0planktonu:<\/strong> Tyto v\u00edcenenasycen\u00e9 a\u00a0esenci\u00e1ln\u00ed mastn\u00e9 kyseliny jsou z\u00edsk\u00e1v\u00e1ny z\u00a0mo\u0159sk\u00fdch \u0159as a\u00a0v\u00fdznamn\u011b p\u0159isp\u00edvaj\u00ed ke kr\u00e1se pleti. Jsou balen\u00e9 do lipozom\u016f, zasahuj\u00ed r\u016fzn\u00fdmi cestami do fyziologick\u00fdch proces\u016f v\u00a0pleti a\u00a0pom\u00e1haj\u00ed udr\u017eovat ochrannou bari\u00e9ru pleti nepo\u0161kozenou. I\u00a0star\u0161\u00ed ple\u0165 si tak uchov\u00e1v\u00e1 svoji p\u0159irozenou vlhkost a\u00a0je chr\u00e1n\u011bna p\u0159ed vysych\u00e1n\u00edm.<\/p>\n<p><strong>Aminokyseliny:<\/strong> Aminokyseliny jsou do pleti dod\u00e1v\u00e1ny prost\u0159ednictv\u00edm lipozom\u016f. V\u00a0pleti pak stimuluj\u00ed synt\u00e9zu kolagen\u016f a\u00a0elastinu. Unaven\u00e1 ple\u0165 se op\u011bt vypne a\u00a0z\u00edsk\u00e1v\u00e1 ztracenou pru\u017enost. Drobn\u00e9 mimick\u00e9 vr\u00e1sky se vyhlazuj\u00ed.<\/p>\n<\/div><div class=\"fusion-clearfix\"><\/div><\/div><\/div><div class=\"fusion-layout-column fusion_builder_column fusion-builder-column-3 fusion_builder_column_1_5 1_5 fusion-one-fifth fusion-column-last\" style=\"--awb-bg-size:cover;width:16.8%;\"><div class=\"fusion-column-wrapper fusion-flex-column-wrapper-legacy\"><div class=\"fusion-column-content-centered\"><div class=\"fusion-column-content\"><div class=\"fusion-image-element in-legacy-container\" style=\"--awb-caption-title-font-family:var(--h2_typography-font-family);--awb-caption-title-font-weight:var(--h2_typography-font-weight);--awb-caption-title-font-style:var(--h2_typography-font-style);--awb-caption-title-size:var(--h2_typography-font-size);--awb-caption-title-transform:var(--h2_typography-text-transform);--awb-caption-title-line-height:var(--h2_typography-line-height);--awb-caption-title-letter-spacing:var(--h2_typography-letter-spacing);\"><span class=\" fusion-imageframe imageframe-none imageframe-2 hover-type-zoomin\" class=\"image-magnify\" class=\"image-scroll\"><img decoding=\"async\" width=\"429\" height=\"1141\" title=\"hydro repair\" src=\"https:\/\/vianesse.com\/wp-content\/uploads\/2025\/12\/hydro-repair.png\" alt class=\"img-responsive wp-image-18785\" srcset=\"https:\/\/vianesse.com\/wp-content\/uploads\/2025\/12\/hydro-repair-200x532.png 200w, https:\/\/vianesse.com\/wp-content\/uploads\/2025\/12\/hydro-repair-400x1064.png 400w, https:\/\/vianesse.com\/wp-content\/uploads\/2025\/12\/hydro-repair.png 429w\" sizes=\"(max-width: 800px) 100vw, 400px\" \/><\/span><\/div><\/div><\/div><div class=\"fusion-clearfix\"><\/div><\/div><\/div><div class=\"fusion-layout-column fusion_builder_column fusion-builder-column-4 fusion_builder_column_1_1 1_1 fusion-one-full fusion-column-first fusion-column-last fusion-column-no-min-height\" style=\"--awb-bg-size:cover;--awb-margin-bottom:0px;\"><div class=\"fusion-column-wrapper fusion-flex-column-wrapper-legacy\"><div class=\"fusion-clearfix\"><\/div><\/div><\/div><\/div><\/div><div class=\"fusion-fullwidth fullwidth-box fusion-builder-row-4 nonhundred-percent-fullwidth non-hundred-percent-height-scrolling\" style=\"--awb-background-position:left top;--awb-border-sizes-top:0px;--awb-border-sizes-bottom:0px;--awb-border-sizes-left:0px;--awb-border-sizes-right:0px;--awb-border-radius-top-left:0px;--awb-border-radius-top-right:0px;--awb-border-radius-bottom-right:0px;--awb-border-radius-bottom-left:0px;--awb-padding-top:30px;--awb-padding-bottom:10px;\" ><div class=\"fusion-builder-row fusion-row\"><div class=\"fusion-layout-column fusion_builder_column fusion-builder-column-5 fusion_builder_column_1_1 1_1 fusion-one-full fusion-column-first fusion-column-last fusion-column-no-min-height\" style=\"--awb-bg-size:cover;--awb-margin-bottom:0px;\"><div class=\"fusion-column-wrapper fusion-flex-column-wrapper-legacy\"><style type='text\/css'>.reading-box-container-1 .element-bottomshadow:before,.reading-box-container-1 .element-bottomshadow:after{opacity:0.5;}<\/style><div class=\"fusion-reading-box-container reading-box-container-1\" style=\"--awb-title-color:#171717;--awb-margin-top:0px;--awb-margin-bottom:84px;\"><div class=\"reading-box reading-box-center\" style=\"background-color:#ffffff;border-width:1px;border-color:#ebeef1;border-top-width:3px;border-top-color:var(--primary_color);border-style:solid;\"><h2>Sta\u0148te se <strong>VIP z\u00e1kazn\u00edkem VIANESSE\u00ae<\/strong> !<\/h2><div class=\"reading-box-description fusion-reading-box-additional\">VIANESSE \u2013 kvalita, spolehlivost a bezpe\u010dnost<\/div><div class=\"fusion-clearfix\"><\/div><a class=\"button fusion-button button-default fusion-button-large button-large button-flat fusion-mobile-button continue-center\" style=\"-webkit-box-shadow:none;-moz-box-shadow:none;box-shadow:none;border-radius:2px 2px 2px 2px\" href=\"\/cs\/#karriere\" target=\"_self\"><span>ZA\u010cN\u011aTE HNED TE\u010e<\/span><\/a><\/div><\/div><div class=\"fusion-clearfix\"><\/div><\/div><\/div><\/div><\/div>\n<\/p>\n","protected":false},"excerpt":{"rendered":"","protected":false},"author":5,"featured_media":0,"parent":0,"menu_order":0,"comment_status":"closed","ping_status":"closed","template":"100-width.php","meta":[],"yoast_head":"<!-- This site is optimized with the Yoast SEO plugin v15.4 - https:\/\/yoast.com\/wordpress\/plugins\/seo\/ -->\n<title>KOSMETIKA HYDRO REPAIR MASK - VIANESSE<\/title>\n<meta name=\"robots\" content=\"index, follow, max-snippet:-1, max-image-preview:large, max-video-preview:-1\" \/>\n<link rel=\"canonical\" href=\"https:\/\/vianesse.com\/cs\/kosmetika-hydro-repair-mask\" \/>\n<meta property=\"og:locale\" content=\"cs_CZ\" \/>\n<meta property=\"og:type\" content=\"article\" \/>\n<meta property=\"og:title\" content=\"KOSMETIKA HYDRO REPAIR MASK - VIANESSE\" \/>\n<meta property=\"og:url\" content=\"https:\/\/vianesse.com\/cs\/kosmetika-hydro-repair-mask\" \/>\n<meta property=\"og:site_name\" content=\"VIANESSE\" \/>\n<meta property=\"article:publisher\" content=\"https:\/\/www.facebook.com\/Vianesse-144275839580764\/\" \/>\n<meta property=\"article:modified_time\" content=\"2025-12-16T15:41:40+00:00\" \/>\n<meta name=\"twitter:card\" content=\"summary_large_image\" \/>\n<meta name=\"twitter:label1\" content=\"Napsal(a)\">\n\t<meta name=\"twitter:data1\" content=\"s h\">\n\t<meta name=\"twitter:label2\" content=\"Odhadovan\u00e1 doba \u010dten\u00ed\">\n\t<meta name=\"twitter:data2\" content=\"6 minut\">\n<script type=\"application\/ld+json\" class=\"yoast-schema-graph\">{\"@context\":\"https:\/\/schema.org\",\"@graph\":[{\"@type\":\"Organization\",\"@id\":\"https:\/\/vianesse.com\/cs\/#organization\",\"name\":\"VIANESSE\",\"url\":\"https:\/\/vianesse.com\/cs\/\",\"sameAs\":[\"https:\/\/www.facebook.com\/Vianesse-144275839580764\/\",\"https:\/\/www.youtube.com\/channel\/UCu4kWETEQ20Y-Wlcl77AWGQ\"],\"logo\":{\"@type\":\"ImageObject\",\"@id\":\"https:\/\/vianesse.com\/cs\/#logo\",\"inLanguage\":\"cs\",\"url\":\"https:\/\/vianesse.com\/wp-content\/uploads\/2018\/02\/vianesse_blau_350.png\",\"width\":\"351\",\"height\":\"144\",\"caption\":\"VIANESSE\"},\"image\":{\"@id\":\"https:\/\/vianesse.com\/cs\/#logo\"}},{\"@type\":\"WebSite\",\"@id\":\"https:\/\/vianesse.com\/cs\/#website\",\"url\":\"https:\/\/vianesse.com\/cs\/\",\"name\":\"VIANESSE\",\"description\":\"\",\"publisher\":{\"@id\":\"https:\/\/vianesse.com\/cs\/#organization\"},\"potentialAction\":[{\"@type\":\"SearchAction\",\"target\":\"https:\/\/vianesse.com\/cs\/?s={search_term_string}\",\"query-input\":\"required name=search_term_string\"}],\"inLanguage\":\"cs\"},{\"@type\":\"WebPage\",\"@id\":\"https:\/\/vianesse.com\/cs\/kosmetika-hydro-repair-mask#webpage\",\"url\":\"https:\/\/vianesse.com\/cs\/kosmetika-hydro-repair-mask\",\"name\":\"KOSMETIKA HYDRO REPAIR MASK - VIANESSE\",\"isPartOf\":{\"@id\":\"https:\/\/vianesse.com\/cs\/#website\"},\"datePublished\":\"2018-01-26T10:16:35+00:00\",\"dateModified\":\"2025-12-16T15:41:40+00:00\",\"inLanguage\":\"cs\",\"potentialAction\":[{\"@type\":\"ReadAction\",\"target\":[\"https:\/\/vianesse.com\/cs\/kosmetika-hydro-repair-mask\"]}]}]}<\/script>\n<!-- \/ Yoast SEO plugin. -->","_links":{"self":[{"href":"https:\/\/vianesse.com\/cs\/wp-json\/wp\/v2\/pages\/2864"}],"collection":[{"href":"https:\/\/vianesse.com\/cs\/wp-json\/wp\/v2\/pages"}],"about":[{"href":"https:\/\/vianesse.com\/cs\/wp-json\/wp\/v2\/types\/page"}],"author":[{"embeddable":true,"href":"https:\/\/vianesse.com\/cs\/wp-json\/wp\/v2\/users\/5"}],"replies":[{"embeddable":true,"href":"https:\/\/vianesse.com\/cs\/wp-json\/wp\/v2\/comments?post=2864"}],"version-history":[{"count":5,"href":"https:\/\/vianesse.com\/cs\/wp-json\/wp\/v2\/pages\/2864\/revisions"}],"predecessor-version":[{"id":18847,"href":"https:\/\/vianesse.com\/cs\/wp-json\/wp\/v2\/pages\/2864\/revisions\/18847"}],"wp:attachment":[{"href":"https:\/\/vianesse.com\/cs\/wp-json\/wp\/v2\/media?parent=2864"}],"curies":[{"name":"wp","href":"https:\/\/api.w.org\/{rel}","templated":true}]}}