{"id":2858,"date":"2018-01-26T10:14:31","date_gmt":"2018-01-26T10:14:31","guid":{"rendered":"http:\/\/new.vianesse.com?page_id=2858"},"modified":"2025-12-16T15:36:06","modified_gmt":"2025-12-16T15:36:06","slug":"kosmetika-eye-effect-gel","status":"publish","type":"page","link":"https:\/\/vianesse.com\/cs\/kosmetika-eye-effect-gel","title":{"rendered":"KOSMETIKA EYE EFFECT GEL"},"content":{"rendered":"<p><div class=\"fusion-fullwidth fullwidth-box fusion-builder-row-1 hundred-percent-fullwidth non-hundred-percent-height-scrolling\" style=\"--awb-border-radius-top-left:0px;--awb-border-radius-top-right:0px;--awb-border-radius-bottom-right:0px;--awb-border-radius-bottom-left:0px;\" ><div class=\"fusion-builder-row fusion-row\"><div class=\"fusion-layout-column fusion_builder_column fusion-builder-column-0 fusion_builder_column_1_1 1_1 fusion-one-full fusion-column-first fusion-column-last\" style=\"--awb-bg-size:cover;\"><div class=\"fusion-column-wrapper fusion-flex-column-wrapper-legacy\"><div class=\"fusion-image-element in-legacy-container\" style=\"--awb-caption-title-font-family:var(--h2_typography-font-family);--awb-caption-title-font-weight:var(--h2_typography-font-weight);--awb-caption-title-font-style:var(--h2_typography-font-style);--awb-caption-title-size:var(--h2_typography-font-size);--awb-caption-title-transform:var(--h2_typography-text-transform);--awb-caption-title-line-height:var(--h2_typography-line-height);--awb-caption-title-letter-spacing:var(--h2_typography-letter-spacing);\"><span class=\" fusion-imageframe imageframe-none imageframe-1 hover-type-none\" class=\"image-magnify\" class=\"image-scroll\"><img decoding=\"async\" width=\"2300\" height=\"700\" title=\"Vianesse_KosmetikHeader_EyeEffectGel\" src=\"https:\/\/vianesse.com\/wp-content\/uploads\/2017\/10\/Vianesse_KosmetikHeader_EyeEffectGel.jpg\" alt class=\"img-responsive wp-image-5212\" srcset=\"https:\/\/vianesse.com\/wp-content\/uploads\/2017\/10\/Vianesse_KosmetikHeader_EyeEffectGel-200x61.jpg 200w, https:\/\/vianesse.com\/wp-content\/uploads\/2017\/10\/Vianesse_KosmetikHeader_EyeEffectGel-400x122.jpg 400w, https:\/\/vianesse.com\/wp-content\/uploads\/2017\/10\/Vianesse_KosmetikHeader_EyeEffectGel-600x183.jpg 600w, https:\/\/vianesse.com\/wp-content\/uploads\/2017\/10\/Vianesse_KosmetikHeader_EyeEffectGel-800x243.jpg 800w, https:\/\/vianesse.com\/wp-content\/uploads\/2017\/10\/Vianesse_KosmetikHeader_EyeEffectGel-1200x365.jpg 1200w, https:\/\/vianesse.com\/wp-content\/uploads\/2017\/10\/Vianesse_KosmetikHeader_EyeEffectGel.jpg 2300w\" sizes=\"(max-width: 800px) 100vw, 2300px\" \/><\/span><\/div><div class=\"fusion-clearfix\"><\/div><\/div><\/div><\/div><\/div><div class=\"fusion-fullwidth fullwidth-box fusion-builder-row-2 nonhundred-percent-fullwidth non-hundred-percent-height-scrolling\" style=\"--awb-border-radius-top-left:0px;--awb-border-radius-top-right:0px;--awb-border-radius-bottom-right:0px;--awb-border-radius-bottom-left:0px;\" ><div class=\"fusion-builder-row fusion-row\"><div class=\"fusion-layout-column fusion_builder_column fusion-builder-column-1 fusion_builder_column_1_1 1_1 fusion-one-full fusion-column-first fusion-column-last\" style=\"--awb-bg-size:cover;\"><div class=\"fusion-column-wrapper fusion-flex-column-wrapper-legacy\"><div class=\"fusion-sep-clear\"><\/div><div class=\"fusion-separator fusion-full-width-sep\" style=\"margin-left: auto;margin-right: auto;margin-top:8px;margin-bottom:8px;width:100%;\"><\/div><div class=\"fusion-sep-clear\"><\/div><div class=\"fusion-clearfix\"><\/div><\/div><\/div><\/div><\/div><div class=\"fusion-fullwidth fullwidth-box fusion-builder-row-3 nonhundred-percent-fullwidth non-hundred-percent-height-scrolling\" style=\"--awb-background-position:left top;--awb-border-sizes-top:0px;--awb-border-sizes-bottom:0px;--awb-border-sizes-left:0px;--awb-border-sizes-right:0px;--awb-border-radius-top-left:0px;--awb-border-radius-top-right:0px;--awb-border-radius-bottom-right:0px;--awb-border-radius-bottom-left:0px;--awb-padding-top:0px;--awb-padding-bottom:0px;\" ><div class=\"fusion-builder-row fusion-row\"><div class=\"fusion-layout-column fusion_builder_column fusion-builder-column-2 fusion_builder_column_4_5 4_5 fusion-four-fifth fusion-column-first\" style=\"--awb-bg-position:right bottom;--awb-bg-size:cover;width:79.2%; margin-right: 4%;\"><div class=\"fusion-column-wrapper fusion-flex-column-wrapper-legacy\"><div class=\"fusion-text fusion-text-1\"><p style=\"letter-spacing: 4px; font-size: 13px; margin-bottom: 0px;\">PRO HLADKOU PLE\u0164<\/p>\n<h1>EYE EFFECT GEL<\/h1>\n<\/div><div class=\"fusion-sep-clear\"><\/div><div class=\"fusion-separator fusion-clearfix\" style=\"float:left;margin-top:0px;margin-bottom:20px;width:100%;max-width:50px;\"><div class=\"fusion-separator-border sep-single sep-solid\" style=\"--awb-height:20px;--awb-amount:20px;--awb-sep-color:#cbaa5c;border-color:#cbaa5c;border-top-width:1px;\"><\/div><\/div><div class=\"fusion-sep-clear\"><\/div><div class=\"fusion-text fusion-text-2\"><p>O\u0161et\u0159uj\u00edc\u00ed Eye Effect Gel pro \u017eeny i\u00a0mu\u017ee dod\u00e1v\u00e1 pleti d\u00edky pe\u010dliv\u011b slad\u011bn\u00fdm \u00fa\u010dinn\u00fdm l\u00e1tk\u00e1m vlo\u017een\u00fdm do lipozom\u00e1ln\u00edch kapsl\u00ed okam\u017eit\u011b nov\u00fd, sv\u011b\u017e\u00ed vzhled, kter\u00fd vydr\u017e\u00ed dlouh\u00e9 hodiny. V\u00e1\u010dky pod o\u010dima, tmav\u00e9 kruhy a\u00a0vr\u00e1sky kolem o\u010d\u00ed je t\u0159eba o\u0161et\u0159ovat ka\u017ed\u00fd den.<br \/>\nPle\u0165 se citeln\u011b vyhlazuje a\u00a0viditeln\u00e9 stopy \u00fanavy miz\u00ed.<\/p>\n<p><strong>Pou\u017eit\u00ed:<\/strong> Nan\u00e1\u0161ejte r\u00e1no a\u00a0ve\u010der po vy\u010di\u0161t\u011bn\u00ed myc\u00edm gelem Vitalizing Wash Gel poklep\u00e1v\u00e1n\u00edm na citlivou ple\u0165 kolem o\u010d\u00ed. Gel se rychle vst\u0159eb\u00e1v\u00e1 a\u00a0ple\u0165 kolem o\u010d\u00ed citeln\u011b osv\u011b\u017euje.<\/p>\n<p><strong>\u00da\u010dinn\u00e9 l\u00e1tky\u00a0\u2013 vlastnosti \u00fa\u010dinn\u00fdch l\u00e1tek podle literatury: V\u00fdta\u017eek z\u00a0\u0159as fucoidan:<\/strong> Fucoidan je polysacharid z\u00edsk\u00e1van\u00fd z\u00a0hn\u011bd\u00fdch \u0159as. Do hlubok\u00fdch vrstev k\u016f\u017ee je dod\u00e1v\u00e1n na\u0161\u00edm nosn\u00fdm syst\u00e9mem z\u00a0lipozom\u016f spole\u010dn\u011b s\u00a0aescinem a\u00a0kofeinem.<br \/>\nOptimalizuje energetickou bilanci v\u00a0bu\u0148k\u00e1ch, a\u00a0t\u00edm stimuluje jejich regeneraci. Vedle ochrany elastinu a\u00a0kolagenu v\u00a0pleti se t\u00edm z\u00e1rove\u0148 br\u00e1n\u00ed p\u0159ed\u010dasn\u00e9mu st\u00e1rnut\u00ed pleti.<\/p>\n<p><strong>Kofein:<\/strong> Kofein je obsa\u017een v\u00a0lipozom\u00e1ln\u00ed kapsli a\u00a0je dod\u00e1v\u00e1n do hlub\u0161\u00edch vrstev k\u016f\u017ee. Tam aktivn\u011b zasahuje do metabolismu a\u00a0stimuluje prokrven\u00ed. P\u0159isp\u00edv\u00e1 k\u00a0rychl\u00e9mu vymizen\u00ed tmav\u00fdch kruh\u016f a\u00a0v\u00e1\u010dk\u016f pod o\u010dima.<\/p>\n<p><strong>Aescin:<\/strong> Aescin je z\u00edsk\u00e1v\u00e1n z\u00a0j\u00edrovce ma\u010falu (ko\u0148sk\u00e9ho ka\u0161tanu). Tato \u00fa\u010dinn\u00e1 l\u00e1tka se na p\u0159\u00edzniv\u00e9m \u00fa\u010dinku o\u010dn\u00edho gelu Eye Effect Gel pod\u00edl\u00ed t\u00edm, \u017ee posiluje c\u00e9vy.<\/p>\n<\/div><div class=\"fusion-clearfix\"><\/div><\/div><\/div><div class=\"fusion-layout-column fusion_builder_column fusion-builder-column-3 fusion_builder_column_1_5 1_5 fusion-one-fifth fusion-column-last\" style=\"--awb-bg-size:cover;width:16.8%;\"><div class=\"fusion-column-wrapper fusion-flex-column-wrapper-legacy\"><div class=\"fusion-column-content-centered\"><div class=\"fusion-column-content\"><div class=\"fusion-image-element in-legacy-container\" style=\"--awb-caption-title-font-family:var(--h2_typography-font-family);--awb-caption-title-font-weight:var(--h2_typography-font-weight);--awb-caption-title-font-style:var(--h2_typography-font-style);--awb-caption-title-size:var(--h2_typography-font-size);--awb-caption-title-transform:var(--h2_typography-text-transform);--awb-caption-title-line-height:var(--h2_typography-line-height);--awb-caption-title-letter-spacing:var(--h2_typography-letter-spacing);\"><span class=\" fusion-imageframe imageframe-none imageframe-2 hover-type-zoomin\" class=\"image-magnify\" class=\"image-scroll\"><img decoding=\"async\" width=\"337\" height=\"979\" title=\"eye-gel\" src=\"https:\/\/vianesse.com\/wp-content\/uploads\/2025\/12\/eye-gel.png\" alt class=\"img-responsive wp-image-18772\" srcset=\"https:\/\/vianesse.com\/wp-content\/uploads\/2025\/12\/eye-gel-200x581.png 200w, https:\/\/vianesse.com\/wp-content\/uploads\/2025\/12\/eye-gel.png 337w\" sizes=\"(max-width: 800px) 100vw, 337px\" \/><\/span><\/div><\/div><\/div><div class=\"fusion-clearfix\"><\/div><\/div><\/div><div class=\"fusion-layout-column fusion_builder_column fusion-builder-column-4 fusion_builder_column_1_1 1_1 fusion-one-full fusion-column-first fusion-column-last fusion-column-no-min-height\" style=\"--awb-bg-size:cover;--awb-margin-bottom:0px;\"><div class=\"fusion-column-wrapper fusion-flex-column-wrapper-legacy\"><div class=\"fusion-clearfix\"><\/div><\/div><\/div><\/div><\/div><div class=\"fusion-fullwidth fullwidth-box fusion-builder-row-4 nonhundred-percent-fullwidth non-hundred-percent-height-scrolling\" style=\"--awb-background-position:left top;--awb-border-sizes-top:0px;--awb-border-sizes-bottom:0px;--awb-border-sizes-left:0px;--awb-border-sizes-right:0px;--awb-border-radius-top-left:0px;--awb-border-radius-top-right:0px;--awb-border-radius-bottom-right:0px;--awb-border-radius-bottom-left:0px;--awb-padding-top:30px;--awb-padding-bottom:10px;\" ><div class=\"fusion-builder-row fusion-row\"><div class=\"fusion-layout-column fusion_builder_column fusion-builder-column-5 fusion_builder_column_1_1 1_1 fusion-one-full fusion-column-first fusion-column-last fusion-column-no-min-height\" style=\"--awb-bg-size:cover;--awb-margin-bottom:0px;\"><div class=\"fusion-column-wrapper fusion-flex-column-wrapper-legacy\"><style type='text\/css'>.reading-box-container-1 .element-bottomshadow:before,.reading-box-container-1 .element-bottomshadow:after{opacity:0.5;}<\/style><div class=\"fusion-reading-box-container reading-box-container-1\" style=\"--awb-title-color:#171717;--awb-margin-top:0px;--awb-margin-bottom:84px;\"><div class=\"reading-box reading-box-center\" style=\"background-color:#ffffff;border-width:1px;border-color:#ebeef1;border-top-width:3px;border-top-color:var(--primary_color);border-style:solid;\"><h2>Sta\u0148te se <strong>VIP z\u00e1kazn\u00edkem VIANESSE\u00ae<\/strong> !<\/h2><div class=\"reading-box-description fusion-reading-box-additional\">VIANESSE \u2013 kvalita, spolehlivost a bezpe\u010dnost<\/div><div class=\"fusion-clearfix\"><\/div><a class=\"button fusion-button button-default fusion-button-large button-large button-flat fusion-mobile-button continue-center\" style=\"-webkit-box-shadow:none;-moz-box-shadow:none;box-shadow:none;border-radius:2px 2px 2px 2px\" href=\"\/cs\/#karriere\" target=\"_self\"><span>ZA\u010cN\u011aTE HNED TE\u010e<\/span><\/a><\/div><\/div><div class=\"fusion-clearfix\"><\/div><\/div><\/div><\/div><\/div>\n<\/p>\n","protected":false},"excerpt":{"rendered":"","protected":false},"author":5,"featured_media":0,"parent":0,"menu_order":0,"comment_status":"closed","ping_status":"closed","template":"100-width.php","meta":[],"yoast_head":"<!-- This site is optimized with the Yoast SEO plugin v15.4 - https:\/\/yoast.com\/wordpress\/plugins\/seo\/ -->\n<title>KOSMETIKA EYE EFFECT GEL - VIANESSE<\/title>\n<meta name=\"robots\" content=\"index, follow, max-snippet:-1, max-image-preview:large, max-video-preview:-1\" \/>\n<link rel=\"canonical\" href=\"https:\/\/vianesse.com\/cs\/kosmetika-eye-effect-gel\" \/>\n<meta property=\"og:locale\" content=\"cs_CZ\" \/>\n<meta property=\"og:type\" content=\"article\" \/>\n<meta property=\"og:title\" content=\"KOSMETIKA EYE EFFECT GEL - VIANESSE\" \/>\n<meta property=\"og:url\" content=\"https:\/\/vianesse.com\/cs\/kosmetika-eye-effect-gel\" \/>\n<meta property=\"og:site_name\" content=\"VIANESSE\" \/>\n<meta property=\"article:publisher\" content=\"https:\/\/www.facebook.com\/Vianesse-144275839580764\/\" \/>\n<meta property=\"article:modified_time\" content=\"2025-12-16T15:36:06+00:00\" \/>\n<meta name=\"twitter:card\" content=\"summary_large_image\" \/>\n<meta name=\"twitter:label1\" content=\"Napsal(a)\">\n\t<meta name=\"twitter:data1\" content=\"s h\">\n\t<meta name=\"twitter:label2\" content=\"Odhadovan\u00e1 doba \u010dten\u00ed\">\n\t<meta name=\"twitter:data2\" content=\"6 minut\">\n<script type=\"application\/ld+json\" class=\"yoast-schema-graph\">{\"@context\":\"https:\/\/schema.org\",\"@graph\":[{\"@type\":\"Organization\",\"@id\":\"https:\/\/vianesse.com\/cs\/#organization\",\"name\":\"VIANESSE\",\"url\":\"https:\/\/vianesse.com\/cs\/\",\"sameAs\":[\"https:\/\/www.facebook.com\/Vianesse-144275839580764\/\",\"https:\/\/www.youtube.com\/channel\/UCu4kWETEQ20Y-Wlcl77AWGQ\"],\"logo\":{\"@type\":\"ImageObject\",\"@id\":\"https:\/\/vianesse.com\/cs\/#logo\",\"inLanguage\":\"cs\",\"url\":\"https:\/\/vianesse.com\/wp-content\/uploads\/2018\/02\/vianesse_blau_350.png\",\"width\":\"351\",\"height\":\"144\",\"caption\":\"VIANESSE\"},\"image\":{\"@id\":\"https:\/\/vianesse.com\/cs\/#logo\"}},{\"@type\":\"WebSite\",\"@id\":\"https:\/\/vianesse.com\/cs\/#website\",\"url\":\"https:\/\/vianesse.com\/cs\/\",\"name\":\"VIANESSE\",\"description\":\"\",\"publisher\":{\"@id\":\"https:\/\/vianesse.com\/cs\/#organization\"},\"potentialAction\":[{\"@type\":\"SearchAction\",\"target\":\"https:\/\/vianesse.com\/cs\/?s={search_term_string}\",\"query-input\":\"required name=search_term_string\"}],\"inLanguage\":\"cs\"},{\"@type\":\"WebPage\",\"@id\":\"https:\/\/vianesse.com\/cs\/kosmetika-eye-effect-gel#webpage\",\"url\":\"https:\/\/vianesse.com\/cs\/kosmetika-eye-effect-gel\",\"name\":\"KOSMETIKA EYE EFFECT GEL - VIANESSE\",\"isPartOf\":{\"@id\":\"https:\/\/vianesse.com\/cs\/#website\"},\"datePublished\":\"2018-01-26T10:14:31+00:00\",\"dateModified\":\"2025-12-16T15:36:06+00:00\",\"inLanguage\":\"cs\",\"potentialAction\":[{\"@type\":\"ReadAction\",\"target\":[\"https:\/\/vianesse.com\/cs\/kosmetika-eye-effect-gel\"]}]}]}<\/script>\n<!-- \/ Yoast SEO plugin. -->","_links":{"self":[{"href":"https:\/\/vianesse.com\/cs\/wp-json\/wp\/v2\/pages\/2858"}],"collection":[{"href":"https:\/\/vianesse.com\/cs\/wp-json\/wp\/v2\/pages"}],"about":[{"href":"https:\/\/vianesse.com\/cs\/wp-json\/wp\/v2\/types\/page"}],"author":[{"embeddable":true,"href":"https:\/\/vianesse.com\/cs\/wp-json\/wp\/v2\/users\/5"}],"replies":[{"embeddable":true,"href":"https:\/\/vianesse.com\/cs\/wp-json\/wp\/v2\/comments?post=2858"}],"version-history":[{"count":6,"href":"https:\/\/vianesse.com\/cs\/wp-json\/wp\/v2\/pages\/2858\/revisions"}],"predecessor-version":[{"id":18826,"href":"https:\/\/vianesse.com\/cs\/wp-json\/wp\/v2\/pages\/2858\/revisions\/18826"}],"wp:attachment":[{"href":"https:\/\/vianesse.com\/cs\/wp-json\/wp\/v2\/media?parent=2858"}],"curies":[{"name":"wp","href":"https:\/\/api.w.org\/{rel}","templated":true}]}}